{"id":1091,"date":"2021-03-31T12:15:19","date_gmt":"2021-03-31T12:15:19","guid":{"rendered":"https:\/\/www.ivb.ro\/?page_id=1091"},"modified":"2025-09-01T08:42:39","modified_gmt":"2025-09-01T08:42:39","slug":"proiectele-laboratorului-biochimie-proteomica","status":"publish","type":"page","link":"https:\/\/www.ivb.ro\/en\/proiectele-laboratorului-biochimie-proteomica","title":{"rendered":"The Projects Of The Laboratory Of Biochemistry \u2013 Proteomics"},"content":{"rendered":"<div data-elementor-type=\"wp-page\" data-elementor-id=\"1091\" class=\"elementor elementor-1091\">\n\t\t\t\t\t\t<section class=\"elementor-section elementor-top-section elementor-element elementor-element-253463c2 elementor-section-content-middle elementor-section-stretched elementor-section-boxed elementor-section-height-default elementor-section-height-default\" data-id=\"253463c2\" data-element_type=\"section\" data-e-type=\"section\" data-settings=\"{&quot;background_background&quot;:&quot;classic&quot;,&quot;stretch_section&quot;:&quot;section-stretched&quot;}\">\n\t\t\t\t\t\t\t<div class=\"elementor-background-overlay\"><\/div>\n\t\t\t\t\t\t\t<div class=\"elementor-container elementor-column-gap-no\">\n\t\t\t\t\t<div class=\"elementor-column elementor-col-100 elementor-top-column elementor-element elementor-element-5e7dafc5\" data-id=\"5e7dafc5\" data-element_type=\"column\" data-e-type=\"column\">\n\t\t\t<div class=\"elementor-widget-wrap elementor-element-populated\">\n\t\t\t\t\t\t<div class=\"elementor-element elementor-element-210f27c0 elementor-widget elementor-widget-heading\" data-id=\"210f27c0\" data-element_type=\"widget\" data-e-type=\"widget\" data-widget_type=\"heading.default\">\n\t\t\t\t<div class=\"elementor-widget-container\">\n\t\t\t\t\t<h4 class=\"elementor-heading-title elementor-size-default\">The projects in progress.<\/h4>\t\t\t\t<\/div>\n\t\t\t\t<\/div>\n\t\t\t\t<div class=\"elementor-element elementor-element-b241978 elementor-widget-divider--view-line elementor-widget elementor-widget-divider\" data-id=\"b241978\" data-element_type=\"widget\" data-e-type=\"widget\" data-widget_type=\"divider.default\">\n\t\t\t\t<div class=\"elementor-widget-container\">\n\t\t\t\t\t\t\t<div class=\"elementor-divider\">\n\t\t\t<span class=\"elementor-divider-separator\">\n\t\t\t\t\t\t<\/span>\n\t\t<\/div>\n\t\t\t\t\t\t<\/div>\n\t\t\t\t<\/div>\n\t\t\t\t<div class=\"elementor-element elementor-element-ac2f124 elementor-widget elementor-widget-text-editor\" data-id=\"ac2f124\" data-element_type=\"widget\" data-e-type=\"widget\" data-widget_type=\"text-editor.default\">\n\t\t\t\t<div class=\"elementor-widget-container\">\n\t\t\t\t\t\t\t\t\t<table border=\"0\" cellspacing=\"0\"><tbody><tr><td style=\"width: 140.833px;\"><span style=\"font-size: 12pt; color: #000000;\">Grant ID<\/span><\/td><td style=\"width: 140.45px;\"><span style=\"font-size: 12pt; color: #000000;\">Project name<\/span><\/td><td style=\"width: 140.433px;\"><span style=\"font-size: 12pt; color: #000000;\">The Lead researcher\/PI<\/span><\/td><\/tr><tr><td style=\"width: 140.833px;\"><p><a href=\"https:\/\/www.ivb.ro\/en\/pn-23-16-02-03\/\"><span style=\"color: #000000;\">PN 23.16.02.03<\/span><\/a><\/p><p>\u00a0<\/p><\/td><td style=\"width: 140.45px;\"><p><a href=\"https:\/\/www.ivb.ro\/en\/pn-23-16-02-03\/\"><span style=\"color: #000000;\"><strong>Approaches to the molecular 3D model (sferoids) edited a gene by the method of CRISPR\/Cas9 in the development of solutions for personalized medicine in cancer<\/strong><\/span><\/a><\/p><\/td><td style=\"width: 109.433px;\"><span style=\"color: #000000;\">Codrici Elena<\/span><\/td><\/tr><tr><td style=\"width: 140.833px;\"><p><a href=\"https:\/\/www.ivb.ro\/en\/intelbiomed\/\" target=\"_blank\" rel=\"noopener\">POC - G<\/a><\/p><p>ID: P_40_197<br \/>Code SMIS: 105631<a href=\"https:\/\/www.ivb.ro\/en\/intelbiomed\/\" target=\"_blank\" rel=\"noopener\"><br \/>Nr. Contract: 52\/05.09.2106<\/a><\/p><\/td><td style=\"width: 140.45px;\"><span style=\"font-size: 12pt; color: #000000;\"><a href=\"http:\/\/www.intelbiomed.ro\/\" target=\"_blank\" rel=\"noopener\">The implementation of the biomedical research through the transfer of knowledge to the private sector in order to validate the products and services in the areas of biotechnology, health, and the health and INTELBIOMED<\/a><\/span><\/td><td style=\"width: 109.433px;\"><span style=\"font-size: 12pt; color: #000000;\">Cristiana Tanase<\/span><\/td><\/tr><tr><td style=\"width: 186.833px;\"><span style=\"font-size: 12pt; color: #000000;\"><a href=\"https:\/\/www.ivb.ro\/en\/sanomat\/\" target=\"_blank\" rel=\"noopener\">PN-III-P1-1.2-PCCDI-2017-0062\/ 58PCCDI \/ 2018<\/a><\/span><\/td><td style=\"width: 140.45px;\"><span style=\"font-size: 12pt; color: #000000;\"><a href=\"https:\/\/www.ivb.ro\/en\/sanomat\/\" target=\"_blank\" rel=\"noopener\">New methods of diagnosis and treatment: the challenges and the solutions and technology based on nanomaterials and biomaterials SANOMAT<\/a><\/span><\/td><td style=\"width: 109.433px;\"><span style=\"font-size: 12pt; color: #000000;\">Cristiana Tanase\/George Stan <em>(National Research and Development institute for the Physics of Materials)<\/em><\/span><\/td><\/tr><tr><td style=\"width: 140.833px;\"><span style=\"font-size: 12pt; color: #000000;\"><a href=\"https:\/\/www.ivb.ro\/en\/evaluarea-profilului-kinomic-si-mirnomic-pentru-explorarea-de-noi-tinte-moleculare-si-terapii-combinatorii-in-glioblastom-abordari-omice\/\" target=\"_blank\" rel=\"noopener\">PN-01N\/2019-19.29.01.04<\/a><\/span><\/td><td style=\"width: 140.45px;\"><span style=\"font-size: 12pt; color: #000000;\"><a href=\"https:\/\/www.ivb.ro\/en\/evaluarea-profilului-kinomic-si-mirnomic-pentru-explorarea-de-noi-tinte-moleculare-si-terapii-combinatorii-in-glioblastom-abordari-omice\/\" target=\"_blank\" rel=\"noopener\">The evaluation of the profile of the kinomic and miRNomic for the exploration of new targets for molecular therapies are combinatorial in glioblastoma, omic approaches<\/a><\/span><\/td><td style=\"width: 140.433px;\"><span style=\"font-size: 12pt; color: #000000;\">Cristiana Tanase\/Mihail Eugen Hinescu<\/span><\/td><\/tr><\/tbody><\/table>\t\t\t\t\t\t\t\t<\/div>\n\t\t\t\t<\/div>\n\t\t\t\t\t<\/div>\n\t\t<\/div>\n\t\t\t\t\t<\/div>\n\t\t<\/section>\n\t\t\t\t<\/div>","protected":false},"excerpt":{"rendered":"<p>Proiecte in derulare Grant ID Project name Lead researcher\/PI PN 23.16.02.03 \u00a0 Abord\u0103ri moleculare \u00een modele 3D (sferoizi tumorali) editate genic prin metoda CRISPR\/Cas9 \u00een dezvoltarea de solu\u021bii pentru medicina personalizat\u0103 \u00een cancer Codrici Elena POC- G ID: P_40_197Cod My SMIS: 105631Nr. Contract: 52\/05.09.2106 Implementarea expertizei de cercetare biomedical\u0103 prin transfer de cuno\u015ftin\u0163e c\u0103tre mediul&hellip; <\/p>","protected":false},"author":1,"featured_media":0,"parent":0,"menu_order":0,"comment_status":"closed","ping_status":"closed","template":"","meta":{"ngg_post_thumbnail":0,"footnotes":""},"class_list":["post-1091","page","type-page","status-publish","hentry"],"yoast_head":"<!-- This site is optimized with the Yoast SEO plugin v27.5 - https:\/\/yoast.com\/product\/yoast-seo-wordpress\/ -->\n<title>Proiectele Laboratorului Biochimie - Proteomica - National Institute of Pathology Victor Babe\u015f - Bucharest<\/title>\n<meta name=\"robots\" content=\"index, follow, max-snippet:-1, max-image-preview:large, max-video-preview:-1\" \/>\n<link rel=\"canonical\" href=\"https:\/\/www.ivb.ro\/en\/proiectele-laboratorului-biochimie-proteomica\/\" \/>\n<meta property=\"og:locale\" content=\"en_GB\" \/>\n<meta property=\"og:type\" content=\"article\" \/>\n<meta property=\"og:title\" content=\"Proiectele Laboratorului Biochimie - Proteomica - National Institute of Pathology Victor Babe\u015f - Bucharest\" \/>\n<meta property=\"og:description\" content=\"Proiecte in derulare Grant ID Project name Lead researcher\/PI PN 23.16.02.03 \u00a0 Abord\u0103ri moleculare \u00een modele 3D (sferoizi tumorali) editate genic prin metoda CRISPR\/Cas9 \u00een dezvoltarea de solu\u021bii pentru medicina personalizat\u0103 \u00een cancer Codrici Elena POC- G ID: P_40_197Cod My SMIS: 105631Nr. Contract: 52\/05.09.2106 Implementarea expertizei de cercetare biomedical\u0103 prin transfer de cuno\u015ftin\u0163e c\u0103tre mediul&hellip;\" \/>\n<meta property=\"og:url\" content=\"https:\/\/www.ivb.ro\/en\/proiectele-laboratorului-biochimie-proteomica\/\" \/>\n<meta property=\"og:site_name\" content=\"National Institute of Pathology Victor Babe\u015f - Bucharest\" \/>\n<meta property=\"article:publisher\" content=\"https:\/\/www.facebook.com\/incdvb.ro\" \/>\n<meta property=\"article:modified_time\" content=\"2025-09-01T08:42:39+00:00\" \/>\n<meta name=\"twitter:card\" content=\"summary_large_image\" \/>\n<meta name=\"twitter:label1\" content=\"Estimated reading time\" \/>\n\t<meta name=\"twitter:data1\" content=\"1 minute\" \/>\n<script type=\"application\/ld+json\" class=\"yoast-schema-graph\">{\"@context\":\"https:\\\/\\\/schema.org\",\"@graph\":[{\"@type\":\"WebPage\",\"@id\":\"https:\\\/\\\/www.ivb.ro\\\/proiectele-laboratorului-biochimie-proteomica\",\"url\":\"https:\\\/\\\/www.ivb.ro\\\/proiectele-laboratorului-biochimie-proteomica\",\"name\":\"Proiectele Laboratorului Biochimie - Proteomica - National Institute of Pathology Victor Babe\u015f - Bucharest\",\"isPartOf\":{\"@id\":\"https:\\\/\\\/www.ivb.ro\\\/#website\"},\"datePublished\":\"2021-03-31T12:15:19+00:00\",\"dateModified\":\"2025-09-01T08:42:39+00:00\",\"breadcrumb\":{\"@id\":\"https:\\\/\\\/www.ivb.ro\\\/proiectele-laboratorului-biochimie-proteomica#breadcrumb\"},\"inLanguage\":\"en-GB\",\"potentialAction\":[{\"@type\":\"ReadAction\",\"target\":[\"https:\\\/\\\/www.ivb.ro\\\/proiectele-laboratorului-biochimie-proteomica\"]}]},{\"@type\":\"BreadcrumbList\",\"@id\":\"https:\\\/\\\/www.ivb.ro\\\/proiectele-laboratorului-biochimie-proteomica#breadcrumb\",\"itemListElement\":[{\"@type\":\"ListItem\",\"position\":1,\"name\":\"Home\",\"item\":\"https:\\\/\\\/www.ivb.ro\\\/\"},{\"@type\":\"ListItem\",\"position\":2,\"name\":\"Proiectele Laboratorului Biochimie &#8211; Proteomica\"}]},{\"@type\":\"WebSite\",\"@id\":\"https:\\\/\\\/www.ivb.ro\\\/#website\",\"url\":\"https:\\\/\\\/www.ivb.ro\\\/\",\"name\":\"National Institute of Pathology Victor Babe\u015f - Bucharest\",\"description\":\"National Institute of Pathology Victor Babe\u015f - Bucharest\",\"publisher\":{\"@id\":\"https:\\\/\\\/www.ivb.ro\\\/#organization\"},\"potentialAction\":[{\"@type\":\"SearchAction\",\"target\":{\"@type\":\"EntryPoint\",\"urlTemplate\":\"https:\\\/\\\/www.ivb.ro\\\/?s={search_term_string}\"},\"query-input\":{\"@type\":\"PropertyValueSpecification\",\"valueRequired\":true,\"valueName\":\"search_term_string\"}}],\"inLanguage\":\"en-GB\"},{\"@type\":\"Organization\",\"@id\":\"https:\\\/\\\/www.ivb.ro\\\/#organization\",\"name\":\"National Institute of Pathology Victor Babe\u015f - Bucharest\",\"url\":\"https:\\\/\\\/www.ivb.ro\\\/\",\"logo\":{\"@type\":\"ImageObject\",\"inLanguage\":\"en-GB\",\"@id\":\"https:\\\/\\\/www.ivb.ro\\\/#\\\/schema\\\/logo\\\/image\\\/\",\"url\":\"https:\\\/\\\/www.ivb.ro\\\/wp-content\\\/uploads\\\/2021\\\/04\\\/top-logo.png\",\"contentUrl\":\"https:\\\/\\\/www.ivb.ro\\\/wp-content\\\/uploads\\\/2021\\\/04\\\/top-logo.png\",\"width\":340,\"height\":190,\"caption\":\"National Institute of Pathology Victor Babe\u015f - Bucharest\"},\"image\":{\"@id\":\"https:\\\/\\\/www.ivb.ro\\\/#\\\/schema\\\/logo\\\/image\\\/\"},\"sameAs\":[\"https:\\\/\\\/www.facebook.com\\\/incdvb.ro\",\"https:\\\/\\\/www.instagram.com\\\/institutul.victorbabes\\\/\",\"https:\\\/\\\/ro.linkedin.com\\\/company\\\/victor-babes-national-institute-of-pathology\"]}]}<\/script>\n<!-- \/ Yoast SEO plugin. -->","yoast_head_json":{"title":"Proiectele Laboratorului Biochimie - Proteomica - National Institute of Pathology Victor Babe\u015f - Bucharest","robots":{"index":"index","follow":"follow","max-snippet":"max-snippet:-1","max-image-preview":"max-image-preview:large","max-video-preview":"max-video-preview:-1"},"canonical":"https:\/\/www.ivb.ro\/en\/proiectele-laboratorului-biochimie-proteomica\/","og_locale":"en_GB","og_type":"article","og_title":"Proiectele Laboratorului Biochimie - Proteomica - National Institute of Pathology Victor Babe\u015f - Bucharest","og_description":"Proiecte in derulare Grant ID Project name Lead researcher\/PI PN 23.16.02.03 \u00a0 Abord\u0103ri moleculare \u00een modele 3D (sferoizi tumorali) editate genic prin metoda CRISPR\/Cas9 \u00een dezvoltarea de solu\u021bii pentru medicina personalizat\u0103 \u00een cancer Codrici Elena POC- G ID: P_40_197Cod My SMIS: 105631Nr. Contract: 52\/05.09.2106 Implementarea expertizei de cercetare biomedical\u0103 prin transfer de cuno\u015ftin\u0163e c\u0103tre mediul&hellip;","og_url":"https:\/\/www.ivb.ro\/en\/proiectele-laboratorului-biochimie-proteomica\/","og_site_name":"National Institute of Pathology Victor Babe\u015f - Bucharest","article_publisher":"https:\/\/www.facebook.com\/incdvb.ro","article_modified_time":"2025-09-01T08:42:39+00:00","twitter_card":"summary_large_image","twitter_misc":{"Estimated reading time":"1 minute"},"schema":{"@context":"https:\/\/schema.org","@graph":[{"@type":"WebPage","@id":"https:\/\/www.ivb.ro\/proiectele-laboratorului-biochimie-proteomica","url":"https:\/\/www.ivb.ro\/proiectele-laboratorului-biochimie-proteomica","name":"Proiectele Laboratorului Biochimie - Proteomica - National Institute of Pathology Victor Babe\u015f - Bucharest","isPartOf":{"@id":"https:\/\/www.ivb.ro\/#website"},"datePublished":"2021-03-31T12:15:19+00:00","dateModified":"2025-09-01T08:42:39+00:00","breadcrumb":{"@id":"https:\/\/www.ivb.ro\/proiectele-laboratorului-biochimie-proteomica#breadcrumb"},"inLanguage":"en-GB","potentialAction":[{"@type":"ReadAction","target":["https:\/\/www.ivb.ro\/proiectele-laboratorului-biochimie-proteomica"]}]},{"@type":"BreadcrumbList","@id":"https:\/\/www.ivb.ro\/proiectele-laboratorului-biochimie-proteomica#breadcrumb","itemListElement":[{"@type":"ListItem","position":1,"name":"Home","item":"https:\/\/www.ivb.ro\/"},{"@type":"ListItem","position":2,"name":"Proiectele Laboratorului Biochimie &#8211; Proteomica"}]},{"@type":"WebSite","@id":"https:\/\/www.ivb.ro\/#website","url":"https:\/\/www.ivb.ro\/","name":"National Institute of Pathology Victor Babe\u015f - Bucharest","description":"National Institute of Pathology Victor Babe\u015f - Bucharest","publisher":{"@id":"https:\/\/www.ivb.ro\/#organization"},"potentialAction":[{"@type":"SearchAction","target":{"@type":"EntryPoint","urlTemplate":"https:\/\/www.ivb.ro\/?s={search_term_string}"},"query-input":{"@type":"PropertyValueSpecification","valueRequired":true,"valueName":"search_term_string"}}],"inLanguage":"en-GB"},{"@type":"Organization","@id":"https:\/\/www.ivb.ro\/#organization","name":"National Institute of Pathology Victor Babe\u015f - Bucharest","url":"https:\/\/www.ivb.ro\/","logo":{"@type":"ImageObject","inLanguage":"en-GB","@id":"https:\/\/www.ivb.ro\/#\/schema\/logo\/image\/","url":"https:\/\/www.ivb.ro\/wp-content\/uploads\/2021\/04\/top-logo.png","contentUrl":"https:\/\/www.ivb.ro\/wp-content\/uploads\/2021\/04\/top-logo.png","width":340,"height":190,"caption":"National Institute of Pathology Victor Babe\u015f - Bucharest"},"image":{"@id":"https:\/\/www.ivb.ro\/#\/schema\/logo\/image\/"},"sameAs":["https:\/\/www.facebook.com\/incdvb.ro","https:\/\/www.instagram.com\/institutul.victorbabes\/","https:\/\/ro.linkedin.com\/company\/victor-babes-national-institute-of-pathology"]}]}},"_links":{"self":[{"href":"https:\/\/www.ivb.ro\/en\/wp-json\/wp\/v2\/pages\/1091","targetHints":{"allow":["GET"]}}],"collection":[{"href":"https:\/\/www.ivb.ro\/en\/wp-json\/wp\/v2\/pages"}],"about":[{"href":"https:\/\/www.ivb.ro\/en\/wp-json\/wp\/v2\/types\/page"}],"author":[{"embeddable":true,"href":"https:\/\/www.ivb.ro\/en\/wp-json\/wp\/v2\/users\/1"}],"replies":[{"embeddable":true,"href":"https:\/\/www.ivb.ro\/en\/wp-json\/wp\/v2\/comments?post=1091"}],"version-history":[{"count":49,"href":"https:\/\/www.ivb.ro\/en\/wp-json\/wp\/v2\/pages\/1091\/revisions"}],"predecessor-version":[{"id":12700,"href":"https:\/\/www.ivb.ro\/en\/wp-json\/wp\/v2\/pages\/1091\/revisions\/12700"}],"wp:attachment":[{"href":"https:\/\/www.ivb.ro\/en\/wp-json\/wp\/v2\/media?parent=1091"}],"curies":[{"name":"wp","href":"https:\/\/api.w.org\/{rel}","templated":true}]}}