{"id":11067,"date":"2024-11-04T11:37:48","date_gmt":"2024-11-04T11:37:48","guid":{"rendered":"https:\/\/www.ivb.ro\/?page_id=11067"},"modified":"2024-11-04T11:45:28","modified_gmt":"2024-11-04T11:45:28","slug":"concurs-post-cercetare","status":"publish","type":"page","link":"https:\/\/www.ivb.ro\/en\/concurs-post-cercetare","title":{"rendered":"Concurs post cercetare"},"content":{"rendered":"<div data-elementor-type=\"wp-page\" data-elementor-id=\"11067\" class=\"elementor elementor-11067\">\n\t\t\t\t<div class=\"elementor-element elementor-element-bd9d1b2 e-flex e-con-boxed e-con e-parent\" data-id=\"bd9d1b2\" data-element_type=\"container\" data-e-type=\"container\">\n\t\t\t\t\t<div class=\"e-con-inner\">\n\t\t\t\t<div class=\"elementor-element elementor-element-31a30d5 elementor-widget elementor-widget-text-editor\" data-id=\"31a30d5\" data-element_type=\"widget\" data-e-type=\"widget\" data-widget_type=\"text-editor.default\">\n\t\t\t\t<div class=\"elementor-widget-container\">\n\t\t\t\t\t\t\t\t\t<h4 style=\"text-align: center;\"><span style=\"color: #000000;\"><strong>The announcement of a competition for the filling of posts for the research<\/strong><\/span><\/h4><p>\u00a0<\/p><p><span style=\"color: #000000;\">The National institute of Research and Development in Pathology and Biomedical Sciences, \"Victor Babes\", with registered office in Bucharest, Splaiul Independentei, nr. 99-101, sector-5, with the main activity is research and development in the biomedical field, opens positions for the competition in the framework of the project \"<strong>Create, Operationalize, and the Development of a National Centre of Competence in <\/strong><strong>\u020b<\/strong><strong>the field of cancer \u2013 CNCC<\/strong>\u201d in the framework of the National action Plan for the Rederesare and climate change Resilient economy (PNRR) \u2013 PNRR 5 <em>The establishment and operation of Centers of competence <\/em>the project component, CD-5, with the title of the <strong><em>The standardization and automation of the process of early diagnosis and precision, and to test the predictive power <\/em><\/strong><strong><em>\u020b<\/em><\/strong><strong><em>no cancer, colorectal cancer, for the optimization of the time for obtaining the final result.<\/em><\/strong> \u00a0a unui post expert (cercet\u0103tor \u015ftiin\u0163ific grad I; specialitatea medicin\u0103 \/ biologie \/ (bio)chimie sau orice alt\u0103 relevant\u0103 pentru domeniul biomedical). Concursul se organizeaz\u0103 \u020bn conformitate cu dispozi\u0163iile art. 13 alin (12) din Legea nr. 183 din 10 iunie 2024 privind statutul personalului de cercetare, dezvoltare \u0219i inovare. Dosarele de concurs vor con\u0163ine CV (format Europass), copii ale documentelor de studii, orice alt \u020bnscris pe care candidatul \u020bl consider\u0103 relevant pozi\u0163iei pentru care aplic\u0103.\u00a0 <br \/>Selec\u0163ia se va organiza \u020bn perioada 04 noiembrie 2024 &#8211;\u00a0 18 noiembrie 2024.<\/span><\/p>\t\t\t\t\t\t\t\t<\/div>\n\t\t\t\t<\/div>\n\t\t\t\t\t<\/div>\n\t\t\t\t<\/div>\n\t\t<div class=\"elementor-element elementor-element-a8f366d e-grid e-con-boxed e-con e-parent\" data-id=\"a8f366d\" data-element_type=\"container\" data-e-type=\"container\">\n\t\t\t\t\t<div class=\"e-con-inner\">\n\t\t\t\t<div class=\"elementor-element elementor-element-ddc646e elementor-widget elementor-widget-image\" data-id=\"ddc646e\" data-element_type=\"widget\" data-e-type=\"widget\" data-widget_type=\"image.default\">\n\t\t\t\t<div class=\"elementor-widget-container\">\n\t\t\t\t\t\t\t\t\t\t\t\t<figure class=\"wp-caption\">\n\t\t\t\t\t\t\t\t\t\t\t<a href=\"https:\/\/www.ivb.ro\/wp-content\/uploads\/2024\/11\/Calendarul-probelor-de-concurs-sesiunea-9-_2024_.pdf\">\n\t\t\t\t\t\t\t<img decoding=\"async\" width=\"150\" height=\"150\" src=\"https:\/\/www.ivb.ro\/wp-content\/uploads\/2021\/04\/pdf-file-150x150.png\" class=\"attachment-thumbnail size-thumbnail wp-image-1811\" alt=\"\" srcset=\"https:\/\/www.ivb.ro\/wp-content\/uploads\/2021\/04\/pdf-file-150x150.png 150w, https:\/\/www.ivb.ro\/wp-content\/uploads\/2021\/04\/pdf-file-100x100.png 100w, https:\/\/www.ivb.ro\/wp-content\/uploads\/2021\/04\/pdf-file-500x500.png 500w, https:\/\/www.ivb.ro\/wp-content\/uploads\/2021\/04\/pdf-file-300x300.png 300w, https:\/\/www.ivb.ro\/wp-content\/uploads\/2021\/04\/pdf-file-12x12.png 12w, https:\/\/www.ivb.ro\/wp-content\/uploads\/2021\/04\/pdf-file.png 512w\" sizes=\"(max-width: 150px) 100vw, 150px\" \/>\t\t\t\t\t\t\t\t<\/a>\n\t\t\t\t\t\t\t\t\t\t\t<figcaption class=\"widget-image-caption wp-caption-text\">Calendarul de concurs<\/figcaption>\n\t\t\t\t\t\t\t\t\t\t<\/figure>\n\t\t\t\t\t\t\t\t\t<\/div>\n\t\t\t\t<\/div>\n\t\t\t\t<div class=\"elementor-element elementor-element-5bdef24 elementor-widget elementor-widget-image\" data-id=\"5bdef24\" data-element_type=\"widget\" data-e-type=\"widget\" data-widget_type=\"image.default\">\n\t\t\t\t<div class=\"elementor-widget-container\">\n\t\t\t\t\t\t\t\t\t\t\t\t<figure class=\"wp-caption\">\n\t\t\t\t\t\t\t\t\t\t\t<a href=\"https:\/\/www.ivb.ro\/wp-content\/uploads\/2024\/11\/Metodologie-personal-propriu-2024.pdf\">\n\t\t\t\t\t\t\t<img decoding=\"async\" width=\"150\" height=\"150\" src=\"https:\/\/www.ivb.ro\/wp-content\/uploads\/2021\/04\/pdf-file-150x150.png\" class=\"attachment-thumbnail size-thumbnail wp-image-1811\" alt=\"\" srcset=\"https:\/\/www.ivb.ro\/wp-content\/uploads\/2021\/04\/pdf-file-150x150.png 150w, https:\/\/www.ivb.ro\/wp-content\/uploads\/2021\/04\/pdf-file-100x100.png 100w, https:\/\/www.ivb.ro\/wp-content\/uploads\/2021\/04\/pdf-file-500x500.png 500w, https:\/\/www.ivb.ro\/wp-content\/uploads\/2021\/04\/pdf-file-300x300.png 300w, https:\/\/www.ivb.ro\/wp-content\/uploads\/2021\/04\/pdf-file-12x12.png 12w, https:\/\/www.ivb.ro\/wp-content\/uploads\/2021\/04\/pdf-file.png 512w\" sizes=\"(max-width: 150px) 100vw, 150px\" \/>\t\t\t\t\t\t\t\t<\/a>\n\t\t\t\t\t\t\t\t\t\t\t<figcaption class=\"widget-image-caption wp-caption-text\">Metodologie<\/figcaption>\n\t\t\t\t\t\t\t\t\t\t<\/figure>\n\t\t\t\t\t\t\t\t\t<\/div>\n\t\t\t\t<\/div>\n\t\t\t\t<div class=\"elementor-element elementor-element-bd9453f elementor-widget elementor-widget-image\" data-id=\"bd9453f\" data-element_type=\"widget\" data-e-type=\"widget\" data-widget_type=\"image.default\">\n\t\t\t\t<div class=\"elementor-widget-container\">\n\t\t\t\t\t\t\t\t\t\t\t\t<figure class=\"wp-caption\">\n\t\t\t\t\t\t\t\t\t\t\t<a href=\"https:\/\/www.ivb.ro\/wp-content\/uploads\/2024\/11\/Cerere-GDPR4.doc\">\n\t\t\t\t\t\t\t<img decoding=\"async\" width=\"150\" height=\"150\" src=\"https:\/\/www.ivb.ro\/wp-content\/uploads\/2021\/04\/word-150x150.png\" class=\"attachment-thumbnail size-thumbnail wp-image-1812\" alt=\"\" srcset=\"https:\/\/www.ivb.ro\/wp-content\/uploads\/2021\/04\/word-150x150.png 150w, https:\/\/www.ivb.ro\/wp-content\/uploads\/2021\/04\/word-100x100.png 100w, https:\/\/www.ivb.ro\/wp-content\/uploads\/2021\/04\/word-500x500.png 500w, https:\/\/www.ivb.ro\/wp-content\/uploads\/2021\/04\/word-300x300.png 300w, https:\/\/www.ivb.ro\/wp-content\/uploads\/2021\/04\/word-12x12.png 12w, https:\/\/www.ivb.ro\/wp-content\/uploads\/2021\/04\/word.png 512w\" sizes=\"(max-width: 150px) 100vw, 150px\" \/>\t\t\t\t\t\t\t\t<\/a>\n\t\t\t\t\t\t\t\t\t\t\t<figcaption class=\"widget-image-caption wp-caption-text\">Cerere GDPR<\/figcaption>\n\t\t\t\t\t\t\t\t\t\t<\/figure>\n\t\t\t\t\t\t\t\t\t<\/div>\n\t\t\t\t<\/div>\n\t\t\t\t<div class=\"elementor-element elementor-element-629635f elementor-widget elementor-widget-image\" data-id=\"629635f\" data-element_type=\"widget\" data-e-type=\"widget\" data-widget_type=\"image.default\">\n\t\t\t\t<div class=\"elementor-widget-container\">\n\t\t\t\t\t\t\t\t\t\t\t\t<figure class=\"wp-caption\">\n\t\t\t\t\t\t\t\t\t\t\t<a href=\"https:\/\/www.ivb.ro\/wp-content\/uploads\/2024\/11\/Cerere-de-inscriere-la-concurs9.docx\">\n\t\t\t\t\t\t\t<img decoding=\"async\" width=\"150\" height=\"150\" src=\"https:\/\/www.ivb.ro\/wp-content\/uploads\/2021\/04\/word-150x150.png\" class=\"attachment-thumbnail size-thumbnail wp-image-1812\" alt=\"\" srcset=\"https:\/\/www.ivb.ro\/wp-content\/uploads\/2021\/04\/word-150x150.png 150w, https:\/\/www.ivb.ro\/wp-content\/uploads\/2021\/04\/word-100x100.png 100w, https:\/\/www.ivb.ro\/wp-content\/uploads\/2021\/04\/word-500x500.png 500w, https:\/\/www.ivb.ro\/wp-content\/uploads\/2021\/04\/word-300x300.png 300w, https:\/\/www.ivb.ro\/wp-content\/uploads\/2021\/04\/word-12x12.png 12w, https:\/\/www.ivb.ro\/wp-content\/uploads\/2021\/04\/word.png 512w\" sizes=\"(max-width: 150px) 100vw, 150px\" \/>\t\t\t\t\t\t\t\t<\/a>\n\t\t\t\t\t\t\t\t\t\t\t<figcaption class=\"widget-image-caption wp-caption-text\">The application for contest registration<\/figcaption>\n\t\t\t\t\t\t\t\t\t\t<\/figure>\n\t\t\t\t\t\t\t\t\t<\/div>\n\t\t\t\t<\/div>\n\t\t\t\t\t<\/div>\n\t\t\t\t<\/div>\n\t\t\t\t<\/div>","protected":false},"excerpt":{"rendered":"<p>Anun\u021b de concurs pentru ocuparea de posturi pentru cercetare \u00a0 Institutul Na\u021bional de Cercetare-Dezvoltare \u00een Domeniul Patologiei \u0219i \u0218tiin\u021belor Biomedicale \u201eVictor Babe\u0219\u201d, cu sediul \u00een Bucure\u0219ti, Splaiul Independen\u021bei, nr. 99-101, sector 5, av\u0203nd ca obiect principal de activitate cercetarea \u2013 dezvoltarea \u020bn domeniul biomedical, anun\u021b\u0103 scoaterea la concurs \u020bn cadrul proiectului \u201eCrearea, Opera\u0163ionalizarea \u015fi Dezvoltarea&hellip; <\/p>","protected":false},"author":1,"featured_media":0,"parent":0,"menu_order":0,"comment_status":"closed","ping_status":"closed","template":"","meta":{"ngg_post_thumbnail":0,"footnotes":""},"class_list":["post-11067","page","type-page","status-publish","hentry"],"yoast_head":"<!-- This site is optimized with the Yoast SEO plugin v27.2 - https:\/\/yoast.com\/product\/yoast-seo-wordpress\/ -->\n<title>Concurs post cercetare - National Institute of Pathology Victor Babe\u015f - Bucharest<\/title>\n<meta name=\"robots\" content=\"index, follow, max-snippet:-1, max-image-preview:large, max-video-preview:-1\" \/>\n<link rel=\"canonical\" href=\"https:\/\/www.ivb.ro\/en\/concurs-post-cercetare\/\" \/>\n<meta property=\"og:locale\" content=\"en_GB\" \/>\n<meta property=\"og:type\" content=\"article\" \/>\n<meta property=\"og:title\" content=\"Concurs post cercetare - National Institute of Pathology Victor Babe\u015f - Bucharest\" \/>\n<meta property=\"og:description\" content=\"Anun\u021b de concurs pentru ocuparea de posturi pentru cercetare \u00a0 Institutul Na\u021bional de Cercetare-Dezvoltare \u00een Domeniul Patologiei \u0219i \u0218tiin\u021belor Biomedicale \u201eVictor Babe\u0219\u201d, cu sediul \u00een Bucure\u0219ti, Splaiul Independen\u021bei, nr. 99-101, sector 5, av\u0203nd ca obiect principal de activitate cercetarea \u2013 dezvoltarea \u020bn domeniul biomedical, anun\u021b\u0103 scoaterea la concurs \u020bn cadrul proiectului \u201eCrearea, Opera\u0163ionalizarea \u015fi Dezvoltarea&hellip;\" \/>\n<meta property=\"og:url\" content=\"https:\/\/www.ivb.ro\/en\/concurs-post-cercetare\/\" \/>\n<meta property=\"og:site_name\" content=\"National Institute of Pathology Victor Babe\u015f - Bucharest\" \/>\n<meta property=\"article:publisher\" content=\"https:\/\/www.facebook.com\/incdvb.ro\" \/>\n<meta property=\"article:modified_time\" content=\"2024-11-04T11:45:28+00:00\" \/>\n<meta property=\"og:image\" content=\"https:\/\/www.ivb.ro\/wp-content\/uploads\/2021\/04\/pdf-file.png\" \/>\n\t<meta property=\"og:image:width\" content=\"512\" \/>\n\t<meta property=\"og:image:height\" content=\"512\" \/>\n\t<meta property=\"og:image:type\" content=\"image\/png\" \/>\n<meta name=\"twitter:card\" content=\"summary_large_image\" \/>\n<meta name=\"twitter:label1\" content=\"Estimated reading time\" \/>\n\t<meta name=\"twitter:data1\" content=\"1 minute\" \/>\n<script type=\"application\/ld+json\" class=\"yoast-schema-graph\">{\"@context\":\"https:\/\/schema.org\",\"@graph\":[{\"@type\":\"WebPage\",\"@id\":\"https:\/\/www.ivb.ro\/concurs-post-cercetare\",\"url\":\"https:\/\/www.ivb.ro\/concurs-post-cercetare\",\"name\":\"Concurs post cercetare - National Institute of Pathology Victor Babe\u015f - Bucharest\",\"isPartOf\":{\"@id\":\"https:\/\/www.ivb.ro\/#website\"},\"primaryImageOfPage\":{\"@id\":\"https:\/\/www.ivb.ro\/concurs-post-cercetare#primaryimage\"},\"image\":{\"@id\":\"https:\/\/www.ivb.ro\/concurs-post-cercetare#primaryimage\"},\"thumbnailUrl\":\"https:\/\/www.ivb.ro\/wp-content\/uploads\/2021\/04\/pdf-file-150x150.png\",\"datePublished\":\"2024-11-04T11:37:48+00:00\",\"dateModified\":\"2024-11-04T11:45:28+00:00\",\"breadcrumb\":{\"@id\":\"https:\/\/www.ivb.ro\/concurs-post-cercetare#breadcrumb\"},\"inLanguage\":\"en-GB\",\"potentialAction\":[{\"@type\":\"ReadAction\",\"target\":[\"https:\/\/www.ivb.ro\/concurs-post-cercetare\"]}]},{\"@type\":\"ImageObject\",\"inLanguage\":\"en-GB\",\"@id\":\"https:\/\/www.ivb.ro\/concurs-post-cercetare#primaryimage\",\"url\":\"https:\/\/www.ivb.ro\/wp-content\/uploads\/2021\/04\/pdf-file-150x150.png\",\"contentUrl\":\"https:\/\/www.ivb.ro\/wp-content\/uploads\/2021\/04\/pdf-file-150x150.png\"},{\"@type\":\"BreadcrumbList\",\"@id\":\"https:\/\/www.ivb.ro\/concurs-post-cercetare#breadcrumb\",\"itemListElement\":[{\"@type\":\"ListItem\",\"position\":1,\"name\":\"Home\",\"item\":\"https:\/\/www.ivb.ro\/\"},{\"@type\":\"ListItem\",\"position\":2,\"name\":\"Concurs post cercetare\"}]},{\"@type\":\"WebSite\",\"@id\":\"https:\/\/www.ivb.ro\/#website\",\"url\":\"https:\/\/www.ivb.ro\/\",\"name\":\"National Institute of Pathology Victor Babe\u015f - Bucharest\",\"description\":\"National Institute of Pathology Victor Babe\u015f - Bucharest\",\"publisher\":{\"@id\":\"https:\/\/www.ivb.ro\/#organization\"},\"potentialAction\":[{\"@type\":\"SearchAction\",\"target\":{\"@type\":\"EntryPoint\",\"urlTemplate\":\"https:\/\/www.ivb.ro\/?s={search_term_string}\"},\"query-input\":{\"@type\":\"PropertyValueSpecification\",\"valueRequired\":true,\"valueName\":\"search_term_string\"}}],\"inLanguage\":\"en-GB\"},{\"@type\":\"Organization\",\"@id\":\"https:\/\/www.ivb.ro\/#organization\",\"name\":\"National Institute of Pathology Victor Babe\u015f - Bucharest\",\"url\":\"https:\/\/www.ivb.ro\/\",\"logo\":{\"@type\":\"ImageObject\",\"inLanguage\":\"en-GB\",\"@id\":\"https:\/\/www.ivb.ro\/#\/schema\/logo\/image\/\",\"url\":\"https:\/\/www.ivb.ro\/wp-content\/uploads\/2021\/04\/top-logo.png\",\"contentUrl\":\"https:\/\/www.ivb.ro\/wp-content\/uploads\/2021\/04\/top-logo.png\",\"width\":340,\"height\":190,\"caption\":\"National Institute of Pathology Victor Babe\u015f - Bucharest\"},\"image\":{\"@id\":\"https:\/\/www.ivb.ro\/#\/schema\/logo\/image\/\"},\"sameAs\":[\"https:\/\/www.facebook.com\/incdvb.ro\",\"https:\/\/www.instagram.com\/institutul.victorbabes\/\",\"https:\/\/ro.linkedin.com\/company\/victor-babes-national-institute-of-pathology\"]}]}<\/script>\n<!-- \/ Yoast SEO plugin. -->","yoast_head_json":{"title":"Concurs post cercetare - National Institute of Pathology Victor Babe\u015f - Bucharest","robots":{"index":"index","follow":"follow","max-snippet":"max-snippet:-1","max-image-preview":"max-image-preview:large","max-video-preview":"max-video-preview:-1"},"canonical":"https:\/\/www.ivb.ro\/en\/concurs-post-cercetare\/","og_locale":"en_GB","og_type":"article","og_title":"Concurs post cercetare - National Institute of Pathology Victor Babe\u015f - Bucharest","og_description":"Anun\u021b de concurs pentru ocuparea de posturi pentru cercetare \u00a0 Institutul Na\u021bional de Cercetare-Dezvoltare \u00een Domeniul Patologiei \u0219i \u0218tiin\u021belor Biomedicale \u201eVictor Babe\u0219\u201d, cu sediul \u00een Bucure\u0219ti, Splaiul Independen\u021bei, nr. 99-101, sector 5, av\u0203nd ca obiect principal de activitate cercetarea \u2013 dezvoltarea \u020bn domeniul biomedical, anun\u021b\u0103 scoaterea la concurs \u020bn cadrul proiectului \u201eCrearea, Opera\u0163ionalizarea \u015fi Dezvoltarea&hellip;","og_url":"https:\/\/www.ivb.ro\/en\/concurs-post-cercetare\/","og_site_name":"National Institute of Pathology Victor Babe\u015f - Bucharest","article_publisher":"https:\/\/www.facebook.com\/incdvb.ro","article_modified_time":"2024-11-04T11:45:28+00:00","og_image":[{"width":512,"height":512,"url":"https:\/\/www.ivb.ro\/wp-content\/uploads\/2021\/04\/pdf-file.png","type":"image\/png"}],"twitter_card":"summary_large_image","twitter_misc":{"Estimated reading time":"1 minute"},"schema":{"@context":"https:\/\/schema.org","@graph":[{"@type":"WebPage","@id":"https:\/\/www.ivb.ro\/concurs-post-cercetare","url":"https:\/\/www.ivb.ro\/concurs-post-cercetare","name":"Concurs post cercetare - National Institute of Pathology Victor Babe\u015f - Bucharest","isPartOf":{"@id":"https:\/\/www.ivb.ro\/#website"},"primaryImageOfPage":{"@id":"https:\/\/www.ivb.ro\/concurs-post-cercetare#primaryimage"},"image":{"@id":"https:\/\/www.ivb.ro\/concurs-post-cercetare#primaryimage"},"thumbnailUrl":"https:\/\/www.ivb.ro\/wp-content\/uploads\/2021\/04\/pdf-file-150x150.png","datePublished":"2024-11-04T11:37:48+00:00","dateModified":"2024-11-04T11:45:28+00:00","breadcrumb":{"@id":"https:\/\/www.ivb.ro\/concurs-post-cercetare#breadcrumb"},"inLanguage":"en-GB","potentialAction":[{"@type":"ReadAction","target":["https:\/\/www.ivb.ro\/concurs-post-cercetare"]}]},{"@type":"ImageObject","inLanguage":"en-GB","@id":"https:\/\/www.ivb.ro\/concurs-post-cercetare#primaryimage","url":"https:\/\/www.ivb.ro\/wp-content\/uploads\/2021\/04\/pdf-file-150x150.png","contentUrl":"https:\/\/www.ivb.ro\/wp-content\/uploads\/2021\/04\/pdf-file-150x150.png"},{"@type":"BreadcrumbList","@id":"https:\/\/www.ivb.ro\/concurs-post-cercetare#breadcrumb","itemListElement":[{"@type":"ListItem","position":1,"name":"Home","item":"https:\/\/www.ivb.ro\/"},{"@type":"ListItem","position":2,"name":"Concurs post cercetare"}]},{"@type":"WebSite","@id":"https:\/\/www.ivb.ro\/#website","url":"https:\/\/www.ivb.ro\/","name":"National Institute of Pathology Victor Babe\u015f - Bucharest","description":"National Institute of Pathology Victor Babe\u015f - Bucharest","publisher":{"@id":"https:\/\/www.ivb.ro\/#organization"},"potentialAction":[{"@type":"SearchAction","target":{"@type":"EntryPoint","urlTemplate":"https:\/\/www.ivb.ro\/?s={search_term_string}"},"query-input":{"@type":"PropertyValueSpecification","valueRequired":true,"valueName":"search_term_string"}}],"inLanguage":"en-GB"},{"@type":"Organization","@id":"https:\/\/www.ivb.ro\/#organization","name":"National Institute of Pathology Victor Babe\u015f - Bucharest","url":"https:\/\/www.ivb.ro\/","logo":{"@type":"ImageObject","inLanguage":"en-GB","@id":"https:\/\/www.ivb.ro\/#\/schema\/logo\/image\/","url":"https:\/\/www.ivb.ro\/wp-content\/uploads\/2021\/04\/top-logo.png","contentUrl":"https:\/\/www.ivb.ro\/wp-content\/uploads\/2021\/04\/top-logo.png","width":340,"height":190,"caption":"National Institute of Pathology Victor Babe\u015f - Bucharest"},"image":{"@id":"https:\/\/www.ivb.ro\/#\/schema\/logo\/image\/"},"sameAs":["https:\/\/www.facebook.com\/incdvb.ro","https:\/\/www.instagram.com\/institutul.victorbabes\/","https:\/\/ro.linkedin.com\/company\/victor-babes-national-institute-of-pathology"]}]}},"_links":{"self":[{"href":"https:\/\/www.ivb.ro\/en\/wp-json\/wp\/v2\/pages\/11067","targetHints":{"allow":["GET"]}}],"collection":[{"href":"https:\/\/www.ivb.ro\/en\/wp-json\/wp\/v2\/pages"}],"about":[{"href":"https:\/\/www.ivb.ro\/en\/wp-json\/wp\/v2\/types\/page"}],"author":[{"embeddable":true,"href":"https:\/\/www.ivb.ro\/en\/wp-json\/wp\/v2\/users\/1"}],"replies":[{"embeddable":true,"href":"https:\/\/www.ivb.ro\/en\/wp-json\/wp\/v2\/comments?post=11067"}],"version-history":[{"count":13,"href":"https:\/\/www.ivb.ro\/en\/wp-json\/wp\/v2\/pages\/11067\/revisions"}],"predecessor-version":[{"id":11085,"href":"https:\/\/www.ivb.ro\/en\/wp-json\/wp\/v2\/pages\/11067\/revisions\/11085"}],"wp:attachment":[{"href":"https:\/\/www.ivb.ro\/en\/wp-json\/wp\/v2\/media?parent=11067"}],"curies":[{"name":"wp","href":"https:\/\/api.w.org\/{rel}","templated":true}]}}