{"id":11421,"date":"2025-02-07T09:55:03","date_gmt":"2025-02-07T09:55:03","guid":{"rendered":"https:\/\/www.ivb.ro\/?page_id=11421"},"modified":"2025-12-10T12:42:09","modified_gmt":"2025-12-10T12:42:09","slug":"pn-iv-p2-2-1-te-2023-1169-2","status":"publish","type":"page","link":"https:\/\/www.ivb.ro\/en\/pn-iv-p2-2-1-te-2023-1169-2","title":{"rendered":"PN-IV-P2-2.1-I-2023-1169"},"content":{"rendered":"<div data-elementor-type=\"wp-page\" data-elementor-id=\"11421\" class=\"elementor elementor-11421\">\n\t\t\t\t\t\t<section class=\"elementor-section elementor-top-section elementor-element elementor-element-cae4c95 elementor-section-content-middle elementor-section-stretched elementor-section-boxed elementor-section-height-default elementor-section-height-default\" data-id=\"cae4c95\" data-element_type=\"section\" data-e-type=\"section\" data-settings=\"{&quot;stretch_section&quot;:&quot;section-stretched&quot;}\">\n\t\t\t\t\t\t\t<div class=\"elementor-background-overlay\"><\/div>\n\t\t\t\t\t\t\t<div class=\"elementor-container elementor-column-gap-no\">\n\t\t\t\t\t<div class=\"elementor-column elementor-col-100 elementor-top-column elementor-element elementor-element-1433a954\" data-id=\"1433a954\" data-element_type=\"column\" data-e-type=\"column\">\n\t\t\t<div class=\"elementor-widget-wrap elementor-element-populated\">\n\t\t\t\t\t\t<div class=\"elementor-element elementor-element-554a461e elementor-view-framed elementor-shape-circle elementor-position-block-start elementor-mobile-position-block-start elementor-widget elementor-widget-icon-box\" data-id=\"554a461e\" data-element_type=\"widget\" data-e-type=\"widget\" data-widget_type=\"icon-box.default\">\n\t\t\t\t<div class=\"elementor-widget-container\">\n\t\t\t\t\t\t\t<div class=\"elementor-icon-box-wrapper\">\n\n\t\t\t\t\t\t<div class=\"elementor-icon-box-icon\">\n\t\t\t\t<span  class=\"elementor-icon\">\n\t\t\t\t<svg aria-hidden=\"true\" class=\"e-font-icon-svg e-fas-star\" viewbox=\"0 0 576 512\" xmlns=\"http:\/\/www.w3.org\/2000\/svg\"><path d=\"M259.3 17.8L194 150.2 47.9 171.5c-26.2 3.8-36.7 36.1-17.7 54.6l105.7 103-25 145.5c-4.5 26.3 23.2 46 46.4 33.7L288 439.6l130.7 68.7c23.2 12.2 50.9-7.4 46.4-33.7l-25-145.5 105.7-103c19-18.5 8.5-50.8-17.7-54.6L382 150.2 316.7 17.8c-11.7-23.6-45.6-23.9-57.4 0z\"><\/path><\/svg>\t\t\t\t<\/span>\n\t\t\t<\/div>\n\t\t\t\n\t\t\t\t\t\t<div class=\"elementor-icon-box-content\">\n\n\t\t\t\t\t\t\t\t\t<h4 class=\"elementor-icon-box-title\">\n\t\t\t\t\t\t<span  >\n\t\t\t\t\t\t\t54TE\/2025 on the PN-IV-P2-2.1-I-2023-1169\t\t\t\t\t\t<\/span>\n\t\t\t\t\t<\/h4>\n\t\t\t\t\n\t\t\t\t\t\t\t\t\t<p class=\"elementor-icon-box-description\">\n\t\t\t\t\t\tNatural Killer cells modified by genetic engineering, a new tool for immunotherapy of cancer (NKImmunoTher)\t\t\t\t\t<\/p>\n\t\t\t\t\n\t\t\t<\/div>\n\t\t\t\n\t\t<\/div>\n\t\t\t\t\t\t<\/div>\n\t\t\t\t<\/div>\n\t\t\t\t\t<\/div>\n\t\t<\/div>\n\t\t\t\t\t<\/div>\n\t\t<\/section>\n\t\t\t\t<section class=\"elementor-section elementor-top-section elementor-element elementor-element-f4eac63 elementor-section-stretched elementor-section-boxed elementor-section-height-default elementor-section-height-default\" data-id=\"f4eac63\" data-element_type=\"section\" data-e-type=\"section\" data-settings=\"{&quot;stretch_section&quot;:&quot;section-stretched&quot;}\">\n\t\t\t\t\t\t<div class=\"elementor-container elementor-column-gap-default\">\n\t\t\t\t\t<div class=\"elementor-column elementor-col-100 elementor-top-column elementor-element elementor-element-f0e27b7\" data-id=\"f0e27b7\" data-element_type=\"column\" data-e-type=\"column\">\n\t\t\t<div class=\"elementor-widget-wrap elementor-element-populated\">\n\t\t\t\t\t\t<div class=\"elementor-element elementor-element-35c1877 elementor-widget elementor-widget-text-editor\" data-id=\"35c1877\" data-element_type=\"widget\" data-e-type=\"widget\" data-widget_type=\"text-editor.default\">\n\t\t\t\t<div class=\"elementor-widget-container\">\n\t\t\t\t\t\t\t\t\t<p>\u00a0<\/p><p><span style=\"color: #000000;\"><strong>Abstract<\/strong><\/span><\/p><p><span style=\"color: #000000;\"><u>Scientific context<\/u>: Metastasis is the main cause of death in cancer and is in need of a great deal of effort in order to manage this disease. Innate ability of NK cells to eliminate tumor cells has made them the best candidate for the immunotherapy of cancer, imunoterapiile are based on your cells and NK have been researched for years. The development and the progression of the cancer is determined by the relationship between the tumor and the immune system of the host, a number of mechanisms that contribute to the suppression of cellular immunity. One of the most important mechanism is the production of cytokine inhibitors such as TGF-\u03b2. This cytokine can affect strongly the activity of NK cells, reducing the ability of the citotoxica, and by affecting the activity of anti-tumour. Foreclosure or the loss of receiver of type 2 TGF-\u03b2 on NK cells could restore the function of the citotoxica.<\/span><\/p><p><span style=\"color: #000000;\"><u>Purpose<\/u>This project aims to develop the NK cells knockdown for TGFR2 activated by the cytokine with antitumor activity improved in order to control the progression of cancer and metastasis.<\/span><\/p><p><span style=\"color: #000000;\">NK cells will be genetically modified by the technology of CRISPR\/Cas9 to remove the lashes TGFR2, which will provide resistance to the inhibitory effect exerted by TGF-\u03b2. NK cells knockdown for TGFR2 will be activated by the complex of the other in order to gain the strength and functions of cells increased. Cells and NK-cells, genetically modified, will be made available on the models of murine melanoma.<\/span><\/p><p><span style=\"color: #000000;\"><strong>\u00a0<\/strong><\/span><\/p><p class=\"translation-block\"><span style=\"color: #000000\" class=\"wp-dark-mode-bg-image\"><strong class=\"wp-dark-mode-bg-image\">OBJECTIVES <\/strong><strong class=\"wp-dark-mode-bg-image\">AND RESULTS<\/strong><\/span><\/p><p><span style=\"color: #000000;\"><strong>Goals<\/strong><\/span><\/p><p><span style=\"color: #000000;\"><strong>Q1. The generation of NK cells knockdown for TGFBR2, which can be activated by cytokines<\/strong><\/span><\/p><p class=\"translation-block\"><span style=\"color: #000000;\" class=\"wp-dark-mode-bg-image\"><strong class=\"wp-dark-mode-bg-image\">O2. Validarea <em class=\"wp-dark-mode-bg-image\">in vitro<\/em> a activit\u0103\u021bii antitumorale \u00eembun\u0103t\u0103\u021bite a celulelor NK knockout pentru TGFBR2 activate cu citokine<\/strong><\/span><\/p><p><span style=\"color: #000000;\"><strong>O3. The validation of the NK cells knockdown for TGFBR2 are activated by cytokines as a potential candidate, you&#039;ve been doing for the treatment of cancer by using models, pictures of a mouse<\/strong><\/span><\/p>\t\t\t\t\t\t\t\t<\/div>\n\t\t\t\t<\/div>\n\t\t\t\t\t<\/div>\n\t\t<\/div>\n\t\t\t\t\t<\/div>\n\t\t<\/section>\n\t\t<div class=\"elementor-element elementor-element-ca48c18 e-flex e-con-boxed e-con e-parent\" data-id=\"ca48c18\" data-element_type=\"container\" data-e-type=\"container\">\n\t\t\t\t\t<div class=\"e-con-inner\">\n\t\t\t\t<div class=\"elementor-element elementor-element-9466a48 elementor-widget elementor-widget-image\" data-id=\"9466a48\" data-element_type=\"widget\" data-e-type=\"widget\" data-widget_type=\"image.default\">\n\t\t\t\t<div class=\"elementor-widget-container\">\n\t\t\t\t\t\t\t\t\t\t\t\t\t\t\t<img fetchpriority=\"high\" decoding=\"async\" width=\"642\" height=\"134\" src=\"https:\/\/www.ivb.ro\/wp-content\/uploads\/2025\/01\/b_pn4p2.webp\" class=\"attachment-large size-large wp-image-11393\" alt=\"\" srcset=\"https:\/\/www.ivb.ro\/wp-content\/uploads\/2025\/01\/b_pn4p2.webp 642w, https:\/\/www.ivb.ro\/wp-content\/uploads\/2025\/01\/b_pn4p2-500x104.webp 500w, https:\/\/www.ivb.ro\/wp-content\/uploads\/2025\/01\/b_pn4p2-300x63.webp 300w, https:\/\/www.ivb.ro\/wp-content\/uploads\/2025\/01\/b_pn4p2-18x4.webp 18w\" sizes=\"(max-width: 642px) 100vw, 642px\" \/>\t\t\t\t\t\t\t\t\t\t\t\t\t\t\t<\/div>\n\t\t\t\t<\/div>\n\t\t\t\t\t<\/div>\n\t\t\t\t<\/div>\n\t\t\t\t<section class=\"elementor-section elementor-top-section elementor-element elementor-element-f1f9029 elementor-section-stretched elementor-section-boxed elementor-section-height-default elementor-section-height-default\" data-id=\"f1f9029\" data-element_type=\"section\" data-e-type=\"section\" data-settings=\"{&quot;stretch_section&quot;:&quot;section-stretched&quot;}\">\n\t\t\t\t\t\t<div class=\"elementor-container elementor-column-gap-default\">\n\t\t\t\t\t<div class=\"elementor-column elementor-col-100 elementor-top-column elementor-element elementor-element-4bca87b\" data-id=\"4bca87b\" data-element_type=\"column\" data-e-type=\"column\">\n\t\t\t<div class=\"elementor-widget-wrap elementor-element-populated\">\n\t\t\t\t\t\t<div class=\"elementor-element elementor-element-a770f73 elementor-widget elementor-widget-text-editor\" data-id=\"a770f73\" data-element_type=\"widget\" data-e-type=\"widget\" data-widget_type=\"text-editor.default\">\n\t\t\t\t<div class=\"elementor-widget-container\">\n\t\t\t\t\t\t\t\t\t<p><span style=\"color: #000000;\">The scheme of realization of the project<\/span><\/p><p><span style=\"color: #000000;\"><strong>Expected results:<\/strong><\/span><\/p><ul><li><span style=\"color: #000000;\">The generation of NK cells with anti-tumor activity enhanced<\/span><\/li><li><span style=\"color: #000000;\">NK cells are validated for the treatment of cancer<\/span><\/li><li><span style=\"color: #000000;\">Immunotherapy us on the basis of NK cells for the treatment of melanoma<\/span><\/li><\/ul><blockquote><p><span style=\"color: #000000;\"><strong>Indicators<\/strong><\/span><\/p><\/blockquote><p><span style=\"color: #000000;\"><strong><em>Communications<\/em><\/strong><\/span><\/p><ol><li><p class=\"v1ydpee1cc4cdMsoNormal\"><span style=\"color: #000000;\"><i><span lang=\"RO\">Toll Like Receptor 7\/8 agonists antitumor effects on NK cells in murine melanoma model<\/span><\/i><\/span><span lang=\"RO\"><span style=\"color: #000000;\">, G. Isvoranu, M. Surcel, A. Munteanu, A.M. Enciu, M. Chiritoiu-Butnaru, G.Chiritoiu, C. Munteanu, M. Neagu. SEE J Immunol, vol 8 No CITIM (2025). DOI:<\/span>\u00a0<\/span><a href=\"https:\/\/doi.org\/10.3889\/seejim.2025.6135\" target=\"_blank\" rel=\"noopener noreferrer\"><span lang=\"RO\">https:\/\/doi.org\/10.3889\/seejim.2025.6135<\/span><\/a><\/p><\/li><li><p class=\"v1ydpee1cc4cdMsoNormal\"><span style=\"color: #000000;\"><i><span lang=\"RO\">Phenotypic and functional characteristics of NK cells from mice with lung metastases, <\/span><\/i><span lang=\"RO\">G. Isvoranu, M. Surcel, A. Munteanu, A.M. Enciu, M. Chiritoiu-Butnaru, G. Chiritoiu, C. Munteanu, M. Neagu. A<\/span><span lang=\"PT\"> XVIII-a edi\u021bie a Congresului Na\u021bional de Citometrie, Bucure\u0219ti, Rom<\/span><span lang=\"RO\">\u00e2nia.<\/span><\/span><\/p><\/li><li><span style=\"color: #000000;\">Impairment of Natural Killer-cell-mediated tumor killing by transforming growth factor \u03b2. G. Isvoranu, M. Surcel, A.N. Munteanu, A.-M. Enciu, E. Codrici, G. Chiritoiu, C. Munteanu, M. Chiritoiu-Butnaru, M. Neagu. The 19<sup>th<\/sup> International Congress of Immunology, 17-22 August 2025, Vienna, Austria.<\/span><\/li><li><span style=\"color: #000000;\">The impact of high-fat diet on Natural Killer cells in tumor-bearing mice. Gheorghita Isvoranu, Mihaela Surcel, Ana-Maria Enciu, Elena Codrici, Daniela Popescu, Marioara Chiritoiu-Butnaru. Annual Pathology Conference of the &#8216;Victor Babe\u0219&#8217; Institute Bucharest, 12-14 November, 2025, Bucharest, Romania.<\/span><\/li><li><p><span style=\"color: #000000;\">Natural Killer cell adoptive transfer therapy for metastatic melanoma. Gheorghita Isvoranu, Valeriu Ci\u0219ma\u0219iu, Emanuel Fertig, Mihaela Surcel, Ana-Maria Enciu, Elena Codrici, Daniela Popescu, Andrei Niculae, Marioara Chiri\u021boiu-Butnaru, Gabriela Chiri\u021boiu, Cristian Munteanu, Livia Sima, Mihaela Gherghiceanu. Annual Pathology Conference of the &#8216;Victor Babe\u0219&#8217; Institute Bucharest, 12-14 November, 2025, Bucharest, Romania.<\/span><\/p><\/li><\/ol>\t\t\t\t\t\t\t\t<\/div>\n\t\t\t\t<\/div>\n\t\t\t\t\t<\/div>\n\t\t<\/div>\n\t\t\t\t\t<\/div>\n\t\t<\/section>\n\t\t\t\t<section class=\"elementor-section elementor-top-section elementor-element elementor-element-f7227b7 elementor-section-stretched elementor-section-boxed elementor-section-height-default elementor-section-height-default\" data-id=\"f7227b7\" data-element_type=\"section\" data-e-type=\"section\" data-settings=\"{&quot;stretch_section&quot;:&quot;section-stretched&quot;}\">\n\t\t\t\t\t\t<div class=\"elementor-container elementor-column-gap-default\">\n\t\t\t\t\t<div class=\"elementor-column elementor-col-100 elementor-top-column elementor-element elementor-element-9469efd\" data-id=\"9469efd\" data-element_type=\"column\" data-e-type=\"column\">\n\t\t\t<div class=\"elementor-widget-wrap elementor-element-populated\">\n\t\t\t\t\t\t<div class=\"elementor-element elementor-element-559db18 elementor-widget elementor-widget-text-editor\" data-id=\"559db18\" data-element_type=\"widget\" data-e-type=\"widget\" data-widget_type=\"text-editor.default\">\n\t\t\t\t<div class=\"elementor-widget-container\">\n\t\t\t\t\t\t\t\t\t<p><span style=\"color: #000000;\"><strong>Team<\/strong><\/span><\/p><p><span style=\"color: #000000;\"><strong><u>Project manager<\/u><\/strong><strong>:\u00a0<\/strong><\/span><\/p><p><span style=\"color: #000000;\"><strong>Dr Gheorghita Isvoranu<\/strong><\/span><\/p><p><span style=\"color: #000000;\"><strong>\u200b<\/strong><\/span><\/p><p><span style=\"color: #000000;\"><strong><u>The members of the team<\/u><\/strong><strong>:<\/strong><\/span><\/p><p><span style=\"color: #000000;\">Dr. Monica Neagu<\/span><\/p><p><span style=\"color: #000000;\">Dr Ana-Maria Enciu<\/span><\/p><p><span style=\"color: #000000;\">Dr Michaela Surcel<\/span><\/p><p><span style=\"color: #000000;\">Dr. Marioara Chiritoiu-Butnaru<\/span><\/p><p><span style=\"color: #000000;\">Dr Gabriela Chiritoiu<\/span><\/p><p><span style=\"color: #000000;\">Dr Cristian Munteanu<\/span><\/p><p><span style=\"color: #000000;\">Dr Adriana Cecilia Munteanu<\/span><\/p><p><span style=\"color: #000000;\"><strong>\u00a0<\/strong><\/span><\/p><p><span style=\"color: #000000;\">Contact<\/span><\/p><p><span style=\"color: #000000;\">Dr Gheorghita Isvoranu<\/span><\/p><p><a href=\"mailto:gina.isvoranu@ivb.ro\">gina.isvoranu@ivb.ro<\/a>; <a href=\"mailto:gina_isvoranu@yahoo.com\">gina_isvoranu@yahoo.com<\/a>\u00a0<\/p>\t\t\t\t\t\t\t\t<\/div>\n\t\t\t\t<\/div>\n\t\t\t\t\t<\/div>\n\t\t<\/div>\n\t\t\t\t\t<\/div>\n\t\t<\/section>\n\t\t\t\t<\/div>","protected":false},"excerpt":{"rendered":"<p>54TE\/2025 PN-IV-P2-2.1-TE-2023-1169 Celule Natural Killer modificate prin inginerie genetic\u0103 &#8211; un instrument nou pentru imunoterapia cancerului (NKImmunoTher) \u00a0 Abstract Context stiintific: Metastaza este principal cauza de deces in cancer si este nevoie de efort sustinut pentru a gestiona aceasta boala. Abilitatea innascuta a celulelor NK de a elimina celulele tumorale le-a facut cel mai bun&hellip; <\/p>","protected":false},"author":1,"featured_media":0,"parent":0,"menu_order":0,"comment_status":"closed","ping_status":"closed","template":"","meta":{"ngg_post_thumbnail":0,"footnotes":""},"class_list":["post-11421","page","type-page","status-publish","hentry"],"yoast_head":"<!-- This site is optimized with the Yoast SEO plugin v27.2 - https:\/\/yoast.com\/product\/yoast-seo-wordpress\/ -->\n<title>PN-IV-P2-2.1-TE-2023-1169 - National Institute of Pathology Victor Babe\u015f - Bucharest<\/title>\n<meta name=\"robots\" content=\"index, follow, max-snippet:-1, max-image-preview:large, max-video-preview:-1\" \/>\n<link rel=\"canonical\" href=\"https:\/\/www.ivb.ro\/en\/pn-iv-p2-2-1-te-2023-1169-2\/\" \/>\n<meta property=\"og:locale\" content=\"en_GB\" \/>\n<meta property=\"og:type\" content=\"article\" \/>\n<meta property=\"og:title\" content=\"PN-IV-P2-2.1-TE-2023-1169 - National Institute of Pathology Victor Babe\u015f - Bucharest\" \/>\n<meta property=\"og:description\" content=\"54TE\/2025 PN-IV-P2-2.1-TE-2023-1169 Celule Natural Killer modificate prin inginerie genetic\u0103 &#8211; un instrument nou pentru imunoterapia cancerului (NKImmunoTher) \u00a0 Abstract Context stiintific: Metastaza este principal cauza de deces in cancer si este nevoie de efort sustinut pentru a gestiona aceasta boala. Abilitatea innascuta a celulelor NK de a elimina celulele tumorale le-a facut cel mai bun&hellip;\" \/>\n<meta property=\"og:url\" content=\"https:\/\/www.ivb.ro\/en\/pn-iv-p2-2-1-te-2023-1169-2\/\" \/>\n<meta property=\"og:site_name\" content=\"National Institute of Pathology Victor Babe\u015f - Bucharest\" \/>\n<meta property=\"article:publisher\" content=\"https:\/\/www.facebook.com\/incdvb.ro\" \/>\n<meta property=\"article:modified_time\" content=\"2025-12-10T12:42:09+00:00\" \/>\n<meta property=\"og:image\" content=\"https:\/\/www.ivb.ro\/wp-content\/uploads\/2025\/01\/b_pn4p2.webp\" \/>\n\t<meta property=\"og:image:width\" content=\"642\" \/>\n\t<meta property=\"og:image:height\" content=\"134\" \/>\n\t<meta property=\"og:image:type\" content=\"image\/webp\" \/>\n<meta name=\"twitter:card\" content=\"summary_large_image\" \/>\n<meta name=\"twitter:label1\" content=\"Estimated reading time\" \/>\n\t<meta name=\"twitter:data1\" content=\"4 minutes\" \/>\n<script type=\"application\/ld+json\" class=\"yoast-schema-graph\">{\"@context\":\"https:\/\/schema.org\",\"@graph\":[{\"@type\":\"WebPage\",\"@id\":\"https:\/\/www.ivb.ro\/pn-iv-p2-2-1-te-2023-1169-2\",\"url\":\"https:\/\/www.ivb.ro\/pn-iv-p2-2-1-te-2023-1169-2\",\"name\":\"PN-IV-P2-2.1-TE-2023-1169 - National Institute of Pathology Victor Babe\u015f - Bucharest\",\"isPartOf\":{\"@id\":\"https:\/\/www.ivb.ro\/#website\"},\"primaryImageOfPage\":{\"@id\":\"https:\/\/www.ivb.ro\/pn-iv-p2-2-1-te-2023-1169-2#primaryimage\"},\"image\":{\"@id\":\"https:\/\/www.ivb.ro\/pn-iv-p2-2-1-te-2023-1169-2#primaryimage\"},\"thumbnailUrl\":\"https:\/\/www.ivb.ro\/wp-content\/uploads\/2025\/01\/b_pn4p2.webp\",\"datePublished\":\"2025-02-07T09:55:03+00:00\",\"dateModified\":\"2025-12-10T12:42:09+00:00\",\"breadcrumb\":{\"@id\":\"https:\/\/www.ivb.ro\/pn-iv-p2-2-1-te-2023-1169-2#breadcrumb\"},\"inLanguage\":\"en-GB\",\"potentialAction\":[{\"@type\":\"ReadAction\",\"target\":[\"https:\/\/www.ivb.ro\/pn-iv-p2-2-1-te-2023-1169-2\"]}]},{\"@type\":\"ImageObject\",\"inLanguage\":\"en-GB\",\"@id\":\"https:\/\/www.ivb.ro\/pn-iv-p2-2-1-te-2023-1169-2#primaryimage\",\"url\":\"https:\/\/www.ivb.ro\/wp-content\/uploads\/2025\/01\/b_pn4p2.webp\",\"contentUrl\":\"https:\/\/www.ivb.ro\/wp-content\/uploads\/2025\/01\/b_pn4p2.webp\"},{\"@type\":\"BreadcrumbList\",\"@id\":\"https:\/\/www.ivb.ro\/pn-iv-p2-2-1-te-2023-1169-2#breadcrumb\",\"itemListElement\":[{\"@type\":\"ListItem\",\"position\":1,\"name\":\"Home\",\"item\":\"https:\/\/www.ivb.ro\/\"},{\"@type\":\"ListItem\",\"position\":2,\"name\":\"PN-IV-P2-2.1-TE-2023-1169\"}]},{\"@type\":\"WebSite\",\"@id\":\"https:\/\/www.ivb.ro\/#website\",\"url\":\"https:\/\/www.ivb.ro\/\",\"name\":\"National Institute of Pathology Victor Babe\u015f - Bucharest\",\"description\":\"National Institute of Pathology Victor Babe\u015f - Bucharest\",\"publisher\":{\"@id\":\"https:\/\/www.ivb.ro\/#organization\"},\"potentialAction\":[{\"@type\":\"SearchAction\",\"target\":{\"@type\":\"EntryPoint\",\"urlTemplate\":\"https:\/\/www.ivb.ro\/?s={search_term_string}\"},\"query-input\":{\"@type\":\"PropertyValueSpecification\",\"valueRequired\":true,\"valueName\":\"search_term_string\"}}],\"inLanguage\":\"en-GB\"},{\"@type\":\"Organization\",\"@id\":\"https:\/\/www.ivb.ro\/#organization\",\"name\":\"National Institute of Pathology Victor Babe\u015f - Bucharest\",\"url\":\"https:\/\/www.ivb.ro\/\",\"logo\":{\"@type\":\"ImageObject\",\"inLanguage\":\"en-GB\",\"@id\":\"https:\/\/www.ivb.ro\/#\/schema\/logo\/image\/\",\"url\":\"https:\/\/www.ivb.ro\/wp-content\/uploads\/2021\/04\/top-logo.png\",\"contentUrl\":\"https:\/\/www.ivb.ro\/wp-content\/uploads\/2021\/04\/top-logo.png\",\"width\":340,\"height\":190,\"caption\":\"National Institute of Pathology Victor Babe\u015f - Bucharest\"},\"image\":{\"@id\":\"https:\/\/www.ivb.ro\/#\/schema\/logo\/image\/\"},\"sameAs\":[\"https:\/\/www.facebook.com\/incdvb.ro\",\"https:\/\/www.instagram.com\/institutul.victorbabes\/\",\"https:\/\/ro.linkedin.com\/company\/victor-babes-national-institute-of-pathology\"]}]}<\/script>\n<!-- \/ Yoast SEO plugin. -->","yoast_head_json":{"title":"PN-IV-P2-2.1-TE-2023-1169 - National Institute of Pathology Victor Babe\u015f - Bucharest","robots":{"index":"index","follow":"follow","max-snippet":"max-snippet:-1","max-image-preview":"max-image-preview:large","max-video-preview":"max-video-preview:-1"},"canonical":"https:\/\/www.ivb.ro\/en\/pn-iv-p2-2-1-te-2023-1169-2\/","og_locale":"en_GB","og_type":"article","og_title":"PN-IV-P2-2.1-TE-2023-1169 - National Institute of Pathology Victor Babe\u015f - Bucharest","og_description":"54TE\/2025 PN-IV-P2-2.1-TE-2023-1169 Celule Natural Killer modificate prin inginerie genetic\u0103 &#8211; un instrument nou pentru imunoterapia cancerului (NKImmunoTher) \u00a0 Abstract Context stiintific: Metastaza este principal cauza de deces in cancer si este nevoie de efort sustinut pentru a gestiona aceasta boala. Abilitatea innascuta a celulelor NK de a elimina celulele tumorale le-a facut cel mai bun&hellip;","og_url":"https:\/\/www.ivb.ro\/en\/pn-iv-p2-2-1-te-2023-1169-2\/","og_site_name":"National Institute of Pathology Victor Babe\u015f - Bucharest","article_publisher":"https:\/\/www.facebook.com\/incdvb.ro","article_modified_time":"2025-12-10T12:42:09+00:00","og_image":[{"width":642,"height":134,"url":"https:\/\/www.ivb.ro\/wp-content\/uploads\/2025\/01\/b_pn4p2.webp","type":"image\/webp"}],"twitter_card":"summary_large_image","twitter_misc":{"Estimated reading time":"4 minutes"},"schema":{"@context":"https:\/\/schema.org","@graph":[{"@type":"WebPage","@id":"https:\/\/www.ivb.ro\/pn-iv-p2-2-1-te-2023-1169-2","url":"https:\/\/www.ivb.ro\/pn-iv-p2-2-1-te-2023-1169-2","name":"PN-IV-P2-2.1-TE-2023-1169 - National Institute of Pathology Victor Babe\u015f - Bucharest","isPartOf":{"@id":"https:\/\/www.ivb.ro\/#website"},"primaryImageOfPage":{"@id":"https:\/\/www.ivb.ro\/pn-iv-p2-2-1-te-2023-1169-2#primaryimage"},"image":{"@id":"https:\/\/www.ivb.ro\/pn-iv-p2-2-1-te-2023-1169-2#primaryimage"},"thumbnailUrl":"https:\/\/www.ivb.ro\/wp-content\/uploads\/2025\/01\/b_pn4p2.webp","datePublished":"2025-02-07T09:55:03+00:00","dateModified":"2025-12-10T12:42:09+00:00","breadcrumb":{"@id":"https:\/\/www.ivb.ro\/pn-iv-p2-2-1-te-2023-1169-2#breadcrumb"},"inLanguage":"en-GB","potentialAction":[{"@type":"ReadAction","target":["https:\/\/www.ivb.ro\/pn-iv-p2-2-1-te-2023-1169-2"]}]},{"@type":"ImageObject","inLanguage":"en-GB","@id":"https:\/\/www.ivb.ro\/pn-iv-p2-2-1-te-2023-1169-2#primaryimage","url":"https:\/\/www.ivb.ro\/wp-content\/uploads\/2025\/01\/b_pn4p2.webp","contentUrl":"https:\/\/www.ivb.ro\/wp-content\/uploads\/2025\/01\/b_pn4p2.webp"},{"@type":"BreadcrumbList","@id":"https:\/\/www.ivb.ro\/pn-iv-p2-2-1-te-2023-1169-2#breadcrumb","itemListElement":[{"@type":"ListItem","position":1,"name":"Home","item":"https:\/\/www.ivb.ro\/"},{"@type":"ListItem","position":2,"name":"PN-IV-P2-2.1-TE-2023-1169"}]},{"@type":"WebSite","@id":"https:\/\/www.ivb.ro\/#website","url":"https:\/\/www.ivb.ro\/","name":"National Institute of Pathology Victor Babe\u015f - Bucharest","description":"National Institute of Pathology Victor Babe\u015f - Bucharest","publisher":{"@id":"https:\/\/www.ivb.ro\/#organization"},"potentialAction":[{"@type":"SearchAction","target":{"@type":"EntryPoint","urlTemplate":"https:\/\/www.ivb.ro\/?s={search_term_string}"},"query-input":{"@type":"PropertyValueSpecification","valueRequired":true,"valueName":"search_term_string"}}],"inLanguage":"en-GB"},{"@type":"Organization","@id":"https:\/\/www.ivb.ro\/#organization","name":"National Institute of Pathology Victor Babe\u015f - Bucharest","url":"https:\/\/www.ivb.ro\/","logo":{"@type":"ImageObject","inLanguage":"en-GB","@id":"https:\/\/www.ivb.ro\/#\/schema\/logo\/image\/","url":"https:\/\/www.ivb.ro\/wp-content\/uploads\/2021\/04\/top-logo.png","contentUrl":"https:\/\/www.ivb.ro\/wp-content\/uploads\/2021\/04\/top-logo.png","width":340,"height":190,"caption":"National Institute of Pathology Victor Babe\u015f - Bucharest"},"image":{"@id":"https:\/\/www.ivb.ro\/#\/schema\/logo\/image\/"},"sameAs":["https:\/\/www.facebook.com\/incdvb.ro","https:\/\/www.instagram.com\/institutul.victorbabes\/","https:\/\/ro.linkedin.com\/company\/victor-babes-national-institute-of-pathology"]}]}},"_links":{"self":[{"href":"https:\/\/www.ivb.ro\/en\/wp-json\/wp\/v2\/pages\/11421","targetHints":{"allow":["GET"]}}],"collection":[{"href":"https:\/\/www.ivb.ro\/en\/wp-json\/wp\/v2\/pages"}],"about":[{"href":"https:\/\/www.ivb.ro\/en\/wp-json\/wp\/v2\/types\/page"}],"author":[{"embeddable":true,"href":"https:\/\/www.ivb.ro\/en\/wp-json\/wp\/v2\/users\/1"}],"replies":[{"embeddable":true,"href":"https:\/\/www.ivb.ro\/en\/wp-json\/wp\/v2\/comments?post=11421"}],"version-history":[{"count":31,"href":"https:\/\/www.ivb.ro\/en\/wp-json\/wp\/v2\/pages\/11421\/revisions"}],"predecessor-version":[{"id":13720,"href":"https:\/\/www.ivb.ro\/en\/wp-json\/wp\/v2\/pages\/11421\/revisions\/13720"}],"wp:attachment":[{"href":"https:\/\/www.ivb.ro\/en\/wp-json\/wp\/v2\/media?parent=11421"}],"curies":[{"name":"wp","href":"https:\/\/api.w.org\/{rel}","templated":true}]}}