{"id":11510,"date":"2025-03-31T07:19:57","date_gmt":"2025-03-31T07:19:57","guid":{"rendered":"https:\/\/www.ivb.ro\/?page_id=11510"},"modified":"2025-03-31T09:11:22","modified_gmt":"2025-03-31T09:11:22","slug":"legea-544","status":"publish","type":"page","link":"https:\/\/www.ivb.ro\/en\/legea-544","title":{"rendered":"Legea 544"},"content":{"rendered":"<div data-elementor-type=\"wp-page\" data-elementor-id=\"11510\" class=\"elementor elementor-11510\">\n\t\t\t\t<div class=\"elementor-element elementor-element-e0a0ed7 e-grid e-con-boxed e-con e-parent\" data-id=\"e0a0ed7\" data-element_type=\"container\" data-e-type=\"container\">\n\t\t\t\t\t<div class=\"e-con-inner\">\n\t\t\t\t<div class=\"elementor-element elementor-element-77e31da elementor-widget elementor-widget-text-editor\" data-id=\"77e31da\" data-element_type=\"widget\" data-e-type=\"widget\" data-widget_type=\"text-editor.default\">\n\t\t\t\t<div class=\"elementor-widget-container\">\n\t\t\t\t\t\t\t\t\t<p class=\"MsoNormal\" style=\"margin-bottom: .0001pt; text-align: center; line-height: normal; mso-outline-level: 1; background: #2F5496; mso-background-themecolor: accent1; mso-background-themeshade: 191; vertical-align: baseline;\" align=\"center\"><span style=\"color: #ffffff;\">SOLICITARE INFORMA\u021aII DE INTERES PUBLIC PRIVIND APLICABILITATEA LEGII NR. 544\/2001 PRIVIND LIBERUL ACCES LA INFORMA\u021aIILE DE INTERES PUBLIC<\/span><\/p>\t\t\t\t\t\t\t\t<\/div>\n\t\t\t\t<\/div>\n\t\t\t\t<div class=\"elementor-element elementor-element-cf20838 elementor-widget elementor-widget-text-editor\" data-id=\"cf20838\" data-element_type=\"widget\" data-e-type=\"widget\" data-widget_type=\"text-editor.default\">\n\t\t\t\t<div class=\"elementor-widget-container\">\n\t\t\t\t\t\t\t\t\t<p><span style=\"color: #000000;\">Accesul liber \u0219i ne\u00eengr\u0103dit al persoanei la orice informa\u021bii de interes public, definite astfel prin Legea nr. 544\/2001, constituie unul dintre principiile fundamentale ale rela\u021biilor dintre persoane \u0219i autorit\u0103\u021bile publice, \u00een conformitate cu Constitu\u021bia Rom\u00e2niei \u0219i cu documentele interna\u021bionale ratificate de Parlamentul Rom\u00e2niei.<\/span><\/p>\t\t\t\t\t\t\t\t<\/div>\n\t\t\t\t<\/div>\n\t\t\t\t<div class=\"elementor-element elementor-element-8b177ea elementor-widget elementor-widget-text-editor\" data-id=\"8b177ea\" data-element_type=\"widget\" data-e-type=\"widget\" data-widget_type=\"text-editor.default\">\n\t\t\t\t<div class=\"elementor-widget-container\">\n\t\t\t\t\t\t\t\t\t<p class=\"MsoNormal\" style=\"margin-bottom: .0001pt; text-align: center; line-height: normal; mso-outline-level: 1; background: #2F5496; mso-background-themecolor: accent1; mso-background-themeshade: 191; vertical-align: baseline;\" align=\"center\"><span style=\"color: #ffffff;\">APLICAREA LEGII NR. 544\/2001 SE FACE CU RESPECTAREA URM\u0102TOARELOR PRINCIPII:<\/span><\/p>\t\t\t\t\t\t\t\t<\/div>\n\t\t\t\t<\/div>\n\t\t\t\t\t<\/div>\n\t\t\t\t<\/div>\n\t\t<div class=\"elementor-element elementor-element-b79566f e-flex e-con-boxed e-con e-parent\" data-id=\"b79566f\" data-element_type=\"container\" data-e-type=\"container\">\n\t\t\t\t\t<div class=\"e-con-inner\">\n\t\t\t\t<div class=\"elementor-element elementor-element-ad02a32 elementor-widget elementor-widget-text-editor\" data-id=\"ad02a32\" data-element_type=\"widget\" data-e-type=\"widget\" data-widget_type=\"text-editor.default\">\n\t\t\t\t<div class=\"elementor-widget-container\">\n\t\t\t\t\t\t\t\t\t<ol><li><span style=\"color: #000000;\"><strong><em>Principiul transparen\u021bei<\/em><\/strong> &#8211; autorit\u0103\u021bile \u0219i institu\u021biile publice au obliga\u021bia s\u0103 \u00ee\u0219i desf\u0103\u0219oare activitatea \u00eentr-o manier\u0103 deschis\u0103 fa\u021b\u0103 de public, \u00een care accesul liber \u0219i ne\u00eengr\u0103dit la informa\u021biile de interes public s\u0103 constituie regula, iar limitarea accesului la informa\u021bie s\u0103 constituie excep\u021bia, \u00een condi\u021biile legii;<\/span><\/li><li><span style=\"color: #000000;\"><strong><em>Principiul aplic\u0103rii unitare<\/em><\/strong> &#8211; autorit\u0103\u021bile \u0219i institu\u021biile publice asigur\u0103 respectarea legii \u00een mod unitar, \u00een conformitate cu prevederile acesteia \u0219i ale prezentelor norme metodologice;<\/span><\/li><li><span style=\"color: #000000;\"><strong><em>Principiul autonomiei<\/em><\/strong> &#8211; fiecare autoritate sau institu\u021bie public\u0103 va elabora propriul regulament de organizare \u0219i func\u021bionare a compartimentelor de informare \u0219i rela\u021bii publice, \u00een conformitate cu prevederile legii \u0219i ale prezentelor norme metodologice.<br \/><\/span><span style=\"color: #000000;\">Prin informa\u021bie de interes public se \u00een\u021belege orice informa\u021bie care prive\u0219te activit\u0103\u021bile sau rezult\u0103 din activit\u0103\u021bile unei autorit\u0103\u021bi publice sau institu\u021bii publice, indiferent de suportul, forma sau\u00a0 modul de exprimare a informa\u021biei.<\/span><\/li><\/ol>\t\t\t\t\t\t\t\t<\/div>\n\t\t\t\t<\/div>\n\t\t\t\t\t<\/div>\n\t\t\t\t<\/div>\n\t\t<div class=\"elementor-element elementor-element-0e00cc3 e-flex e-con-boxed e-con e-parent\" data-id=\"0e00cc3\" data-element_type=\"container\" data-e-type=\"container\">\n\t\t\t\t\t<div class=\"e-con-inner\">\n\t\t\t\t<div class=\"elementor-element elementor-element-b9b4ef8 elementor-widget elementor-widget-text-editor\" data-id=\"b9b4ef8\" data-element_type=\"widget\" data-e-type=\"widget\" data-widget_type=\"text-editor.default\">\n\t\t\t\t<div class=\"elementor-widget-container\">\n\t\t\t\t\t\t\t\t\t<p class=\"MsoNormal\" style=\"margin-bottom: .0001pt; text-align: center; line-height: normal; mso-outline-level: 1; background: #2F5496; mso-background-themecolor: accent1; mso-background-themeshade: 191; vertical-align: baseline;\" align=\"center\"><span style=\"color: #ffffff;\">LEGISLA\u0162IE APLICABIL\u0102<\/span><\/p><p style=\"text-align: center;\"><a href=\"https:\/\/www.ivb.ro\/wp-content\/uploads\/2025\/03\/legea-544-din-2001.pdf\">Legea 544<\/a><\/p><p style=\"text-align: center;\"><a href=\"https:\/\/www.ivb.ro\/wp-content\/uploads\/2025\/03\/H.G.123_2002-norme-de-aplicare-a-legii-nr-544-din-2001.pdf\">Norme metodologice de aplicare<\/a><\/p><p class=\"MsoNormal\" style=\"margin-bottom: .0001pt; text-align: center; line-height: normal; mso-outline-level: 1; background: #2F5496; mso-background-themecolor: accent1; mso-background-themeshade: 191; vertical-align: baseline;\" align=\"center\"><span style=\"color: #ffffff;\">SOLICITARE INFORMA\u0162II DE INTERES PUBLIC <\/span><\/p><p><span style=\"color: #000000;\"><strong>\u00a0<\/strong><\/span><\/p><p style=\"text-align: center;\"><strong><span style=\"color: #000000;\">Formular:<\/span><\/strong><\/p><p style=\"text-align: center;\"><a href=\"https:\/\/www.ivb.ro\/wp-content\/uploads\/2025\/03\/2.-Model-formular-solicitare-informatii-publice.docx\">Model cerere de informa\u021bii de interes public<\/a><\/p><p style=\"text-align: center;\"><a href=\"https:\/\/www.ivb.ro\/wp-content\/uploads\/2025\/03\/3.-Model-de-reclamatie-administrativa-1-raspuns-negativ.docx\">Model reclama\u021bie administrativ\u0103 (I)<\/a><\/p><p style=\"text-align: center;\"><a href=\"https:\/\/www.ivb.ro\/wp-content\/uploads\/2025\/03\/4.-Model-de-reclamatie-administrativa-2-nu-s-a-raspuns-in-termen.docx\">Model reclama\u021bie administrativ\u0103 (II)<\/a><\/p><p><span style=\"color: #000000;\">Formularul de cerere sau de reclama\u021bie administrativ\u0103 se transmite prin orice modalitate prev\u0103zut\u0103 de lege, prin fax la nr.021-319.45.28, prin coresponden\u021b\u0103 electronic\u0103 la e-mail: info@ivb.ro, sau se depune la secretariatul INCDVB, la sediul social din Bucure\u0219ti, str.Splaiul Independen\u021bei, nr.99-101.<\/span><\/p><p><span style=\"color: #000000;\">Formularul de cerere sau de reclama\u021bie administrativ\u0103 va fi redirec\u021bionat c\u0103tre persoana desemnat\u0103 cu atribu\u021bii \u00een domeniul Legii 544\/2001 spre solu\u021bionare \u00een baza prevederilor legale \u00een materie.<br \/><br \/><\/span><\/p><p class=\"MsoNormal\" style=\"margin-bottom: .0001pt; text-align: center; line-height: normal; mso-outline-level: 1; background: #2F5496; mso-background-themecolor: accent1; mso-background-themeshade: 191; vertical-align: baseline;\" align=\"center\"><span style=\"color: #ffffff;\">MODALIT\u0102\u0162I DE CONTESTARE CONFORM LEGII NR.544\/2001,<br \/>PRIVIND LIBERUL ACCES LA INFORMA\u0162IILE DE INTERES PUBLIC<\/span><\/p><p>\u00a0<\/p><p><\/p><\/div><\/div><\/div><\/div><\/div> <a href=\"https:\/\/www.ivb.ro\/en\/legea-544#more-11510\" class=\"more-link elementor-more-link\"><span aria-label=\"Continue reading Legea 544\">(more&hellip;)<\/span><\/a>","protected":false},"excerpt":{"rendered":"<p>SOLICITARE INFORMA\u021aII DE INTERES PUBLIC PRIVIND APLICABILITATEA LEGII NR. 544\/2001 PRIVIND LIBERUL ACCES LA INFORMA\u021aIILE DE INTERES PUBLIC Accesul liber \u0219i ne\u00eengr\u0103dit al persoanei la orice informa\u021bii de interes public, definite astfel prin Legea nr. 544\/2001, constituie unul dintre principiile fundamentale ale rela\u021biilor dintre persoane \u0219i autorit\u0103\u021bile publice, \u00een conformitate cu Constitu\u021bia Rom\u00e2niei \u0219i cu&hellip; <\/p>","protected":false},"author":1,"featured_media":0,"parent":0,"menu_order":0,"comment_status":"closed","ping_status":"closed","template":"","meta":{"ngg_post_thumbnail":0,"footnotes":""},"class_list":["post-11510","page","type-page","status-publish","hentry"],"yoast_head":"<!-- This site is optimized with the Yoast SEO plugin v27.2 - https:\/\/yoast.com\/product\/yoast-seo-wordpress\/ -->\n<title>Legea 544 - National Institute of Pathology Victor Babe\u015f - Bucharest<\/title>\n<meta name=\"robots\" content=\"index, follow, max-snippet:-1, max-image-preview:large, max-video-preview:-1\" \/>\n<link rel=\"canonical\" href=\"https:\/\/www.ivb.ro\/en\/legea-544\/\" \/>\n<meta property=\"og:locale\" content=\"en_GB\" \/>\n<meta property=\"og:type\" content=\"article\" \/>\n<meta property=\"og:title\" content=\"Legea 544 - National Institute of Pathology Victor Babe\u015f - Bucharest\" \/>\n<meta property=\"og:description\" content=\"SOLICITARE INFORMA\u021aII DE INTERES PUBLIC PRIVIND APLICABILITATEA LEGII NR. 544\/2001 PRIVIND LIBERUL ACCES LA INFORMA\u021aIILE DE INTERES PUBLIC Accesul liber \u0219i ne\u00eengr\u0103dit al persoanei la orice informa\u021bii de interes public, definite astfel prin Legea nr. 544\/2001, constituie unul dintre principiile fundamentale ale rela\u021biilor dintre persoane \u0219i autorit\u0103\u021bile publice, \u00een conformitate cu Constitu\u021bia Rom\u00e2niei \u0219i cu&hellip;\" \/>\n<meta property=\"og:url\" content=\"https:\/\/www.ivb.ro\/en\/legea-544\/\" \/>\n<meta property=\"og:site_name\" content=\"National Institute of Pathology Victor Babe\u015f - Bucharest\" \/>\n<meta property=\"article:publisher\" content=\"https:\/\/www.facebook.com\/incdvb.ro\" \/>\n<meta property=\"article:modified_time\" content=\"2025-03-31T09:11:22+00:00\" \/>\n<meta name=\"twitter:card\" content=\"summary_large_image\" \/>\n<meta name=\"twitter:label1\" content=\"Estimated reading time\" \/>\n\t<meta name=\"twitter:data1\" content=\"4 minutes\" \/>\n<script type=\"application\/ld+json\" class=\"yoast-schema-graph\">{\"@context\":\"https:\/\/schema.org\",\"@graph\":[{\"@type\":\"WebPage\",\"@id\":\"https:\/\/www.ivb.ro\/legea-544\",\"url\":\"https:\/\/www.ivb.ro\/legea-544\",\"name\":\"Legea 544 - National Institute of Pathology Victor Babe\u015f - Bucharest\",\"isPartOf\":{\"@id\":\"https:\/\/www.ivb.ro\/#website\"},\"datePublished\":\"2025-03-31T07:19:57+00:00\",\"dateModified\":\"2025-03-31T09:11:22+00:00\",\"breadcrumb\":{\"@id\":\"https:\/\/www.ivb.ro\/legea-544#breadcrumb\"},\"inLanguage\":\"en-GB\",\"potentialAction\":[{\"@type\":\"ReadAction\",\"target\":[\"https:\/\/www.ivb.ro\/legea-544\"]}]},{\"@type\":\"BreadcrumbList\",\"@id\":\"https:\/\/www.ivb.ro\/legea-544#breadcrumb\",\"itemListElement\":[{\"@type\":\"ListItem\",\"position\":1,\"name\":\"Home\",\"item\":\"https:\/\/www.ivb.ro\/\"},{\"@type\":\"ListItem\",\"position\":2,\"name\":\"Legea 544\"}]},{\"@type\":\"WebSite\",\"@id\":\"https:\/\/www.ivb.ro\/#website\",\"url\":\"https:\/\/www.ivb.ro\/\",\"name\":\"National Institute of Pathology Victor Babe\u015f - Bucharest\",\"description\":\"National Institute of Pathology Victor Babe\u015f - Bucharest\",\"publisher\":{\"@id\":\"https:\/\/www.ivb.ro\/#organization\"},\"potentialAction\":[{\"@type\":\"SearchAction\",\"target\":{\"@type\":\"EntryPoint\",\"urlTemplate\":\"https:\/\/www.ivb.ro\/?s={search_term_string}\"},\"query-input\":{\"@type\":\"PropertyValueSpecification\",\"valueRequired\":true,\"valueName\":\"search_term_string\"}}],\"inLanguage\":\"en-GB\"},{\"@type\":\"Organization\",\"@id\":\"https:\/\/www.ivb.ro\/#organization\",\"name\":\"National Institute of Pathology Victor Babe\u015f - Bucharest\",\"url\":\"https:\/\/www.ivb.ro\/\",\"logo\":{\"@type\":\"ImageObject\",\"inLanguage\":\"en-GB\",\"@id\":\"https:\/\/www.ivb.ro\/#\/schema\/logo\/image\/\",\"url\":\"https:\/\/www.ivb.ro\/wp-content\/uploads\/2021\/04\/top-logo.png\",\"contentUrl\":\"https:\/\/www.ivb.ro\/wp-content\/uploads\/2021\/04\/top-logo.png\",\"width\":340,\"height\":190,\"caption\":\"National Institute of Pathology Victor Babe\u015f - Bucharest\"},\"image\":{\"@id\":\"https:\/\/www.ivb.ro\/#\/schema\/logo\/image\/\"},\"sameAs\":[\"https:\/\/www.facebook.com\/incdvb.ro\",\"https:\/\/www.instagram.com\/institutul.victorbabes\/\",\"https:\/\/ro.linkedin.com\/company\/victor-babes-national-institute-of-pathology\"]}]}<\/script>\n<!-- \/ Yoast SEO plugin. -->","yoast_head_json":{"title":"Legea 544 - National Institute of Pathology Victor Babe\u015f - Bucharest","robots":{"index":"index","follow":"follow","max-snippet":"max-snippet:-1","max-image-preview":"max-image-preview:large","max-video-preview":"max-video-preview:-1"},"canonical":"https:\/\/www.ivb.ro\/en\/legea-544\/","og_locale":"en_GB","og_type":"article","og_title":"Legea 544 - National Institute of Pathology Victor Babe\u015f - Bucharest","og_description":"SOLICITARE INFORMA\u021aII DE INTERES PUBLIC PRIVIND APLICABILITATEA LEGII NR. 544\/2001 PRIVIND LIBERUL ACCES LA INFORMA\u021aIILE DE INTERES PUBLIC Accesul liber \u0219i ne\u00eengr\u0103dit al persoanei la orice informa\u021bii de interes public, definite astfel prin Legea nr. 544\/2001, constituie unul dintre principiile fundamentale ale rela\u021biilor dintre persoane \u0219i autorit\u0103\u021bile publice, \u00een conformitate cu Constitu\u021bia Rom\u00e2niei \u0219i cu&hellip;","og_url":"https:\/\/www.ivb.ro\/en\/legea-544\/","og_site_name":"National Institute of Pathology Victor Babe\u015f - Bucharest","article_publisher":"https:\/\/www.facebook.com\/incdvb.ro","article_modified_time":"2025-03-31T09:11:22+00:00","twitter_card":"summary_large_image","twitter_misc":{"Estimated reading time":"4 minutes"},"schema":{"@context":"https:\/\/schema.org","@graph":[{"@type":"WebPage","@id":"https:\/\/www.ivb.ro\/legea-544","url":"https:\/\/www.ivb.ro\/legea-544","name":"Legea 544 - National Institute of Pathology Victor Babe\u015f - Bucharest","isPartOf":{"@id":"https:\/\/www.ivb.ro\/#website"},"datePublished":"2025-03-31T07:19:57+00:00","dateModified":"2025-03-31T09:11:22+00:00","breadcrumb":{"@id":"https:\/\/www.ivb.ro\/legea-544#breadcrumb"},"inLanguage":"en-GB","potentialAction":[{"@type":"ReadAction","target":["https:\/\/www.ivb.ro\/legea-544"]}]},{"@type":"BreadcrumbList","@id":"https:\/\/www.ivb.ro\/legea-544#breadcrumb","itemListElement":[{"@type":"ListItem","position":1,"name":"Home","item":"https:\/\/www.ivb.ro\/"},{"@type":"ListItem","position":2,"name":"Legea 544"}]},{"@type":"WebSite","@id":"https:\/\/www.ivb.ro\/#website","url":"https:\/\/www.ivb.ro\/","name":"National Institute of Pathology Victor Babe\u015f - Bucharest","description":"National Institute of Pathology Victor Babe\u015f - Bucharest","publisher":{"@id":"https:\/\/www.ivb.ro\/#organization"},"potentialAction":[{"@type":"SearchAction","target":{"@type":"EntryPoint","urlTemplate":"https:\/\/www.ivb.ro\/?s={search_term_string}"},"query-input":{"@type":"PropertyValueSpecification","valueRequired":true,"valueName":"search_term_string"}}],"inLanguage":"en-GB"},{"@type":"Organization","@id":"https:\/\/www.ivb.ro\/#organization","name":"National Institute of Pathology Victor Babe\u015f - Bucharest","url":"https:\/\/www.ivb.ro\/","logo":{"@type":"ImageObject","inLanguage":"en-GB","@id":"https:\/\/www.ivb.ro\/#\/schema\/logo\/image\/","url":"https:\/\/www.ivb.ro\/wp-content\/uploads\/2021\/04\/top-logo.png","contentUrl":"https:\/\/www.ivb.ro\/wp-content\/uploads\/2021\/04\/top-logo.png","width":340,"height":190,"caption":"National Institute of Pathology Victor Babe\u015f - Bucharest"},"image":{"@id":"https:\/\/www.ivb.ro\/#\/schema\/logo\/image\/"},"sameAs":["https:\/\/www.facebook.com\/incdvb.ro","https:\/\/www.instagram.com\/institutul.victorbabes\/","https:\/\/ro.linkedin.com\/company\/victor-babes-national-institute-of-pathology"]}]}},"_links":{"self":[{"href":"https:\/\/www.ivb.ro\/en\/wp-json\/wp\/v2\/pages\/11510","targetHints":{"allow":["GET"]}}],"collection":[{"href":"https:\/\/www.ivb.ro\/en\/wp-json\/wp\/v2\/pages"}],"about":[{"href":"https:\/\/www.ivb.ro\/en\/wp-json\/wp\/v2\/types\/page"}],"author":[{"embeddable":true,"href":"https:\/\/www.ivb.ro\/en\/wp-json\/wp\/v2\/users\/1"}],"replies":[{"embeddable":true,"href":"https:\/\/www.ivb.ro\/en\/wp-json\/wp\/v2\/comments?post=11510"}],"version-history":[{"count":49,"href":"https:\/\/www.ivb.ro\/en\/wp-json\/wp\/v2\/pages\/11510\/revisions"}],"predecessor-version":[{"id":11649,"href":"https:\/\/www.ivb.ro\/en\/wp-json\/wp\/v2\/pages\/11510\/revisions\/11649"}],"wp:attachment":[{"href":"https:\/\/www.ivb.ro\/en\/wp-json\/wp\/v2\/media?parent=11510"}],"curies":[{"name":"wp","href":"https:\/\/api.w.org\/{rel}","templated":true}]}}