{"id":12389,"date":"2025-07-15T08:25:05","date_gmt":"2025-07-15T08:25:05","guid":{"rendered":"https:\/\/www.ivb.ro\/?page_id=12389"},"modified":"2026-01-15T14:29:58","modified_gmt":"2026-01-15T14:29:58","slug":"program-nucleu-2023-2026","status":"publish","type":"page","link":"https:\/\/www.ivb.ro\/en\/program-nucleu-2023-2026","title":{"rendered":"Programul Nucleu"},"content":{"rendered":"<div data-elementor-type=\"wp-page\" data-elementor-id=\"12389\" class=\"elementor elementor-12389\">\n\t\t\t\t\t\t<section class=\"elementor-section elementor-top-section elementor-element elementor-element-cae4c95 elementor-section-content-middle elementor-section-stretched elementor-section-boxed elementor-section-height-default elementor-section-height-default\" data-id=\"cae4c95\" data-element_type=\"section\" data-e-type=\"section\" data-settings=\"{&quot;stretch_section&quot;:&quot;section-stretched&quot;}\">\n\t\t\t\t\t\t\t<div class=\"elementor-background-overlay\"><\/div>\n\t\t\t\t\t\t\t<div class=\"elementor-container elementor-column-gap-no\">\n\t\t\t\t\t<div class=\"elementor-column elementor-col-100 elementor-top-column elementor-element elementor-element-1433a954\" data-id=\"1433a954\" data-element_type=\"column\" data-e-type=\"column\">\n\t\t\t<div class=\"elementor-widget-wrap elementor-element-populated\">\n\t\t\t\t\t\t<div class=\"elementor-element elementor-element-554a461e elementor-view-framed elementor-shape-circle elementor-position-block-start elementor-mobile-position-block-start elementor-widget elementor-widget-icon-box\" data-id=\"554a461e\" data-element_type=\"widget\" data-e-type=\"widget\" data-widget_type=\"icon-box.default\">\n\t\t\t\t<div class=\"elementor-widget-container\">\n\t\t\t\t\t\t\t<div class=\"elementor-icon-box-wrapper\">\n\n\t\t\t\t\t\t<div class=\"elementor-icon-box-icon\">\n\t\t\t\t<span  class=\"elementor-icon\">\n\t\t\t\t<svg aria-hidden=\"true\" class=\"e-font-icon-svg e-fas-star\" viewbox=\"0 0 576 512\" xmlns=\"http:\/\/www.w3.org\/2000\/svg\"><path d=\"M259.3 17.8L194 150.2 47.9 171.5c-26.2 3.8-36.7 36.1-17.7 54.6l105.7 103-25 145.5c-4.5 26.3 23.2 46 46.4 33.7L288 439.6l130.7 68.7c23.2 12.2 50.9-7.4 46.4-33.7l-25-145.5 105.7-103c19-18.5 8.5-50.8-17.7-54.6L382 150.2 316.7 17.8c-11.7-23.6-45.6-23.9-57.4 0z\"><\/path><\/svg>\t\t\t\t<\/span>\n\t\t\t<\/div>\n\t\t\t\n\t\t\t\t\t\t<div class=\"elementor-icon-box-content\">\n\n\t\t\t\t\t\t\t\t\t<h4 class=\"elementor-icon-box-title\">\n\t\t\t\t\t\t<span  >\n\t\t\t\t\t\t\tThe Program&#039;s Nucleus 2023-2026\t\t\t\t\t\t<\/span>\n\t\t\t\t\t<\/h4>\n\t\t\t\t\n\t\t\t\t\t\t\t\t\t<p class=\"elementor-icon-box-description\">\n\t\t\t\t\t\tMolecular mechanisms in non-communicable diseases in major cancer in the pathology of degenerative disease of the size of the gene in the immune \t\t\t\t\t<\/p>\n\t\t\t\t\n\t\t\t<\/div>\n\t\t\t\n\t\t<\/div>\n\t\t\t\t\t\t<\/div>\n\t\t\t\t<\/div>\n\t\t\t\t<div class=\"elementor-element elementor-element-23b59894 elementor-widget elementor-widget-text-editor\" data-id=\"23b59894\" data-element_type=\"widget\" data-e-type=\"widget\" data-widget_type=\"text-editor.default\">\n\t\t\t\t<div class=\"elementor-widget-container\">\n\t\t\t\t\t\t\t\t\t<p><span style=\"color: #000000;\"><strong>Acronym: MEMOGEN<\/strong><\/span><\/p><p><span style=\"color: #000000;\"><strong>\u00a0<\/strong><\/span><\/p><p><span style=\"color: #000000;\"><strong>Program Director: Prof. Dr Mihail Eugen Hinescu <\/strong><\/span><\/p><p><span style=\"color: #000000;\"><strong>The objectives of the program:<\/strong><\/span><\/p><p><span style=\"color: #000000;\">Ob1. The identification of the mechanisms and molecular determinants in the pathogenesis of non-communicable diseases, the impact of diagnosis and treatment<\/span><\/p><p><span style=\"color: #000000;\">Ob2. The identification and\/or validation of targets for molecular cancer in order to adapt the therapeutic strategy<\/span><\/p><p><span style=\"color: #000000;\">Ob3. The maintenance and improvement of the human resources senior specialist in PATHOLOGY, &#034;Victor Babe\u015f&#034;<\/span><\/p><p><span style=\"color: #000000;\">Ob4. The maintenance and development of the infrastructure of the CD of INCD \"Victor Babe\u015f\"<\/span><\/p>\t\t\t\t\t\t\t\t<\/div>\n\t\t\t\t<\/div>\n\t\t\t\t\t<\/div>\n\t\t<\/div>\n\t\t\t\t\t<\/div>\n\t\t<\/section>\n\t\t<div class=\"elementor-element elementor-element-a659f06 e-flex e-con-boxed e-con e-parent\" data-id=\"a659f06\" data-element_type=\"container\" data-e-type=\"container\">\n\t\t\t\t\t<div class=\"e-con-inner\">\n\t\t\t\t<div class=\"elementor-element elementor-element-f01de45 elementor-widget elementor-widget-text-editor\" data-id=\"f01de45\" data-element_type=\"widget\" data-e-type=\"widget\" data-widget_type=\"text-editor.default\">\n\t\t\t\t<div class=\"elementor-widget-container\">\n\t\t\t\t\t\t\t\t\t<section class=\"elementor-section elementor-top-section elementor-element elementor-element-70cb6360 elementor-section-content-middle elementor-section-stretched elementor-section-boxed elementor-section-height-default elementor-section-height-default\" data-id=\"70cb6360\" data-element_type=\"section\" data-settings=\"{&quot;stretch_section&quot;:&quot;section-stretched&quot;}\"><div class=\"elementor-container elementor-column-gap-no\"><div class=\"elementor-column elementor-col-50 elementor-top-column elementor-element elementor-element-229d7651\" data-id=\"229d7651\" data-element_type=\"column\"><div class=\"elementor-widget-wrap elementor-element-populated\"><div class=\"elementor-element elementor-element-19934798 elementor-widget elementor-widget-heading\" data-id=\"19934798\" data-element_type=\"widget\" data-widget_type=\"heading.default\"><div class=\"elementor-widget-container\"><h4 class=\"elementor-heading-title elementor-size-default\"><span style=\"text-decoration: underline;\"><span style=\"color: #000000; text-decoration: underline;\">OBJECTIVE 1<\/span><\/span><\/h4><\/div><\/div><\/div><\/div><div class=\"elementor-column elementor-col-50 elementor-top-column elementor-element elementor-element-64490cae\" data-id=\"64490cae\" data-element_type=\"column\"><div class=\"elementor-widget-wrap elementor-element-populated\"><div class=\"elementor-element elementor-element-3ec62829 elementor-widget elementor-widget-text-editor\" data-id=\"3ec62829\" data-element_type=\"widget\" data-widget_type=\"text-editor.default\"><div class=\"elementor-widget-container\"><p><span style=\"color: #000000;\">Project 1: advanced Strategy for the exploration of the signatures of the molecular impact of diagnosis and therapy in epileptic encephalopathies of children<\/span><br \/><span style=\"color: #000000;\">Project 2: the Sarcopenia-associated neurodegenerative diseases: the definition of the molecular basis of cross-linking on the axis of the brain-to-striated muscle in order to identify prognostic factors and therapeutic targets<\/span><br \/><span style=\"color: #000000;\">Project 3: the Role of the caveolinei-1 amyloidosis, vascular associated with the aging process<\/span><br \/><span style=\"color: #000000;\">Proiect 4: Triada func\u021bional\u0103 \u00een psoriazisul experimental murin: sistem imun \u2013 piele<\/span><\/p><p>\u00a0<\/p><\/div><\/div><\/div><\/div><\/div><\/section><section class=\"elementor-section elementor-top-section elementor-element elementor-element-7490269 elementor-section-content-middle elementor-section-stretched elementor-section-boxed elementor-section-height-default elementor-section-height-default\" data-id=\"7490269\" data-element_type=\"section\" data-settings=\"{&quot;stretch_section&quot;:&quot;section-stretched&quot;}\"><div class=\"elementor-container elementor-column-gap-no\"><div class=\"elementor-column elementor-col-50 elementor-top-column elementor-element elementor-element-2cdfaa8\" data-id=\"2cdfaa8\" data-element_type=\"column\"><div class=\"elementor-widget-wrap elementor-element-populated\"><div class=\"elementor-element elementor-element-9f79164 elementor-widget-divider--view-line elementor-widget elementor-widget-divider\" data-id=\"9f79164\" data-element_type=\"widget\" data-widget_type=\"divider.default\"><div class=\"elementor-widget-container\"><div class=\"elementor-divider\">\u00a0<\/div><\/div><\/div><div class=\"elementor-element elementor-element-6ca331d elementor-widget elementor-widget-heading\" data-id=\"6ca331d\" data-element_type=\"widget\" data-widget_type=\"heading.default\"><div class=\"elementor-widget-container\"><h4 class=\"elementor-heading-title elementor-size-default\"><span style=\"text-decoration: underline;\"><span style=\"color: #000000; text-decoration: underline;\">OBJECTIVE 2<\/span><\/span><\/h4><\/div><\/div><\/div><\/div><div class=\"elementor-column elementor-col-50 elementor-top-column elementor-element elementor-element-f09f362\" data-id=\"f09f362\" data-element_type=\"column\"><div class=\"elementor-widget-wrap elementor-element-populated\"><div class=\"elementor-element elementor-element-5572883 elementor-widget elementor-widget-text-editor\" data-id=\"5572883\" data-element_type=\"widget\" data-widget_type=\"text-editor.default\"><div class=\"elementor-widget-container\"><p><span style=\"color: #000000;\">Project 5: The area to be mediated by the lncRNA \u2013 targeted therapy in pancreatic cancer<\/span><\/p><p><span style=\"color: #000000;\">Project 6: A therapeutic combination based on the transfer adopted by the cells and NK-cells, and an inhibitor of TGFBRI\/II melanoma, metastatic<\/span><\/p><p><span style=\"color: #000000;\">Project 7: Approaches to the molecular 3D model (sferoizi s) edited a gene by the method of CRISPR\/Cas9 in the development of solutions for personalized medicine in cancer<\/span><\/p><p><span style=\"color: #000000;\">Project 8: Genes of the stress response targets for therapeutic radiotherapy and photodynamic therapy of carcinoma of the colon<\/span><\/p><\/div><\/div><\/div><\/div><\/div><\/section>\t\t\t\t\t\t\t\t<\/div>\n\t\t\t\t<\/div>\n\t\t\t\t\t<\/div>\n\t\t\t\t<\/div>\n\t\t<div class=\"elementor-element elementor-element-5493ebd e-flex e-con-boxed e-con e-parent\" data-id=\"5493ebd\" data-element_type=\"container\" data-e-type=\"container\">\n\t\t\t\t\t<div class=\"e-con-inner\">\n\t\t\t\t<div class=\"elementor-element elementor-element-b865532 elementor-widget-divider--view-line elementor-widget elementor-widget-divider\" data-id=\"b865532\" data-element_type=\"widget\" data-e-type=\"widget\" data-widget_type=\"divider.default\">\n\t\t\t\t<div class=\"elementor-widget-container\">\n\t\t\t\t\t\t\t<div class=\"elementor-divider\">\n\t\t\t<span class=\"elementor-divider-separator\">\n\t\t\t\t\t\t<\/span>\n\t\t<\/div>\n\t\t\t\t\t\t<\/div>\n\t\t\t\t<\/div>\n\t\t\t\t\t<\/div>\n\t\t\t\t<\/div>\n\t\t<div class=\"elementor-element elementor-element-9501f93 e-flex e-con-boxed e-con e-parent\" data-id=\"9501f93\" data-element_type=\"container\" data-e-type=\"container\">\n\t\t\t\t\t<div class=\"e-con-inner\">\n\t\t\t\t<div class=\"elementor-element elementor-element-eb88a82 elementor-widget elementor-widget-text-editor\" data-id=\"eb88a82\" data-element_type=\"widget\" data-e-type=\"widget\" data-widget_type=\"text-editor.default\">\n\t\t\t\t<div class=\"elementor-widget-container\">\n\t\t\t\t\t\t\t\t\t<div class=\"elementor-element elementor-element-6e585aaa elementor-widget elementor-widget-heading\" data-id=\"6e585aaa\" data-element_type=\"widget\" data-widget_type=\"heading.default\"><div class=\"elementor-widget-container\"><h4 class=\"elementor-heading-title elementor-size-default\"><span style=\"color: #000000;\">Project components financed<\/span><\/h4><\/div><\/div><div class=\"elementor-element elementor-element-f307bc1 elementor-widget-mobile__width-initial elementor-widget elementor-widget-text-editor\" data-id=\"f307bc1\" data-element_type=\"widget\" data-widget_type=\"text-editor.default\"><div class=\"elementor-widget-container\"><table style=\"width: 100%;\" width=\"100%\"><tbody><tr><td style=\"width: 16%;\" width=\"16%\"><p><span style=\"color: #000000;\"><strong>ID<\/strong><\/span><\/p><\/td><td style=\"width: 64%;\" width=\"64%\"><p><strong><span style=\"color: #000000;\">Title<\/span> <\/strong><\/p><\/td><td style=\"width: 18%;\" width=\"18%\"><p><strong><span style=\"color: #000000;\">Project lead<\/span> <\/strong><\/p><\/td><\/tr><tr><td style=\"width: 98%;\" colspan=\"3\" width=\"100%\"><p><span style=\"color: #000000;\"><strong>Objective 1. The identification of the mechanisms and molecular determinants in the pathogenesis of non-communicable diseases, the impact of diagnosis and treatment<\/strong><\/span><\/p><\/td><\/tr><tr><td style=\"width: 16%;\" width=\"16%\"><p><span style=\"color: #000000;\">PN 23.16.01.01<\/span><\/p><\/td><td style=\"width: 64%;\" width=\"64%\"><p><a href=\"https:\/\/www.cell-imaging.ro\/canvas%20\">The role of the caveolinei-1 amyloidosis, vascular associated with the aging process<\/a><\/p><\/td><td style=\"width: 18%;\" width=\"18%\"><p><span style=\"color: #000000;\">CSI Dr. Mihaela Gherghiceanu,<\/span><\/p><\/td><\/tr><tr><td style=\"width: 16%;\" width=\"16%\"><p><span style=\"color: #000000;\">PN 23.16.01.02<\/span><\/p><\/td><td style=\"width: 64%;\" width=\"64%\"><p><a href=\"https:\/\/www.ivb.ro\/en\/pn-23-16-01-02\/\">Sarcopenia-associated neurodegenerative diseases: the definition of the molecular basis of the inter-relationships onto the axis of the brain-to-striated muscle in order to identify prognostic factors and therapeutic targets<\/a><\/p><\/td><td style=\"width: 18%;\" width=\"18%\"><p><span style=\"color: #000000;\">Laura Cristina-Ceafalan<\/span><\/p><\/td><\/tr><tr><td style=\"width: 16%;\" width=\"16%\"><p><span style=\"color: #000000;\">PN 23.16.01.03<\/span><\/p><\/td><td style=\"width: 64%;\" width=\"64%\"><p><a href=\"https:\/\/www.ivb.ro\/en\/pn-23-16-01-03\/\">Triada func\u021bional\u0103 \u00een psoriazisul experimental murin: sistem imun \u2013 piele \u2013 intestin<\/a><\/p><\/td><td style=\"width: 18%;\" width=\"18%\"><p><span style=\"color: #000000;\">Carolina Constantin<\/span><\/p><\/td><\/tr><tr><td style=\"width: 98%;\" colspan=\"3\" width=\"100%\"><p><span style=\"color: #000000;\"><strong>Objective 2. The identification and\/or validation of targets for molecular cancer in order to adapt the therapeutic strategy<\/strong><\/span><\/p><\/td><\/tr><tr><td style=\"width: 16%;\" width=\"16%\"><p><span style=\"color: #000000;\">PN 23.16.02.01<\/span><\/p><\/td><td style=\"width: 64%;\" width=\"64%\"><p><a href=\"https:\/\/www.ivb.ro\/en\/pn-23-16-02-01\/\">The genes of the stress response targets for therapeutic radiotherapy and photodynamic therapy of carcinoma of the colon<\/a><\/p><\/td><td style=\"width: 18%;\" width=\"18%\"><p><span style=\"color: #000000;\">Gina Manda<\/span><\/p><\/td><\/tr><tr><td style=\"width: 16%;\" width=\"16%\"><p><span style=\"color: #000000;\">PN 23.16.02.02<\/span><\/p><\/td><td style=\"width: 64%;\" width=\"64%\"><p><a href=\"https:\/\/www.ivb.ro\/en\/pn-23-16-02-02\/\">Approach to the therapeutic combination based on the transfer of the care of the cells and NK-cells, and an inhibitor of TGFBRI\/II melanoma, metastatic<\/a><\/p><\/td><td style=\"width: 18%;\" width=\"18%\"><p><span style=\"color: #000000;\">Dr Gheorghita Isvoranu<\/span><\/p><\/td><\/tr><tr><td style=\"width: 16%;\" width=\"16%\"><p><span style=\"color: #000000;\">PN 23.16.02.03<\/span><\/p><\/td><td style=\"width: 64%;\" width=\"64%\"><p><a href=\"https:\/\/www.ivb.ro\/en\/pn-23-16-02-03\/\">Approaches to the molecular 3D model (sferoids) edited a gene by the method of CRISPR\/Cas9 in the development of solutions for personalized medicine in cancer<\/a><\/p><\/td><td style=\"width: 18%;\" width=\"18%\"><p><span style=\"color: #000000;\">Codrici Elena<\/span><\/p><\/td><\/tr><\/tbody><\/table><\/div><\/div>\t\t\t\t\t\t\t\t<\/div>\n\t\t\t\t<\/div>\n\t\t\t\t\t<\/div>\n\t\t\t\t<\/div>\n\t\t<div class=\"elementor-element elementor-element-479802b e-flex e-con-boxed e-con e-parent\" data-id=\"479802b\" data-element_type=\"container\" data-e-type=\"container\">\n\t\t\t\t\t<div class=\"e-con-inner\">\n\t\t\t\t<div class=\"elementor-element elementor-element-cb42dc8 elementor-widget-divider--view-line elementor-widget elementor-widget-divider\" data-id=\"cb42dc8\" data-element_type=\"widget\" data-e-type=\"widget\" data-widget_type=\"divider.default\">\n\t\t\t\t<div class=\"elementor-widget-container\">\n\t\t\t\t\t\t\t<div class=\"elementor-divider\">\n\t\t\t<span class=\"elementor-divider-separator\">\n\t\t\t\t\t\t<\/span>\n\t\t<\/div>\n\t\t\t\t\t\t<\/div>\n\t\t\t\t<\/div>\n\t\t\t\t\t<\/div>\n\t\t\t\t<\/div>\n\t\t<div class=\"elementor-element elementor-element-d8fdfa9 e-flex e-con-boxed e-con e-parent\" data-id=\"d8fdfa9\" data-element_type=\"container\" data-e-type=\"container\">\n\t\t\t\t\t<div class=\"e-con-inner\">\n\t\t\t\t<div class=\"elementor-element elementor-element-6e82bfe elementor-widget elementor-widget-text-editor\" data-id=\"6e82bfe\" data-element_type=\"widget\" data-e-type=\"widget\" data-widget_type=\"text-editor.default\">\n\t\t\t\t<div class=\"elementor-widget-container\">\n\t\t\t\t\t\t\t\t\t<ul><li><span class=\"media-list-title\" style=\"color: #3366ff;\"><span class=\"media-list-title\"><a style=\"color: #3366ff;\" href=\"https:\/\/www.ivb.ro\/wp-content\/uploads\/2025\/07\/Anexa-11_Raport-anual-de-activitate-2023.pdf\" target=\"_blank\" rel=\"noopener\">Activity report 2023 (ro only)<\/a><\/span><\/span><\/li><li><span style=\"color: #3366ff;\"><a style=\"color: #3366ff;\" href=\"https:\/\/www.ivb.ro\/wp-content\/uploads\/2025\/07\/Anexa-11-Raport-anual-de-activitate-2024-final.pdf\" target=\"_blank\" rel=\"noopener\"><span class=\"media-list-title\">Activity report 2024 (ro only)<\/span><\/a><\/span><\/li><li><a href=\"https:\/\/www.ivb.ro\/wp-content\/uploads\/2026\/01\/Raport-anual-de-activitate-2025_final.pdf\" target=\"_blank\" rel=\"noopener\"><span class=\"media-list-title\"><span style=\"color: #3366ff;\">Raport anual de activitate 2025<\/span><\/span><\/a><\/li><\/ul>\t\t\t\t\t\t\t\t<\/div>\n\t\t\t\t<\/div>\n\t\t\t\t\t<\/div>\n\t\t\t\t<\/div>\n\t\t\t\t<\/div>","protected":false},"excerpt":{"rendered":"<p>Program Nucleu 2023-2026 Mecanisme moleculare \u00een bolile netransmisibile majore \u2013 de la cancer la patologia degenerativ\u0103, de la dimensiunea genetic\u0103 la cea imun\u0103 Acronim: MEMOGEN \u00a0 Director de program: Prof. Dr. Mihail Eugen Hinescu Obiectivele programului: Ob1. Identificarea mecanismelor moleculare determinante \u00een patogenia bolilor netransmisibile, cu impact diagnostic \u0219i terapeutic Ob2. Identificarea \u0219i\/sau validarea de&hellip; <\/p>","protected":false},"author":1,"featured_media":0,"parent":0,"menu_order":0,"comment_status":"closed","ping_status":"closed","template":"","meta":{"ngg_post_thumbnail":0,"footnotes":""},"class_list":["post-12389","page","type-page","status-publish","hentry"],"yoast_head":"<!-- This site is optimized with the Yoast SEO plugin v27.2 - https:\/\/yoast.com\/product\/yoast-seo-wordpress\/ -->\n<title>Programul Nucleu - National Institute of Pathology Victor Babe\u015f - Bucharest<\/title>\n<meta name=\"robots\" content=\"index, follow, max-snippet:-1, max-image-preview:large, max-video-preview:-1\" \/>\n<link rel=\"canonical\" href=\"https:\/\/www.ivb.ro\/en\/program-nucleu-2023-2026\/\" \/>\n<meta property=\"og:locale\" content=\"en_GB\" \/>\n<meta property=\"og:type\" content=\"article\" \/>\n<meta property=\"og:title\" content=\"Programul Nucleu - National Institute of Pathology Victor Babe\u015f - Bucharest\" \/>\n<meta property=\"og:description\" content=\"Program Nucleu 2023-2026 Mecanisme moleculare \u00een bolile netransmisibile majore \u2013 de la cancer la patologia degenerativ\u0103, de la dimensiunea genetic\u0103 la cea imun\u0103 Acronim: MEMOGEN \u00a0 Director de program: Prof. Dr. Mihail Eugen Hinescu Obiectivele programului: Ob1. Identificarea mecanismelor moleculare determinante \u00een patogenia bolilor netransmisibile, cu impact diagnostic \u0219i terapeutic Ob2. Identificarea \u0219i\/sau validarea de&hellip;\" \/>\n<meta property=\"og:url\" content=\"https:\/\/www.ivb.ro\/en\/program-nucleu-2023-2026\/\" \/>\n<meta property=\"og:site_name\" content=\"National Institute of Pathology Victor Babe\u015f - Bucharest\" \/>\n<meta property=\"article:publisher\" content=\"https:\/\/www.facebook.com\/incdvb.ro\" \/>\n<meta property=\"article:modified_time\" content=\"2026-01-15T14:29:58+00:00\" \/>\n<meta name=\"twitter:card\" content=\"summary_large_image\" \/>\n<meta name=\"twitter:label1\" content=\"Estimated reading time\" \/>\n\t<meta name=\"twitter:data1\" content=\"4 minutes\" \/>\n<script type=\"application\/ld+json\" class=\"yoast-schema-graph\">{\"@context\":\"https:\/\/schema.org\",\"@graph\":[{\"@type\":\"WebPage\",\"@id\":\"https:\/\/www.ivb.ro\/program-nucleu-2023-2026\",\"url\":\"https:\/\/www.ivb.ro\/program-nucleu-2023-2026\",\"name\":\"Programul Nucleu - National Institute of Pathology Victor Babe\u015f - Bucharest\",\"isPartOf\":{\"@id\":\"https:\/\/www.ivb.ro\/#website\"},\"datePublished\":\"2025-07-15T08:25:05+00:00\",\"dateModified\":\"2026-01-15T14:29:58+00:00\",\"breadcrumb\":{\"@id\":\"https:\/\/www.ivb.ro\/program-nucleu-2023-2026#breadcrumb\"},\"inLanguage\":\"en-GB\",\"potentialAction\":[{\"@type\":\"ReadAction\",\"target\":[\"https:\/\/www.ivb.ro\/program-nucleu-2023-2026\"]}]},{\"@type\":\"BreadcrumbList\",\"@id\":\"https:\/\/www.ivb.ro\/program-nucleu-2023-2026#breadcrumb\",\"itemListElement\":[{\"@type\":\"ListItem\",\"position\":1,\"name\":\"Home\",\"item\":\"https:\/\/www.ivb.ro\/\"},{\"@type\":\"ListItem\",\"position\":2,\"name\":\"Programul Nucleu\"}]},{\"@type\":\"WebSite\",\"@id\":\"https:\/\/www.ivb.ro\/#website\",\"url\":\"https:\/\/www.ivb.ro\/\",\"name\":\"National Institute of Pathology Victor Babe\u015f - Bucharest\",\"description\":\"National Institute of Pathology Victor Babe\u015f - Bucharest\",\"publisher\":{\"@id\":\"https:\/\/www.ivb.ro\/#organization\"},\"potentialAction\":[{\"@type\":\"SearchAction\",\"target\":{\"@type\":\"EntryPoint\",\"urlTemplate\":\"https:\/\/www.ivb.ro\/?s={search_term_string}\"},\"query-input\":{\"@type\":\"PropertyValueSpecification\",\"valueRequired\":true,\"valueName\":\"search_term_string\"}}],\"inLanguage\":\"en-GB\"},{\"@type\":\"Organization\",\"@id\":\"https:\/\/www.ivb.ro\/#organization\",\"name\":\"National Institute of Pathology Victor Babe\u015f - Bucharest\",\"url\":\"https:\/\/www.ivb.ro\/\",\"logo\":{\"@type\":\"ImageObject\",\"inLanguage\":\"en-GB\",\"@id\":\"https:\/\/www.ivb.ro\/#\/schema\/logo\/image\/\",\"url\":\"https:\/\/www.ivb.ro\/wp-content\/uploads\/2021\/04\/top-logo.png\",\"contentUrl\":\"https:\/\/www.ivb.ro\/wp-content\/uploads\/2021\/04\/top-logo.png\",\"width\":340,\"height\":190,\"caption\":\"National Institute of Pathology Victor Babe\u015f - Bucharest\"},\"image\":{\"@id\":\"https:\/\/www.ivb.ro\/#\/schema\/logo\/image\/\"},\"sameAs\":[\"https:\/\/www.facebook.com\/incdvb.ro\",\"https:\/\/www.instagram.com\/institutul.victorbabes\/\",\"https:\/\/ro.linkedin.com\/company\/victor-babes-national-institute-of-pathology\"]}]}<\/script>\n<!-- \/ Yoast SEO plugin. -->","yoast_head_json":{"title":"Programul Nucleu - National Institute of Pathology Victor Babe\u015f - Bucharest","robots":{"index":"index","follow":"follow","max-snippet":"max-snippet:-1","max-image-preview":"max-image-preview:large","max-video-preview":"max-video-preview:-1"},"canonical":"https:\/\/www.ivb.ro\/en\/program-nucleu-2023-2026\/","og_locale":"en_GB","og_type":"article","og_title":"Programul Nucleu - National Institute of Pathology Victor Babe\u015f - Bucharest","og_description":"Program Nucleu 2023-2026 Mecanisme moleculare \u00een bolile netransmisibile majore \u2013 de la cancer la patologia degenerativ\u0103, de la dimensiunea genetic\u0103 la cea imun\u0103 Acronim: MEMOGEN \u00a0 Director de program: Prof. Dr. Mihail Eugen Hinescu Obiectivele programului: Ob1. Identificarea mecanismelor moleculare determinante \u00een patogenia bolilor netransmisibile, cu impact diagnostic \u0219i terapeutic Ob2. Identificarea \u0219i\/sau validarea de&hellip;","og_url":"https:\/\/www.ivb.ro\/en\/program-nucleu-2023-2026\/","og_site_name":"National Institute of Pathology Victor Babe\u015f - Bucharest","article_publisher":"https:\/\/www.facebook.com\/incdvb.ro","article_modified_time":"2026-01-15T14:29:58+00:00","twitter_card":"summary_large_image","twitter_misc":{"Estimated reading time":"4 minutes"},"schema":{"@context":"https:\/\/schema.org","@graph":[{"@type":"WebPage","@id":"https:\/\/www.ivb.ro\/program-nucleu-2023-2026","url":"https:\/\/www.ivb.ro\/program-nucleu-2023-2026","name":"Programul Nucleu - National Institute of Pathology Victor Babe\u015f - Bucharest","isPartOf":{"@id":"https:\/\/www.ivb.ro\/#website"},"datePublished":"2025-07-15T08:25:05+00:00","dateModified":"2026-01-15T14:29:58+00:00","breadcrumb":{"@id":"https:\/\/www.ivb.ro\/program-nucleu-2023-2026#breadcrumb"},"inLanguage":"en-GB","potentialAction":[{"@type":"ReadAction","target":["https:\/\/www.ivb.ro\/program-nucleu-2023-2026"]}]},{"@type":"BreadcrumbList","@id":"https:\/\/www.ivb.ro\/program-nucleu-2023-2026#breadcrumb","itemListElement":[{"@type":"ListItem","position":1,"name":"Home","item":"https:\/\/www.ivb.ro\/"},{"@type":"ListItem","position":2,"name":"Programul Nucleu"}]},{"@type":"WebSite","@id":"https:\/\/www.ivb.ro\/#website","url":"https:\/\/www.ivb.ro\/","name":"National Institute of Pathology Victor Babe\u015f - Bucharest","description":"National Institute of Pathology Victor Babe\u015f - Bucharest","publisher":{"@id":"https:\/\/www.ivb.ro\/#organization"},"potentialAction":[{"@type":"SearchAction","target":{"@type":"EntryPoint","urlTemplate":"https:\/\/www.ivb.ro\/?s={search_term_string}"},"query-input":{"@type":"PropertyValueSpecification","valueRequired":true,"valueName":"search_term_string"}}],"inLanguage":"en-GB"},{"@type":"Organization","@id":"https:\/\/www.ivb.ro\/#organization","name":"National Institute of Pathology Victor Babe\u015f - Bucharest","url":"https:\/\/www.ivb.ro\/","logo":{"@type":"ImageObject","inLanguage":"en-GB","@id":"https:\/\/www.ivb.ro\/#\/schema\/logo\/image\/","url":"https:\/\/www.ivb.ro\/wp-content\/uploads\/2021\/04\/top-logo.png","contentUrl":"https:\/\/www.ivb.ro\/wp-content\/uploads\/2021\/04\/top-logo.png","width":340,"height":190,"caption":"National Institute of Pathology Victor Babe\u015f - Bucharest"},"image":{"@id":"https:\/\/www.ivb.ro\/#\/schema\/logo\/image\/"},"sameAs":["https:\/\/www.facebook.com\/incdvb.ro","https:\/\/www.instagram.com\/institutul.victorbabes\/","https:\/\/ro.linkedin.com\/company\/victor-babes-national-institute-of-pathology"]}]}},"_links":{"self":[{"href":"https:\/\/www.ivb.ro\/en\/wp-json\/wp\/v2\/pages\/12389","targetHints":{"allow":["GET"]}}],"collection":[{"href":"https:\/\/www.ivb.ro\/en\/wp-json\/wp\/v2\/pages"}],"about":[{"href":"https:\/\/www.ivb.ro\/en\/wp-json\/wp\/v2\/types\/page"}],"author":[{"embeddable":true,"href":"https:\/\/www.ivb.ro\/en\/wp-json\/wp\/v2\/users\/1"}],"replies":[{"embeddable":true,"href":"https:\/\/www.ivb.ro\/en\/wp-json\/wp\/v2\/comments?post=12389"}],"version-history":[{"count":29,"href":"https:\/\/www.ivb.ro\/en\/wp-json\/wp\/v2\/pages\/12389\/revisions"}],"predecessor-version":[{"id":13754,"href":"https:\/\/www.ivb.ro\/en\/wp-json\/wp\/v2\/pages\/12389\/revisions\/13754"}],"wp:attachment":[{"href":"https:\/\/www.ivb.ro\/en\/wp-json\/wp\/v2\/media?parent=12389"}],"curies":[{"name":"wp","href":"https:\/\/api.w.org\/{rel}","templated":true}]}}