{"id":13822,"date":"2026-01-20T14:35:06","date_gmt":"2026-01-20T14:35:06","guid":{"rendered":"https:\/\/www.ivb.ro\/?page_id=13822"},"modified":"2026-01-20T14:51:19","modified_gmt":"2026-01-20T14:51:19","slug":"brevete_biochimie","status":"publish","type":"page","link":"https:\/\/www.ivb.ro\/en\/brevete_biochimie","title":{"rendered":"Brevete_biochimie"},"content":{"rendered":"<div data-elementor-type=\"wp-page\" data-elementor-id=\"13822\" class=\"elementor elementor-13822\">\n\t\t\t\t<div class=\"elementor-element elementor-element-458fb5cc e-flex e-con-boxed e-con e-parent\" data-id=\"458fb5cc\" data-element_type=\"container\" data-e-type=\"container\" data-settings=\"{&quot;background_background&quot;:&quot;gradient&quot;}\">\n\t\t\t\t\t<div class=\"e-con-inner\">\n\t\t\t\t<div class=\"elementor-element elementor-element-5483e256 elementor-widget elementor-widget-heading\" data-id=\"5483e256\" data-element_type=\"widget\" data-e-type=\"widget\" data-widget_type=\"heading.default\">\n\t\t\t\t<div class=\"elementor-widget-container\">\n\t\t\t\t\t<h2 class=\"elementor-heading-title elementor-size-default\">Patents<\/h2>\t\t\t\t<\/div>\n\t\t\t\t<\/div>\n\t\t\t\t<div class=\"elementor-element elementor-element-56b6afd elementor-widget-divider--view-line elementor-widget elementor-widget-divider\" data-id=\"56b6afd\" data-element_type=\"widget\" data-e-type=\"widget\" data-widget_type=\"divider.default\">\n\t\t\t\t<div class=\"elementor-widget-container\">\n\t\t\t\t\t\t\t<div class=\"elementor-divider\">\n\t\t\t<span class=\"elementor-divider-separator\">\n\t\t\t\t\t\t<\/span>\n\t\t<\/div>\n\t\t\t\t\t\t<\/div>\n\t\t\t\t<\/div>\n\t\t\t\t<div class=\"elementor-element elementor-element-ffa4689 elementor-widget elementor-widget-text-editor\" data-id=\"ffa4689\" data-element_type=\"widget\" data-e-type=\"widget\" data-widget_type=\"text-editor.default\">\n\t\t\t\t<div class=\"elementor-widget-container\">\n\t\t\t\t\t\t\t\t\t<p><span style=\"color: #ffffff;\">2024 &#8211; RO132970 (B1) <strong><em>Procedeu de identificare a proteinei precursoare a amiloidului in complexe proteice cu greutate moleculara mare,<\/em> Enciu AM, Codrici E, Mihai S, Popescu ID, Dudau M, Anghelache L, Tanase C,<\/strong><\/span><\/p><p>\u00a0<\/p><p><span style=\"color: #ffffff;\">2024 &#8211; RO133249 (B1) <strong><em>Procedeu de ob\u021binere a unui produs activ din n\u0103mol sapropelic \u0219i produs astfel ob\u021binut\u0103,<\/em><\/strong> Zainea E, &#8230;.. <strong>Codrici E, Tanase C, Popescu ID, Mihai S, Enciu-AM<\/strong>, et al<\/span><\/p><p>\u00a0<\/p><p><span style=\"color: #ffffff;\">2022 OSIM RO130589 (B1) <strong><em>Metod\u0103 de stabilire a unui set de biomarkeri proteici pentru diagnosticul glioblastomului<\/em>, Popescu ID, Albulescu R, T\u0103nase C, Codrici E, Albulescu L, Mihai S, Enciu-AM, Neagu TM, Constantinescu S<\/strong><\/span><\/p><p>\u00a0<\/p><p><span style=\"color: #ffffff;\">2022 OSIM RO130591 (B1) <strong><em>Set de biomarkeri pentru diagnosticul \u0219i prognosticul cancerului de col uterin realizat prin studiul profilului proteomic,<\/em> Codrici E; T\u0103nase C; Albulescu RNA, <\/strong>St\u0103nculescu R, <strong>Popescu ID, Mihai S,<\/strong> Neagu AI, Necula LG, Mambet C<\/span><\/p>\t\t\t\t\t\t\t\t<\/div>\n\t\t\t\t<\/div>\n\t\t\t\t<div class=\"elementor-element elementor-element-e8e6719 elementor-widget-divider--view-line elementor-widget elementor-widget-divider\" data-id=\"e8e6719\" data-element_type=\"widget\" data-e-type=\"widget\" data-widget_type=\"divider.default\">\n\t\t\t\t<div class=\"elementor-widget-container\">\n\t\t\t\t\t\t\t<div class=\"elementor-divider\">\n\t\t\t<span class=\"elementor-divider-separator\">\n\t\t\t\t\t\t<\/span>\n\t\t<\/div>\n\t\t\t\t\t\t<\/div>\n\t\t\t\t<\/div>\n\t\t\t\t<div class=\"elementor-element elementor-element-9455415 elementor-widget elementor-widget-heading\" data-id=\"9455415\" data-element_type=\"widget\" data-e-type=\"widget\" data-widget_type=\"heading.default\">\n\t\t\t\t<div class=\"elementor-widget-container\">\n\t\t\t\t\t<h2 class=\"elementor-heading-title elementor-size-default\">Patents request <\/h2>\t\t\t\t<\/div>\n\t\t\t\t<\/div>\n\t\t\t\t<div class=\"elementor-element elementor-element-3d6385f elementor-widget-divider--view-line elementor-widget elementor-widget-divider\" data-id=\"3d6385f\" data-element_type=\"widget\" data-e-type=\"widget\" data-widget_type=\"divider.default\">\n\t\t\t\t<div class=\"elementor-widget-container\">\n\t\t\t\t\t\t\t<div class=\"elementor-divider\">\n\t\t\t<span class=\"elementor-divider-separator\">\n\t\t\t\t\t\t<\/span>\n\t\t<\/div>\n\t\t\t\t\t\t<\/div>\n\t\t\t\t<\/div>\n\t\t\t\t<div class=\"elementor-element elementor-element-1aa6ed9 elementor-widget elementor-widget-text-editor\" data-id=\"1aa6ed9\" data-element_type=\"widget\" data-e-type=\"widget\" data-widget_type=\"text-editor.default\">\n\t\t\t\t<div class=\"elementor-widget-container\">\n\t\t\t\t\t\t\t\t\t<p><span style=\"color: #ffffff;\"><em>OSIM A10091\/28.12.2023 <strong>Fitocomplex polifenolic bioactive conditionat in nanoparticule lipidice stabilizate<\/strong><\/em><strong><em>, <\/em><\/strong>Hertzog R, Diaconu M, Alecu A, Litescu Filipescu S, <strong>Tanase C, Popesu ID, Enciu AM, Codrici E, Pop S, Dudau M, Albulescu L<\/strong>, Bobica A, Scurtu M, Zanov Kliment, Popa CV, Catrina AM, Ionescu LE, Popescu DM, Badea GI<\/span><\/p><p>\u00a0<\/p><p><span style=\"color: #ffffff;\">OSIM A\/00525\/29.08.2022 <strong><em>Metode de stabilire a unui set de parametri privind evaluarea pe modele in vitro a biosiguran\u021bei \u0219i a capacit\u0103\u021bii antioxidante \u0219i antiinflamatorii a unui bioprodus de polen poliflor fermentat,<\/em> Pop S, Tanase C, Codrici E, Enciu AM, Albulescu L, Popescu ID,<\/strong> Pristavu MC, Moraru A, Moraru I<\/span><\/p><p>\u00a0<\/p><p><span style=\"color: #ffffff;\">OSIM A\/00678 din 11.11.2021 <strong><em>Metod\u0103 de stabilire a unui set de interleukine-citokine-chemokine imunologic relevante, \u00een model animal de psoriazis tratat cu IgY ob\u021binut din oul hiperimun,<\/em> Tanase C, Neagu M, Codrici E, Popescu ID, Enciu AM, Ghe Isvoranu, Surcel M, Munteanu A,<\/strong> Chiurciu V, Ibram A<\/span><\/p><p>\u00a0<\/p><p><span style=\"color: #ffffff;\">OSIM A\/00418 din 21.07.2021 <strong><em>Biocompozit pe baz\u0103 de colagen tip I \u0219i aloe vera, complexat cu nanoparticule de argint ob\u021binute prin sintez\u0103 verde din solu\u021bie apoas\u0103 de scor\u021bi\u0219oar\u0103, cu efect regenerativ pe fibroblaste umane din piele<\/em> Enciu AM, Tanase C, Codrici E, Popescu ID, Albulescu L, Dudau M, Codorean E, Albulescu RNA,<\/strong> Avram M, Stan D, Mateescu LA, Preda P<\/span><\/p><p>\u00a0<\/p><p><span style=\"color: #ffffff;\">OSIM A2021\/00746 din 06.12.2021 <strong><em>Metode de evaluare a siguran\u021bei \u0219i eficacit\u0103\u021bii unui sistem implantabil cu component\u0103 colagenic\u0103 \u00een medicina regenerative,<\/em> Tanase C, Codrici E, Popescu ID, Enciu AM, Albulescu R, Codorean E<\/strong>, Tih\u0103uan BM, Gr\u0103di\u0219teanu G,<\/span><\/p><p>\u00a0<\/p><p><span style=\"color: #ffffff;\">OSIM A2020\/00647 din 15.10.2020 <strong><em>Produs derivat din uleiul de seminte de catina cu efect regenerativ pe keratinocitele normale,<\/em><\/strong><strong> Enciu AM, Tanase C, Codrici E, Popescu ID, Mihai S, Albulescu L, Dudau M, Codorean E, Albulescu RNA, Pop S,<\/strong> Bobica A, \u0162\u00e2rcomnicu AI, Cucolea EI, Costache AT<\/span><\/p><p>\u00a0<\/p><p><span style=\"color: #ffffff;\">OSIM A2020\/00648 din 15.10.2020 <strong><em>Produs pe baza de colagen pentru aplicatii \u00een ingineria tisulara si metode de testare a sigurantei si eficacitatii acestuia<\/em><\/strong><strong> Albulescu RNA, Tanase C, Codrici E, Popescu ID, Mihai S, Enciu AM, <br \/>Pop S,<\/strong> Lupu-Adi M, Bleotu C, Chifiriuc MC, Gradisteanu G, Tihauan B<\/span><\/p>\t\t\t\t\t\t\t\t<\/div>\n\t\t\t\t<\/div>\n\t\t\t\t\t<\/div>\n\t\t\t\t<\/div>\n\t\t\t\t<\/div>","protected":false},"excerpt":{"rendered":"<p>Brevete 2024 &#8211; RO132970 (B1) Procedeu de identificare a proteinei precursoare a amiloidului in complexe proteice cu greutate moleculara mare, Enciu AM, Codrici E, Mihai S, Popescu ID, Dudau M, Anghelache L, Tanase C, \u00a0 2024 &#8211; RO133249 (B1) Procedeu de ob\u021binere a unui produs activ din n\u0103mol sapropelic \u0219i produs astfel ob\u021binut\u0103, Zainea E,&hellip; <\/p>","protected":false},"author":1,"featured_media":0,"parent":0,"menu_order":0,"comment_status":"closed","ping_status":"closed","template":"","meta":{"ngg_post_thumbnail":0,"footnotes":""},"class_list":["post-13822","page","type-page","status-publish","hentry"],"yoast_head":"<!-- This site is optimized with the Yoast SEO plugin v27.5 - https:\/\/yoast.com\/product\/yoast-seo-wordpress\/ -->\n<title>Brevete_biochimie - National Institute of Pathology Victor Babe\u015f - Bucharest<\/title>\n<meta name=\"robots\" content=\"index, follow, max-snippet:-1, max-image-preview:large, max-video-preview:-1\" \/>\n<link rel=\"canonical\" href=\"https:\/\/www.ivb.ro\/en\/brevete_biochimie\/\" \/>\n<meta property=\"og:locale\" content=\"en_GB\" \/>\n<meta property=\"og:type\" content=\"article\" \/>\n<meta property=\"og:title\" content=\"Brevete_biochimie - National Institute of Pathology Victor Babe\u015f - Bucharest\" \/>\n<meta property=\"og:description\" content=\"Brevete 2024 &#8211; RO132970 (B1) Procedeu de identificare a proteinei precursoare a amiloidului in complexe proteice cu greutate moleculara mare, Enciu AM, Codrici E, Mihai S, Popescu ID, Dudau M, Anghelache L, Tanase C, \u00a0 2024 &#8211; RO133249 (B1) Procedeu de ob\u021binere a unui produs activ din n\u0103mol sapropelic \u0219i produs astfel ob\u021binut\u0103, Zainea E,&hellip;\" \/>\n<meta property=\"og:url\" content=\"https:\/\/www.ivb.ro\/en\/brevete_biochimie\/\" \/>\n<meta property=\"og:site_name\" content=\"National Institute of Pathology Victor Babe\u015f - Bucharest\" \/>\n<meta property=\"article:publisher\" content=\"https:\/\/www.facebook.com\/incdvb.ro\" \/>\n<meta property=\"article:modified_time\" content=\"2026-01-20T14:51:19+00:00\" \/>\n<meta name=\"twitter:card\" content=\"summary_large_image\" \/>\n<meta name=\"twitter:label1\" content=\"Estimated reading time\" \/>\n\t<meta name=\"twitter:data1\" content=\"3 minutes\" \/>\n<script type=\"application\/ld+json\" class=\"yoast-schema-graph\">{\"@context\":\"https:\\\/\\\/schema.org\",\"@graph\":[{\"@type\":\"WebPage\",\"@id\":\"https:\\\/\\\/www.ivb.ro\\\/brevete_biochimie\",\"url\":\"https:\\\/\\\/www.ivb.ro\\\/brevete_biochimie\",\"name\":\"Brevete_biochimie - National Institute of Pathology Victor Babe\u015f - Bucharest\",\"isPartOf\":{\"@id\":\"https:\\\/\\\/www.ivb.ro\\\/#website\"},\"datePublished\":\"2026-01-20T14:35:06+00:00\",\"dateModified\":\"2026-01-20T14:51:19+00:00\",\"breadcrumb\":{\"@id\":\"https:\\\/\\\/www.ivb.ro\\\/brevete_biochimie#breadcrumb\"},\"inLanguage\":\"en-GB\",\"potentialAction\":[{\"@type\":\"ReadAction\",\"target\":[\"https:\\\/\\\/www.ivb.ro\\\/brevete_biochimie\"]}]},{\"@type\":\"BreadcrumbList\",\"@id\":\"https:\\\/\\\/www.ivb.ro\\\/brevete_biochimie#breadcrumb\",\"itemListElement\":[{\"@type\":\"ListItem\",\"position\":1,\"name\":\"Home\",\"item\":\"https:\\\/\\\/www.ivb.ro\\\/\"},{\"@type\":\"ListItem\",\"position\":2,\"name\":\"Brevete_biochimie\"}]},{\"@type\":\"WebSite\",\"@id\":\"https:\\\/\\\/www.ivb.ro\\\/#website\",\"url\":\"https:\\\/\\\/www.ivb.ro\\\/\",\"name\":\"National Institute of Pathology Victor Babe\u015f - Bucharest\",\"description\":\"National Institute of Pathology Victor Babe\u015f - Bucharest\",\"publisher\":{\"@id\":\"https:\\\/\\\/www.ivb.ro\\\/#organization\"},\"potentialAction\":[{\"@type\":\"SearchAction\",\"target\":{\"@type\":\"EntryPoint\",\"urlTemplate\":\"https:\\\/\\\/www.ivb.ro\\\/?s={search_term_string}\"},\"query-input\":{\"@type\":\"PropertyValueSpecification\",\"valueRequired\":true,\"valueName\":\"search_term_string\"}}],\"inLanguage\":\"en-GB\"},{\"@type\":\"Organization\",\"@id\":\"https:\\\/\\\/www.ivb.ro\\\/#organization\",\"name\":\"National Institute of Pathology Victor Babe\u015f - Bucharest\",\"url\":\"https:\\\/\\\/www.ivb.ro\\\/\",\"logo\":{\"@type\":\"ImageObject\",\"inLanguage\":\"en-GB\",\"@id\":\"https:\\\/\\\/www.ivb.ro\\\/#\\\/schema\\\/logo\\\/image\\\/\",\"url\":\"https:\\\/\\\/www.ivb.ro\\\/wp-content\\\/uploads\\\/2021\\\/04\\\/top-logo.png\",\"contentUrl\":\"https:\\\/\\\/www.ivb.ro\\\/wp-content\\\/uploads\\\/2021\\\/04\\\/top-logo.png\",\"width\":340,\"height\":190,\"caption\":\"National Institute of Pathology Victor Babe\u015f - Bucharest\"},\"image\":{\"@id\":\"https:\\\/\\\/www.ivb.ro\\\/#\\\/schema\\\/logo\\\/image\\\/\"},\"sameAs\":[\"https:\\\/\\\/www.facebook.com\\\/incdvb.ro\",\"https:\\\/\\\/www.instagram.com\\\/institutul.victorbabes\\\/\",\"https:\\\/\\\/ro.linkedin.com\\\/company\\\/victor-babes-national-institute-of-pathology\"]}]}<\/script>\n<!-- \/ Yoast SEO plugin. -->","yoast_head_json":{"title":"Brevete_biochimie - National Institute of Pathology Victor Babe\u015f - Bucharest","robots":{"index":"index","follow":"follow","max-snippet":"max-snippet:-1","max-image-preview":"max-image-preview:large","max-video-preview":"max-video-preview:-1"},"canonical":"https:\/\/www.ivb.ro\/en\/brevete_biochimie\/","og_locale":"en_GB","og_type":"article","og_title":"Brevete_biochimie - National Institute of Pathology Victor Babe\u015f - Bucharest","og_description":"Brevete 2024 &#8211; RO132970 (B1) Procedeu de identificare a proteinei precursoare a amiloidului in complexe proteice cu greutate moleculara mare, Enciu AM, Codrici E, Mihai S, Popescu ID, Dudau M, Anghelache L, Tanase C, \u00a0 2024 &#8211; RO133249 (B1) Procedeu de ob\u021binere a unui produs activ din n\u0103mol sapropelic \u0219i produs astfel ob\u021binut\u0103, Zainea E,&hellip;","og_url":"https:\/\/www.ivb.ro\/en\/brevete_biochimie\/","og_site_name":"National Institute of Pathology Victor Babe\u015f - Bucharest","article_publisher":"https:\/\/www.facebook.com\/incdvb.ro","article_modified_time":"2026-01-20T14:51:19+00:00","twitter_card":"summary_large_image","twitter_misc":{"Estimated reading time":"3 minutes"},"schema":{"@context":"https:\/\/schema.org","@graph":[{"@type":"WebPage","@id":"https:\/\/www.ivb.ro\/brevete_biochimie","url":"https:\/\/www.ivb.ro\/brevete_biochimie","name":"Brevete_biochimie - National Institute of Pathology Victor Babe\u015f - Bucharest","isPartOf":{"@id":"https:\/\/www.ivb.ro\/#website"},"datePublished":"2026-01-20T14:35:06+00:00","dateModified":"2026-01-20T14:51:19+00:00","breadcrumb":{"@id":"https:\/\/www.ivb.ro\/brevete_biochimie#breadcrumb"},"inLanguage":"en-GB","potentialAction":[{"@type":"ReadAction","target":["https:\/\/www.ivb.ro\/brevete_biochimie"]}]},{"@type":"BreadcrumbList","@id":"https:\/\/www.ivb.ro\/brevete_biochimie#breadcrumb","itemListElement":[{"@type":"ListItem","position":1,"name":"Home","item":"https:\/\/www.ivb.ro\/"},{"@type":"ListItem","position":2,"name":"Brevete_biochimie"}]},{"@type":"WebSite","@id":"https:\/\/www.ivb.ro\/#website","url":"https:\/\/www.ivb.ro\/","name":"National Institute of Pathology Victor Babe\u015f - Bucharest","description":"National Institute of Pathology Victor Babe\u015f - Bucharest","publisher":{"@id":"https:\/\/www.ivb.ro\/#organization"},"potentialAction":[{"@type":"SearchAction","target":{"@type":"EntryPoint","urlTemplate":"https:\/\/www.ivb.ro\/?s={search_term_string}"},"query-input":{"@type":"PropertyValueSpecification","valueRequired":true,"valueName":"search_term_string"}}],"inLanguage":"en-GB"},{"@type":"Organization","@id":"https:\/\/www.ivb.ro\/#organization","name":"National Institute of Pathology Victor Babe\u015f - Bucharest","url":"https:\/\/www.ivb.ro\/","logo":{"@type":"ImageObject","inLanguage":"en-GB","@id":"https:\/\/www.ivb.ro\/#\/schema\/logo\/image\/","url":"https:\/\/www.ivb.ro\/wp-content\/uploads\/2021\/04\/top-logo.png","contentUrl":"https:\/\/www.ivb.ro\/wp-content\/uploads\/2021\/04\/top-logo.png","width":340,"height":190,"caption":"National Institute of Pathology Victor Babe\u015f - Bucharest"},"image":{"@id":"https:\/\/www.ivb.ro\/#\/schema\/logo\/image\/"},"sameAs":["https:\/\/www.facebook.com\/incdvb.ro","https:\/\/www.instagram.com\/institutul.victorbabes\/","https:\/\/ro.linkedin.com\/company\/victor-babes-national-institute-of-pathology"]}]}},"_links":{"self":[{"href":"https:\/\/www.ivb.ro\/en\/wp-json\/wp\/v2\/pages\/13822","targetHints":{"allow":["GET"]}}],"collection":[{"href":"https:\/\/www.ivb.ro\/en\/wp-json\/wp\/v2\/pages"}],"about":[{"href":"https:\/\/www.ivb.ro\/en\/wp-json\/wp\/v2\/types\/page"}],"author":[{"embeddable":true,"href":"https:\/\/www.ivb.ro\/en\/wp-json\/wp\/v2\/users\/1"}],"replies":[{"embeddable":true,"href":"https:\/\/www.ivb.ro\/en\/wp-json\/wp\/v2\/comments?post=13822"}],"version-history":[{"count":13,"href":"https:\/\/www.ivb.ro\/en\/wp-json\/wp\/v2\/pages\/13822\/revisions"}],"predecessor-version":[{"id":13837,"href":"https:\/\/www.ivb.ro\/en\/wp-json\/wp\/v2\/pages\/13822\/revisions\/13837"}],"wp:attachment":[{"href":"https:\/\/www.ivb.ro\/en\/wp-json\/wp\/v2\/media?parent=13822"}],"curies":[{"name":"wp","href":"https:\/\/api.w.org\/{rel}","templated":true}]}}