{"id":1459,"date":"2021-04-09T13:28:07","date_gmt":"2021-04-09T13:28:07","guid":{"rendered":"https:\/\/www.ivb.ro\/?page_id=1459"},"modified":"2021-04-09T13:38:22","modified_gmt":"2021-04-09T13:38:22","slug":"radiobiology-redbrain","status":"publish","type":"page","link":"https:\/\/www.ivb.ro\/en\/radiobiology-redbrain","title":{"rendered":"Radiobiology &#8211; REDBRAIN"},"content":{"rendered":"<div data-elementor-type=\"wp-page\" data-elementor-id=\"1459\" class=\"elementor elementor-1459\">\n\t\t\t\t\t\t<section class=\"elementor-section elementor-top-section elementor-element elementor-element-1a211bc3 elementor-section-content-middle elementor-section-stretched elementor-section-boxed elementor-section-height-default elementor-section-height-default\" data-id=\"1a211bc3\" data-element_type=\"section\" data-e-type=\"section\" data-settings=\"{&quot;stretch_section&quot;:&quot;section-stretched&quot;}\">\n\t\t\t\t\t\t\t<div class=\"elementor-background-overlay\"><\/div>\n\t\t\t\t\t\t\t<div class=\"elementor-container elementor-column-gap-no\">\n\t\t\t\t\t<div class=\"elementor-column elementor-col-100 elementor-top-column elementor-element elementor-element-6b9a10db\" data-id=\"6b9a10db\" data-element_type=\"column\" data-e-type=\"column\">\n\t\t\t<div class=\"elementor-widget-wrap elementor-element-populated\">\n\t\t\t\t\t\t<div class=\"elementor-element elementor-element-7a37dc7b elementor-view-framed elementor-shape-circle elementor-position-block-start elementor-mobile-position-block-start elementor-widget elementor-widget-icon-box\" data-id=\"7a37dc7b\" data-element_type=\"widget\" data-e-type=\"widget\" data-widget_type=\"icon-box.default\">\n\t\t\t\t<div class=\"elementor-widget-container\">\n\t\t\t\t\t\t\t<div class=\"elementor-icon-box-wrapper\">\n\n\t\t\t\t\t\t<div class=\"elementor-icon-box-icon\">\n\t\t\t\t<span  class=\"elementor-icon\">\n\t\t\t\t<svg aria-hidden=\"true\" class=\"e-font-icon-svg e-fas-star\" viewbox=\"0 0 576 512\" xmlns=\"http:\/\/www.w3.org\/2000\/svg\"><path d=\"M259.3 17.8L194 150.2 47.9 171.5c-26.2 3.8-36.7 36.1-17.7 54.6l105.7 103-25 145.5c-4.5 26.3 23.2 46 46.4 33.7L288 439.6l130.7 68.7c23.2 12.2 50.9-7.4 46.4-33.7l-25-145.5 105.7-103c19-18.5 8.5-50.8-17.7-54.6L382 150.2 316.7 17.8c-11.7-23.6-45.6-23.9-57.4 0z\"><\/path><\/svg>\t\t\t\t<\/span>\n\t\t\t<\/div>\n\t\t\t\n\t\t\t\t\t\t<div class=\"elementor-icon-box-content\">\n\n\t\t\t\t\t\t\t\t\t<h4 class=\"elementor-icon-box-title\">\n\t\t\t\t\t\t<span  >\n\t\t\t\t\t\t\tREDBRAIN\t\t\t\t\t\t<\/span>\n\t\t\t\t\t<\/h4>\n\t\t\t\t\n\t\t\t\t\t\t\t\t\t<p class=\"elementor-icon-box-description\">\n\t\t\t\t\t\tFocus on the signature of Nrf2 transcription factor in diagnosis and therapy\t\t\t\t\t<\/p>\n\t\t\t\t\n\t\t\t<\/div>\n\t\t\t\n\t\t<\/div>\n\t\t\t\t\t\t<\/div>\n\t\t\t\t<\/div>\n\t\t\t\t<div class=\"elementor-element elementor-element-10477f0 elementor-widget elementor-widget-text-editor\" data-id=\"10477f0\" data-element_type=\"widget\" data-e-type=\"widget\" data-widget_type=\"text-editor.default\">\n\t\t\t\t<div class=\"elementor-widget-container\">\n\t\t\t\t\t\t\t\t\t<p><img decoding=\"async\" class=\"alignnone size-full wp-image-1467\" src=\"https:\/\/www.ivb.ro\/wp-content\/uploads\/2021\/04\/redb1.png\" alt=\"\" width=\"266\" height=\"145\" srcset=\"https:\/\/www.ivb.ro\/wp-content\/uploads\/2021\/04\/redb1.png 266w, https:\/\/www.ivb.ro\/wp-content\/uploads\/2021\/04\/redb1-16x9.png 16w\" sizes=\"(max-width: 266px) 100vw, 266px\" \/><\/p><p style=\"text-align: left;\"><span style=\"color: #000000;\"><strong>Coordinator: <\/strong><\/span><\/p><p style=\"text-align: left;\"><span style=\"color: #000000;\"><strong>\u00a0\u00a0\u00a0\u00a0\u00a0 Prof. Antonio Cuadrado<\/strong><\/span><\/p><p style=\"text-align: left;\"><span style=\"color: #000000;\"><strong>\u00a0\u00a0\u00a0\u00a0\u00a0 Autonomous University of Madrid<\/strong><\/span><\/p><p style=\"text-align: left;\"><span style=\"color: #000000;\"><strong>Duration: 2016 -2020<\/strong><\/span><\/p><p style=\"text-align: left;\"><span style=\"color: #000000;\"><strong>Project web page:<\/strong> http:\/\/www.redbrain.ro\/en\/<\/span><\/p><p style=\"text-align: left;\"><span style=\"color: #000000;\"><strong><u>\u00a0<\/u><\/strong><\/span><\/p><p style=\"text-align: left;\"><span style=\"color: #000000;\"><strong>COMPETITIVENESS OPERATIONAL PROGRAMME 2014-2020 <\/strong><\/span><\/p><p style=\"text-align: left;\"><span style=\"color: #000000;\">PRIORITY AXIS 1 \u2013 RESEARCH, TECHNOLOGICAL DEVELOPMENT AND INNOVATION (RD&amp;I) TO SUPPORT ECONOMIC COMPETITIVENESS AND BUSINESS DEVELOPMENT<\/span><\/p><p style=\"text-align: left;\"><span style=\"color: #000000;\">ACTION 1.1.4 Attracting high-level personnel from abroad in order to enhance the RD capacity<\/span><\/p><p style=\"text-align: left;\"><span style=\"color: #000000;\"><strong><u>\u00a0<\/u><\/strong><\/span><\/p><p style=\"text-align: left;\"><span style=\"color: #000000;\"><strong><u>The main objective<\/u><\/strong> of the REDBRAIN project is to develop and strengthen R&amp;D and innovative competitiveness of \u201cVictor Babes\u201d National Institute of Pathology (IVB) by building new skills and transferring knowledge in order to create a highly competitive scientific team, able to conduct cutting edge research in neurosciences addressing neurodegenerative and neuroinflammatory diseases with a main focus in Alzheimer\u2019s disease.<\/span><\/p><p style=\"text-align: left;\"><span style=\"color: #000000;\"><strong><u>Specific objectives<\/u><\/strong><\/span><\/p><ul style=\"text-align: left;\"><li><span style=\"color: #000000;\">to implement at IVB new directions of applied research with high potential of innovation in therapeutics of neurodegenerative diseases<\/span><\/li><\/ul><ul style=\"text-align: left;\"><li><span style=\"color: #000000;\">to apply <em>redox biology concepts and tools <\/em>to investigated molecular mechanisms and biomarkers in blood, related to the fingerprint of the transcription factor Nrf2, that underly pathophysiological processes in <em>Alzheimer\u2019s diseases<\/em>, and provide a tool for monitoring disease or therapy;<\/span><\/li><li><span style=\"color: #000000;\">to use <em>state-of-the-art \u201cmultiplex\u201d approaches<\/em> (genomic and proteomic) for elucidating molecular networks related to oxidative stress and inflammation in the progression of this chronic disease.<\/span><\/li><\/ul><ul style=\"text-align: left;\"><li><span style=\"color: #000000;\">to increase international visibility of IVB by publications in highly-ranked journals, hence reinforcing its capability to participate in large scale projects in the frame of Horizon 2020 and other EU or non-EU programmes;<\/span><\/li><li><span style=\"color: #000000;\">to better connect the fundamental and applied research developed at IVB to international research priorities in neurodegenerative and neuroinflammatory diseases by joining dedicated EU networks;<\/span><\/li><li><span style=\"color: #000000;\">to increase collaboration with biotechnology \/ pharmaceutical industry by offering advanced research services for the screening and preclinical investigation of next-generation small molecule drugs;<\/span><\/li><li><span style=\"color: #000000;\">to valorize through competitive research the state-of-the-art research infrastructure has been recently built at IVB with support from the Sectoral Operational <em>Programme<\/em> \u201cIncrease of Economic Competitiveness\u201d 2007-2013;<\/span><\/li><li><span style=\"color: #000000;\">to attract brilliant scholars and young scientists and to train them in a highly competitive scientific environment at IVB.<\/span><\/li><\/ul><p style=\"text-align: left;\"><span style=\"color: #000000;\"><strong>Publications<\/strong><\/span><\/p><ol style=\"text-align: left;\"><li><span style=\"color: #000000;\">Pietro Ghezzi, Luciano Floridi, Diana Boraschi, Antonio Cuadrado, Gina Manda, Snezana Levic, Fulvio D\u2019Acquisto, Alice Hamilton, Toby J Athersuch, Liza Selley. <strong>Oxidative stress and inflammation induced by environmental and psychological stressors: a biomarker perspective<\/strong>. <em>Antioxidants and Redox Signaling<\/em> 2017, 28(9):852-872. doi: 10.1089\/ars.2017.7147, <a style=\"color: #000000;\" href=\"https:\/\/www.liebertpub.com\/doi\/abs\/10.1089\/ars.2017.7147?rfr_dat=cr_pub%3Dpubmed&amp;url_ver=Z39.88-2003&amp;rfr_id=ori%3Arid%3Acrossref.org&amp;journalCode=ars\">https:\/\/www.liebertpub.com\/doi\/abs\/10.1089\/ars.2017.7147?rfr_dat=cr_pub%3Dpubmed&amp;url_ver=Z39.88-2003&amp;rfr_id=ori%3Arid%3Acrossref.org&amp;journalCode=ars<\/a><\/span><\/li><li><span style=\"color: #000000;\">Ana I Rojo, Marta Pajares, Patricia Rada, Angel Nu\u00f1ez, Alejo J. Nevado-Holgado, Richard Killik, Fred Van Leuven, Elena Ribe, Simon Lovestone, Masayuki Yamamoto and Antonio Cuadrado. <strong>NRF2 deficiency replicates transcriptomic changes in Alzheimer\u2019s patients and worsens APP and TAU pathology<\/strong>. <a style=\"color: #000000;\" href=\"http:\/\/www.sciencedirect.com\/science\/journal\/22132317\"><em>Redox Biology<\/em><\/a> 2017, 13:444-451. doi: 10.1016\/j.redox.2017.07.006. <a style=\"color: #000000;\" href=\"http:\/\/www.sciencedirect.com\/science\/article\/pii\/S2213231717303993\">http:\/\/www.sciencedirect.com\/science\/article\/pii\/S2213231717303993<\/a><\/span><\/li><li><span style=\"color: #000000;\">Cuadrado A, Manda G, Hassan A et al. <strong>Transcription factor NRF2 as a therapeutic target for degenerative diseases: a systems medicine approach<\/strong>. <em>Pharmacol Rev<\/em> 2018, 70(2):348-383. doi: 10.1124\/pr.117.014753. <a style=\"color: #000000;\" href=\"http:\/\/pharmrev.aspetjournals.org\/content\/pharmrev\/70\/2\/348.full.pdf\">http:\/\/pharmrev.aspetjournals.org\/content\/pharmrev\/70\/2\/348.full.pdf<\/a><\/span><\/li><li><span style=\"color: #000000;\">Adva Hadar, Elena Milanesi, Marta Walczak, M Puzianowska-Kuznicka, Jacek Ku\u017anicki, Alessio Squassina, Paola Niola, Caterina Chillotti, Johannes Attems, Illana Gozes, David Gurwitz. <strong>SIRT1, miR-132 and miR-212 link human longevity to Alzheimer\u2019s Disease<\/strong>. <em>Scientific Reports<\/em> 2018,8(1):8465, doi:<a style=\"color: #000000;\" href=\"https:\/\/dx.doi.org\/10.1038%2Fs41598-018-26547-6\">1038\/s41598-018-26547-6<\/a>. <a style=\"color: #000000;\" href=\"https:\/\/www.ncbi.nlm.nih.gov\/pmc\/articles\/PMC5981646\/pdf\/41598_2018_Article_26547.pdf\">https:\/\/www.ncbi.nlm.nih.gov\/pmc\/articles\/PMC5981646\/pdf\/41598_2018_Article_26547.pdf<\/a><\/span><\/li><li><span style=\"color: #000000;\">Natalia Robledinos-Ant\u00f3n, Raquel Fern\u00e1ndez-Gin\u00e9s, Gina Manda and Antonio Cuadrado. <strong>Activators and inhibitors of NRF2: a review of its clinical development<\/strong>. <em>Oxidative Medicine and Cellular Longevity<\/em> 2019, 2019:9372182. doi: 10.1155\/2019\/9372182.<\/span><\/li><\/ol><p style=\"text-align: left;\"><span style=\"color: #000000;\"><a style=\"color: #000000;\" href=\"https:\/\/www.ncbi.nlm.nih.gov\/pmc\/articles\/PMC6664516\/\">https:\/\/www.ncbi.nlm.nih.gov\/pmc\/articles\/PMC6664516\/<\/a><\/span><\/p><ol style=\"text-align: left;\" start=\"6\"><li><span style=\"color: #000000;\">Ansari A, Maffioletti E, <u>Milanesi E<\/u>, Marizzoni M, Frisoni GB, Blin O, Richardson JC, Bordet R, Forloni G, Gennarelli M, Bocchio-Chiavetto L. <strong>PharmaCog Consortium. miR-146a and miR-181a are involved in the progression of mild cognitive impairment to Alzheimer&#8217;s disease<\/strong>. <em>Neurobiol Aging<\/em> 2019, 82:102-109. doi: 10.1016\/j.neurobiolaging.2019.06.005.\u00a0<\/span><\/li><\/ol><p style=\"text-align: left;\"><span style=\"color: #000000;\"><a style=\"color: #000000;\" href=\"https:\/\/www.sciencedirect.com\/science\/article\/abs\/pii\/S0197458019301873?via%3Dihub\">https:\/\/www.sciencedirect.com\/science\/article\/abs\/pii\/S0197458019301873?via%3Dihub<\/a><\/span><\/p><ol style=\"text-align: left;\" start=\"7\"><li><span style=\"color: #000000;\">Gina Manda, Ana I. Rojo, Elena Mart\u00ednez-Klimova, Jos\u00e9 Pedraza-Chaverri and Antonio Cuadrado. <strong>Nordihydroguaiaretic acid: from herbal medicine to clinical development for cancer and chronic diseases<\/strong>. <em>Frontiers in Pharmacology <\/em>2020, section Experimental Pharmacology and Drug Discovery, 11:151. doi: 10.3389\/fphar.2020.00151. eCollection 2020.<\/span><\/li><\/ol><p style=\"text-align: left;\"><span style=\"color: #000000;\"><a style=\"color: #000000;\" href=\"https:\/\/www.ncbi.nlm.nih.gov\/pmc\/articles\/PMC7058590\/\">https:\/\/www.ncbi.nlm.nih.gov\/pmc\/articles\/PMC7058590\/<\/a><\/span><\/p><ol style=\"text-align: left;\" start=\"8\"><li><span style=\"color: #000000;\">Mickael ME,\u00a0Pajares M,\u00a0Enache I,\u00a0Manda G,\u00a0Cuadrado A. <strong>NRF2 drug repurposing using a question-answer artificial intelligence system<\/strong>. 2019 <a style=\"color: #000000;\" href=\"https:\/\/www.biorxiv.org\/content\/10.1101\/594622v1.full.pdf\">https:\/\/www.biorxiv.org\/content\/10.1101\/594622v1.full.pdf<\/a><\/span><\/li><li><span style=\"color: #000000;\">Maffioletti E,\u00a0Milanesi E,\u00a0Ansari A,\u00a0Zanetti O,\u00a0Galluzzi S,\u00a0Geroldi C,\u00a0Gennarelli M,\u00a0Bocchio-Chiavetto L. <strong>miR-146a Plasma Levels Are Not Altered in Alzheimer&#8217;s Disease but Correlate With Age and Illness Severity<\/strong>. <em>Front Aging Neurosci<\/em> 2020, 17;11:366. doi: 10.3389\/fnagi.2019.00366. eCollection 2019.<\/span><\/li><\/ol><p style=\"text-align: left;\"><span style=\"color: #000000;\"><a style=\"color: #000000;\" href=\"https:\/\/www.ncbi.nlm.nih.gov\/pmc\/articles\/PMC6978630\/\">https:\/\/www.ncbi.nlm.nih.gov\/pmc\/articles\/PMC6978630\/<\/a><\/span><\/p><ol style=\"text-align: left;\" start=\"10\"><li><span style=\"color: #000000;\">Norwin Kubick, Marta Pajares, Ioana Enache, Gina Manda, Michel-Edwar Mickael. <strong>Repurposing Zileuton as a Depression Drug Using an AI and In Vitro Approach. <\/strong><em>Molecules <\/em>2020, 25(9), 2155; <a style=\"color: #000000;\" href=\"https:\/\/doi.org\/10.3390\/molecules25092155\">https:\/\/doi.org\/10.3390\/molecules25092155<\/a>.<\/span><\/li><\/ol><p style=\"text-align: left;\"><span style=\"color: #000000;\"><a style=\"color: #000000;\" href=\"https:\/\/www.mdpi.com\/1420-3049\/25\/9\/2155\">https:\/\/www.mdpi.com\/1420-3049\/25\/9\/2155<\/a><\/span><\/p><ol style=\"text-align: left;\" start=\"11\"><li><span style=\"color: #000000;\">Antonio Cuadrado, Cristina Benito, Jos\u00e9 Jim\u00e9nez-Villegas, Maribel Escoll, Raquel Fern\u00e1ndez-Gin\u00e9s, Angel J. Garcia Yag\u00fce, Diego Lastra, Gina Manda, Marta Pajares, Ana I. Rojo and Albena T. Dinkova-Kostova. <strong>Can Activation of NRF2 Be a Strategy against COVID-19?, <\/strong><em>Trends in Pharmacological Sciences <\/em>2020, 41(9): 598\u2013610. DOI: 10.1016\/j.tips.2020.07.003.<\/span><\/li><\/ol><p style=\"text-align: left;\"><span style=\"color: #000000;\"><a style=\"color: #000000;\" href=\"https:\/\/www.ncbi.nlm.nih.gov\/pmc\/articles\/PMC7359808\/\">https:\/\/www.ncbi.nlm.nih.gov\/pmc\/articles\/PMC7359808\/<\/a><\/span><\/p><ol style=\"text-align: left;\" start=\"12\"><li><span style=\"color: #000000;\">Marta Pajares, Ana I. Rojo, Gina Manda, Lisardo Bosc\u00e1, Antonio Cuadrado. <strong>Inflammation in Parkinson\u2019s disease: mechanisms and therapeutic implications<\/strong>, <em>Cells<\/em> 2020, 9(7):1687; <a style=\"color: #000000;\" href=\"https:\/\/doi.org\/10.3390\/cells9071687\">https:\/\/doi.org\/10.3390\/cells9071687<\/a>.<\/span><\/li><\/ol><p style=\"text-align: left;\"><span style=\"color: #000000;\"><a style=\"color: #000000;\" href=\"https:\/\/www.ncbi.nlm.nih.gov\/pmc\/articles\/PMC7408280\/\">https:\/\/www.ncbi.nlm.nih.gov\/pmc\/articles\/PMC7408280\/<\/a><\/span><\/p><ol start=\"13\"><li style=\"text-align: left;\"><span style=\"color: #000000;\">Lastra Diego, Raquel Fernandez-Gines, Gina Manda, Antonio Cuadrado. <strong>Perspectives on the Clinical Development of NRF2-Targeting Drugs. <\/strong>In \u201cReactive Oxygen Species: Sources, Targets and Therapeutic Implications\u201d, Handbook of Experimental Pharmacology, Springer Nature, Schmidt, Harald H.H.W.; Ghezzi, Pietro; Cuadrado, Antonio, Eds. DOI: 10.1007\/164_2020_381.<\/span><\/li><li style=\"text-align: left;\"><span style=\"color: #000000;\">Gina Manda, Antonio Cuadrado. <strong>The transcription factor NRF2 shapes the identity of radio-resistant tumor cells<\/strong>. <em>Journal of Cell Identity<\/em> 2020 (in press).<\/span><\/li><\/ol>\t\t\t\t\t\t\t\t<\/div>\n\t\t\t\t<\/div>\n\t\t\t\t\t<\/div>\n\t\t<\/div>\n\t\t\t\t\t<\/div>\n\t\t<\/section>\n\t\t\t\t<\/div>","protected":false},"excerpt":{"rendered":"<p>REDBRAIN Focus on the signature of Nrf2 transcription factor in diagnosis and therapy Coordinator: \u00a0\u00a0\u00a0\u00a0\u00a0 Prof. Antonio Cuadrado \u00a0\u00a0\u00a0\u00a0\u00a0 Autonomous University of Madrid Duration: 2016 -2020 Project web page: http:\/\/www.redbrain.ro\/en\/ \u00a0 COMPETITIVENESS OPERATIONAL PROGRAMME 2014-2020 PRIORITY AXIS 1 \u2013 RESEARCH, TECHNOLOGICAL DEVELOPMENT AND INNOVATION (RD&amp;I) TO SUPPORT ECONOMIC COMPETITIVENESS AND BUSINESS DEVELOPMENT ACTION 1.1.4 Attracting&hellip; <\/p>","protected":false},"author":1,"featured_media":0,"parent":0,"menu_order":0,"comment_status":"closed","ping_status":"closed","template":"","meta":{"ngg_post_thumbnail":0,"footnotes":""},"class_list":["post-1459","page","type-page","status-publish","hentry"],"yoast_head":"<!-- This site is optimized with the Yoast SEO plugin v27.5 - https:\/\/yoast.com\/product\/yoast-seo-wordpress\/ -->\n<title>Radiobiology - REDBRAIN - National Institute of Pathology Victor Babe\u015f - Bucharest<\/title>\n<meta name=\"robots\" content=\"index, follow, max-snippet:-1, max-image-preview:large, max-video-preview:-1\" \/>\n<link rel=\"canonical\" href=\"https:\/\/www.ivb.ro\/en\/radiobiology-redbrain\/\" \/>\n<meta property=\"og:locale\" content=\"en_GB\" \/>\n<meta property=\"og:type\" content=\"article\" \/>\n<meta property=\"og:title\" content=\"Radiobiology - REDBRAIN - National Institute of Pathology Victor Babe\u015f - Bucharest\" \/>\n<meta property=\"og:description\" content=\"REDBRAIN Focus on the signature of Nrf2 transcription factor in diagnosis and therapy Coordinator: \u00a0\u00a0\u00a0\u00a0\u00a0 Prof. Antonio Cuadrado \u00a0\u00a0\u00a0\u00a0\u00a0 Autonomous University of Madrid Duration: 2016 -2020 Project web page: http:\/\/www.redbrain.ro\/en\/ \u00a0 COMPETITIVENESS OPERATIONAL PROGRAMME 2014-2020 PRIORITY AXIS 1 \u2013 RESEARCH, TECHNOLOGICAL DEVELOPMENT AND INNOVATION (RD&amp;I) TO SUPPORT ECONOMIC COMPETITIVENESS AND BUSINESS DEVELOPMENT ACTION 1.1.4 Attracting&hellip;\" \/>\n<meta property=\"og:url\" content=\"https:\/\/www.ivb.ro\/en\/radiobiology-redbrain\/\" \/>\n<meta property=\"og:site_name\" content=\"National Institute of Pathology Victor Babe\u015f - Bucharest\" \/>\n<meta property=\"article:publisher\" content=\"https:\/\/www.facebook.com\/incdvb.ro\" \/>\n<meta property=\"article:modified_time\" content=\"2021-04-09T13:38:22+00:00\" \/>\n<meta property=\"og:image\" content=\"https:\/\/www.ivb.ro\/wp-content\/uploads\/2021\/04\/redb1.png\" \/>\n<meta name=\"twitter:card\" content=\"summary_large_image\" \/>\n<meta name=\"twitter:label1\" content=\"Estimated reading time\" \/>\n\t<meta name=\"twitter:data1\" content=\"4 minutes\" \/>\n<script type=\"application\/ld+json\" class=\"yoast-schema-graph\">{\"@context\":\"https:\\\/\\\/schema.org\",\"@graph\":[{\"@type\":\"WebPage\",\"@id\":\"https:\\\/\\\/www.ivb.ro\\\/radiobiology-redbrain\",\"url\":\"https:\\\/\\\/www.ivb.ro\\\/radiobiology-redbrain\",\"name\":\"Radiobiology - REDBRAIN - National Institute of Pathology Victor Babe\u015f - Bucharest\",\"isPartOf\":{\"@id\":\"https:\\\/\\\/www.ivb.ro\\\/#website\"},\"primaryImageOfPage\":{\"@id\":\"https:\\\/\\\/www.ivb.ro\\\/radiobiology-redbrain#primaryimage\"},\"image\":{\"@id\":\"https:\\\/\\\/www.ivb.ro\\\/radiobiology-redbrain#primaryimage\"},\"thumbnailUrl\":\"https:\\\/\\\/www.ivb.ro\\\/wp-content\\\/uploads\\\/2021\\\/04\\\/redb1.png\",\"datePublished\":\"2021-04-09T13:28:07+00:00\",\"dateModified\":\"2021-04-09T13:38:22+00:00\",\"breadcrumb\":{\"@id\":\"https:\\\/\\\/www.ivb.ro\\\/radiobiology-redbrain#breadcrumb\"},\"inLanguage\":\"en-GB\",\"potentialAction\":[{\"@type\":\"ReadAction\",\"target\":[\"https:\\\/\\\/www.ivb.ro\\\/radiobiology-redbrain\"]}]},{\"@type\":\"ImageObject\",\"inLanguage\":\"en-GB\",\"@id\":\"https:\\\/\\\/www.ivb.ro\\\/radiobiology-redbrain#primaryimage\",\"url\":\"https:\\\/\\\/www.ivb.ro\\\/wp-content\\\/uploads\\\/2021\\\/04\\\/redb1.png\",\"contentUrl\":\"https:\\\/\\\/www.ivb.ro\\\/wp-content\\\/uploads\\\/2021\\\/04\\\/redb1.png\"},{\"@type\":\"BreadcrumbList\",\"@id\":\"https:\\\/\\\/www.ivb.ro\\\/radiobiology-redbrain#breadcrumb\",\"itemListElement\":[{\"@type\":\"ListItem\",\"position\":1,\"name\":\"Home\",\"item\":\"https:\\\/\\\/www.ivb.ro\\\/\"},{\"@type\":\"ListItem\",\"position\":2,\"name\":\"Radiobiology &#8211; REDBRAIN\"}]},{\"@type\":\"WebSite\",\"@id\":\"https:\\\/\\\/www.ivb.ro\\\/#website\",\"url\":\"https:\\\/\\\/www.ivb.ro\\\/\",\"name\":\"National Institute of Pathology Victor Babe\u015f - Bucharest\",\"description\":\"National Institute of Pathology Victor Babe\u015f - Bucharest\",\"publisher\":{\"@id\":\"https:\\\/\\\/www.ivb.ro\\\/#organization\"},\"potentialAction\":[{\"@type\":\"SearchAction\",\"target\":{\"@type\":\"EntryPoint\",\"urlTemplate\":\"https:\\\/\\\/www.ivb.ro\\\/?s={search_term_string}\"},\"query-input\":{\"@type\":\"PropertyValueSpecification\",\"valueRequired\":true,\"valueName\":\"search_term_string\"}}],\"inLanguage\":\"en-GB\"},{\"@type\":\"Organization\",\"@id\":\"https:\\\/\\\/www.ivb.ro\\\/#organization\",\"name\":\"National Institute of Pathology Victor Babe\u015f - Bucharest\",\"url\":\"https:\\\/\\\/www.ivb.ro\\\/\",\"logo\":{\"@type\":\"ImageObject\",\"inLanguage\":\"en-GB\",\"@id\":\"https:\\\/\\\/www.ivb.ro\\\/#\\\/schema\\\/logo\\\/image\\\/\",\"url\":\"https:\\\/\\\/www.ivb.ro\\\/wp-content\\\/uploads\\\/2021\\\/04\\\/top-logo.png\",\"contentUrl\":\"https:\\\/\\\/www.ivb.ro\\\/wp-content\\\/uploads\\\/2021\\\/04\\\/top-logo.png\",\"width\":340,\"height\":190,\"caption\":\"National Institute of Pathology Victor Babe\u015f - Bucharest\"},\"image\":{\"@id\":\"https:\\\/\\\/www.ivb.ro\\\/#\\\/schema\\\/logo\\\/image\\\/\"},\"sameAs\":[\"https:\\\/\\\/www.facebook.com\\\/incdvb.ro\",\"https:\\\/\\\/www.instagram.com\\\/institutul.victorbabes\\\/\",\"https:\\\/\\\/ro.linkedin.com\\\/company\\\/victor-babes-national-institute-of-pathology\"]}]}<\/script>\n<!-- \/ Yoast SEO plugin. -->","yoast_head_json":{"title":"Radiobiology - REDBRAIN - National Institute of Pathology Victor Babe\u015f - Bucharest","robots":{"index":"index","follow":"follow","max-snippet":"max-snippet:-1","max-image-preview":"max-image-preview:large","max-video-preview":"max-video-preview:-1"},"canonical":"https:\/\/www.ivb.ro\/en\/radiobiology-redbrain\/","og_locale":"en_GB","og_type":"article","og_title":"Radiobiology - REDBRAIN - National Institute of Pathology Victor Babe\u015f - Bucharest","og_description":"REDBRAIN Focus on the signature of Nrf2 transcription factor in diagnosis and therapy Coordinator: \u00a0\u00a0\u00a0\u00a0\u00a0 Prof. Antonio Cuadrado \u00a0\u00a0\u00a0\u00a0\u00a0 Autonomous University of Madrid Duration: 2016 -2020 Project web page: http:\/\/www.redbrain.ro\/en\/ \u00a0 COMPETITIVENESS OPERATIONAL PROGRAMME 2014-2020 PRIORITY AXIS 1 \u2013 RESEARCH, TECHNOLOGICAL DEVELOPMENT AND INNOVATION (RD&amp;I) TO SUPPORT ECONOMIC COMPETITIVENESS AND BUSINESS DEVELOPMENT ACTION 1.1.4 Attracting&hellip;","og_url":"https:\/\/www.ivb.ro\/en\/radiobiology-redbrain\/","og_site_name":"National Institute of Pathology Victor Babe\u015f - Bucharest","article_publisher":"https:\/\/www.facebook.com\/incdvb.ro","article_modified_time":"2021-04-09T13:38:22+00:00","og_image":[{"url":"https:\/\/www.ivb.ro\/wp-content\/uploads\/2021\/04\/redb1.png","type":"","width":"","height":""}],"twitter_card":"summary_large_image","twitter_misc":{"Estimated reading time":"4 minutes"},"schema":{"@context":"https:\/\/schema.org","@graph":[{"@type":"WebPage","@id":"https:\/\/www.ivb.ro\/radiobiology-redbrain","url":"https:\/\/www.ivb.ro\/radiobiology-redbrain","name":"Radiobiology - REDBRAIN - National Institute of Pathology Victor Babe\u015f - Bucharest","isPartOf":{"@id":"https:\/\/www.ivb.ro\/#website"},"primaryImageOfPage":{"@id":"https:\/\/www.ivb.ro\/radiobiology-redbrain#primaryimage"},"image":{"@id":"https:\/\/www.ivb.ro\/radiobiology-redbrain#primaryimage"},"thumbnailUrl":"https:\/\/www.ivb.ro\/wp-content\/uploads\/2021\/04\/redb1.png","datePublished":"2021-04-09T13:28:07+00:00","dateModified":"2021-04-09T13:38:22+00:00","breadcrumb":{"@id":"https:\/\/www.ivb.ro\/radiobiology-redbrain#breadcrumb"},"inLanguage":"en-GB","potentialAction":[{"@type":"ReadAction","target":["https:\/\/www.ivb.ro\/radiobiology-redbrain"]}]},{"@type":"ImageObject","inLanguage":"en-GB","@id":"https:\/\/www.ivb.ro\/radiobiology-redbrain#primaryimage","url":"https:\/\/www.ivb.ro\/wp-content\/uploads\/2021\/04\/redb1.png","contentUrl":"https:\/\/www.ivb.ro\/wp-content\/uploads\/2021\/04\/redb1.png"},{"@type":"BreadcrumbList","@id":"https:\/\/www.ivb.ro\/radiobiology-redbrain#breadcrumb","itemListElement":[{"@type":"ListItem","position":1,"name":"Home","item":"https:\/\/www.ivb.ro\/"},{"@type":"ListItem","position":2,"name":"Radiobiology &#8211; REDBRAIN"}]},{"@type":"WebSite","@id":"https:\/\/www.ivb.ro\/#website","url":"https:\/\/www.ivb.ro\/","name":"National Institute of Pathology Victor Babe\u015f - Bucharest","description":"National Institute of Pathology Victor Babe\u015f - Bucharest","publisher":{"@id":"https:\/\/www.ivb.ro\/#organization"},"potentialAction":[{"@type":"SearchAction","target":{"@type":"EntryPoint","urlTemplate":"https:\/\/www.ivb.ro\/?s={search_term_string}"},"query-input":{"@type":"PropertyValueSpecification","valueRequired":true,"valueName":"search_term_string"}}],"inLanguage":"en-GB"},{"@type":"Organization","@id":"https:\/\/www.ivb.ro\/#organization","name":"National Institute of Pathology Victor Babe\u015f - Bucharest","url":"https:\/\/www.ivb.ro\/","logo":{"@type":"ImageObject","inLanguage":"en-GB","@id":"https:\/\/www.ivb.ro\/#\/schema\/logo\/image\/","url":"https:\/\/www.ivb.ro\/wp-content\/uploads\/2021\/04\/top-logo.png","contentUrl":"https:\/\/www.ivb.ro\/wp-content\/uploads\/2021\/04\/top-logo.png","width":340,"height":190,"caption":"National Institute of Pathology Victor Babe\u015f - Bucharest"},"image":{"@id":"https:\/\/www.ivb.ro\/#\/schema\/logo\/image\/"},"sameAs":["https:\/\/www.facebook.com\/incdvb.ro","https:\/\/www.instagram.com\/institutul.victorbabes\/","https:\/\/ro.linkedin.com\/company\/victor-babes-national-institute-of-pathology"]}]}},"_links":{"self":[{"href":"https:\/\/www.ivb.ro\/en\/wp-json\/wp\/v2\/pages\/1459","targetHints":{"allow":["GET"]}}],"collection":[{"href":"https:\/\/www.ivb.ro\/en\/wp-json\/wp\/v2\/pages"}],"about":[{"href":"https:\/\/www.ivb.ro\/en\/wp-json\/wp\/v2\/types\/page"}],"author":[{"embeddable":true,"href":"https:\/\/www.ivb.ro\/en\/wp-json\/wp\/v2\/users\/1"}],"replies":[{"embeddable":true,"href":"https:\/\/www.ivb.ro\/en\/wp-json\/wp\/v2\/comments?post=1459"}],"version-history":[{"count":7,"href":"https:\/\/www.ivb.ro\/en\/wp-json\/wp\/v2\/pages\/1459\/revisions"}],"predecessor-version":[{"id":1470,"href":"https:\/\/www.ivb.ro\/en\/wp-json\/wp\/v2\/pages\/1459\/revisions\/1470"}],"wp:attachment":[{"href":"https:\/\/www.ivb.ro\/en\/wp-json\/wp\/v2\/media?parent=1459"}],"curies":[{"name":"wp","href":"https:\/\/api.w.org\/{rel}","templated":true}]}}