{"id":1636,"date":"2021-04-12T10:20:58","date_gmt":"2021-04-12T10:20:58","guid":{"rendered":"https:\/\/www.ivb.ro\/?page_id=1636"},"modified":"2024-04-10T07:52:52","modified_gmt":"2024-04-10T07:52:52","slug":"about-us-cell-biology","status":"publish","type":"page","link":"https:\/\/www.ivb.ro\/en\/about-us-cell-biology","title":{"rendered":"ABOUT US \u2013 CELL BIOLOGY"},"content":{"rendered":"<div data-elementor-type=\"wp-page\" data-elementor-id=\"1636\" class=\"elementor elementor-1636\">\n\t\t\t\t\t\t<section class=\"elementor-section elementor-top-section elementor-element elementor-element-28408536 elementor-section-content-middle elementor-section-stretched elementor-section-boxed elementor-section-height-default elementor-section-height-default\" data-id=\"28408536\" data-element_type=\"section\" data-e-type=\"section\" data-settings=\"{&quot;stretch_section&quot;:&quot;section-stretched&quot;}\">\n\t\t\t\t\t\t<div class=\"elementor-container elementor-column-gap-no\">\n\t\t\t\t\t<div class=\"elementor-column elementor-col-100 elementor-top-column elementor-element elementor-element-61956f4f\" data-id=\"61956f4f\" data-element_type=\"column\" data-e-type=\"column\">\n\t\t\t<div class=\"elementor-widget-wrap elementor-element-populated\">\n\t\t\t\t\t\t<div class=\"elementor-element elementor-element-a49724a elementor-widget elementor-widget-image\" data-id=\"a49724a\" data-element_type=\"widget\" data-e-type=\"widget\" data-widget_type=\"image.default\">\n\t\t\t\t<div class=\"elementor-widget-container\">\n\t\t\t\t\t\t\t\t\t\t\t\t\t\t\t<img fetchpriority=\"high\" decoding=\"async\" width=\"450\" height=\"300\" src=\"https:\/\/www.ivb.ro\/wp-content\/uploads\/2020\/08\/celulara-si-moleculara.jpg\" class=\"attachment-full size-full wp-image-308\" alt=\"CBM\" srcset=\"https:\/\/www.ivb.ro\/wp-content\/uploads\/2020\/08\/celulara-si-moleculara.jpg 450w, https:\/\/www.ivb.ro\/wp-content\/uploads\/2020\/08\/celulara-si-moleculara-300x200.jpg 300w\" sizes=\"(max-width: 450px) 100vw, 450px\" \/>\t\t\t\t\t\t\t\t\t\t\t\t\t\t\t<\/div>\n\t\t\t\t<\/div>\n\t\t\t\t<div class=\"elementor-element elementor-element-24dd0ab6 elementor-widget elementor-widget-heading\" data-id=\"24dd0ab6\" data-element_type=\"widget\" data-e-type=\"widget\" data-widget_type=\"heading.default\">\n\t\t\t\t<div class=\"elementor-widget-container\">\n\t\t\t\t\t<h3 class=\"elementor-heading-title elementor-size-default\">\nCell biology, Neurosciences and Experimental Miology\n<\/h3>\t\t\t\t<\/div>\n\t\t\t\t<\/div>\n\t\t\t\t<div class=\"elementor-element elementor-element-619f369f elementor-widget elementor-widget-text-editor\" data-id=\"619f369f\" data-element_type=\"widget\" data-e-type=\"widget\" data-widget_type=\"text-editor.default\">\n\t\t\t\t<div class=\"elementor-widget-container\">\n\t\t\t\t\t\t\t\t\t<p style=\"text-align: center;\">RESEARCH THAT COMBINES THE EXPERTISE OF THE RESEARCH TEAM, WITH A STRONG BACKGROUND IN CELL BIOLOGY AND NEUROSCIENCE.<\/p>\t\t\t\t\t\t\t\t<\/div>\n\t\t\t\t<\/div>\n\t\t\t\t<section class=\"elementor-section elementor-inner-section elementor-element elementor-element-513a70dc elementor-section-boxed elementor-section-height-default elementor-section-height-default\" data-id=\"513a70dc\" data-element_type=\"section\" data-e-type=\"section\">\n\t\t\t\t\t\t<div class=\"elementor-container elementor-column-gap-default\">\n\t\t\t\t\t<div class=\"elementor-column elementor-col-100 elementor-inner-column elementor-element elementor-element-69dd6042\" data-id=\"69dd6042\" data-element_type=\"column\" data-e-type=\"column\">\n\t\t\t<div class=\"elementor-widget-wrap elementor-element-populated\">\n\t\t\t\t\t\t<div class=\"elementor-element elementor-element-6bbf2932 elementor-widget elementor-widget-text-editor\" data-id=\"6bbf2932\" data-element_type=\"widget\" data-e-type=\"widget\" data-widget_type=\"text-editor.default\">\n\t\t\t\t<div class=\"elementor-widget-container\">\n\t\t\t\t\t\t\t\t\t<section class=\"elementor-section elementor-top-section elementor-element elementor-element-b947a0c elementor-section-stretched elementor-section-boxed elementor-section-height-default elementor-section-height-default\" data-id=\"b947a0c\" data-element_type=\"section\" data-settings=\"{&quot;stretch_section&quot;:&quot;section-stretched&quot;}\"><div class=\"elementor-container elementor-column-gap-default\"><div class=\"elementor-column elementor-col-100 elementor-top-column elementor-element elementor-element-6766c8b\" data-id=\"6766c8b\" data-element_type=\"column\"><div class=\"elementor-widget-wrap elementor-element-populated\"><div class=\"elementor-element elementor-element-a70e80f elementor-widget elementor-widget-text-editor\" data-id=\"a70e80f\" data-element_type=\"widget\" data-widget_type=\"text-editor.default\"><div class=\"elementor-widget-container\"><p><span style=\"color: #000000;\" data-darkmoder-inline-color=\"\">In the present work, our research is focused on understanding the details of the cellular and molecular mechanisms of physiological and pathological findings in 4 distinct themes of the research.<\/span><\/p><ul><li><span style=\"color: #000000;\" data-darkmoder-inline-color=\"\">Leukemia: a mechanism for the conversion of progenitor hematopoietici preleucemici in the cells of the originator of leukemia, and the establishment of new methods for the detection of mutations in order to keep track of minimal residual disease (MRD), and the himerismul after bone marrow transplantation<\/span><\/li><li><span style=\"color: #000000;\" data-darkmoder-inline-color=\"\">Neurodegenerative disease: Characterization of the effect of the protein-amiloide function of bacterial and other items amiloidogene of the gut microbiota on the aggregation of pathological proteins, and the propagation of the pathology of a pattern in the prionic in models of neurodegeneration, in order to identify biomarkers and targets for the molecular to the development of strategies of prevention and treatment tailored to them. in Parkinson&#039;s disease on and other neuro-degenerative diseases, thus contributing to the improvement of the approach of having a major impact on your health.<\/span><\/li><li><span style=\"color: #000000;\" data-darkmoder-inline-color=\"\">The regeneration of skeletal muscle in the muscles of normal and distrofici, with the aim of identifying biomarkers for new and potentially more relevant to the progression of the disease to the chronic diseases and genetic disorders.<\/span><\/li><li><span style=\"color: #000000;\" data-darkmoder-inline-color=\"\">The research of epigenetic modifications at the level of the methylation of DNA and modification of post-translation histonelor; bioactive Compounds, natural and that it acts as a modulator epigenetici in chimiopreven\u021bie studies <em>in vitro.<\/em><\/span><\/li><\/ul><\/div><\/div><\/div><\/div><\/div><\/section>\t\t\t\t\t\t\t\t<\/div>\n\t\t\t\t<\/div>\n\t\t\t\t\t<\/div>\n\t\t<\/div>\n\t\t\t\t\t<\/div>\n\t\t<\/section>\n\t\t\t\t\t<\/div>\n\t\t<\/div>\n\t\t\t\t\t<\/div>\n\t\t<\/section>\n\t\t\t\t<\/div>","protected":false},"excerpt":{"rendered":"<p>Biologie celular\u0103, Neuro\u0219tiin\u021be \u0219i Miologie experimental\u0103 UNITATE DE CERCETARE CARE COMBIN\u0102 EXPERTIZA UNEI ECHIPE DE CERCETARE CU O EXPERIEN\u021a\u0102 SOLID\u0102 \u00ceN BIOLOGIE CELULAR\u0102 \u0218I NEURO\u0218TIIN\u021aE. \u00cen prezent, activitatea noastr\u0103 de cercetare se concentreaz\u0103 pe \u00een\u021belegerea detaliilor celulare \u0219i moleculare ale mecanismelor fiziologice \u0219i patologice pe 4 teme distincte de cercetare: Leucemia: mecanismul de conversie a&hellip; <\/p>","protected":false},"author":1,"featured_media":0,"parent":0,"menu_order":0,"comment_status":"closed","ping_status":"closed","template":"","meta":{"ngg_post_thumbnail":0,"footnotes":""},"class_list":["post-1636","page","type-page","status-publish","hentry"],"yoast_head":"<!-- This site is optimized with the Yoast SEO plugin v27.2 - https:\/\/yoast.com\/product\/yoast-seo-wordpress\/ -->\n<title>ABOUT US - CELL BIOLOGY - National Institute of Pathology Victor Babe\u015f - Bucharest<\/title>\n<meta name=\"robots\" content=\"index, follow, max-snippet:-1, max-image-preview:large, max-video-preview:-1\" \/>\n<link rel=\"canonical\" href=\"https:\/\/www.ivb.ro\/en\/about-us-cell-biology\/\" \/>\n<meta property=\"og:locale\" content=\"en_GB\" \/>\n<meta property=\"og:type\" content=\"article\" \/>\n<meta property=\"og:title\" content=\"ABOUT US - CELL BIOLOGY - National Institute of Pathology Victor Babe\u015f - Bucharest\" \/>\n<meta property=\"og:description\" content=\"Biologie celular\u0103, Neuro\u0219tiin\u021be \u0219i Miologie experimental\u0103 UNITATE DE CERCETARE CARE COMBIN\u0102 EXPERTIZA UNEI ECHIPE DE CERCETARE CU O EXPERIEN\u021a\u0102 SOLID\u0102 \u00ceN BIOLOGIE CELULAR\u0102 \u0218I NEURO\u0218TIIN\u021aE. \u00cen prezent, activitatea noastr\u0103 de cercetare se concentreaz\u0103 pe \u00een\u021belegerea detaliilor celulare \u0219i moleculare ale mecanismelor fiziologice \u0219i patologice pe 4 teme distincte de cercetare: Leucemia: mecanismul de conversie a&hellip;\" \/>\n<meta property=\"og:url\" content=\"https:\/\/www.ivb.ro\/en\/about-us-cell-biology\/\" \/>\n<meta property=\"og:site_name\" content=\"National Institute of Pathology Victor Babe\u015f - Bucharest\" \/>\n<meta property=\"article:publisher\" content=\"https:\/\/www.facebook.com\/incdvb.ro\" \/>\n<meta property=\"article:modified_time\" content=\"2024-04-10T07:52:52+00:00\" \/>\n<meta property=\"og:image\" content=\"https:\/\/www.ivb.ro\/wp-content\/uploads\/2020\/08\/celulara-si-moleculara.jpg\" \/>\n<meta name=\"twitter:card\" content=\"summary_large_image\" \/>\n<meta name=\"twitter:label1\" content=\"Estimated reading time\" \/>\n\t<meta name=\"twitter:data1\" content=\"1 minute\" \/>\n<script type=\"application\/ld+json\" class=\"yoast-schema-graph\">{\"@context\":\"https:\/\/schema.org\",\"@graph\":[{\"@type\":\"WebPage\",\"@id\":\"https:\/\/www.ivb.ro\/about-us-cell-biology\",\"url\":\"https:\/\/www.ivb.ro\/about-us-cell-biology\",\"name\":\"ABOUT US - CELL BIOLOGY - National Institute of Pathology Victor Babe\u015f - Bucharest\",\"isPartOf\":{\"@id\":\"https:\/\/www.ivb.ro\/#website\"},\"primaryImageOfPage\":{\"@id\":\"https:\/\/www.ivb.ro\/about-us-cell-biology#primaryimage\"},\"image\":{\"@id\":\"https:\/\/www.ivb.ro\/about-us-cell-biology#primaryimage\"},\"thumbnailUrl\":\"https:\/\/www.ivb.ro\/wp-content\/uploads\/2020\/08\/celulara-si-moleculara.jpg\",\"datePublished\":\"2021-04-12T10:20:58+00:00\",\"dateModified\":\"2024-04-10T07:52:52+00:00\",\"breadcrumb\":{\"@id\":\"https:\/\/www.ivb.ro\/about-us-cell-biology#breadcrumb\"},\"inLanguage\":\"en-GB\",\"potentialAction\":[{\"@type\":\"ReadAction\",\"target\":[\"https:\/\/www.ivb.ro\/about-us-cell-biology\"]}]},{\"@type\":\"ImageObject\",\"inLanguage\":\"en-GB\",\"@id\":\"https:\/\/www.ivb.ro\/about-us-cell-biology#primaryimage\",\"url\":\"https:\/\/www.ivb.ro\/wp-content\/uploads\/2020\/08\/celulara-si-moleculara.jpg\",\"contentUrl\":\"https:\/\/www.ivb.ro\/wp-content\/uploads\/2020\/08\/celulara-si-moleculara.jpg\"},{\"@type\":\"BreadcrumbList\",\"@id\":\"https:\/\/www.ivb.ro\/about-us-cell-biology#breadcrumb\",\"itemListElement\":[{\"@type\":\"ListItem\",\"position\":1,\"name\":\"Home\",\"item\":\"https:\/\/www.ivb.ro\/\"},{\"@type\":\"ListItem\",\"position\":2,\"name\":\"ABOUT US &#8211; CELL BIOLOGY\"}]},{\"@type\":\"WebSite\",\"@id\":\"https:\/\/www.ivb.ro\/#website\",\"url\":\"https:\/\/www.ivb.ro\/\",\"name\":\"National Institute of Pathology Victor Babe\u015f - Bucharest\",\"description\":\"National Institute of Pathology Victor Babe\u015f - Bucharest\",\"publisher\":{\"@id\":\"https:\/\/www.ivb.ro\/#organization\"},\"potentialAction\":[{\"@type\":\"SearchAction\",\"target\":{\"@type\":\"EntryPoint\",\"urlTemplate\":\"https:\/\/www.ivb.ro\/?s={search_term_string}\"},\"query-input\":{\"@type\":\"PropertyValueSpecification\",\"valueRequired\":true,\"valueName\":\"search_term_string\"}}],\"inLanguage\":\"en-GB\"},{\"@type\":\"Organization\",\"@id\":\"https:\/\/www.ivb.ro\/#organization\",\"name\":\"National Institute of Pathology Victor Babe\u015f - Bucharest\",\"url\":\"https:\/\/www.ivb.ro\/\",\"logo\":{\"@type\":\"ImageObject\",\"inLanguage\":\"en-GB\",\"@id\":\"https:\/\/www.ivb.ro\/#\/schema\/logo\/image\/\",\"url\":\"https:\/\/www.ivb.ro\/wp-content\/uploads\/2021\/04\/top-logo.png\",\"contentUrl\":\"https:\/\/www.ivb.ro\/wp-content\/uploads\/2021\/04\/top-logo.png\",\"width\":340,\"height\":190,\"caption\":\"National Institute of Pathology Victor Babe\u015f - Bucharest\"},\"image\":{\"@id\":\"https:\/\/www.ivb.ro\/#\/schema\/logo\/image\/\"},\"sameAs\":[\"https:\/\/www.facebook.com\/incdvb.ro\",\"https:\/\/www.instagram.com\/institutul.victorbabes\/\",\"https:\/\/ro.linkedin.com\/company\/victor-babes-national-institute-of-pathology\"]}]}<\/script>\n<!-- \/ Yoast SEO plugin. -->","yoast_head_json":{"title":"ABOUT US - CELL BIOLOGY - National Institute of Pathology Victor Babe\u015f - Bucharest","robots":{"index":"index","follow":"follow","max-snippet":"max-snippet:-1","max-image-preview":"max-image-preview:large","max-video-preview":"max-video-preview:-1"},"canonical":"https:\/\/www.ivb.ro\/en\/about-us-cell-biology\/","og_locale":"en_GB","og_type":"article","og_title":"ABOUT US - CELL BIOLOGY - National Institute of Pathology Victor Babe\u015f - Bucharest","og_description":"Biologie celular\u0103, Neuro\u0219tiin\u021be \u0219i Miologie experimental\u0103 UNITATE DE CERCETARE CARE COMBIN\u0102 EXPERTIZA UNEI ECHIPE DE CERCETARE CU O EXPERIEN\u021a\u0102 SOLID\u0102 \u00ceN BIOLOGIE CELULAR\u0102 \u0218I NEURO\u0218TIIN\u021aE. \u00cen prezent, activitatea noastr\u0103 de cercetare se concentreaz\u0103 pe \u00een\u021belegerea detaliilor celulare \u0219i moleculare ale mecanismelor fiziologice \u0219i patologice pe 4 teme distincte de cercetare: Leucemia: mecanismul de conversie a&hellip;","og_url":"https:\/\/www.ivb.ro\/en\/about-us-cell-biology\/","og_site_name":"National Institute of Pathology Victor Babe\u015f - Bucharest","article_publisher":"https:\/\/www.facebook.com\/incdvb.ro","article_modified_time":"2024-04-10T07:52:52+00:00","og_image":[{"url":"https:\/\/www.ivb.ro\/wp-content\/uploads\/2020\/08\/celulara-si-moleculara.jpg","type":"","width":"","height":""}],"twitter_card":"summary_large_image","twitter_misc":{"Estimated reading time":"1 minute"},"schema":{"@context":"https:\/\/schema.org","@graph":[{"@type":"WebPage","@id":"https:\/\/www.ivb.ro\/about-us-cell-biology","url":"https:\/\/www.ivb.ro\/about-us-cell-biology","name":"ABOUT US - CELL BIOLOGY - National Institute of Pathology Victor Babe\u015f - Bucharest","isPartOf":{"@id":"https:\/\/www.ivb.ro\/#website"},"primaryImageOfPage":{"@id":"https:\/\/www.ivb.ro\/about-us-cell-biology#primaryimage"},"image":{"@id":"https:\/\/www.ivb.ro\/about-us-cell-biology#primaryimage"},"thumbnailUrl":"https:\/\/www.ivb.ro\/wp-content\/uploads\/2020\/08\/celulara-si-moleculara.jpg","datePublished":"2021-04-12T10:20:58+00:00","dateModified":"2024-04-10T07:52:52+00:00","breadcrumb":{"@id":"https:\/\/www.ivb.ro\/about-us-cell-biology#breadcrumb"},"inLanguage":"en-GB","potentialAction":[{"@type":"ReadAction","target":["https:\/\/www.ivb.ro\/about-us-cell-biology"]}]},{"@type":"ImageObject","inLanguage":"en-GB","@id":"https:\/\/www.ivb.ro\/about-us-cell-biology#primaryimage","url":"https:\/\/www.ivb.ro\/wp-content\/uploads\/2020\/08\/celulara-si-moleculara.jpg","contentUrl":"https:\/\/www.ivb.ro\/wp-content\/uploads\/2020\/08\/celulara-si-moleculara.jpg"},{"@type":"BreadcrumbList","@id":"https:\/\/www.ivb.ro\/about-us-cell-biology#breadcrumb","itemListElement":[{"@type":"ListItem","position":1,"name":"Home","item":"https:\/\/www.ivb.ro\/"},{"@type":"ListItem","position":2,"name":"ABOUT US &#8211; CELL BIOLOGY"}]},{"@type":"WebSite","@id":"https:\/\/www.ivb.ro\/#website","url":"https:\/\/www.ivb.ro\/","name":"National Institute of Pathology Victor Babe\u015f - Bucharest","description":"National Institute of Pathology Victor Babe\u015f - Bucharest","publisher":{"@id":"https:\/\/www.ivb.ro\/#organization"},"potentialAction":[{"@type":"SearchAction","target":{"@type":"EntryPoint","urlTemplate":"https:\/\/www.ivb.ro\/?s={search_term_string}"},"query-input":{"@type":"PropertyValueSpecification","valueRequired":true,"valueName":"search_term_string"}}],"inLanguage":"en-GB"},{"@type":"Organization","@id":"https:\/\/www.ivb.ro\/#organization","name":"National Institute of Pathology Victor Babe\u015f - Bucharest","url":"https:\/\/www.ivb.ro\/","logo":{"@type":"ImageObject","inLanguage":"en-GB","@id":"https:\/\/www.ivb.ro\/#\/schema\/logo\/image\/","url":"https:\/\/www.ivb.ro\/wp-content\/uploads\/2021\/04\/top-logo.png","contentUrl":"https:\/\/www.ivb.ro\/wp-content\/uploads\/2021\/04\/top-logo.png","width":340,"height":190,"caption":"National Institute of Pathology Victor Babe\u015f - Bucharest"},"image":{"@id":"https:\/\/www.ivb.ro\/#\/schema\/logo\/image\/"},"sameAs":["https:\/\/www.facebook.com\/incdvb.ro","https:\/\/www.instagram.com\/institutul.victorbabes\/","https:\/\/ro.linkedin.com\/company\/victor-babes-national-institute-of-pathology"]}]}},"_links":{"self":[{"href":"https:\/\/www.ivb.ro\/en\/wp-json\/wp\/v2\/pages\/1636","targetHints":{"allow":["GET"]}}],"collection":[{"href":"https:\/\/www.ivb.ro\/en\/wp-json\/wp\/v2\/pages"}],"about":[{"href":"https:\/\/www.ivb.ro\/en\/wp-json\/wp\/v2\/types\/page"}],"author":[{"embeddable":true,"href":"https:\/\/www.ivb.ro\/en\/wp-json\/wp\/v2\/users\/1"}],"replies":[{"embeddable":true,"href":"https:\/\/www.ivb.ro\/en\/wp-json\/wp\/v2\/comments?post=1636"}],"version-history":[{"count":25,"href":"https:\/\/www.ivb.ro\/en\/wp-json\/wp\/v2\/pages\/1636\/revisions"}],"predecessor-version":[{"id":8308,"href":"https:\/\/www.ivb.ro\/en\/wp-json\/wp\/v2\/pages\/1636\/revisions\/8308"}],"wp:attachment":[{"href":"https:\/\/www.ivb.ro\/en\/wp-json\/wp\/v2\/media?parent=1636"}],"curies":[{"name":"wp","href":"https:\/\/api.w.org\/{rel}","templated":true}]}}