{"id":1766,"date":"2021-04-22T12:01:25","date_gmt":"2021-04-22T12:01:25","guid":{"rendered":"https:\/\/www.ivb.ro\/?page_id=1766"},"modified":"2024-10-07T10:02:51","modified_gmt":"2024-10-07T10:02:51","slug":"prelegerea-prof-alexandru-almasan","status":"publish","type":"page","link":"https:\/\/www.ivb.ro\/en\/prelegerea-prof-alexandru-almasan","title":{"rendered":"The Lecture Of Prof. Alexander Alm\u0103\u015fan"},"content":{"rendered":"<div data-elementor-type=\"wp-page\" data-elementor-id=\"1766\" class=\"elementor elementor-1766\">\n\t\t\t\t\t\t<section class=\"elementor-section elementor-top-section elementor-element elementor-element-96dcbb5 elementor-section-stretched elementor-section-boxed elementor-section-height-default elementor-section-height-default\" data-id=\"96dcbb5\" data-element_type=\"section\" data-e-type=\"section\" data-settings=\"{&quot;stretch_section&quot;:&quot;section-stretched&quot;}\">\n\t\t\t\t\t\t<div class=\"elementor-container elementor-column-gap-default\">\n\t\t\t\t\t<div class=\"elementor-column elementor-col-100 elementor-top-column elementor-element elementor-element-a825c56\" data-id=\"a825c56\" data-element_type=\"column\" data-e-type=\"column\">\n\t\t\t<div class=\"elementor-widget-wrap elementor-element-populated\">\n\t\t\t\t\t\t<div class=\"elementor-element elementor-element-515b88d elementor-widget elementor-widget-image\" data-id=\"515b88d\" data-element_type=\"widget\" data-e-type=\"widget\" data-widget_type=\"image.default\">\n\t\t\t\t<div class=\"elementor-widget-container\">\n\t\t\t\t\t\t\t\t\t\t\t\t\t\t\t<img fetchpriority=\"high\" decoding=\"async\" width=\"768\" height=\"1086\" src=\"https:\/\/www.ivb.ro\/wp-content\/uploads\/2021\/04\/prof-AA-768x1086.jpg\" class=\"attachment-medium_large size-medium_large wp-image-1768\" alt=\"\" srcset=\"https:\/\/www.ivb.ro\/wp-content\/uploads\/2021\/04\/prof-AA-768x1086.jpg 768w, https:\/\/www.ivb.ro\/wp-content\/uploads\/2021\/04\/prof-AA-scaled-500x707.jpg 500w, https:\/\/www.ivb.ro\/wp-content\/uploads\/2021\/04\/prof-AA-212x300.jpg 212w, https:\/\/www.ivb.ro\/wp-content\/uploads\/2021\/04\/prof-AA-724x1024.jpg 724w, https:\/\/www.ivb.ro\/wp-content\/uploads\/2021\/04\/prof-AA-1086x1536.jpg 1086w, https:\/\/www.ivb.ro\/wp-content\/uploads\/2021\/04\/prof-AA-1448x2048.jpg 1448w, https:\/\/www.ivb.ro\/wp-content\/uploads\/2021\/04\/prof-AA-8x12.jpg 8w, https:\/\/www.ivb.ro\/wp-content\/uploads\/2021\/04\/prof-AA-scaled.jpg 1810w\" sizes=\"(max-width: 768px) 100vw, 768px\" \/>\t\t\t\t\t\t\t\t\t\t\t\t\t\t\t<\/div>\n\t\t\t\t<\/div>\n\t\t\t\t\t<\/div>\n\t\t<\/div>\n\t\t\t\t\t<\/div>\n\t\t<\/section>\n\t\t\t\t<\/div>","protected":false},"excerpt":{"rendered":"","protected":false},"author":1,"featured_media":0,"parent":0,"menu_order":0,"comment_status":"closed","ping_status":"closed","template":"","meta":{"ngg_post_thumbnail":0,"footnotes":""},"class_list":["post-1766","page","type-page","status-publish","hentry"],"yoast_head":"<!-- This site is optimized with the Yoast SEO plugin v27.2 - https:\/\/yoast.com\/product\/yoast-seo-wordpress\/ -->\n<title>Prelegerea Prof. Alexandru Alm\u0103\u015fan - National Institute of Pathology Victor Babe\u015f - Bucharest<\/title>\n<meta name=\"robots\" content=\"index, follow, max-snippet:-1, max-image-preview:large, max-video-preview:-1\" \/>\n<link rel=\"canonical\" href=\"https:\/\/www.ivb.ro\/en\/prelegerea-prof-alexandru-almasan\" \/>\n<meta property=\"og:locale\" content=\"en_GB\" \/>\n<meta property=\"og:type\" content=\"article\" \/>\n<meta property=\"og:title\" content=\"Prelegerea Prof. Alexandru Alm\u0103\u015fan - National Institute of Pathology Victor Babe\u015f - Bucharest\" \/>\n<meta property=\"og:url\" content=\"https:\/\/www.ivb.ro\/en\/prelegerea-prof-alexandru-almasan\" \/>\n<meta property=\"og:site_name\" content=\"National Institute of Pathology Victor Babe\u015f - Bucharest\" \/>\n<meta property=\"article:publisher\" content=\"https:\/\/www.facebook.com\/incdvb.ro\" \/>\n<meta property=\"article:modified_time\" content=\"2024-10-07T10:02:51+00:00\" \/>\n<meta property=\"og:image\" content=\"https:\/\/www.ivb.ro\/wp-content\/uploads\/2021\/04\/prof-AA-768x1086.jpg\" \/>\n<meta name=\"twitter:card\" content=\"summary_large_image\" \/>\n<meta name=\"twitter:label1\" content=\"Estimated reading time\" \/>\n\t<meta name=\"twitter:data1\" content=\"1 minute\" \/>\n<script type=\"application\/ld+json\" class=\"yoast-schema-graph\">{\"@context\":\"https:\/\/schema.org\",\"@graph\":[{\"@type\":\"WebPage\",\"@id\":\"https:\/\/www.ivb.ro\/en\/prelegerea-prof-alexandru-almasan\",\"url\":\"https:\/\/www.ivb.ro\/en\/prelegerea-prof-alexandru-almasan\",\"name\":\"Prelegerea Prof. Alexandru Alm\u0103\u015fan - National Institute of Pathology Victor Babe\u015f - Bucharest\",\"isPartOf\":{\"@id\":\"https:\/\/www.ivb.ro\/#website\"},\"primaryImageOfPage\":{\"@id\":\"https:\/\/www.ivb.ro\/en\/prelegerea-prof-alexandru-almasan#primaryimage\"},\"image\":{\"@id\":\"https:\/\/www.ivb.ro\/en\/prelegerea-prof-alexandru-almasan#primaryimage\"},\"thumbnailUrl\":\"https:\/\/www.ivb.ro\/wp-content\/uploads\/2021\/04\/prof-AA-768x1086.jpg\",\"datePublished\":\"2021-04-22T12:01:25+00:00\",\"dateModified\":\"2024-10-07T10:02:51+00:00\",\"breadcrumb\":{\"@id\":\"https:\/\/www.ivb.ro\/en\/prelegerea-prof-alexandru-almasan#breadcrumb\"},\"inLanguage\":\"en-GB\",\"potentialAction\":[{\"@type\":\"ReadAction\",\"target\":[\"https:\/\/www.ivb.ro\/en\/prelegerea-prof-alexandru-almasan\"]}]},{\"@type\":\"ImageObject\",\"inLanguage\":\"en-GB\",\"@id\":\"https:\/\/www.ivb.ro\/en\/prelegerea-prof-alexandru-almasan#primaryimage\",\"url\":\"https:\/\/www.ivb.ro\/wp-content\/uploads\/2021\/04\/prof-AA-768x1086.jpg\",\"contentUrl\":\"https:\/\/www.ivb.ro\/wp-content\/uploads\/2021\/04\/prof-AA-768x1086.jpg\"},{\"@type\":\"BreadcrumbList\",\"@id\":\"https:\/\/www.ivb.ro\/en\/prelegerea-prof-alexandru-almasan#breadcrumb\",\"itemListElement\":[{\"@type\":\"ListItem\",\"position\":1,\"name\":\"Home\",\"item\":\"https:\/\/www.ivb.ro\/\"},{\"@type\":\"ListItem\",\"position\":2,\"name\":\"Prelegerea Prof. Alexandru Alm\u0103\u015fan\"}]},{\"@type\":\"WebSite\",\"@id\":\"https:\/\/www.ivb.ro\/#website\",\"url\":\"https:\/\/www.ivb.ro\/\",\"name\":\"National Institute of Pathology Victor Babe\u015f - Bucharest\",\"description\":\"National Institute of Pathology Victor Babe\u015f - Bucharest\",\"publisher\":{\"@id\":\"https:\/\/www.ivb.ro\/#organization\"},\"potentialAction\":[{\"@type\":\"SearchAction\",\"target\":{\"@type\":\"EntryPoint\",\"urlTemplate\":\"https:\/\/www.ivb.ro\/?s={search_term_string}\"},\"query-input\":{\"@type\":\"PropertyValueSpecification\",\"valueRequired\":true,\"valueName\":\"search_term_string\"}}],\"inLanguage\":\"en-GB\"},{\"@type\":\"Organization\",\"@id\":\"https:\/\/www.ivb.ro\/#organization\",\"name\":\"National Institute of Pathology Victor Babe\u015f - Bucharest\",\"url\":\"https:\/\/www.ivb.ro\/\",\"logo\":{\"@type\":\"ImageObject\",\"inLanguage\":\"en-GB\",\"@id\":\"https:\/\/www.ivb.ro\/#\/schema\/logo\/image\/\",\"url\":\"https:\/\/www.ivb.ro\/wp-content\/uploads\/2021\/04\/top-logo.png\",\"contentUrl\":\"https:\/\/www.ivb.ro\/wp-content\/uploads\/2021\/04\/top-logo.png\",\"width\":340,\"height\":190,\"caption\":\"National Institute of Pathology Victor Babe\u015f - Bucharest\"},\"image\":{\"@id\":\"https:\/\/www.ivb.ro\/#\/schema\/logo\/image\/\"},\"sameAs\":[\"https:\/\/www.facebook.com\/incdvb.ro\",\"https:\/\/www.instagram.com\/institutul.victorbabes\/\",\"https:\/\/ro.linkedin.com\/company\/victor-babes-national-institute-of-pathology\"]}]}<\/script>\n<!-- \/ Yoast SEO plugin. -->","yoast_head_json":{"title":"Prelegerea Prof. Alexandru Alm\u0103\u015fan - National Institute of Pathology Victor Babe\u015f - Bucharest","robots":{"index":"index","follow":"follow","max-snippet":"max-snippet:-1","max-image-preview":"max-image-preview:large","max-video-preview":"max-video-preview:-1"},"canonical":"https:\/\/www.ivb.ro\/en\/prelegerea-prof-alexandru-almasan","og_locale":"en_GB","og_type":"article","og_title":"Prelegerea Prof. Alexandru Alm\u0103\u015fan - National Institute of Pathology Victor Babe\u015f - Bucharest","og_url":"https:\/\/www.ivb.ro\/en\/prelegerea-prof-alexandru-almasan","og_site_name":"National Institute of Pathology Victor Babe\u015f - Bucharest","article_publisher":"https:\/\/www.facebook.com\/incdvb.ro","article_modified_time":"2024-10-07T10:02:51+00:00","og_image":[{"url":"https:\/\/www.ivb.ro\/wp-content\/uploads\/2021\/04\/prof-AA-768x1086.jpg","type":"","width":"","height":""}],"twitter_card":"summary_large_image","twitter_misc":{"Estimated reading time":"1 minute"},"schema":{"@context":"https:\/\/schema.org","@graph":[{"@type":"WebPage","@id":"https:\/\/www.ivb.ro\/en\/prelegerea-prof-alexandru-almasan","url":"https:\/\/www.ivb.ro\/en\/prelegerea-prof-alexandru-almasan","name":"Prelegerea Prof. Alexandru Alm\u0103\u015fan - National Institute of Pathology Victor Babe\u015f - Bucharest","isPartOf":{"@id":"https:\/\/www.ivb.ro\/#website"},"primaryImageOfPage":{"@id":"https:\/\/www.ivb.ro\/en\/prelegerea-prof-alexandru-almasan#primaryimage"},"image":{"@id":"https:\/\/www.ivb.ro\/en\/prelegerea-prof-alexandru-almasan#primaryimage"},"thumbnailUrl":"https:\/\/www.ivb.ro\/wp-content\/uploads\/2021\/04\/prof-AA-768x1086.jpg","datePublished":"2021-04-22T12:01:25+00:00","dateModified":"2024-10-07T10:02:51+00:00","breadcrumb":{"@id":"https:\/\/www.ivb.ro\/en\/prelegerea-prof-alexandru-almasan#breadcrumb"},"inLanguage":"en-GB","potentialAction":[{"@type":"ReadAction","target":["https:\/\/www.ivb.ro\/en\/prelegerea-prof-alexandru-almasan"]}]},{"@type":"ImageObject","inLanguage":"en-GB","@id":"https:\/\/www.ivb.ro\/en\/prelegerea-prof-alexandru-almasan#primaryimage","url":"https:\/\/www.ivb.ro\/wp-content\/uploads\/2021\/04\/prof-AA-768x1086.jpg","contentUrl":"https:\/\/www.ivb.ro\/wp-content\/uploads\/2021\/04\/prof-AA-768x1086.jpg"},{"@type":"BreadcrumbList","@id":"https:\/\/www.ivb.ro\/en\/prelegerea-prof-alexandru-almasan#breadcrumb","itemListElement":[{"@type":"ListItem","position":1,"name":"Home","item":"https:\/\/www.ivb.ro\/"},{"@type":"ListItem","position":2,"name":"Prelegerea Prof. Alexandru Alm\u0103\u015fan"}]},{"@type":"WebSite","@id":"https:\/\/www.ivb.ro\/#website","url":"https:\/\/www.ivb.ro\/","name":"National Institute of Pathology Victor Babe\u015f - Bucharest","description":"National Institute of Pathology Victor Babe\u015f - Bucharest","publisher":{"@id":"https:\/\/www.ivb.ro\/#organization"},"potentialAction":[{"@type":"SearchAction","target":{"@type":"EntryPoint","urlTemplate":"https:\/\/www.ivb.ro\/?s={search_term_string}"},"query-input":{"@type":"PropertyValueSpecification","valueRequired":true,"valueName":"search_term_string"}}],"inLanguage":"en-GB"},{"@type":"Organization","@id":"https:\/\/www.ivb.ro\/#organization","name":"National Institute of Pathology Victor Babe\u015f - Bucharest","url":"https:\/\/www.ivb.ro\/","logo":{"@type":"ImageObject","inLanguage":"en-GB","@id":"https:\/\/www.ivb.ro\/#\/schema\/logo\/image\/","url":"https:\/\/www.ivb.ro\/wp-content\/uploads\/2021\/04\/top-logo.png","contentUrl":"https:\/\/www.ivb.ro\/wp-content\/uploads\/2021\/04\/top-logo.png","width":340,"height":190,"caption":"National Institute of Pathology Victor Babe\u015f - Bucharest"},"image":{"@id":"https:\/\/www.ivb.ro\/#\/schema\/logo\/image\/"},"sameAs":["https:\/\/www.facebook.com\/incdvb.ro","https:\/\/www.instagram.com\/institutul.victorbabes\/","https:\/\/ro.linkedin.com\/company\/victor-babes-national-institute-of-pathology"]}]}},"_links":{"self":[{"href":"https:\/\/www.ivb.ro\/en\/wp-json\/wp\/v2\/pages\/1766","targetHints":{"allow":["GET"]}}],"collection":[{"href":"https:\/\/www.ivb.ro\/en\/wp-json\/wp\/v2\/pages"}],"about":[{"href":"https:\/\/www.ivb.ro\/en\/wp-json\/wp\/v2\/types\/page"}],"author":[{"embeddable":true,"href":"https:\/\/www.ivb.ro\/en\/wp-json\/wp\/v2\/users\/1"}],"replies":[{"embeddable":true,"href":"https:\/\/www.ivb.ro\/en\/wp-json\/wp\/v2\/comments?post=1766"}],"version-history":[{"count":7,"href":"https:\/\/www.ivb.ro\/en\/wp-json\/wp\/v2\/pages\/1766\/revisions"}],"predecessor-version":[{"id":10277,"href":"https:\/\/www.ivb.ro\/en\/wp-json\/wp\/v2\/pages\/1766\/revisions\/10277"}],"wp:attachment":[{"href":"https:\/\/www.ivb.ro\/en\/wp-json\/wp\/v2\/media?parent=1766"}],"curies":[{"name":"wp","href":"https:\/\/api.w.org\/{rel}","templated":true}]}}