{"id":2202,"date":"2021-06-18T09:14:50","date_gmt":"2021-06-18T09:14:50","guid":{"rendered":"https:\/\/www.ivb.ro\/?page_id=2202"},"modified":"2021-06-18T11:30:28","modified_gmt":"2021-06-18T11:30:28","slug":"intelbiomed","status":"publish","type":"page","link":"https:\/\/www.ivb.ro\/en\/intelbiomed","title":{"rendered":"Intelbiomed"},"content":{"rendered":"<div data-elementor-type=\"wp-page\" data-elementor-id=\"2202\" class=\"elementor elementor-2202\">\n\t\t\t\t\t\t<section class=\"elementor-section elementor-top-section elementor-element elementor-element-6a8522c3 elementor-section-content-middle elementor-section-stretched elementor-section-boxed elementor-section-height-default elementor-section-height-default\" data-id=\"6a8522c3\" data-element_type=\"section\" data-e-type=\"section\" data-settings=\"{&quot;stretch_section&quot;:&quot;section-stretched&quot;}\">\n\t\t\t\t\t\t\t<div class=\"elementor-background-overlay\"><\/div>\n\t\t\t\t\t\t\t<div class=\"elementor-container elementor-column-gap-no\">\n\t\t\t\t\t<div class=\"elementor-column elementor-col-100 elementor-top-column elementor-element elementor-element-58e0efdc\" data-id=\"58e0efdc\" data-element_type=\"column\" data-e-type=\"column\">\n\t\t\t<div class=\"elementor-widget-wrap elementor-element-populated\">\n\t\t\t\t\t\t<div class=\"elementor-element elementor-element-841a21b elementor-widget elementor-widget-image\" data-id=\"841a21b\" data-element_type=\"widget\" data-e-type=\"widget\" data-widget_type=\"image.default\">\n\t\t\t\t<div class=\"elementor-widget-container\">\n\t\t\t\t\t\t\t\t\t\t\t\t\t\t\t\t<a href=\"http:\/\/www.intelbiomed.ro\/\">\n\t\t\t\t\t\t\t<img fetchpriority=\"high\" decoding=\"async\" width=\"773\" height=\"287\" src=\"https:\/\/www.ivb.ro\/wp-content\/uploads\/2020\/10\/9.png\" class=\"attachment-large size-large wp-image-741\" alt=\"\" srcset=\"https:\/\/www.ivb.ro\/wp-content\/uploads\/2020\/10\/9.png 773w, https:\/\/www.ivb.ro\/wp-content\/uploads\/2020\/10\/9-500x186.png 500w, https:\/\/www.ivb.ro\/wp-content\/uploads\/2020\/10\/9-300x111.png 300w, https:\/\/www.ivb.ro\/wp-content\/uploads\/2020\/10\/9-768x285.png 768w, https:\/\/www.ivb.ro\/wp-content\/uploads\/2020\/10\/9-16x6.png 16w\" sizes=\"(max-width: 773px) 100vw, 773px\" \/>\t\t\t\t\t\t\t\t<\/a>\n\t\t\t\t\t\t\t\t\t\t\t\t\t\t\t<\/div>\n\t\t\t\t<\/div>\n\t\t\t\t<div class=\"elementor-element elementor-element-94861a6 elementor-widget elementor-widget-icon-box\" data-id=\"94861a6\" data-element_type=\"widget\" data-e-type=\"widget\" data-widget_type=\"icon-box.default\">\n\t\t\t\t<div class=\"elementor-widget-container\">\n\t\t\t\t\t\t\t<div class=\"elementor-icon-box-wrapper\">\n\n\t\t\t\n\t\t\t\t\t\t<div class=\"elementor-icon-box-content\">\n\n\t\t\t\t\t\t\t\t\t<h2 class=\"elementor-icon-box-title\">\n\t\t\t\t\t\t<a href=\"http:\/\/www.intelbiomed.ro\/\" target=\"_blank\" >\n\t\t\t\t\t\t\tPOC- G ID: P_40_197 Cod My SMIS: 105631  Nr. Contract: 52\/05.09.216\t\t\t\t\t\t<\/a>\n\t\t\t\t\t<\/h2>\n\t\t\t\t\n\t\t\t\t\t\t\t\t\t<p class=\"elementor-icon-box-description\">\n\t\t\t\t\t\tThe implementation of the biomedical research through the transfer of knowledge to the private sector in order to validate the products and services in the fields of biotechnology, medical and health care INTELBIOMED <\/br>  www.intelbiomed.ro\t\t\t\t\t<\/p>\n\t\t\t\t\n\t\t\t<\/div>\n\t\t\t\n\t\t<\/div>\n\t\t\t\t\t\t<\/div>\n\t\t\t\t<\/div>\n\t\t\t\t<div class=\"elementor-element elementor-element-529de1db elementor-widget elementor-widget-text-editor\" data-id=\"529de1db\" data-element_type=\"widget\" data-e-type=\"widget\" data-widget_type=\"text-editor.default\">\n\t\t\t\t<div class=\"elementor-widget-container\">\n\t\t\t\t\t\t\t\t\t<p style=\"text-align: left;\"><span style=\"color: #000000;\"><strong>The project is <\/strong>general objective<strong> the transfer of knowledge, expertise, and technology-to SET the &#034;Victor Babes&#034; by private enterprises in the manufacturing sector, and the development of bio-based products for health care, in order to increase economic competitiveness, and scientific in their national and international level. <\/strong>The project will lead to the increase of the degree of exploitation of the socio-economic results of the research in a field that shows a growing trend at the international level, placing the PATHOLOGY, &#034;Victor Babe\u015f&#034; in a key position in the economy of bio-based products<strong>.<\/strong><\/span><\/p>\t\t\t\t\t\t\t\t<\/div>\n\t\t\t\t<\/div>\n\t\t\t\t\t<\/div>\n\t\t<\/div>\n\t\t\t\t\t<\/div>\n\t\t<\/section>\n\t\t\t\t<section class=\"elementor-section elementor-top-section elementor-element elementor-element-602c2552 elementor-section-content-middle elementor-section-stretched elementor-section-boxed elementor-section-height-default elementor-section-height-default\" data-id=\"602c2552\" data-element_type=\"section\" data-e-type=\"section\" data-settings=\"{&quot;stretch_section&quot;:&quot;section-stretched&quot;}\">\n\t\t\t\t\t\t<div class=\"elementor-container elementor-column-gap-no\">\n\t\t\t\t\t<div class=\"elementor-column elementor-col-50 elementor-top-column elementor-element elementor-element-629c1519\" data-id=\"629c1519\" data-element_type=\"column\" data-e-type=\"column\">\n\t\t\t<div class=\"elementor-widget-wrap elementor-element-populated\">\n\t\t\t\t\t\t<div class=\"elementor-element elementor-element-54729479 elementor-widget-divider--view-line elementor-widget elementor-widget-divider\" data-id=\"54729479\" data-element_type=\"widget\" data-e-type=\"widget\" data-widget_type=\"divider.default\">\n\t\t\t\t<div class=\"elementor-widget-container\">\n\t\t\t\t\t\t\t<div class=\"elementor-divider\">\n\t\t\t<span class=\"elementor-divider-separator\">\n\t\t\t\t\t\t<\/span>\n\t\t<\/div>\n\t\t\t\t\t\t<\/div>\n\t\t\t\t<\/div>\n\t\t\t\t<div class=\"elementor-element elementor-element-6028b745 elementor-invisible elementor-widget elementor-widget-heading\" data-id=\"6028b745\" data-element_type=\"widget\" data-e-type=\"widget\" data-settings=\"{&quot;_animation&quot;:&quot;zoomIn&quot;}\" data-widget_type=\"heading.default\">\n\t\t\t\t<div class=\"elementor-widget-container\">\n\t\t\t\t\t<h4 class=\"elementor-heading-title elementor-size-default\">Strategic objectives<\/h4>\t\t\t\t<\/div>\n\t\t\t\t<\/div>\n\t\t\t\t\t<\/div>\n\t\t<\/div>\n\t\t\t\t<div class=\"elementor-column elementor-col-50 elementor-top-column elementor-element elementor-element-7504ad35\" data-id=\"7504ad35\" data-element_type=\"column\" data-e-type=\"column\">\n\t\t\t<div class=\"elementor-widget-wrap elementor-element-populated\">\n\t\t\t\t\t\t<div class=\"elementor-element elementor-element-497ecfa8 elementor-widget elementor-widget-text-editor\" data-id=\"497ecfa8\" data-element_type=\"widget\" data-e-type=\"widget\" data-widget_type=\"text-editor.default\">\n\t\t\t\t<div class=\"elementor-widget-container\">\n\t\t\t\t\t\t\t\t\t<ul><li><strong>Potential\/the results of the r &amp; d of IV<\/strong> according to the needs of the r &amp; d of the companies from the field of biotechnology, healthcare and pharmaceutical industries (at least 9 companies)<\/li><li>The development of a <strong>framework is in place for the long-term cooperation<\/strong> between the IV and the private sector in the fields of biotechnology, medical and health care.<\/li><li><strong>A direct application of the technologies and methods developed<\/strong> the IV to ensure the transfer of the technology quickly and cost-effectively <strong>to the industry, and their integration in the new product\/ optimized, with the potential for high competitive.<\/strong><\/li><li><strong>Exploitation of the area of expertise of the staff of the research<\/strong> by being involved directly in the development\/improvement of technologies and products in the field of biotechnology, biomedical, and pharmaceutical industries are identified by the enterprise as a <strong>as required by the market<\/strong>.<\/li><li><strong>The promotion of the infrastructure of the modern research has advanced in the practice of medicine, cellular and molecular weight of the<\/strong> <strong>IV<\/strong>world of biochemistry\/proteomics, genomics, immunology, bio-imaging, cell and molecular features of the cell culture, real-time monitoring, biological facility, etc.<\/li><li>Providing access to private enterprises (for a total of at least 10) on the experience of the specialist and to the facilities of the IV, for the purpose of increasing the competitiveness of the industrial innovation of the enterprises involved in the project.<\/li><\/ul>\t\t\t\t\t\t\t\t<\/div>\n\t\t\t\t<\/div>\n\t\t\t\t\t<\/div>\n\t\t<\/div>\n\t\t\t\t\t<\/div>\n\t\t<\/section>\n\t\t\t\t<section class=\"elementor-section elementor-top-section elementor-element elementor-element-0ace998 elementor-section-stretched elementor-section-boxed elementor-section-height-default elementor-section-height-default\" data-id=\"0ace998\" data-element_type=\"section\" data-e-type=\"section\" data-settings=\"{&quot;stretch_section&quot;:&quot;section-stretched&quot;}\">\n\t\t\t\t\t\t<div class=\"elementor-container elementor-column-gap-default\">\n\t\t\t\t\t<div class=\"elementor-column elementor-col-100 elementor-top-column elementor-element elementor-element-6daaa5b\" data-id=\"6daaa5b\" data-element_type=\"column\" data-e-type=\"column\">\n\t\t\t<div class=\"elementor-widget-wrap elementor-element-populated\">\n\t\t\t\t\t\t<div class=\"elementor-element elementor-element-ba77d44 elementor-widget elementor-widget-text-editor\" data-id=\"ba77d44\" data-element_type=\"widget\" data-e-type=\"widget\" data-widget_type=\"text-editor.default\">\n\t\t\t\t<div class=\"elementor-widget-container\">\n\t\t\t\t\t\t\t\t\t<h6><strong>These goals, join the project in the field of general staff for the implementation of the National Strategy for Competitiveness, as well as other strategies, sectoral and regional innovation<\/strong>with the development of new methods, tools, and products of the biotechnology effective in both diagnosis and therapy in medicine<\/h6>\t\t\t\t\t\t\t\t<\/div>\n\t\t\t\t<\/div>\n\t\t\t\t\t<\/div>\n\t\t<\/div>\n\t\t\t\t\t<\/div>\n\t\t<\/section>\n\t\t\t\t<section class=\"elementor-section elementor-top-section elementor-element elementor-element-334ae58e elementor-section-content-middle elementor-section-stretched elementor-section-boxed elementor-section-height-default elementor-section-height-default\" data-id=\"334ae58e\" data-element_type=\"section\" data-e-type=\"section\" data-settings=\"{&quot;stretch_section&quot;:&quot;section-stretched&quot;}\">\n\t\t\t\t\t\t<div class=\"elementor-container elementor-column-gap-no\">\n\t\t\t\t\t<div class=\"elementor-column elementor-col-50 elementor-top-column elementor-element elementor-element-4b32c45c elementor-invisible\" data-id=\"4b32c45c\" data-element_type=\"column\" data-e-type=\"column\" data-settings=\"{&quot;animation&quot;:&quot;zoomIn&quot;}\">\n\t\t\t<div class=\"elementor-widget-wrap elementor-element-populated\">\n\t\t\t\t\t\t<div class=\"elementor-element elementor-element-5685366d elementor-widget-divider--view-line elementor-widget elementor-widget-divider\" data-id=\"5685366d\" data-element_type=\"widget\" data-e-type=\"widget\" data-widget_type=\"divider.default\">\n\t\t\t\t<div class=\"elementor-widget-container\">\n\t\t\t\t\t\t\t<div class=\"elementor-divider\">\n\t\t\t<span class=\"elementor-divider-separator\">\n\t\t\t\t\t\t<\/span>\n\t\t<\/div>\n\t\t\t\t\t\t<\/div>\n\t\t\t\t<\/div>\n\t\t\t\t<div class=\"elementor-element elementor-element-52359ea0 elementor-widget elementor-widget-heading\" data-id=\"52359ea0\" data-element_type=\"widget\" data-e-type=\"widget\" data-widget_type=\"heading.default\">\n\t\t\t\t<div class=\"elementor-widget-container\">\n\t\t\t\t\t<h4 class=\"elementor-heading-title elementor-size-default\">The project aims to<\/h4>\t\t\t\t<\/div>\n\t\t\t\t<\/div>\n\t\t\t\t\t<\/div>\n\t\t<\/div>\n\t\t\t\t<div class=\"elementor-column elementor-col-50 elementor-top-column elementor-element elementor-element-50b373dd\" data-id=\"50b373dd\" data-element_type=\"column\" data-e-type=\"column\">\n\t\t\t<div class=\"elementor-widget-wrap elementor-element-populated\">\n\t\t\t\t\t\t<div class=\"elementor-element elementor-element-1ec85605 elementor-widget elementor-widget-text-editor\" data-id=\"1ec85605\" data-element_type=\"widget\" data-e-type=\"widget\" data-widget_type=\"text-editor.default\">\n\t\t\t\t<div class=\"elementor-widget-container\">\n\t\t\t\t\t\t\t\t\t<ul><li>The development of the biotechnology-based medical genomics, proteomics, epigenetics, imunotoxicologie and imaging: therapy cradle-to-cradle, bioterapeutice, nanobiotehnologii, etc.;<\/li><li>the investigation of the foundations of the molecular characteristics of the evaluation of therapeutic efficacy, and the signatures of the biochemical processes associated with the<\/li><li>The techniques of minimally invasive and quantitative method for the visualization, imaging, monitoring, and evaluation of therapeutic intervention on the basis of bio-based products, natural<\/li><li>The development of biopharmaceuticals by addressing some of the biochemical processes specific to the exploration of a new peptide, molecular structure, and delivery systems at the level of the cell, and cells.<\/li><li>Pre-clinical testing, and preparation for testing of the clinical trials of the products, the systems and methods based on bio-technologies, like the steps of the pharmaceutical development.<\/li><\/ul>\t\t\t\t\t\t\t\t<\/div>\n\t\t\t\t<\/div>\n\t\t\t\t\t<\/div>\n\t\t<\/div>\n\t\t\t\t\t<\/div>\n\t\t<\/section>\n\t\t\t\t<\/div>","protected":false},"excerpt":{"rendered":"<p>POC- G ID: P_40_197 Cod My SMIS: 105631 Nr. Contract: 52\/05.09.216 Implementarea expertizei de cercetare biomedical\u0103 prin transfer de cuno\u015ftin\u0163e c\u0103tre mediul privat pentru validarea de produse \u015fi servicii \u00een domeniile biotehnologii medicale \u015fi s\u0103n\u0103tate INTELBIOMED www.intelbiomed.ro Proiectul are ca obiectiv general transferul de cuno\u0219tin\u021be\/expertiz\u0103 \u0219i tehnologie de la INCD \u201eVictor Babe\u0219\u201d catre \u00eentreprinderi private&hellip; <\/p>","protected":false},"author":1,"featured_media":0,"parent":0,"menu_order":0,"comment_status":"closed","ping_status":"closed","template":"","meta":{"ngg_post_thumbnail":0,"footnotes":""},"class_list":["post-2202","page","type-page","status-publish","hentry"],"yoast_head":"<!-- This site is optimized with the Yoast SEO plugin v27.5 - https:\/\/yoast.com\/product\/yoast-seo-wordpress\/ -->\n<title>Intelbiomed - National Institute of Pathology Victor Babe\u015f - Bucharest<\/title>\n<meta name=\"robots\" content=\"index, follow, max-snippet:-1, max-image-preview:large, max-video-preview:-1\" \/>\n<link rel=\"canonical\" href=\"https:\/\/www.ivb.ro\/en\/intelbiomed\" \/>\n<meta property=\"og:locale\" content=\"en_GB\" \/>\n<meta property=\"og:type\" content=\"article\" \/>\n<meta property=\"og:title\" content=\"Intelbiomed - National Institute of Pathology Victor Babe\u015f - Bucharest\" \/>\n<meta property=\"og:description\" content=\"POC- G ID: P_40_197 Cod My SMIS: 105631 Nr. Contract: 52\/05.09.216 Implementarea expertizei de cercetare biomedical\u0103 prin transfer de cuno\u015ftin\u0163e c\u0103tre mediul privat pentru validarea de produse \u015fi servicii \u00een domeniile biotehnologii medicale \u015fi s\u0103n\u0103tate INTELBIOMED www.intelbiomed.ro Proiectul are ca obiectiv general transferul de cuno\u0219tin\u021be\/expertiz\u0103 \u0219i tehnologie de la INCD \u201eVictor Babe\u0219\u201d catre \u00eentreprinderi private&hellip;\" \/>\n<meta property=\"og:url\" content=\"https:\/\/www.ivb.ro\/en\/intelbiomed\" \/>\n<meta property=\"og:site_name\" content=\"National Institute of Pathology Victor Babe\u015f - Bucharest\" \/>\n<meta property=\"article:publisher\" content=\"https:\/\/www.facebook.com\/incdvb.ro\" \/>\n<meta property=\"article:modified_time\" content=\"2021-06-18T11:30:28+00:00\" \/>\n<meta property=\"og:image\" content=\"https:\/\/www.ivb.ro\/wp-content\/uploads\/2020\/10\/9.png\" \/>\n<meta name=\"twitter:card\" content=\"summary_large_image\" \/>\n<meta name=\"twitter:label1\" content=\"Estimated reading time\" \/>\n\t<meta name=\"twitter:data1\" content=\"3 minutes\" \/>\n<script type=\"application\/ld+json\" class=\"yoast-schema-graph\">{\"@context\":\"https:\\\/\\\/schema.org\",\"@graph\":[{\"@type\":\"WebPage\",\"@id\":\"https:\\\/\\\/www.ivb.ro\\\/en\\\/intelbiomed\",\"url\":\"https:\\\/\\\/www.ivb.ro\\\/en\\\/intelbiomed\",\"name\":\"Intelbiomed - National Institute of Pathology Victor Babe\u015f - Bucharest\",\"isPartOf\":{\"@id\":\"https:\\\/\\\/www.ivb.ro\\\/#website\"},\"primaryImageOfPage\":{\"@id\":\"https:\\\/\\\/www.ivb.ro\\\/en\\\/intelbiomed#primaryimage\"},\"image\":{\"@id\":\"https:\\\/\\\/www.ivb.ro\\\/en\\\/intelbiomed#primaryimage\"},\"thumbnailUrl\":\"https:\\\/\\\/www.ivb.ro\\\/wp-content\\\/uploads\\\/2020\\\/10\\\/9.png\",\"datePublished\":\"2021-06-18T09:14:50+00:00\",\"dateModified\":\"2021-06-18T11:30:28+00:00\",\"breadcrumb\":{\"@id\":\"https:\\\/\\\/www.ivb.ro\\\/en\\\/intelbiomed#breadcrumb\"},\"inLanguage\":\"en-GB\",\"potentialAction\":[{\"@type\":\"ReadAction\",\"target\":[\"https:\\\/\\\/www.ivb.ro\\\/en\\\/intelbiomed\"]}]},{\"@type\":\"ImageObject\",\"inLanguage\":\"en-GB\",\"@id\":\"https:\\\/\\\/www.ivb.ro\\\/en\\\/intelbiomed#primaryimage\",\"url\":\"https:\\\/\\\/www.ivb.ro\\\/wp-content\\\/uploads\\\/2020\\\/10\\\/9.png\",\"contentUrl\":\"https:\\\/\\\/www.ivb.ro\\\/wp-content\\\/uploads\\\/2020\\\/10\\\/9.png\"},{\"@type\":\"BreadcrumbList\",\"@id\":\"https:\\\/\\\/www.ivb.ro\\\/en\\\/intelbiomed#breadcrumb\",\"itemListElement\":[{\"@type\":\"ListItem\",\"position\":1,\"name\":\"Home\",\"item\":\"https:\\\/\\\/www.ivb.ro\\\/\"},{\"@type\":\"ListItem\",\"position\":2,\"name\":\"Intelbiomed\"}]},{\"@type\":\"WebSite\",\"@id\":\"https:\\\/\\\/www.ivb.ro\\\/#website\",\"url\":\"https:\\\/\\\/www.ivb.ro\\\/\",\"name\":\"National Institute of Pathology Victor Babe\u015f - Bucharest\",\"description\":\"National Institute of Pathology Victor Babe\u015f - Bucharest\",\"publisher\":{\"@id\":\"https:\\\/\\\/www.ivb.ro\\\/#organization\"},\"potentialAction\":[{\"@type\":\"SearchAction\",\"target\":{\"@type\":\"EntryPoint\",\"urlTemplate\":\"https:\\\/\\\/www.ivb.ro\\\/?s={search_term_string}\"},\"query-input\":{\"@type\":\"PropertyValueSpecification\",\"valueRequired\":true,\"valueName\":\"search_term_string\"}}],\"inLanguage\":\"en-GB\"},{\"@type\":\"Organization\",\"@id\":\"https:\\\/\\\/www.ivb.ro\\\/#organization\",\"name\":\"National Institute of Pathology Victor Babe\u015f - Bucharest\",\"url\":\"https:\\\/\\\/www.ivb.ro\\\/\",\"logo\":{\"@type\":\"ImageObject\",\"inLanguage\":\"en-GB\",\"@id\":\"https:\\\/\\\/www.ivb.ro\\\/#\\\/schema\\\/logo\\\/image\\\/\",\"url\":\"https:\\\/\\\/www.ivb.ro\\\/wp-content\\\/uploads\\\/2021\\\/04\\\/top-logo.png\",\"contentUrl\":\"https:\\\/\\\/www.ivb.ro\\\/wp-content\\\/uploads\\\/2021\\\/04\\\/top-logo.png\",\"width\":340,\"height\":190,\"caption\":\"National Institute of Pathology Victor Babe\u015f - Bucharest\"},\"image\":{\"@id\":\"https:\\\/\\\/www.ivb.ro\\\/#\\\/schema\\\/logo\\\/image\\\/\"},\"sameAs\":[\"https:\\\/\\\/www.facebook.com\\\/incdvb.ro\",\"https:\\\/\\\/www.instagram.com\\\/institutul.victorbabes\\\/\",\"https:\\\/\\\/ro.linkedin.com\\\/company\\\/victor-babes-national-institute-of-pathology\"]}]}<\/script>\n<!-- \/ Yoast SEO plugin. -->","yoast_head_json":{"title":"Intelbiomed - National Institute of Pathology Victor Babe\u015f - Bucharest","robots":{"index":"index","follow":"follow","max-snippet":"max-snippet:-1","max-image-preview":"max-image-preview:large","max-video-preview":"max-video-preview:-1"},"canonical":"https:\/\/www.ivb.ro\/en\/intelbiomed","og_locale":"en_GB","og_type":"article","og_title":"Intelbiomed - National Institute of Pathology Victor Babe\u015f - Bucharest","og_description":"POC- G ID: P_40_197 Cod My SMIS: 105631 Nr. Contract: 52\/05.09.216 Implementarea expertizei de cercetare biomedical\u0103 prin transfer de cuno\u015ftin\u0163e c\u0103tre mediul privat pentru validarea de produse \u015fi servicii \u00een domeniile biotehnologii medicale \u015fi s\u0103n\u0103tate INTELBIOMED www.intelbiomed.ro Proiectul are ca obiectiv general transferul de cuno\u0219tin\u021be\/expertiz\u0103 \u0219i tehnologie de la INCD \u201eVictor Babe\u0219\u201d catre \u00eentreprinderi private&hellip;","og_url":"https:\/\/www.ivb.ro\/en\/intelbiomed","og_site_name":"National Institute of Pathology Victor Babe\u015f - Bucharest","article_publisher":"https:\/\/www.facebook.com\/incdvb.ro","article_modified_time":"2021-06-18T11:30:28+00:00","og_image":[{"url":"https:\/\/www.ivb.ro\/wp-content\/uploads\/2020\/10\/9.png","type":"","width":"","height":""}],"twitter_card":"summary_large_image","twitter_misc":{"Estimated reading time":"3 minutes"},"schema":{"@context":"https:\/\/schema.org","@graph":[{"@type":"WebPage","@id":"https:\/\/www.ivb.ro\/en\/intelbiomed","url":"https:\/\/www.ivb.ro\/en\/intelbiomed","name":"Intelbiomed - National Institute of Pathology Victor Babe\u015f - Bucharest","isPartOf":{"@id":"https:\/\/www.ivb.ro\/#website"},"primaryImageOfPage":{"@id":"https:\/\/www.ivb.ro\/en\/intelbiomed#primaryimage"},"image":{"@id":"https:\/\/www.ivb.ro\/en\/intelbiomed#primaryimage"},"thumbnailUrl":"https:\/\/www.ivb.ro\/wp-content\/uploads\/2020\/10\/9.png","datePublished":"2021-06-18T09:14:50+00:00","dateModified":"2021-06-18T11:30:28+00:00","breadcrumb":{"@id":"https:\/\/www.ivb.ro\/en\/intelbiomed#breadcrumb"},"inLanguage":"en-GB","potentialAction":[{"@type":"ReadAction","target":["https:\/\/www.ivb.ro\/en\/intelbiomed"]}]},{"@type":"ImageObject","inLanguage":"en-GB","@id":"https:\/\/www.ivb.ro\/en\/intelbiomed#primaryimage","url":"https:\/\/www.ivb.ro\/wp-content\/uploads\/2020\/10\/9.png","contentUrl":"https:\/\/www.ivb.ro\/wp-content\/uploads\/2020\/10\/9.png"},{"@type":"BreadcrumbList","@id":"https:\/\/www.ivb.ro\/en\/intelbiomed#breadcrumb","itemListElement":[{"@type":"ListItem","position":1,"name":"Home","item":"https:\/\/www.ivb.ro\/"},{"@type":"ListItem","position":2,"name":"Intelbiomed"}]},{"@type":"WebSite","@id":"https:\/\/www.ivb.ro\/#website","url":"https:\/\/www.ivb.ro\/","name":"National Institute of Pathology Victor Babe\u015f - Bucharest","description":"National Institute of Pathology Victor Babe\u015f - Bucharest","publisher":{"@id":"https:\/\/www.ivb.ro\/#organization"},"potentialAction":[{"@type":"SearchAction","target":{"@type":"EntryPoint","urlTemplate":"https:\/\/www.ivb.ro\/?s={search_term_string}"},"query-input":{"@type":"PropertyValueSpecification","valueRequired":true,"valueName":"search_term_string"}}],"inLanguage":"en-GB"},{"@type":"Organization","@id":"https:\/\/www.ivb.ro\/#organization","name":"National Institute of Pathology Victor Babe\u015f - Bucharest","url":"https:\/\/www.ivb.ro\/","logo":{"@type":"ImageObject","inLanguage":"en-GB","@id":"https:\/\/www.ivb.ro\/#\/schema\/logo\/image\/","url":"https:\/\/www.ivb.ro\/wp-content\/uploads\/2021\/04\/top-logo.png","contentUrl":"https:\/\/www.ivb.ro\/wp-content\/uploads\/2021\/04\/top-logo.png","width":340,"height":190,"caption":"National Institute of Pathology Victor Babe\u015f - Bucharest"},"image":{"@id":"https:\/\/www.ivb.ro\/#\/schema\/logo\/image\/"},"sameAs":["https:\/\/www.facebook.com\/incdvb.ro","https:\/\/www.instagram.com\/institutul.victorbabes\/","https:\/\/ro.linkedin.com\/company\/victor-babes-national-institute-of-pathology"]}]}},"_links":{"self":[{"href":"https:\/\/www.ivb.ro\/en\/wp-json\/wp\/v2\/pages\/2202","targetHints":{"allow":["GET"]}}],"collection":[{"href":"https:\/\/www.ivb.ro\/en\/wp-json\/wp\/v2\/pages"}],"about":[{"href":"https:\/\/www.ivb.ro\/en\/wp-json\/wp\/v2\/types\/page"}],"author":[{"embeddable":true,"href":"https:\/\/www.ivb.ro\/en\/wp-json\/wp\/v2\/users\/1"}],"replies":[{"embeddable":true,"href":"https:\/\/www.ivb.ro\/en\/wp-json\/wp\/v2\/comments?post=2202"}],"version-history":[{"count":40,"href":"https:\/\/www.ivb.ro\/en\/wp-json\/wp\/v2\/pages\/2202\/revisions"}],"predecessor-version":[{"id":2266,"href":"https:\/\/www.ivb.ro\/en\/wp-json\/wp\/v2\/pages\/2202\/revisions\/2266"}],"wp:attachment":[{"href":"https:\/\/www.ivb.ro\/en\/wp-json\/wp\/v2\/media?parent=2202"}],"curies":[{"name":"wp","href":"https:\/\/api.w.org\/{rel}","templated":true}]}}