{"id":24,"date":"2020-07-20T12:39:43","date_gmt":"2020-07-20T12:39:43","guid":{"rendered":"http:\/\/ivb.ro\/?page_id=24"},"modified":"2025-06-04T10:52:08","modified_gmt":"2025-06-04T10:52:08","slug":"cercetare","status":"publish","type":"page","link":"https:\/\/www.ivb.ro\/en\/cercetare","title":{"rendered":"Research"},"content":{"rendered":"<div data-elementor-type=\"wp-page\" data-elementor-id=\"24\" class=\"elementor elementor-24\">\n\t\t\t\t\t\t<section class=\"elementor-section elementor-top-section elementor-element elementor-element-13b6ce6f elementor-section-content-middle elementor-section-stretched elementor-section-boxed elementor-section-height-default elementor-section-height-default\" data-id=\"13b6ce6f\" data-element_type=\"section\" data-e-type=\"section\" data-settings=\"{&quot;stretch_section&quot;:&quot;section-stretched&quot;}\">\n\t\t\t\t\t\t<div class=\"elementor-container elementor-column-gap-no\">\n\t\t\t\t\t<div class=\"elementor-column elementor-col-100 elementor-top-column elementor-element elementor-element-78f3e92a\" data-id=\"78f3e92a\" data-element_type=\"column\" data-e-type=\"column\">\n\t\t\t<div class=\"elementor-widget-wrap elementor-element-populated\">\n\t\t\t\t\t\t<section class=\"elementor-section elementor-inner-section elementor-element elementor-element-67684552 elementor-section-content-middle elementor-section-boxed elementor-section-height-default elementor-section-height-default\" data-id=\"67684552\" data-element_type=\"section\" data-e-type=\"section\">\n\t\t\t\t\t\t<div class=\"elementor-container elementor-column-gap-no\">\n\t\t\t\t\t<div class=\"elementor-column elementor-col-33 elementor-inner-column elementor-element elementor-element-726498d\" data-id=\"726498d\" data-element_type=\"column\" data-e-type=\"column\">\n\t\t\t<div class=\"elementor-widget-wrap elementor-element-populated\">\n\t\t\t\t\t\t<div class=\"elementor-element elementor-element-a4fc2c elementor-position-top elementor-widget elementor-widget-image-box\" data-id=\"a4fc2c\" data-element_type=\"widget\" data-e-type=\"widget\" data-widget_type=\"image-box.default\">\n\t\t\t\t<div class=\"elementor-widget-container\">\n\t\t\t\t\t<div class=\"elementor-image-box-wrapper\"><figure class=\"elementor-image-box-img\"><a href=\"https:\/\/www.ivb.ro\/en\/?page_id=37\" tabindex=\"-1\"><img fetchpriority=\"high\" decoding=\"async\" width=\"300\" height=\"200\" src=\"https:\/\/www.ivb.ro\/wp-content\/uploads\/2020\/10\/2-300x200.jpg\" class=\"elementor-animation-grow attachment-medium size-medium wp-image-627\" alt=\"\" srcset=\"https:\/\/www.ivb.ro\/wp-content\/uploads\/2020\/10\/2-300x200.jpg 300w, https:\/\/www.ivb.ro\/wp-content\/uploads\/2020\/10\/2-scaled-500x333.jpg 500w, https:\/\/www.ivb.ro\/wp-content\/uploads\/2020\/10\/2-1024x683.jpg 1024w, https:\/\/www.ivb.ro\/wp-content\/uploads\/2020\/10\/2-768x512.jpg 768w, https:\/\/www.ivb.ro\/wp-content\/uploads\/2020\/10\/2-1536x1024.jpg 1536w, https:\/\/www.ivb.ro\/wp-content\/uploads\/2020\/10\/2-2048x1365.jpg 2048w\" sizes=\"(max-width: 300px) 100vw, 300px\" \/><\/a><\/figure><div class=\"elementor-image-box-content\"><h3 class=\"elementor-image-box-title\"><a href=\"https:\/\/www.ivb.ro\/en\/?page_id=37\">Laboratories<\/a><\/h3><p class=\"elementor-image-box-description\">The \"Victor Babes\" Institute has 8 research units<\/p><\/div><\/div>\t\t\t\t<\/div>\n\t\t\t\t<\/div>\n\t\t\t\t<div class=\"elementor-element elementor-element-5e3d55fa elementor-align-center elementor-widget elementor-widget-button\" data-id=\"5e3d55fa\" data-element_type=\"widget\" data-e-type=\"widget\" data-widget_type=\"button.default\">\n\t\t\t\t<div class=\"elementor-widget-container\">\n\t\t\t\t\t\t\t\t\t<div class=\"elementor-button-wrapper\">\n\t\t\t\t\t<a class=\"elementor-button elementor-button-link elementor-size-sm\" href=\"https:\/\/www.ivb.ro\/en\/?page_id=37\">\n\t\t\t\t\t\t<span class=\"elementor-button-content-wrapper\">\n\t\t\t\t\t\t\t\t\t<span class=\"elementor-button-text\">Read More<\/span>\n\t\t\t\t\t<\/span>\n\t\t\t\t\t<\/a>\n\t\t\t\t<\/div>\n\t\t\t\t\t\t\t\t<\/div>\n\t\t\t\t<\/div>\n\t\t\t\t\t<\/div>\n\t\t<\/div>\n\t\t\t\t<div class=\"elementor-column elementor-col-33 elementor-inner-column elementor-element elementor-element-20ea0217\" data-id=\"20ea0217\" data-element_type=\"column\" data-e-type=\"column\">\n\t\t\t<div class=\"elementor-widget-wrap elementor-element-populated\">\n\t\t\t\t\t\t<div class=\"elementor-element elementor-element-6e00ecd8 elementor-position-top elementor-widget elementor-widget-image-box\" data-id=\"6e00ecd8\" data-element_type=\"widget\" data-e-type=\"widget\" data-widget_type=\"image-box.default\">\n\t\t\t\t<div class=\"elementor-widget-container\">\n\t\t\t\t\t<div class=\"elementor-image-box-wrapper\"><figure class=\"elementor-image-box-img\"><a href=\"https:\/\/www.ivb.ro\/en\/proiecte-ivb\/\" tabindex=\"-1\"><img decoding=\"async\" width=\"768\" height=\"418\" src=\"https:\/\/www.ivb.ro\/wp-content\/uploads\/2020\/10\/3-e1602461359216-768x418.jpg\" class=\"elementor-animation-grow attachment-medium_large size-medium_large wp-image-628\" alt=\"\" srcset=\"https:\/\/www.ivb.ro\/wp-content\/uploads\/2020\/10\/3-e1602461359216-768x418.jpg 768w, https:\/\/www.ivb.ro\/wp-content\/uploads\/2020\/10\/3-e1602461359216-500x272.jpg 500w, https:\/\/www.ivb.ro\/wp-content\/uploads\/2020\/10\/3-e1602461359216-300x163.jpg 300w, https:\/\/www.ivb.ro\/wp-content\/uploads\/2020\/10\/3-e1602461359216.jpg 1014w\" sizes=\"(max-width: 768px) 100vw, 768px\" \/><\/a><\/figure><div class=\"elementor-image-box-content\"><h3 class=\"elementor-image-box-title\"><a href=\"https:\/\/www.ivb.ro\/en\/proiecte-ivb\/\">Ongoing projects<\/a><\/h3><p class=\"elementor-image-box-description\">National and international competitions run by the partners<\/p><\/div><\/div>\t\t\t\t<\/div>\n\t\t\t\t<\/div>\n\t\t\t\t<div class=\"elementor-element elementor-element-75e383ec elementor-align-center elementor-widget elementor-widget-button\" data-id=\"75e383ec\" data-element_type=\"widget\" data-e-type=\"widget\" data-widget_type=\"button.default\">\n\t\t\t\t<div class=\"elementor-widget-container\">\n\t\t\t\t\t\t\t\t\t<div class=\"elementor-button-wrapper\">\n\t\t\t\t\t<a class=\"elementor-button elementor-button-link elementor-size-sm\" href=\"https:\/\/www.ivb.ro\/en\/proiecte-ivb\/\">\n\t\t\t\t\t\t<span class=\"elementor-button-content-wrapper\">\n\t\t\t\t\t\t\t\t\t<span class=\"elementor-button-text\">READ MORE<\/span>\n\t\t\t\t\t<\/span>\n\t\t\t\t\t<\/a>\n\t\t\t\t<\/div>\n\t\t\t\t\t\t\t\t<\/div>\n\t\t\t\t<\/div>\n\t\t\t\t\t<\/div>\n\t\t<\/div>\n\t\t\t\t<div class=\"elementor-column elementor-col-33 elementor-inner-column elementor-element elementor-element-5f2e9d11\" data-id=\"5f2e9d11\" data-element_type=\"column\" data-e-type=\"column\">\n\t\t\t<div class=\"elementor-widget-wrap elementor-element-populated\">\n\t\t\t\t\t\t<div class=\"elementor-element elementor-element-42577181 elementor-position-top elementor-widget elementor-widget-image-box\" data-id=\"42577181\" data-element_type=\"widget\" data-e-type=\"widget\" data-widget_type=\"image-box.default\">\n\t\t\t\t<div class=\"elementor-widget-container\">\n\t\t\t\t\t<div class=\"elementor-image-box-wrapper\"><figure class=\"elementor-image-box-img\"><a href=\"https:\/\/www.ivb.ro\/en\/registrul-de-evidenta-al-rezultatelor-cercetarii\/\" tabindex=\"-1\"><img decoding=\"async\" width=\"222\" height=\"230\" src=\"https:\/\/www.ivb.ro\/wp-content\/uploads\/2024\/09\/report_oversight.webp\" class=\"elementor-animation-grow attachment-medium size-medium wp-image-9894\" alt=\"\" srcset=\"https:\/\/www.ivb.ro\/wp-content\/uploads\/2024\/09\/report_oversight.webp 222w, https:\/\/www.ivb.ro\/wp-content\/uploads\/2024\/09\/report_oversight-12x12.webp 12w\" sizes=\"(max-width: 222px) 100vw, 222px\" \/><\/a><\/figure><div class=\"elementor-image-box-content\"><h3 class=\"elementor-image-box-title\"><a href=\"https:\/\/www.ivb.ro\/en\/registrul-de-evidenta-al-rezultatelor-cercetarii\/\">A record of the results of the research<\/a><\/h3><p class=\"elementor-image-box-description\">2019 - 2024<\/p><\/div><\/div>\t\t\t\t<\/div>\n\t\t\t\t<\/div>\n\t\t\t\t<div class=\"elementor-element elementor-element-6bc5422b elementor-align-center elementor-widget elementor-widget-button\" data-id=\"6bc5422b\" data-element_type=\"widget\" data-e-type=\"widget\" data-widget_type=\"button.default\">\n\t\t\t\t<div class=\"elementor-widget-container\">\n\t\t\t\t\t\t\t\t\t<div class=\"elementor-button-wrapper\">\n\t\t\t\t\t<a class=\"elementor-button elementor-button-link elementor-size-md\" href=\"https:\/\/www.ivb.ro\/en\/registrul-de-evidenta-al-rezultatelor-cercetarii\/\">\n\t\t\t\t\t\t<span class=\"elementor-button-content-wrapper\">\n\t\t\t\t\t\t\t\t\t<span class=\"elementor-button-text\">Read more<\/span>\n\t\t\t\t\t<\/span>\n\t\t\t\t\t<\/a>\n\t\t\t\t<\/div>\n\t\t\t\t\t\t\t\t<\/div>\n\t\t\t\t<\/div>\n\t\t\t\t\t<\/div>\n\t\t<\/div>\n\t\t\t\t\t<\/div>\n\t\t<\/section>\n\t\t\t\t\t<\/div>\n\t\t<\/div>\n\t\t\t\t\t<\/div>\n\t\t<\/section>\n\t\t\t\t<\/div>","protected":false},"excerpt":{"rendered":"<p>Laboratoare Institutul Victor Babes are 8 unitati de cercetare Citeste Mai mult Proiecte in desfasurare Competitii nationale si internationale derulate cu parteneri CITESTE MAI MULT Registrul de eviden\u0163\u0103 a rezultatelor cercet\u0103rii 2019 &#8211; 2024 Citeste mai mult<\/p>","protected":false},"author":1,"featured_media":0,"parent":0,"menu_order":0,"comment_status":"closed","ping_status":"closed","template":"","meta":{"ngg_post_thumbnail":0,"footnotes":""},"class_list":["post-24","page","type-page","status-publish","hentry"],"yoast_head":"<!-- This site is optimized with the Yoast SEO plugin v27.2 - https:\/\/yoast.com\/product\/yoast-seo-wordpress\/ -->\n<title>Cercetare - National Institute of Pathology Victor Babe\u015f - Bucharest<\/title>\n<meta name=\"robots\" content=\"index, follow, max-snippet:-1, max-image-preview:large, max-video-preview:-1\" \/>\n<link rel=\"canonical\" href=\"https:\/\/www.ivb.ro\/en\/cercetare\/\" \/>\n<meta property=\"og:locale\" content=\"en_GB\" \/>\n<meta property=\"og:type\" content=\"article\" \/>\n<meta property=\"og:title\" content=\"Cercetare - National Institute of Pathology Victor Babe\u015f - Bucharest\" \/>\n<meta property=\"og:description\" content=\"Laboratoare Institutul Victor Babes are 8 unitati de cercetare Citeste Mai mult Proiecte in desfasurare Competitii nationale si internationale derulate cu parteneri CITESTE MAI MULT Registrul de eviden\u0163\u0103 a rezultatelor cercet\u0103rii 2019 &#8211; 2024 Citeste mai mult\" \/>\n<meta property=\"og:url\" content=\"https:\/\/www.ivb.ro\/en\/cercetare\/\" \/>\n<meta property=\"og:site_name\" content=\"National Institute of Pathology Victor Babe\u015f - Bucharest\" \/>\n<meta property=\"article:publisher\" content=\"https:\/\/www.facebook.com\/incdvb.ro\" \/>\n<meta property=\"article:modified_time\" content=\"2025-06-04T10:52:08+00:00\" \/>\n<meta property=\"og:image\" content=\"https:\/\/www.ivb.ro\/wp-content\/uploads\/2020\/10\/2-scaled.jpg\" \/>\n\t<meta property=\"og:image:width\" content=\"2560\" \/>\n\t<meta property=\"og:image:height\" content=\"1707\" \/>\n\t<meta property=\"og:image:type\" content=\"image\/jpeg\" \/>\n<meta name=\"twitter:card\" content=\"summary_large_image\" \/>\n<script type=\"application\/ld+json\" class=\"yoast-schema-graph\">{\"@context\":\"https:\/\/schema.org\",\"@graph\":[{\"@type\":\"WebPage\",\"@id\":\"https:\/\/www.ivb.ro\/cercetare\",\"url\":\"https:\/\/www.ivb.ro\/cercetare\",\"name\":\"Cercetare - National Institute of Pathology Victor Babe\u015f - Bucharest\",\"isPartOf\":{\"@id\":\"https:\/\/www.ivb.ro\/#website\"},\"primaryImageOfPage\":{\"@id\":\"https:\/\/www.ivb.ro\/cercetare#primaryimage\"},\"image\":{\"@id\":\"https:\/\/www.ivb.ro\/cercetare#primaryimage\"},\"thumbnailUrl\":\"https:\/\/www.ivb.ro\/wp-content\/uploads\/2020\/10\/2-300x200.jpg\",\"datePublished\":\"2020-07-20T12:39:43+00:00\",\"dateModified\":\"2025-06-04T10:52:08+00:00\",\"breadcrumb\":{\"@id\":\"https:\/\/www.ivb.ro\/cercetare#breadcrumb\"},\"inLanguage\":\"en-GB\",\"potentialAction\":[{\"@type\":\"ReadAction\",\"target\":[\"https:\/\/www.ivb.ro\/cercetare\"]}]},{\"@type\":\"ImageObject\",\"inLanguage\":\"en-GB\",\"@id\":\"https:\/\/www.ivb.ro\/cercetare#primaryimage\",\"url\":\"https:\/\/www.ivb.ro\/wp-content\/uploads\/2020\/10\/2-300x200.jpg\",\"contentUrl\":\"https:\/\/www.ivb.ro\/wp-content\/uploads\/2020\/10\/2-300x200.jpg\"},{\"@type\":\"BreadcrumbList\",\"@id\":\"https:\/\/www.ivb.ro\/cercetare#breadcrumb\",\"itemListElement\":[{\"@type\":\"ListItem\",\"position\":1,\"name\":\"Home\",\"item\":\"https:\/\/www.ivb.ro\/\"},{\"@type\":\"ListItem\",\"position\":2,\"name\":\"Cercetare\"}]},{\"@type\":\"WebSite\",\"@id\":\"https:\/\/www.ivb.ro\/#website\",\"url\":\"https:\/\/www.ivb.ro\/\",\"name\":\"National Institute of Pathology Victor Babe\u015f - Bucharest\",\"description\":\"National Institute of Pathology Victor Babe\u015f - Bucharest\",\"publisher\":{\"@id\":\"https:\/\/www.ivb.ro\/#organization\"},\"potentialAction\":[{\"@type\":\"SearchAction\",\"target\":{\"@type\":\"EntryPoint\",\"urlTemplate\":\"https:\/\/www.ivb.ro\/?s={search_term_string}\"},\"query-input\":{\"@type\":\"PropertyValueSpecification\",\"valueRequired\":true,\"valueName\":\"search_term_string\"}}],\"inLanguage\":\"en-GB\"},{\"@type\":\"Organization\",\"@id\":\"https:\/\/www.ivb.ro\/#organization\",\"name\":\"National Institute of Pathology Victor Babe\u015f - Bucharest\",\"url\":\"https:\/\/www.ivb.ro\/\",\"logo\":{\"@type\":\"ImageObject\",\"inLanguage\":\"en-GB\",\"@id\":\"https:\/\/www.ivb.ro\/#\/schema\/logo\/image\/\",\"url\":\"https:\/\/www.ivb.ro\/wp-content\/uploads\/2021\/04\/top-logo.png\",\"contentUrl\":\"https:\/\/www.ivb.ro\/wp-content\/uploads\/2021\/04\/top-logo.png\",\"width\":340,\"height\":190,\"caption\":\"National Institute of Pathology Victor Babe\u015f - Bucharest\"},\"image\":{\"@id\":\"https:\/\/www.ivb.ro\/#\/schema\/logo\/image\/\"},\"sameAs\":[\"https:\/\/www.facebook.com\/incdvb.ro\",\"https:\/\/www.instagram.com\/institutul.victorbabes\/\",\"https:\/\/ro.linkedin.com\/company\/victor-babes-national-institute-of-pathology\"]}]}<\/script>\n<!-- \/ Yoast SEO plugin. -->","yoast_head_json":{"title":"Cercetare - National Institute of Pathology Victor Babe\u015f - Bucharest","robots":{"index":"index","follow":"follow","max-snippet":"max-snippet:-1","max-image-preview":"max-image-preview:large","max-video-preview":"max-video-preview:-1"},"canonical":"https:\/\/www.ivb.ro\/en\/cercetare\/","og_locale":"en_GB","og_type":"article","og_title":"Cercetare - National Institute of Pathology Victor Babe\u015f - Bucharest","og_description":"Laboratoare Institutul Victor Babes are 8 unitati de cercetare Citeste Mai mult Proiecte in desfasurare Competitii nationale si internationale derulate cu parteneri CITESTE MAI MULT Registrul de eviden\u0163\u0103 a rezultatelor cercet\u0103rii 2019 &#8211; 2024 Citeste mai mult","og_url":"https:\/\/www.ivb.ro\/en\/cercetare\/","og_site_name":"National Institute of Pathology Victor Babe\u015f - Bucharest","article_publisher":"https:\/\/www.facebook.com\/incdvb.ro","article_modified_time":"2025-06-04T10:52:08+00:00","og_image":[{"width":2560,"height":1707,"url":"https:\/\/www.ivb.ro\/wp-content\/uploads\/2020\/10\/2-scaled.jpg","type":"image\/jpeg"}],"twitter_card":"summary_large_image","schema":{"@context":"https:\/\/schema.org","@graph":[{"@type":"WebPage","@id":"https:\/\/www.ivb.ro\/cercetare","url":"https:\/\/www.ivb.ro\/cercetare","name":"Cercetare - National Institute of Pathology Victor Babe\u015f - Bucharest","isPartOf":{"@id":"https:\/\/www.ivb.ro\/#website"},"primaryImageOfPage":{"@id":"https:\/\/www.ivb.ro\/cercetare#primaryimage"},"image":{"@id":"https:\/\/www.ivb.ro\/cercetare#primaryimage"},"thumbnailUrl":"https:\/\/www.ivb.ro\/wp-content\/uploads\/2020\/10\/2-300x200.jpg","datePublished":"2020-07-20T12:39:43+00:00","dateModified":"2025-06-04T10:52:08+00:00","breadcrumb":{"@id":"https:\/\/www.ivb.ro\/cercetare#breadcrumb"},"inLanguage":"en-GB","potentialAction":[{"@type":"ReadAction","target":["https:\/\/www.ivb.ro\/cercetare"]}]},{"@type":"ImageObject","inLanguage":"en-GB","@id":"https:\/\/www.ivb.ro\/cercetare#primaryimage","url":"https:\/\/www.ivb.ro\/wp-content\/uploads\/2020\/10\/2-300x200.jpg","contentUrl":"https:\/\/www.ivb.ro\/wp-content\/uploads\/2020\/10\/2-300x200.jpg"},{"@type":"BreadcrumbList","@id":"https:\/\/www.ivb.ro\/cercetare#breadcrumb","itemListElement":[{"@type":"ListItem","position":1,"name":"Home","item":"https:\/\/www.ivb.ro\/"},{"@type":"ListItem","position":2,"name":"Cercetare"}]},{"@type":"WebSite","@id":"https:\/\/www.ivb.ro\/#website","url":"https:\/\/www.ivb.ro\/","name":"National Institute of Pathology Victor Babe\u015f - Bucharest","description":"National Institute of Pathology Victor Babe\u015f - Bucharest","publisher":{"@id":"https:\/\/www.ivb.ro\/#organization"},"potentialAction":[{"@type":"SearchAction","target":{"@type":"EntryPoint","urlTemplate":"https:\/\/www.ivb.ro\/?s={search_term_string}"},"query-input":{"@type":"PropertyValueSpecification","valueRequired":true,"valueName":"search_term_string"}}],"inLanguage":"en-GB"},{"@type":"Organization","@id":"https:\/\/www.ivb.ro\/#organization","name":"National Institute of Pathology Victor Babe\u015f - Bucharest","url":"https:\/\/www.ivb.ro\/","logo":{"@type":"ImageObject","inLanguage":"en-GB","@id":"https:\/\/www.ivb.ro\/#\/schema\/logo\/image\/","url":"https:\/\/www.ivb.ro\/wp-content\/uploads\/2021\/04\/top-logo.png","contentUrl":"https:\/\/www.ivb.ro\/wp-content\/uploads\/2021\/04\/top-logo.png","width":340,"height":190,"caption":"National Institute of Pathology Victor Babe\u015f - Bucharest"},"image":{"@id":"https:\/\/www.ivb.ro\/#\/schema\/logo\/image\/"},"sameAs":["https:\/\/www.facebook.com\/incdvb.ro","https:\/\/www.instagram.com\/institutul.victorbabes\/","https:\/\/ro.linkedin.com\/company\/victor-babes-national-institute-of-pathology"]}]}},"_links":{"self":[{"href":"https:\/\/www.ivb.ro\/en\/wp-json\/wp\/v2\/pages\/24","targetHints":{"allow":["GET"]}}],"collection":[{"href":"https:\/\/www.ivb.ro\/en\/wp-json\/wp\/v2\/pages"}],"about":[{"href":"https:\/\/www.ivb.ro\/en\/wp-json\/wp\/v2\/types\/page"}],"author":[{"embeddable":true,"href":"https:\/\/www.ivb.ro\/en\/wp-json\/wp\/v2\/users\/1"}],"replies":[{"embeddable":true,"href":"https:\/\/www.ivb.ro\/en\/wp-json\/wp\/v2\/comments?post=24"}],"version-history":[{"count":34,"href":"https:\/\/www.ivb.ro\/en\/wp-json\/wp\/v2\/pages\/24\/revisions"}],"predecessor-version":[{"id":12092,"href":"https:\/\/www.ivb.ro\/en\/wp-json\/wp\/v2\/pages\/24\/revisions\/12092"}],"wp:attachment":[{"href":"https:\/\/www.ivb.ro\/en\/wp-json\/wp\/v2\/media?parent=24"}],"curies":[{"name":"wp","href":"https:\/\/api.w.org\/{rel}","templated":true}]}}