{"id":271,"date":"2020-08-05T07:41:53","date_gmt":"2020-08-05T07:41:53","guid":{"rendered":"http:\/\/ivb.ro\/?page_id=271"},"modified":"2024-04-10T12:23:46","modified_gmt":"2024-04-10T12:23:46","slug":"laborator-imunologie","status":"publish","type":"page","link":"https:\/\/www.ivb.ro\/en\/laborator-imunologie","title":{"rendered":"Immunology"},"content":{"rendered":"<div data-elementor-type=\"wp-page\" data-elementor-id=\"271\" class=\"elementor elementor-271\">\n\t\t\t\t\t\t<section class=\"elementor-section elementor-top-section elementor-element elementor-element-67f1565a elementor-section-content-middle elementor-section-stretched elementor-section-boxed elementor-section-height-default elementor-section-height-default\" data-id=\"67f1565a\" data-element_type=\"section\" data-e-type=\"section\" data-settings=\"{&quot;background_background&quot;:&quot;classic&quot;,&quot;stretch_section&quot;:&quot;section-stretched&quot;}\">\n\t\t\t\t\t\t\t<div class=\"elementor-background-overlay\"><\/div>\n\t\t\t\t\t\t\t<div class=\"elementor-container elementor-column-gap-no\">\n\t\t\t\t\t<div class=\"elementor-column elementor-col-100 elementor-top-column elementor-element elementor-element-67fd93cd\" data-id=\"67fd93cd\" data-element_type=\"column\" data-e-type=\"column\">\n\t\t\t<div class=\"elementor-widget-wrap elementor-element-populated\">\n\t\t\t\t\t\t<div class=\"elementor-element elementor-element-200c6c02 elementor-widget elementor-widget-heading\" data-id=\"200c6c02\" data-element_type=\"widget\" data-e-type=\"widget\" data-widget_type=\"heading.default\">\n\t\t\t\t<div class=\"elementor-widget-container\">\n\t\t\t\t\t<h4 class=\"elementor-heading-title elementor-size-default\">Laboratory of Immunology<\/h4>\t\t\t\t<\/div>\n\t\t\t\t<\/div>\n\t\t\t\t<div class=\"elementor-element elementor-element-3453f87b elementor-widget elementor-widget-heading\" data-id=\"3453f87b\" data-element_type=\"widget\" data-e-type=\"widget\" data-widget_type=\"heading.default\">\n\t\t\t\t<div class=\"elementor-widget-container\">\n\t\t\t\t\t<h5 class=\"elementor-heading-title elementor-size-default\">The laboratory of Immunology (IL) is a research unit of\nthe <\/br> The National institute of Pathology, Victor Babes  Bucharest,\n Romania\n<\/br> specializing in the research of immunology<\/h5>\t\t\t\t<\/div>\n\t\t\t\t<\/div>\n\t\t\t\t\t<\/div>\n\t\t<\/div>\n\t\t\t\t\t<\/div>\n\t\t<\/section>\n\t\t\t\t<section class=\"elementor-section elementor-top-section elementor-element elementor-element-e9c3ead elementor-section-stretched elementor-section-boxed elementor-section-height-default elementor-section-height-default\" data-id=\"e9c3ead\" data-element_type=\"section\" data-e-type=\"section\" data-settings=\"{&quot;stretch_section&quot;:&quot;section-stretched&quot;}\">\n\t\t\t\t\t\t<div class=\"elementor-container elementor-column-gap-default\">\n\t\t\t\t\t<div class=\"elementor-column elementor-col-100 elementor-top-column elementor-element elementor-element-9534945\" data-id=\"9534945\" data-element_type=\"column\" data-e-type=\"column\">\n\t\t\t<div class=\"elementor-widget-wrap elementor-element-populated\">\n\t\t\t\t\t\t<div class=\"elementor-element elementor-element-41dc2f2 elementor-widget elementor-widget-text-editor\" data-id=\"41dc2f2\" data-element_type=\"widget\" data-e-type=\"widget\" data-widget_type=\"text-editor.default\">\n\t\t\t\t<div class=\"elementor-widget-container\">\n\t\t\t\t\t\t\t\t\t<p><span style=\"color: #000000;\">The main focus of the research of the Laboratory of Immunology, it is the involvement of immune mechanisms in physiological and pathological processes (primarily autoimmune diseases, and oncology). Laboratory of immunology, developed in the present project focused on the evaluation of the parameters of the immune, to improve the diagnosis, monitoring, clinical course, and personalization of therapy at the diseases of the skin, the main disturbance of the immune system in psoriasis, and cancer of the skin, in both melanoma and non-melanoma skin cancers. They have been developed in animal models of this disease, carcinogenesis of the skin, and melanoma of the skin in order to study the involvement of the immune system in the initiation and evolution of the diseases studied. New therapies, and new approaches to diseases of the skin have been developed using the data collected. There have been established the international cooperation in this field, including the Department of Dermatology, University of Modena and has been filled in the patent, both in therapeutic approaches, as well as molecular mechanisms in the pathology of skin.<\/span><\/p><p><span style=\"color: #000000;\">On the area, the identification of new drug therapies, Laboratory of Immunology is developing in the field of imunotoxicologiei, in an attempt to test the therapies and compounds for use in various diseases of the skin. In this area, having been established international collaboration with the University of Crete, University of Santiago de Compostela, Istituto Italiano di Tecnologia, and the University of Salerno. The last, and, most recently, addressed the area, it is the investigation of the memory is immune to the infection by the virus SARSCoV-2. In response to the current pandemic, Laboratory of Immunology, was developed in collaboration with national on-site hospital is engaged in the front line of the pandemic Covid-19 in many developed countries at the international level, at the University of Pittsburgh, University of Verona, University of Crete.<\/span><\/p>\t\t\t\t\t\t\t\t<\/div>\n\t\t\t\t<\/div>\n\t\t\t\t\t<\/div>\n\t\t<\/div>\n\t\t\t\t\t<\/div>\n\t\t<\/section>\n\t\t\t\t<\/div>","protected":false},"excerpt":{"rendered":"<p>Laboratorul de Imunologie Laboratorul de Imunologie (IL) este o unitate de cercetare al Institutului Na\u021bional de Patologie Victor Babe\u0219 din Bucure\u0219ti, Rom\u00e2nia, specializat\u0103 \u00een cercetarea imunologic\u0103 Principala tem\u0103 de cercetare a Laboratorului de Imunologie este implicarea mecanismelor imune \u00een procese fiziologice \u0219i patologice (\u00een principal boli autoimune \u0219i oncologie). Laboratorul de imunologie dezvolt\u0103 \u00een prezent&hellip; <\/p>","protected":false},"author":1,"featured_media":0,"parent":0,"menu_order":0,"comment_status":"closed","ping_status":"closed","template":"","meta":{"ngg_post_thumbnail":0,"footnotes":""},"class_list":["post-271","page","type-page","status-publish","hentry"],"yoast_head":"<!-- This site is optimized with the Yoast SEO plugin v27.2 - https:\/\/yoast.com\/product\/yoast-seo-wordpress\/ -->\n<title>Immunology - National Institute of Pathology Victor Babe\u015f - Bucharest<\/title>\n<meta name=\"robots\" content=\"index, follow, max-snippet:-1, max-image-preview:large, max-video-preview:-1\" \/>\n<link rel=\"canonical\" href=\"https:\/\/www.ivb.ro\/en\/laborator-imunologie\/\" \/>\n<meta property=\"og:locale\" content=\"en_GB\" \/>\n<meta property=\"og:type\" content=\"article\" \/>\n<meta property=\"og:title\" content=\"Immunology - National Institute of Pathology Victor Babe\u015f - Bucharest\" \/>\n<meta property=\"og:description\" content=\"Laboratorul de Imunologie Laboratorul de Imunologie (IL) este o unitate de cercetare al Institutului Na\u021bional de Patologie Victor Babe\u0219 din Bucure\u0219ti, Rom\u00e2nia, specializat\u0103 \u00een cercetarea imunologic\u0103 Principala tem\u0103 de cercetare a Laboratorului de Imunologie este implicarea mecanismelor imune \u00een procese fiziologice \u0219i patologice (\u00een principal boli autoimune \u0219i oncologie). Laboratorul de imunologie dezvolt\u0103 \u00een prezent&hellip;\" \/>\n<meta property=\"og:url\" content=\"https:\/\/www.ivb.ro\/en\/laborator-imunologie\/\" \/>\n<meta property=\"og:site_name\" content=\"National Institute of Pathology Victor Babe\u015f - Bucharest\" \/>\n<meta property=\"article:publisher\" content=\"https:\/\/www.facebook.com\/incdvb.ro\" \/>\n<meta property=\"article:modified_time\" content=\"2024-04-10T12:23:46+00:00\" \/>\n<meta name=\"twitter:card\" content=\"summary_large_image\" \/>\n<meta name=\"twitter:label1\" content=\"Estimated reading time\" \/>\n\t<meta name=\"twitter:data1\" content=\"2 minutes\" \/>\n<script type=\"application\/ld+json\" class=\"yoast-schema-graph\">{\"@context\":\"https:\/\/schema.org\",\"@graph\":[{\"@type\":\"WebPage\",\"@id\":\"https:\/\/www.ivb.ro\/laborator-imunologie\",\"url\":\"https:\/\/www.ivb.ro\/laborator-imunologie\",\"name\":\"Immunology - National Institute of Pathology Victor Babe\u015f - Bucharest\",\"isPartOf\":{\"@id\":\"https:\/\/www.ivb.ro\/#website\"},\"datePublished\":\"2020-08-05T07:41:53+00:00\",\"dateModified\":\"2024-04-10T12:23:46+00:00\",\"breadcrumb\":{\"@id\":\"https:\/\/www.ivb.ro\/laborator-imunologie#breadcrumb\"},\"inLanguage\":\"en-GB\",\"potentialAction\":[{\"@type\":\"ReadAction\",\"target\":[\"https:\/\/www.ivb.ro\/laborator-imunologie\"]}]},{\"@type\":\"BreadcrumbList\",\"@id\":\"https:\/\/www.ivb.ro\/laborator-imunologie#breadcrumb\",\"itemListElement\":[{\"@type\":\"ListItem\",\"position\":1,\"name\":\"Home\",\"item\":\"https:\/\/www.ivb.ro\/\"},{\"@type\":\"ListItem\",\"position\":2,\"name\":\"Immunology\"}]},{\"@type\":\"WebSite\",\"@id\":\"https:\/\/www.ivb.ro\/#website\",\"url\":\"https:\/\/www.ivb.ro\/\",\"name\":\"National Institute of Pathology Victor Babe\u015f - Bucharest\",\"description\":\"National Institute of Pathology Victor Babe\u015f - Bucharest\",\"publisher\":{\"@id\":\"https:\/\/www.ivb.ro\/#organization\"},\"potentialAction\":[{\"@type\":\"SearchAction\",\"target\":{\"@type\":\"EntryPoint\",\"urlTemplate\":\"https:\/\/www.ivb.ro\/?s={search_term_string}\"},\"query-input\":{\"@type\":\"PropertyValueSpecification\",\"valueRequired\":true,\"valueName\":\"search_term_string\"}}],\"inLanguage\":\"en-GB\"},{\"@type\":\"Organization\",\"@id\":\"https:\/\/www.ivb.ro\/#organization\",\"name\":\"National Institute of Pathology Victor Babe\u015f - Bucharest\",\"url\":\"https:\/\/www.ivb.ro\/\",\"logo\":{\"@type\":\"ImageObject\",\"inLanguage\":\"en-GB\",\"@id\":\"https:\/\/www.ivb.ro\/#\/schema\/logo\/image\/\",\"url\":\"https:\/\/www.ivb.ro\/wp-content\/uploads\/2021\/04\/top-logo.png\",\"contentUrl\":\"https:\/\/www.ivb.ro\/wp-content\/uploads\/2021\/04\/top-logo.png\",\"width\":340,\"height\":190,\"caption\":\"National Institute of Pathology Victor Babe\u015f - Bucharest\"},\"image\":{\"@id\":\"https:\/\/www.ivb.ro\/#\/schema\/logo\/image\/\"},\"sameAs\":[\"https:\/\/www.facebook.com\/incdvb.ro\",\"https:\/\/www.instagram.com\/institutul.victorbabes\/\",\"https:\/\/ro.linkedin.com\/company\/victor-babes-national-institute-of-pathology\"]}]}<\/script>\n<!-- \/ Yoast SEO plugin. -->","yoast_head_json":{"title":"Immunology - National Institute of Pathology Victor Babe\u015f - Bucharest","robots":{"index":"index","follow":"follow","max-snippet":"max-snippet:-1","max-image-preview":"max-image-preview:large","max-video-preview":"max-video-preview:-1"},"canonical":"https:\/\/www.ivb.ro\/en\/laborator-imunologie\/","og_locale":"en_GB","og_type":"article","og_title":"Immunology - National Institute of Pathology Victor Babe\u015f - Bucharest","og_description":"Laboratorul de Imunologie Laboratorul de Imunologie (IL) este o unitate de cercetare al Institutului Na\u021bional de Patologie Victor Babe\u0219 din Bucure\u0219ti, Rom\u00e2nia, specializat\u0103 \u00een cercetarea imunologic\u0103 Principala tem\u0103 de cercetare a Laboratorului de Imunologie este implicarea mecanismelor imune \u00een procese fiziologice \u0219i patologice (\u00een principal boli autoimune \u0219i oncologie). Laboratorul de imunologie dezvolt\u0103 \u00een prezent&hellip;","og_url":"https:\/\/www.ivb.ro\/en\/laborator-imunologie\/","og_site_name":"National Institute of Pathology Victor Babe\u015f - Bucharest","article_publisher":"https:\/\/www.facebook.com\/incdvb.ro","article_modified_time":"2024-04-10T12:23:46+00:00","twitter_card":"summary_large_image","twitter_misc":{"Estimated reading time":"2 minutes"},"schema":{"@context":"https:\/\/schema.org","@graph":[{"@type":"WebPage","@id":"https:\/\/www.ivb.ro\/laborator-imunologie","url":"https:\/\/www.ivb.ro\/laborator-imunologie","name":"Immunology - National Institute of Pathology Victor Babe\u015f - Bucharest","isPartOf":{"@id":"https:\/\/www.ivb.ro\/#website"},"datePublished":"2020-08-05T07:41:53+00:00","dateModified":"2024-04-10T12:23:46+00:00","breadcrumb":{"@id":"https:\/\/www.ivb.ro\/laborator-imunologie#breadcrumb"},"inLanguage":"en-GB","potentialAction":[{"@type":"ReadAction","target":["https:\/\/www.ivb.ro\/laborator-imunologie"]}]},{"@type":"BreadcrumbList","@id":"https:\/\/www.ivb.ro\/laborator-imunologie#breadcrumb","itemListElement":[{"@type":"ListItem","position":1,"name":"Home","item":"https:\/\/www.ivb.ro\/"},{"@type":"ListItem","position":2,"name":"Immunology"}]},{"@type":"WebSite","@id":"https:\/\/www.ivb.ro\/#website","url":"https:\/\/www.ivb.ro\/","name":"National Institute of Pathology Victor Babe\u015f - Bucharest","description":"National Institute of Pathology Victor Babe\u015f - Bucharest","publisher":{"@id":"https:\/\/www.ivb.ro\/#organization"},"potentialAction":[{"@type":"SearchAction","target":{"@type":"EntryPoint","urlTemplate":"https:\/\/www.ivb.ro\/?s={search_term_string}"},"query-input":{"@type":"PropertyValueSpecification","valueRequired":true,"valueName":"search_term_string"}}],"inLanguage":"en-GB"},{"@type":"Organization","@id":"https:\/\/www.ivb.ro\/#organization","name":"National Institute of Pathology Victor Babe\u015f - Bucharest","url":"https:\/\/www.ivb.ro\/","logo":{"@type":"ImageObject","inLanguage":"en-GB","@id":"https:\/\/www.ivb.ro\/#\/schema\/logo\/image\/","url":"https:\/\/www.ivb.ro\/wp-content\/uploads\/2021\/04\/top-logo.png","contentUrl":"https:\/\/www.ivb.ro\/wp-content\/uploads\/2021\/04\/top-logo.png","width":340,"height":190,"caption":"National Institute of Pathology Victor Babe\u015f - Bucharest"},"image":{"@id":"https:\/\/www.ivb.ro\/#\/schema\/logo\/image\/"},"sameAs":["https:\/\/www.facebook.com\/incdvb.ro","https:\/\/www.instagram.com\/institutul.victorbabes\/","https:\/\/ro.linkedin.com\/company\/victor-babes-national-institute-of-pathology"]}]}},"_links":{"self":[{"href":"https:\/\/www.ivb.ro\/en\/wp-json\/wp\/v2\/pages\/271","targetHints":{"allow":["GET"]}}],"collection":[{"href":"https:\/\/www.ivb.ro\/en\/wp-json\/wp\/v2\/pages"}],"about":[{"href":"https:\/\/www.ivb.ro\/en\/wp-json\/wp\/v2\/types\/page"}],"author":[{"embeddable":true,"href":"https:\/\/www.ivb.ro\/en\/wp-json\/wp\/v2\/users\/1"}],"replies":[{"embeddable":true,"href":"https:\/\/www.ivb.ro\/en\/wp-json\/wp\/v2\/comments?post=271"}],"version-history":[{"count":53,"href":"https:\/\/www.ivb.ro\/en\/wp-json\/wp\/v2\/pages\/271\/revisions"}],"predecessor-version":[{"id":8455,"href":"https:\/\/www.ivb.ro\/en\/wp-json\/wp\/v2\/pages\/271\/revisions\/8455"}],"wp:attachment":[{"href":"https:\/\/www.ivb.ro\/en\/wp-json\/wp\/v2\/media?parent=271"}],"curies":[{"name":"wp","href":"https:\/\/api.w.org\/{rel}","templated":true}]}}