{"id":2913,"date":"2021-08-27T15:50:03","date_gmt":"2021-08-27T15:50:03","guid":{"rendered":"https:\/\/www.ivb.ro\/?page_id=2913"},"modified":"2021-08-27T16:08:50","modified_gmt":"2021-08-27T16:08:50","slug":"anunt_ii","status":"publish","type":"page","link":"https:\/\/www.ivb.ro\/en\/anunt_ii","title":{"rendered":"anunt_ii"},"content":{"rendered":"<div data-elementor-type=\"wp-page\" data-elementor-id=\"2913\" class=\"elementor elementor-2913\">\n\t\t\t\t\t\t<section class=\"elementor-section elementor-top-section elementor-element elementor-element-607d6d6c elementor-section-content-middle elementor-section-boxed elementor-section-height-default elementor-section-height-default\" data-id=\"607d6d6c\" data-element_type=\"section\" data-e-type=\"section\">\n\t\t\t\t\t\t<div class=\"elementor-container elementor-column-gap-no\">\n\t\t\t\t\t<div class=\"elementor-column elementor-col-100 elementor-top-column elementor-element elementor-element-37279d7d\" data-id=\"37279d7d\" data-element_type=\"column\" data-e-type=\"column\">\n\t\t\t<div class=\"elementor-widget-wrap elementor-element-populated\">\n\t\t\t\t\t\t<div class=\"elementor-element elementor-element-9324cfa elementor-widget elementor-widget-text-editor\" data-id=\"9324cfa\" data-element_type=\"widget\" data-e-type=\"widget\" data-widget_type=\"text-editor.default\">\n\t\t\t\t<div class=\"elementor-widget-container\">\n\t\t\t\t\t\t\t\t\t<p><strong>Anun\u021b de concurs pentru ocuparea a dou\u0103 posturi de asistent de cercetare, doctorand\/postdoctorand<\/strong><\/p><p>\u00a0<\/p><p>\u00a0<\/p><p>Institutul Na\u021bional de Cercetare-Dezvoltare \u00een Domeniul Patologiei \u0219i \u0218tiin\u021belor Biomedicale \u201eVictor Babe\u0219\u201d, cu sediul \u00een Bucure\u0219ti, Splaiul Independen\u021bei, nr. 99-101, sector 5, av\u0203nd ca obiect principal de activitate cercetarea \u2013 dezvoltarea \u020bn domeniul biomedical, anun\u021b\u0103 scoaterea la concurs a dou\u0103 posturi de responsabil aplica\u0163ii, doctorand\/postdoctorand (asimilat unor posturi de asistent cercetare, CS, CS II specialitatea medicin\u0103\/biologie\/(bio)chimie\/farmacie; timp par\u0163ial 12 ore\/lun\u0103, durat\u0103 determinat\u0103 de cca. 11 luni) pozi\u0163iile 1 \u0219i 3 \u020bn cadrul proiectului \u201cImplementarea expertizei de cercetare biomedical\u0103 prin transfer de cuno\u0219tin\u021be c\u0103tre mediul privat pentru validarea de produse \u0219i servicii \u00een domeniile biotehnologii medicale \u0219i s\u0103n\u0103tate\u201d, acronim INTELBIOMED, Cod SMIS: P_40_197, din cadrul Programului Operational Competitivitate 2014-2020, Axa Prioritar\u0103 1: Cercetare, Dezvoltare Tehnologic\u0103 \u015fi Inovare (CDI) \u020bn Sprijinul Competitivit\u0103\u0163ii Economice \u015fi Dezvolt\u0103rii Afacerilor; Ac\u021biunea 1.2.3: Parteneriate pentru transfer de cunostinte. Responsabilit\u0103\u0163ile \u00een cadrul proiectului presupun ini\u0163ierea \u015fi men\u0163inerea de culturi celulare \u015fi doz\u0103ri de toxicoproteomic\u0103. Dosarele de concurs se pot depune zilnic \u020bn perioada 24 august \u2013 22 septembrie 2021\u00a0 \u020bntre orele 13:00 \u2013 15:00 la Biroul Resurse Umane.<\/p>\t\t\t\t\t\t\t\t<\/div>\n\t\t\t\t<\/div>\n\t\t\t\t<section class=\"elementor-section elementor-inner-section elementor-element elementor-element-2c39eadc elementor-section-boxed elementor-section-height-default elementor-section-height-default\" data-id=\"2c39eadc\" data-element_type=\"section\" data-e-type=\"section\">\n\t\t\t\t\t\t<div class=\"elementor-container elementor-column-gap-default\">\n\t\t\t\t\t<div class=\"elementor-column elementor-col-33 elementor-inner-column elementor-element elementor-element-912b8ae\" data-id=\"912b8ae\" data-element_type=\"column\" data-e-type=\"column\" data-settings=\"{&quot;background_background&quot;:&quot;classic&quot;}\">\n\t\t\t<div class=\"elementor-widget-wrap elementor-element-populated\">\n\t\t\t\t\t\t<div class=\"elementor-element elementor-element-2b35c684 elementor-widget elementor-widget-image\" data-id=\"2b35c684\" data-element_type=\"widget\" data-e-type=\"widget\" data-widget_type=\"image.default\">\n\t\t\t\t<div class=\"elementor-widget-container\">\n\t\t\t\t\t\t\t\t\t\t\t\t<figure class=\"wp-caption\">\n\t\t\t\t\t\t\t\t\t\t\t<a href=\"https:\/\/www.ivb.ro\/wp-content\/uploads\/2021\/08\/Cerere-de-inscriere-la-concurs_i.docx\">\n\t\t\t\t\t\t\t<img fetchpriority=\"high\" decoding=\"async\" width=\"512\" height=\"512\" src=\"https:\/\/www.ivb.ro\/wp-content\/uploads\/2021\/04\/word.png\" class=\"elementor-animation-grow attachment-large size-large wp-image-1812\" alt=\"\" srcset=\"https:\/\/www.ivb.ro\/wp-content\/uploads\/2021\/04\/word.png 512w, https:\/\/www.ivb.ro\/wp-content\/uploads\/2021\/04\/word-100x100.png 100w, https:\/\/www.ivb.ro\/wp-content\/uploads\/2021\/04\/word-500x500.png 500w, https:\/\/www.ivb.ro\/wp-content\/uploads\/2021\/04\/word-300x300.png 300w, https:\/\/www.ivb.ro\/wp-content\/uploads\/2021\/04\/word-150x150.png 150w, https:\/\/www.ivb.ro\/wp-content\/uploads\/2021\/04\/word-12x12.png 12w\" sizes=\"(max-width: 512px) 100vw, 512px\" \/>\t\t\t\t\t\t\t\t<\/a>\n\t\t\t\t\t\t\t\t\t\t\t<figcaption class=\"widget-image-caption wp-caption-text\">The application for contest registration<\/figcaption>\n\t\t\t\t\t\t\t\t\t\t<\/figure>\n\t\t\t\t\t\t\t\t\t<\/div>\n\t\t\t\t<\/div>\n\t\t\t\t\t<\/div>\n\t\t<\/div>\n\t\t\t\t<div class=\"elementor-column elementor-col-33 elementor-inner-column elementor-element elementor-element-465fa526\" data-id=\"465fa526\" data-element_type=\"column\" data-e-type=\"column\" data-settings=\"{&quot;background_background&quot;:&quot;classic&quot;}\">\n\t\t\t<div class=\"elementor-widget-wrap elementor-element-populated\">\n\t\t\t\t\t\t<div class=\"elementor-element elementor-element-69e79c29 elementor-widget elementor-widget-image\" data-id=\"69e79c29\" data-element_type=\"widget\" data-e-type=\"widget\" data-widget_type=\"image.default\">\n\t\t\t\t<div class=\"elementor-widget-container\">\n\t\t\t\t\t\t\t\t\t\t\t\t<figure class=\"wp-caption\">\n\t\t\t\t\t\t\t\t\t\t\t<a href=\"https:\/\/www.ivb.ro\/wp-content\/uploads\/2021\/08\/Declaratie-pe-proprie-raspundere_i.docx\">\n\t\t\t\t\t\t\t<img fetchpriority=\"high\" decoding=\"async\" width=\"512\" height=\"512\" src=\"https:\/\/www.ivb.ro\/wp-content\/uploads\/2021\/04\/word.png\" class=\"elementor-animation-grow attachment-large size-large wp-image-1812\" alt=\"\" srcset=\"https:\/\/www.ivb.ro\/wp-content\/uploads\/2021\/04\/word.png 512w, https:\/\/www.ivb.ro\/wp-content\/uploads\/2021\/04\/word-100x100.png 100w, https:\/\/www.ivb.ro\/wp-content\/uploads\/2021\/04\/word-500x500.png 500w, https:\/\/www.ivb.ro\/wp-content\/uploads\/2021\/04\/word-300x300.png 300w, https:\/\/www.ivb.ro\/wp-content\/uploads\/2021\/04\/word-150x150.png 150w, https:\/\/www.ivb.ro\/wp-content\/uploads\/2021\/04\/word-12x12.png 12w\" sizes=\"(max-width: 512px) 100vw, 512px\" \/>\t\t\t\t\t\t\t\t<\/a>\n\t\t\t\t\t\t\t\t\t\t\t<figcaption class=\"widget-image-caption wp-caption-text\">Statement on own responsibility<\/figcaption>\n\t\t\t\t\t\t\t\t\t\t<\/figure>\n\t\t\t\t\t\t\t\t\t<\/div>\n\t\t\t\t<\/div>\n\t\t\t\t\t<\/div>\n\t\t<\/div>\n\t\t\t\t<div class=\"elementor-column elementor-col-33 elementor-inner-column elementor-element elementor-element-2706280f\" data-id=\"2706280f\" data-element_type=\"column\" data-e-type=\"column\" data-settings=\"{&quot;background_background&quot;:&quot;classic&quot;}\">\n\t\t\t<div class=\"elementor-widget-wrap elementor-element-populated\">\n\t\t\t\t\t\t<div class=\"elementor-element elementor-element-1c84cb84 elementor-widget elementor-widget-image\" data-id=\"1c84cb84\" data-element_type=\"widget\" data-e-type=\"widget\" data-widget_type=\"image.default\">\n\t\t\t\t<div class=\"elementor-widget-container\">\n\t\t\t\t\t\t\t\t\t\t\t\t<figure class=\"wp-caption\">\n\t\t\t\t\t\t\t\t\t\t\t<a href=\"https:\/\/www.ivb.ro\/wp-content\/uploads\/2021\/08\/Metodologie-cadru_i.pdf\">\n\t\t\t\t\t\t\t<img decoding=\"async\" width=\"512\" height=\"512\" src=\"https:\/\/www.ivb.ro\/wp-content\/uploads\/2021\/04\/pdf-file.png\" class=\"elementor-animation-grow attachment-large size-large wp-image-1811\" alt=\"\" srcset=\"https:\/\/www.ivb.ro\/wp-content\/uploads\/2021\/04\/pdf-file.png 512w, https:\/\/www.ivb.ro\/wp-content\/uploads\/2021\/04\/pdf-file-100x100.png 100w, https:\/\/www.ivb.ro\/wp-content\/uploads\/2021\/04\/pdf-file-500x500.png 500w, https:\/\/www.ivb.ro\/wp-content\/uploads\/2021\/04\/pdf-file-300x300.png 300w, https:\/\/www.ivb.ro\/wp-content\/uploads\/2021\/04\/pdf-file-150x150.png 150w, https:\/\/www.ivb.ro\/wp-content\/uploads\/2021\/04\/pdf-file-12x12.png 12w\" sizes=\"(max-width: 512px) 100vw, 512px\" \/>\t\t\t\t\t\t\t\t<\/a>\n\t\t\t\t\t\t\t\t\t\t\t<figcaption class=\"widget-image-caption wp-caption-text\">The methodology framework<\/figcaption>\n\t\t\t\t\t\t\t\t\t\t<\/figure>\n\t\t\t\t\t\t\t\t\t<\/div>\n\t\t\t\t<\/div>\n\t\t\t\t\t<\/div>\n\t\t<\/div>\n\t\t\t\t\t<\/div>\n\t\t<\/section>\n\t\t\t\t<section class=\"elementor-section elementor-inner-section elementor-element elementor-element-3d75971a elementor-section-boxed elementor-section-height-default elementor-section-height-default\" data-id=\"3d75971a\" data-element_type=\"section\" data-e-type=\"section\">\n\t\t\t\t\t\t<div class=\"elementor-container elementor-column-gap-default\">\n\t\t\t\t\t<div class=\"elementor-column elementor-col-33 elementor-inner-column elementor-element elementor-element-19cd2408\" data-id=\"19cd2408\" data-element_type=\"column\" data-e-type=\"column\" data-settings=\"{&quot;background_background&quot;:&quot;classic&quot;}\">\n\t\t\t<div class=\"elementor-widget-wrap elementor-element-populated\">\n\t\t\t\t\t\t<div class=\"elementor-element elementor-element-6f1470bc elementor-widget elementor-widget-image\" data-id=\"6f1470bc\" data-element_type=\"widget\" data-e-type=\"widget\" data-widget_type=\"image.default\">\n\t\t\t\t<div class=\"elementor-widget-container\">\n\t\t\t\t\t\t\t\t\t\t\t\t<figure class=\"wp-caption\">\n\t\t\t\t\t\t\t\t\t\t\t<a href=\"https:\/\/www.ivb.ro\/wp-content\/uploads\/2021\/08\/Fisa-de-post-postdoctorand-poz-1.pdf\">\n\t\t\t\t\t\t\t<img decoding=\"async\" width=\"512\" height=\"512\" src=\"https:\/\/www.ivb.ro\/wp-content\/uploads\/2021\/04\/pdf-file.png\" class=\"elementor-animation-grow attachment-large size-large wp-image-1811\" alt=\"\" srcset=\"https:\/\/www.ivb.ro\/wp-content\/uploads\/2021\/04\/pdf-file.png 512w, https:\/\/www.ivb.ro\/wp-content\/uploads\/2021\/04\/pdf-file-100x100.png 100w, https:\/\/www.ivb.ro\/wp-content\/uploads\/2021\/04\/pdf-file-500x500.png 500w, https:\/\/www.ivb.ro\/wp-content\/uploads\/2021\/04\/pdf-file-300x300.png 300w, https:\/\/www.ivb.ro\/wp-content\/uploads\/2021\/04\/pdf-file-150x150.png 150w, https:\/\/www.ivb.ro\/wp-content\/uploads\/2021\/04\/pdf-file-12x12.png 12w\" sizes=\"(max-width: 512px) 100vw, 512px\" \/>\t\t\t\t\t\t\t\t<\/a>\n\t\t\t\t\t\t\t\t\t\t\t<figcaption class=\"widget-image-caption wp-caption-text\">Fisa de post postdoctorand poz  1<\/figcaption>\n\t\t\t\t\t\t\t\t\t\t<\/figure>\n\t\t\t\t\t\t\t\t\t<\/div>\n\t\t\t\t<\/div>\n\t\t\t\t\t<\/div>\n\t\t<\/div>\n\t\t\t\t<div class=\"elementor-column elementor-col-33 elementor-inner-column elementor-element elementor-element-3e39c3d3\" data-id=\"3e39c3d3\" data-element_type=\"column\" data-e-type=\"column\" data-settings=\"{&quot;background_background&quot;:&quot;classic&quot;}\">\n\t\t\t<div class=\"elementor-widget-wrap elementor-element-populated\">\n\t\t\t\t\t\t<div class=\"elementor-element elementor-element-3772604b elementor-widget elementor-widget-image\" data-id=\"3772604b\" data-element_type=\"widget\" data-e-type=\"widget\" data-widget_type=\"image.default\">\n\t\t\t\t<div class=\"elementor-widget-container\">\n\t\t\t\t\t\t\t\t\t\t\t\t<figure class=\"wp-caption\">\n\t\t\t\t\t\t\t\t\t\t\t<a href=\"https:\/\/www.ivb.ro\/wp-content\/uploads\/2021\/08\/Fisa-de-post-postdoctorand-poz-3.pdf\">\n\t\t\t\t\t\t\t<img decoding=\"async\" width=\"512\" height=\"512\" src=\"https:\/\/www.ivb.ro\/wp-content\/uploads\/2021\/04\/pdf-file.png\" class=\"elementor-animation-grow attachment-large size-large wp-image-1811\" alt=\"\" srcset=\"https:\/\/www.ivb.ro\/wp-content\/uploads\/2021\/04\/pdf-file.png 512w, https:\/\/www.ivb.ro\/wp-content\/uploads\/2021\/04\/pdf-file-100x100.png 100w, https:\/\/www.ivb.ro\/wp-content\/uploads\/2021\/04\/pdf-file-500x500.png 500w, https:\/\/www.ivb.ro\/wp-content\/uploads\/2021\/04\/pdf-file-300x300.png 300w, https:\/\/www.ivb.ro\/wp-content\/uploads\/2021\/04\/pdf-file-150x150.png 150w, https:\/\/www.ivb.ro\/wp-content\/uploads\/2021\/04\/pdf-file-12x12.png 12w\" sizes=\"(max-width: 512px) 100vw, 512px\" \/>\t\t\t\t\t\t\t\t<\/a>\n\t\t\t\t\t\t\t\t\t\t\t<figcaption class=\"widget-image-caption wp-caption-text\">Fisa de post postdoctorand poz  3<\/figcaption>\n\t\t\t\t\t\t\t\t\t\t<\/figure>\n\t\t\t\t\t\t\t\t\t<\/div>\n\t\t\t\t<\/div>\n\t\t\t\t\t<\/div>\n\t\t<\/div>\n\t\t\t\t<div class=\"elementor-column elementor-col-33 elementor-inner-column elementor-element elementor-element-5383381e\" data-id=\"5383381e\" data-element_type=\"column\" data-e-type=\"column\" data-settings=\"{&quot;background_background&quot;:&quot;classic&quot;}\">\n\t\t\t<div class=\"elementor-widget-wrap\">\n\t\t\t\t\t\t\t<\/div>\n\t\t<\/div>\n\t\t\t\t\t<\/div>\n\t\t<\/section>\n\t\t\t\t\t<\/div>\n\t\t<\/div>\n\t\t\t\t\t<\/div>\n\t\t<\/section>\n\t\t\t\t<\/div>","protected":false},"excerpt":{"rendered":"<p>Anun\u021b de concurs pentru ocuparea a dou\u0103 posturi de asistent de cercetare, doctorand\/postdoctorand \u00a0 \u00a0 Institutul Na\u021bional de Cercetare-Dezvoltare \u00een Domeniul Patologiei \u0219i \u0218tiin\u021belor Biomedicale \u201eVictor Babe\u0219\u201d, cu sediul \u00een Bucure\u0219ti, Splaiul Independen\u021bei, nr. 99-101, sector 5, av\u0203nd ca obiect principal de activitate cercetarea \u2013 dezvoltarea \u020bn domeniul biomedical, anun\u021b\u0103 scoaterea la concurs a dou\u0103&hellip; <\/p>","protected":false},"author":1,"featured_media":0,"parent":0,"menu_order":0,"comment_status":"closed","ping_status":"closed","template":"","meta":{"ngg_post_thumbnail":0,"footnotes":""},"class_list":["post-2913","page","type-page","status-publish","hentry"],"yoast_head":"<!-- This site is optimized with the Yoast SEO plugin v27.2 - https:\/\/yoast.com\/product\/yoast-seo-wordpress\/ -->\n<title>anunt_ii - National Institute of Pathology Victor Babe\u015f - Bucharest<\/title>\n<meta name=\"robots\" content=\"index, follow, max-snippet:-1, max-image-preview:large, max-video-preview:-1\" \/>\n<link rel=\"canonical\" href=\"https:\/\/www.ivb.ro\/en\/anunt_ii\/\" \/>\n<meta property=\"og:locale\" content=\"en_GB\" \/>\n<meta property=\"og:type\" content=\"article\" \/>\n<meta property=\"og:title\" content=\"anunt_ii - National Institute of Pathology Victor Babe\u015f - Bucharest\" \/>\n<meta property=\"og:description\" content=\"Anun\u021b de concurs pentru ocuparea a dou\u0103 posturi de asistent de cercetare, doctorand\/postdoctorand \u00a0 \u00a0 Institutul Na\u021bional de Cercetare-Dezvoltare \u00een Domeniul Patologiei \u0219i \u0218tiin\u021belor Biomedicale \u201eVictor Babe\u0219\u201d, cu sediul \u00een Bucure\u0219ti, Splaiul Independen\u021bei, nr. 99-101, sector 5, av\u0203nd ca obiect principal de activitate cercetarea \u2013 dezvoltarea \u020bn domeniul biomedical, anun\u021b\u0103 scoaterea la concurs a dou\u0103&hellip;\" \/>\n<meta property=\"og:url\" content=\"https:\/\/www.ivb.ro\/en\/anunt_ii\/\" \/>\n<meta property=\"og:site_name\" content=\"National Institute of Pathology Victor Babe\u015f - Bucharest\" \/>\n<meta property=\"article:publisher\" content=\"https:\/\/www.facebook.com\/incdvb.ro\" \/>\n<meta property=\"article:modified_time\" content=\"2021-08-27T16:08:50+00:00\" \/>\n<meta property=\"og:image\" content=\"https:\/\/www.ivb.ro\/wp-content\/uploads\/2021\/04\/word.png\" \/>\n<meta name=\"twitter:card\" content=\"summary_large_image\" \/>\n<meta name=\"twitter:label1\" content=\"Estimated reading time\" \/>\n\t<meta name=\"twitter:data1\" content=\"2 minutes\" \/>\n<script type=\"application\/ld+json\" class=\"yoast-schema-graph\">{\"@context\":\"https:\/\/schema.org\",\"@graph\":[{\"@type\":\"WebPage\",\"@id\":\"https:\/\/www.ivb.ro\/anunt_ii\",\"url\":\"https:\/\/www.ivb.ro\/anunt_ii\",\"name\":\"anunt_ii - National Institute of Pathology Victor Babe\u015f - Bucharest\",\"isPartOf\":{\"@id\":\"https:\/\/www.ivb.ro\/#website\"},\"primaryImageOfPage\":{\"@id\":\"https:\/\/www.ivb.ro\/anunt_ii#primaryimage\"},\"image\":{\"@id\":\"https:\/\/www.ivb.ro\/anunt_ii#primaryimage\"},\"thumbnailUrl\":\"https:\/\/www.ivb.ro\/wp-content\/uploads\/2021\/04\/word.png\",\"datePublished\":\"2021-08-27T15:50:03+00:00\",\"dateModified\":\"2021-08-27T16:08:50+00:00\",\"breadcrumb\":{\"@id\":\"https:\/\/www.ivb.ro\/anunt_ii#breadcrumb\"},\"inLanguage\":\"en-GB\",\"potentialAction\":[{\"@type\":\"ReadAction\",\"target\":[\"https:\/\/www.ivb.ro\/anunt_ii\"]}]},{\"@type\":\"ImageObject\",\"inLanguage\":\"en-GB\",\"@id\":\"https:\/\/www.ivb.ro\/anunt_ii#primaryimage\",\"url\":\"https:\/\/www.ivb.ro\/wp-content\/uploads\/2021\/04\/word.png\",\"contentUrl\":\"https:\/\/www.ivb.ro\/wp-content\/uploads\/2021\/04\/word.png\"},{\"@type\":\"BreadcrumbList\",\"@id\":\"https:\/\/www.ivb.ro\/anunt_ii#breadcrumb\",\"itemListElement\":[{\"@type\":\"ListItem\",\"position\":1,\"name\":\"Home\",\"item\":\"https:\/\/www.ivb.ro\/\"},{\"@type\":\"ListItem\",\"position\":2,\"name\":\"anunt_ii\"}]},{\"@type\":\"WebSite\",\"@id\":\"https:\/\/www.ivb.ro\/#website\",\"url\":\"https:\/\/www.ivb.ro\/\",\"name\":\"National Institute of Pathology Victor Babe\u015f - Bucharest\",\"description\":\"National Institute of Pathology Victor Babe\u015f - Bucharest\",\"publisher\":{\"@id\":\"https:\/\/www.ivb.ro\/#organization\"},\"potentialAction\":[{\"@type\":\"SearchAction\",\"target\":{\"@type\":\"EntryPoint\",\"urlTemplate\":\"https:\/\/www.ivb.ro\/?s={search_term_string}\"},\"query-input\":{\"@type\":\"PropertyValueSpecification\",\"valueRequired\":true,\"valueName\":\"search_term_string\"}}],\"inLanguage\":\"en-GB\"},{\"@type\":\"Organization\",\"@id\":\"https:\/\/www.ivb.ro\/#organization\",\"name\":\"National Institute of Pathology Victor Babe\u015f - Bucharest\",\"url\":\"https:\/\/www.ivb.ro\/\",\"logo\":{\"@type\":\"ImageObject\",\"inLanguage\":\"en-GB\",\"@id\":\"https:\/\/www.ivb.ro\/#\/schema\/logo\/image\/\",\"url\":\"https:\/\/www.ivb.ro\/wp-content\/uploads\/2021\/04\/top-logo.png\",\"contentUrl\":\"https:\/\/www.ivb.ro\/wp-content\/uploads\/2021\/04\/top-logo.png\",\"width\":340,\"height\":190,\"caption\":\"National Institute of Pathology Victor Babe\u015f - Bucharest\"},\"image\":{\"@id\":\"https:\/\/www.ivb.ro\/#\/schema\/logo\/image\/\"},\"sameAs\":[\"https:\/\/www.facebook.com\/incdvb.ro\",\"https:\/\/www.instagram.com\/institutul.victorbabes\/\",\"https:\/\/ro.linkedin.com\/company\/victor-babes-national-institute-of-pathology\"]}]}<\/script>\n<!-- \/ Yoast SEO plugin. -->","yoast_head_json":{"title":"anunt_ii - National Institute of Pathology Victor Babe\u015f - Bucharest","robots":{"index":"index","follow":"follow","max-snippet":"max-snippet:-1","max-image-preview":"max-image-preview:large","max-video-preview":"max-video-preview:-1"},"canonical":"https:\/\/www.ivb.ro\/en\/anunt_ii\/","og_locale":"en_GB","og_type":"article","og_title":"anunt_ii - National Institute of Pathology Victor Babe\u015f - Bucharest","og_description":"Anun\u021b de concurs pentru ocuparea a dou\u0103 posturi de asistent de cercetare, doctorand\/postdoctorand \u00a0 \u00a0 Institutul Na\u021bional de Cercetare-Dezvoltare \u00een Domeniul Patologiei \u0219i \u0218tiin\u021belor Biomedicale \u201eVictor Babe\u0219\u201d, cu sediul \u00een Bucure\u0219ti, Splaiul Independen\u021bei, nr. 99-101, sector 5, av\u0203nd ca obiect principal de activitate cercetarea \u2013 dezvoltarea \u020bn domeniul biomedical, anun\u021b\u0103 scoaterea la concurs a dou\u0103&hellip;","og_url":"https:\/\/www.ivb.ro\/en\/anunt_ii\/","og_site_name":"National Institute of Pathology Victor Babe\u015f - Bucharest","article_publisher":"https:\/\/www.facebook.com\/incdvb.ro","article_modified_time":"2021-08-27T16:08:50+00:00","og_image":[{"url":"https:\/\/www.ivb.ro\/wp-content\/uploads\/2021\/04\/word.png","type":"","width":"","height":""}],"twitter_card":"summary_large_image","twitter_misc":{"Estimated reading time":"2 minutes"},"schema":{"@context":"https:\/\/schema.org","@graph":[{"@type":"WebPage","@id":"https:\/\/www.ivb.ro\/anunt_ii","url":"https:\/\/www.ivb.ro\/anunt_ii","name":"anunt_ii - National Institute of Pathology Victor Babe\u015f - Bucharest","isPartOf":{"@id":"https:\/\/www.ivb.ro\/#website"},"primaryImageOfPage":{"@id":"https:\/\/www.ivb.ro\/anunt_ii#primaryimage"},"image":{"@id":"https:\/\/www.ivb.ro\/anunt_ii#primaryimage"},"thumbnailUrl":"https:\/\/www.ivb.ro\/wp-content\/uploads\/2021\/04\/word.png","datePublished":"2021-08-27T15:50:03+00:00","dateModified":"2021-08-27T16:08:50+00:00","breadcrumb":{"@id":"https:\/\/www.ivb.ro\/anunt_ii#breadcrumb"},"inLanguage":"en-GB","potentialAction":[{"@type":"ReadAction","target":["https:\/\/www.ivb.ro\/anunt_ii"]}]},{"@type":"ImageObject","inLanguage":"en-GB","@id":"https:\/\/www.ivb.ro\/anunt_ii#primaryimage","url":"https:\/\/www.ivb.ro\/wp-content\/uploads\/2021\/04\/word.png","contentUrl":"https:\/\/www.ivb.ro\/wp-content\/uploads\/2021\/04\/word.png"},{"@type":"BreadcrumbList","@id":"https:\/\/www.ivb.ro\/anunt_ii#breadcrumb","itemListElement":[{"@type":"ListItem","position":1,"name":"Home","item":"https:\/\/www.ivb.ro\/"},{"@type":"ListItem","position":2,"name":"anunt_ii"}]},{"@type":"WebSite","@id":"https:\/\/www.ivb.ro\/#website","url":"https:\/\/www.ivb.ro\/","name":"National Institute of Pathology Victor Babe\u015f - Bucharest","description":"National Institute of Pathology Victor Babe\u015f - Bucharest","publisher":{"@id":"https:\/\/www.ivb.ro\/#organization"},"potentialAction":[{"@type":"SearchAction","target":{"@type":"EntryPoint","urlTemplate":"https:\/\/www.ivb.ro\/?s={search_term_string}"},"query-input":{"@type":"PropertyValueSpecification","valueRequired":true,"valueName":"search_term_string"}}],"inLanguage":"en-GB"},{"@type":"Organization","@id":"https:\/\/www.ivb.ro\/#organization","name":"National Institute of Pathology Victor Babe\u015f - Bucharest","url":"https:\/\/www.ivb.ro\/","logo":{"@type":"ImageObject","inLanguage":"en-GB","@id":"https:\/\/www.ivb.ro\/#\/schema\/logo\/image\/","url":"https:\/\/www.ivb.ro\/wp-content\/uploads\/2021\/04\/top-logo.png","contentUrl":"https:\/\/www.ivb.ro\/wp-content\/uploads\/2021\/04\/top-logo.png","width":340,"height":190,"caption":"National Institute of Pathology Victor Babe\u015f - Bucharest"},"image":{"@id":"https:\/\/www.ivb.ro\/#\/schema\/logo\/image\/"},"sameAs":["https:\/\/www.facebook.com\/incdvb.ro","https:\/\/www.instagram.com\/institutul.victorbabes\/","https:\/\/ro.linkedin.com\/company\/victor-babes-national-institute-of-pathology"]}]}},"_links":{"self":[{"href":"https:\/\/www.ivb.ro\/en\/wp-json\/wp\/v2\/pages\/2913","targetHints":{"allow":["GET"]}}],"collection":[{"href":"https:\/\/www.ivb.ro\/en\/wp-json\/wp\/v2\/pages"}],"about":[{"href":"https:\/\/www.ivb.ro\/en\/wp-json\/wp\/v2\/types\/page"}],"author":[{"embeddable":true,"href":"https:\/\/www.ivb.ro\/en\/wp-json\/wp\/v2\/users\/1"}],"replies":[{"embeddable":true,"href":"https:\/\/www.ivb.ro\/en\/wp-json\/wp\/v2\/comments?post=2913"}],"version-history":[{"count":16,"href":"https:\/\/www.ivb.ro\/en\/wp-json\/wp\/v2\/pages\/2913\/revisions"}],"predecessor-version":[{"id":2937,"href":"https:\/\/www.ivb.ro\/en\/wp-json\/wp\/v2\/pages\/2913\/revisions\/2937"}],"wp:attachment":[{"href":"https:\/\/www.ivb.ro\/en\/wp-json\/wp\/v2\/media?parent=2913"}],"curies":[{"name":"wp","href":"https:\/\/api.w.org\/{rel}","templated":true}]}}