{"id":365,"date":"2020-08-05T11:23:48","date_gmt":"2020-08-05T11:23:48","guid":{"rendered":"http:\/\/ivb.ro\/?page_id=365"},"modified":"2024-05-21T09:05:01","modified_gmt":"2024-05-21T09:05:01","slug":"cell-biology-home","status":"publish","type":"page","link":"https:\/\/www.ivb.ro\/en\/cell-biology-home","title":{"rendered":"Cell-Biology-Home"},"content":{"rendered":"<div data-elementor-type=\"wp-page\" data-elementor-id=\"365\" class=\"elementor elementor-365\">\n\t\t\t\t\t\t<section class=\"elementor-section elementor-top-section elementor-element elementor-element-11c78e8f elementor-section-content-middle elementor-section-stretched elementor-section-boxed elementor-section-height-default elementor-section-height-default\" data-id=\"11c78e8f\" data-element_type=\"section\" data-e-type=\"section\" data-settings=\"{&quot;background_background&quot;:&quot;classic&quot;,&quot;stretch_section&quot;:&quot;section-stretched&quot;}\">\n\t\t\t\t\t\t\t<div class=\"elementor-background-overlay\"><\/div>\n\t\t\t\t\t\t\t<div class=\"elementor-container elementor-column-gap-no\">\n\t\t\t\t\t<div class=\"elementor-column elementor-col-100 elementor-top-column elementor-element elementor-element-371fbfee\" data-id=\"371fbfee\" data-element_type=\"column\" data-e-type=\"column\">\n\t\t\t<div class=\"elementor-widget-wrap elementor-element-populated\">\n\t\t\t\t\t\t<div class=\"elementor-element elementor-element-6f7d5b0d elementor-widget elementor-widget-heading\" data-id=\"6f7d5b0d\" data-element_type=\"widget\" data-e-type=\"widget\" data-widget_type=\"heading.default\">\n\t\t\t\t<div class=\"elementor-widget-container\">\n\t\t\t\t\t<h4 class=\"elementor-heading-title elementor-size-default\">Cell biology, Neurosciences and Experimental Miology<\/h4>\t\t\t\t<\/div>\n\t\t\t\t<\/div>\n\t\t\t\t<div class=\"elementor-element elementor-element-6455faed elementor-widget elementor-widget-heading\" data-id=\"6455faed\" data-element_type=\"widget\" data-e-type=\"widget\" data-widget_type=\"heading.default\">\n\t\t\t\t<div class=\"elementor-widget-container\">\n\t\t\t\t\t<h5 class=\"elementor-heading-title elementor-size-default\">research that combines the expertise of the research team, with a strong background in cell biology and neuroscience.<\/h5>\t\t\t\t<\/div>\n\t\t\t\t<\/div>\n\t\t\t\t\t<\/div>\n\t\t<\/div>\n\t\t\t\t\t<\/div>\n\t\t<\/section>\n\t\t\t\t<section class=\"elementor-section elementor-top-section elementor-element elementor-element-b947a0c elementor-section-stretched elementor-section-boxed elementor-section-height-default elementor-section-height-default\" data-id=\"b947a0c\" data-element_type=\"section\" data-e-type=\"section\" data-settings=\"{&quot;stretch_section&quot;:&quot;section-stretched&quot;}\">\n\t\t\t\t\t\t<div class=\"elementor-container elementor-column-gap-default\">\n\t\t\t\t\t<div class=\"elementor-column elementor-col-100 elementor-top-column elementor-element elementor-element-6766c8b\" data-id=\"6766c8b\" data-element_type=\"column\" data-e-type=\"column\">\n\t\t\t<div class=\"elementor-widget-wrap elementor-element-populated\">\n\t\t\t\t\t\t<div class=\"elementor-element elementor-element-a70e80f elementor-widget elementor-widget-text-editor\" data-id=\"a70e80f\" data-element_type=\"widget\" data-e-type=\"widget\" data-widget_type=\"text-editor.default\">\n\t\t\t\t<div class=\"elementor-widget-container\">\n\t\t\t\t\t\t\t\t\t<p><span style=\"color: #000000;\">In the present work, our research is focused on understanding the details of the cellular and molecular mechanisms of physiological and pathological findings in 4 distinct themes of the research.<\/span><\/p><p>\u00a0<\/p><ul><li><span style=\"color: #000000;\">Neurodegenerative disease: Characterization of the effect of the protein-amiloide function of bacterial and other items amiloidogene of the gut microbiota on the aggregation of pathological proteins, and the propagation of the pathology of a pattern in the prionic in models of neurodegeneration, in order to identify biomarkers and targets for the molecular to the development of strategies of prevention and treatment tailored to them. in Parkinson&#039;s disease on and other neuro-degenerative diseases, thus contributing to the improvement of the approach of having a major impact on your health.<\/span><\/li><li><span style=\"color: #000000;\">The regeneration of skeletal muscle in the muscles of normal and distrofici, with the aim of identifying biomarkers for new and potentially more relevant to the progression of the disease to the chronic diseases and genetic disorders.<\/span><\/li><li><span style=\"color: #000000;\">Cercetarea cancerului: modific\u0103ri epigenetice la nivel de metilare a ADN-ului \u0219i modific\u0103ri post-traducere ale histonelor; Compu\u0219i bioactivi naturali care ac\u021bioneaz\u0103 ca modulatori epigenetici \u00een chimiopreven\u021bie &#8211; studii <em>in vitro.<\/em><\/span><\/li><\/ul>\t\t\t\t\t\t\t\t<\/div>\n\t\t\t\t<\/div>\n\t\t\t\t\t<\/div>\n\t\t<\/div>\n\t\t\t\t\t<\/div>\n\t\t<\/section>\n\t\t\t\t<\/div>","protected":false},"excerpt":{"rendered":"<p>Biologie celular\u0103, Neuro\u0219tiin\u021be \u0219i Miologie experimental\u0103 unitate de cercetare care combin\u0103 expertiza unei echipe de cercetare cu o experien\u021b\u0103 solid\u0103 \u00een biologie celular\u0103 \u0219i neuro\u0219tiin\u021be. \u00cen prezent, activitatea noastr\u0103 de cercetare se concentreaz\u0103 pe \u00een\u021belegerea detaliilor celulare \u0219i moleculare ale mecanismelor fiziologice \u0219i patologice pe 4 teme distincte de cercetare: \u00a0 Boli neurodegenerative: Caracterizarea efectului&hellip; <\/p>","protected":false},"author":1,"featured_media":0,"parent":0,"menu_order":0,"comment_status":"closed","ping_status":"closed","template":"","meta":{"ngg_post_thumbnail":0,"footnotes":""},"class_list":["post-365","page","type-page","status-publish","hentry"],"yoast_head":"<!-- This site is optimized with the Yoast SEO plugin v27.2 - https:\/\/yoast.com\/product\/yoast-seo-wordpress\/ -->\n<title>Cell Biology Home - National Institute of Pathology Victor Babe\u015f - Bucharest<\/title>\n<meta name=\"robots\" content=\"index, follow, max-snippet:-1, max-image-preview:large, max-video-preview:-1\" \/>\n<link rel=\"canonical\" href=\"https:\/\/www.ivb.ro\/en\/cell-biology-home\/\" \/>\n<meta property=\"og:locale\" content=\"en_GB\" \/>\n<meta property=\"og:type\" content=\"article\" \/>\n<meta property=\"og:title\" content=\"Cell Biology Home - National Institute of Pathology Victor Babe\u015f - Bucharest\" \/>\n<meta property=\"og:description\" content=\"Biologie celular\u0103, Neuro\u0219tiin\u021be \u0219i Miologie experimental\u0103 unitate de cercetare care combin\u0103 expertiza unei echipe de cercetare cu o experien\u021b\u0103 solid\u0103 \u00een biologie celular\u0103 \u0219i neuro\u0219tiin\u021be. \u00cen prezent, activitatea noastr\u0103 de cercetare se concentreaz\u0103 pe \u00een\u021belegerea detaliilor celulare \u0219i moleculare ale mecanismelor fiziologice \u0219i patologice pe 4 teme distincte de cercetare: \u00a0 Boli neurodegenerative: Caracterizarea efectului&hellip;\" \/>\n<meta property=\"og:url\" content=\"https:\/\/www.ivb.ro\/en\/cell-biology-home\/\" \/>\n<meta property=\"og:site_name\" content=\"National Institute of Pathology Victor Babe\u015f - Bucharest\" \/>\n<meta property=\"article:publisher\" content=\"https:\/\/www.facebook.com\/incdvb.ro\" \/>\n<meta property=\"article:modified_time\" content=\"2024-05-21T09:05:01+00:00\" \/>\n<meta name=\"twitter:card\" content=\"summary_large_image\" \/>\n<meta name=\"twitter:label1\" content=\"Estimated reading time\" \/>\n\t<meta name=\"twitter:data1\" content=\"1 minute\" \/>\n<script type=\"application\/ld+json\" class=\"yoast-schema-graph\">{\"@context\":\"https:\/\/schema.org\",\"@graph\":[{\"@type\":\"WebPage\",\"@id\":\"https:\/\/www.ivb.ro\/cell-biology-home\",\"url\":\"https:\/\/www.ivb.ro\/cell-biology-home\",\"name\":\"Cell Biology Home - National Institute of Pathology Victor Babe\u015f - Bucharest\",\"isPartOf\":{\"@id\":\"https:\/\/www.ivb.ro\/#website\"},\"datePublished\":\"2020-08-05T11:23:48+00:00\",\"dateModified\":\"2024-05-21T09:05:01+00:00\",\"breadcrumb\":{\"@id\":\"https:\/\/www.ivb.ro\/cell-biology-home#breadcrumb\"},\"inLanguage\":\"en-GB\",\"potentialAction\":[{\"@type\":\"ReadAction\",\"target\":[\"https:\/\/www.ivb.ro\/cell-biology-home\"]}]},{\"@type\":\"BreadcrumbList\",\"@id\":\"https:\/\/www.ivb.ro\/cell-biology-home#breadcrumb\",\"itemListElement\":[{\"@type\":\"ListItem\",\"position\":1,\"name\":\"Home\",\"item\":\"https:\/\/www.ivb.ro\/\"},{\"@type\":\"ListItem\",\"position\":2,\"name\":\"Cell Biology Home\"}]},{\"@type\":\"WebSite\",\"@id\":\"https:\/\/www.ivb.ro\/#website\",\"url\":\"https:\/\/www.ivb.ro\/\",\"name\":\"National Institute of Pathology Victor Babe\u015f - Bucharest\",\"description\":\"National Institute of Pathology Victor Babe\u015f - Bucharest\",\"publisher\":{\"@id\":\"https:\/\/www.ivb.ro\/#organization\"},\"potentialAction\":[{\"@type\":\"SearchAction\",\"target\":{\"@type\":\"EntryPoint\",\"urlTemplate\":\"https:\/\/www.ivb.ro\/?s={search_term_string}\"},\"query-input\":{\"@type\":\"PropertyValueSpecification\",\"valueRequired\":true,\"valueName\":\"search_term_string\"}}],\"inLanguage\":\"en-GB\"},{\"@type\":\"Organization\",\"@id\":\"https:\/\/www.ivb.ro\/#organization\",\"name\":\"National Institute of Pathology Victor Babe\u015f - Bucharest\",\"url\":\"https:\/\/www.ivb.ro\/\",\"logo\":{\"@type\":\"ImageObject\",\"inLanguage\":\"en-GB\",\"@id\":\"https:\/\/www.ivb.ro\/#\/schema\/logo\/image\/\",\"url\":\"https:\/\/www.ivb.ro\/wp-content\/uploads\/2021\/04\/top-logo.png\",\"contentUrl\":\"https:\/\/www.ivb.ro\/wp-content\/uploads\/2021\/04\/top-logo.png\",\"width\":340,\"height\":190,\"caption\":\"National Institute of Pathology Victor Babe\u015f - Bucharest\"},\"image\":{\"@id\":\"https:\/\/www.ivb.ro\/#\/schema\/logo\/image\/\"},\"sameAs\":[\"https:\/\/www.facebook.com\/incdvb.ro\",\"https:\/\/www.instagram.com\/institutul.victorbabes\/\",\"https:\/\/ro.linkedin.com\/company\/victor-babes-national-institute-of-pathology\"]}]}<\/script>\n<!-- \/ Yoast SEO plugin. -->","yoast_head_json":{"title":"Cell Biology Home - National Institute of Pathology Victor Babe\u015f - Bucharest","robots":{"index":"index","follow":"follow","max-snippet":"max-snippet:-1","max-image-preview":"max-image-preview:large","max-video-preview":"max-video-preview:-1"},"canonical":"https:\/\/www.ivb.ro\/en\/cell-biology-home\/","og_locale":"en_GB","og_type":"article","og_title":"Cell Biology Home - National Institute of Pathology Victor Babe\u015f - Bucharest","og_description":"Biologie celular\u0103, Neuro\u0219tiin\u021be \u0219i Miologie experimental\u0103 unitate de cercetare care combin\u0103 expertiza unei echipe de cercetare cu o experien\u021b\u0103 solid\u0103 \u00een biologie celular\u0103 \u0219i neuro\u0219tiin\u021be. \u00cen prezent, activitatea noastr\u0103 de cercetare se concentreaz\u0103 pe \u00een\u021belegerea detaliilor celulare \u0219i moleculare ale mecanismelor fiziologice \u0219i patologice pe 4 teme distincte de cercetare: \u00a0 Boli neurodegenerative: Caracterizarea efectului&hellip;","og_url":"https:\/\/www.ivb.ro\/en\/cell-biology-home\/","og_site_name":"National Institute of Pathology Victor Babe\u015f - Bucharest","article_publisher":"https:\/\/www.facebook.com\/incdvb.ro","article_modified_time":"2024-05-21T09:05:01+00:00","twitter_card":"summary_large_image","twitter_misc":{"Estimated reading time":"1 minute"},"schema":{"@context":"https:\/\/schema.org","@graph":[{"@type":"WebPage","@id":"https:\/\/www.ivb.ro\/cell-biology-home","url":"https:\/\/www.ivb.ro\/cell-biology-home","name":"Cell Biology Home - National Institute of Pathology Victor Babe\u015f - Bucharest","isPartOf":{"@id":"https:\/\/www.ivb.ro\/#website"},"datePublished":"2020-08-05T11:23:48+00:00","dateModified":"2024-05-21T09:05:01+00:00","breadcrumb":{"@id":"https:\/\/www.ivb.ro\/cell-biology-home#breadcrumb"},"inLanguage":"en-GB","potentialAction":[{"@type":"ReadAction","target":["https:\/\/www.ivb.ro\/cell-biology-home"]}]},{"@type":"BreadcrumbList","@id":"https:\/\/www.ivb.ro\/cell-biology-home#breadcrumb","itemListElement":[{"@type":"ListItem","position":1,"name":"Home","item":"https:\/\/www.ivb.ro\/"},{"@type":"ListItem","position":2,"name":"Cell Biology Home"}]},{"@type":"WebSite","@id":"https:\/\/www.ivb.ro\/#website","url":"https:\/\/www.ivb.ro\/","name":"National Institute of Pathology Victor Babe\u015f - Bucharest","description":"National Institute of Pathology Victor Babe\u015f - Bucharest","publisher":{"@id":"https:\/\/www.ivb.ro\/#organization"},"potentialAction":[{"@type":"SearchAction","target":{"@type":"EntryPoint","urlTemplate":"https:\/\/www.ivb.ro\/?s={search_term_string}"},"query-input":{"@type":"PropertyValueSpecification","valueRequired":true,"valueName":"search_term_string"}}],"inLanguage":"en-GB"},{"@type":"Organization","@id":"https:\/\/www.ivb.ro\/#organization","name":"National Institute of Pathology Victor Babe\u015f - Bucharest","url":"https:\/\/www.ivb.ro\/","logo":{"@type":"ImageObject","inLanguage":"en-GB","@id":"https:\/\/www.ivb.ro\/#\/schema\/logo\/image\/","url":"https:\/\/www.ivb.ro\/wp-content\/uploads\/2021\/04\/top-logo.png","contentUrl":"https:\/\/www.ivb.ro\/wp-content\/uploads\/2021\/04\/top-logo.png","width":340,"height":190,"caption":"National Institute of Pathology Victor Babe\u015f - Bucharest"},"image":{"@id":"https:\/\/www.ivb.ro\/#\/schema\/logo\/image\/"},"sameAs":["https:\/\/www.facebook.com\/incdvb.ro","https:\/\/www.instagram.com\/institutul.victorbabes\/","https:\/\/ro.linkedin.com\/company\/victor-babes-national-institute-of-pathology"]}]}},"_links":{"self":[{"href":"https:\/\/www.ivb.ro\/en\/wp-json\/wp\/v2\/pages\/365","targetHints":{"allow":["GET"]}}],"collection":[{"href":"https:\/\/www.ivb.ro\/en\/wp-json\/wp\/v2\/pages"}],"about":[{"href":"https:\/\/www.ivb.ro\/en\/wp-json\/wp\/v2\/types\/page"}],"author":[{"embeddable":true,"href":"https:\/\/www.ivb.ro\/en\/wp-json\/wp\/v2\/users\/1"}],"replies":[{"embeddable":true,"href":"https:\/\/www.ivb.ro\/en\/wp-json\/wp\/v2\/comments?post=365"}],"version-history":[{"count":37,"href":"https:\/\/www.ivb.ro\/en\/wp-json\/wp\/v2\/pages\/365\/revisions"}],"predecessor-version":[{"id":9047,"href":"https:\/\/www.ivb.ro\/en\/wp-json\/wp\/v2\/pages\/365\/revisions\/9047"}],"wp:attachment":[{"href":"https:\/\/www.ivb.ro\/en\/wp-json\/wp\/v2\/media?parent=365"}],"curies":[{"name":"wp","href":"https:\/\/api.w.org\/{rel}","templated":true}]}}