{"id":3687,"date":"2022-02-25T11:46:11","date_gmt":"2022-02-25T11:46:11","guid":{"rendered":"https:\/\/www.ivb.ro\/?page_id=3687"},"modified":"2024-10-07T11:31:16","modified_gmt":"2024-10-07T11:31:16","slug":"excelsan_obiective_specifice","status":"publish","type":"page","link":"https:\/\/www.ivb.ro\/en\/excelsan_obiective_specifice","title":{"rendered":"excelsan_obiective_specifice"},"content":{"rendered":"<div data-elementor-type=\"wp-page\" data-elementor-id=\"3687\" class=\"elementor elementor-3687\">\n\t\t\t\t\t\t<section class=\"elementor-section elementor-top-section elementor-element elementor-element-19b933be elementor-section-content-middle elementor-section-stretched elementor-section-boxed elementor-section-height-default elementor-section-height-default\" data-id=\"19b933be\" data-element_type=\"section\" data-e-type=\"section\" data-settings=\"{&quot;stretch_section&quot;:&quot;section-stretched&quot;}\">\n\t\t\t\t\t\t<div class=\"elementor-container elementor-column-gap-no\">\n\t\t\t\t\t<div class=\"elementor-column elementor-col-50 elementor-top-column elementor-element elementor-element-11bae62\" data-id=\"11bae62\" data-element_type=\"column\" data-e-type=\"column\">\n\t\t\t<div class=\"elementor-widget-wrap elementor-element-populated\">\n\t\t\t\t\t\t<div class=\"elementor-element elementor-element-39627d61 elementor-widget-divider--view-line elementor-widget elementor-widget-divider\" data-id=\"39627d61\" data-element_type=\"widget\" data-e-type=\"widget\" data-widget_type=\"divider.default\">\n\t\t\t\t<div class=\"elementor-widget-container\">\n\t\t\t\t\t\t\t<div class=\"elementor-divider\">\n\t\t\t<span class=\"elementor-divider-separator\">\n\t\t\t\t\t\t<\/span>\n\t\t<\/div>\n\t\t\t\t\t\t<\/div>\n\t\t\t\t<\/div>\n\t\t\t\t<div class=\"elementor-element elementor-element-7ea57ca0 elementor-widget elementor-widget-heading\" data-id=\"7ea57ca0\" data-element_type=\"widget\" data-e-type=\"widget\" data-widget_type=\"heading.default\">\n\t\t\t\t<div class=\"elementor-widget-container\">\n\t\t\t\t\t<h4 class=\"elementor-heading-title elementor-size-default\">Specific objectives<\/h4>\t\t\t\t<\/div>\n\t\t\t\t<\/div>\n\t\t\t\t\t<\/div>\n\t\t<\/div>\n\t\t\t\t<div class=\"elementor-column elementor-col-50 elementor-top-column elementor-element elementor-element-378739e\" data-id=\"378739e\" data-element_type=\"column\" data-e-type=\"column\">\n\t\t\t<div class=\"elementor-widget-wrap elementor-element-populated\">\n\t\t\t\t\t\t<div class=\"elementor-element elementor-element-621f4356 elementor-widget elementor-widget-text-editor\" data-id=\"621f4356\" data-element_type=\"widget\" data-e-type=\"widget\" data-widget_type=\"text-editor.default\">\n\t\t\t\t<div class=\"elementor-widget-container\">\n\t\t\t\t\t\t\t\t\t<ol><li>Permanenta instruire profesional\u0103 a resursei umane;<\/li><li>Adaptarea CD din INCD \u201eVictor Babe\u0219\u201d la obiectivele sistemului de s\u0103n\u0103tate;<\/li><li>\u00cent\u0103rirea pozi\u021biei Institutului de lider \u00een cercetarea medical\u0103 rom\u00e2neasc\u0103;<\/li><li>Sporirea vizibilit\u0103\u021bii na\u021bionale \u0219i interna\u021bionale;<\/li><li>Buna cooperare cu partenerii;<\/li><li>Sporirea performan\u021belor \u00een activitatea Institutului;<\/li><li>Sporirea eficien\u021bei de diseminare a rezultatelor cercet\u0103rii;<\/li><li>Reducerea mediei de v\u00e2rst\u0103 a resursei umane;<\/li><li>Cre\u0219terea eficien\u021bei \u0219i performan\u021bei managementului;<\/li><li>Eficientizarea serviciilor de cercetare, transfer de competen\u021be \u0219i tehnologie \u0219i ale Centrului de diagnostic al Institutului;<\/li><li>Ac\u021biuni de educa\u021bie \u0219i formare profesional\u0103, cu atragerea de tineri c\u0103tre activitatea de CD.<\/li><\/ol>\t\t\t\t\t\t\t\t<\/div>\n\t\t\t\t<\/div>\n\t\t\t\t\t<\/div>\n\t\t<\/div>\n\t\t\t\t\t<\/div>\n\t\t<\/section>\n\t\t\t\t<\/div>","protected":false},"excerpt":{"rendered":"<p>Obiectivele specifice Permanenta instruire profesional\u0103 a resursei umane; Adaptarea CD din INCD \u201eVictor Babe\u0219\u201d la obiectivele sistemului de s\u0103n\u0103tate; \u00cent\u0103rirea pozi\u021biei Institutului de lider \u00een cercetarea medical\u0103 rom\u00e2neasc\u0103; Sporirea vizibilit\u0103\u021bii na\u021bionale \u0219i interna\u021bionale; Buna cooperare cu partenerii; Sporirea performan\u021belor \u00een activitatea Institutului; Sporirea eficien\u021bei de diseminare a rezultatelor cercet\u0103rii; Reducerea mediei de v\u00e2rst\u0103 a resursei&hellip; <\/p>","protected":false},"author":1,"featured_media":0,"parent":0,"menu_order":0,"comment_status":"closed","ping_status":"closed","template":"","meta":{"ngg_post_thumbnail":0,"footnotes":""},"class_list":["post-3687","page","type-page","status-publish","hentry"],"yoast_head":"<!-- This site is optimized with the Yoast SEO plugin v27.5 - https:\/\/yoast.com\/product\/yoast-seo-wordpress\/ -->\n<title>excelsan_obiective_specifice - National Institute of Pathology Victor Babe\u015f - Bucharest<\/title>\n<meta name=\"robots\" content=\"index, follow, max-snippet:-1, max-image-preview:large, max-video-preview:-1\" \/>\n<link rel=\"canonical\" href=\"https:\/\/www.ivb.ro\/en\/excelsan_obiective_specifice\/\" \/>\n<meta property=\"og:locale\" content=\"en_GB\" \/>\n<meta property=\"og:type\" content=\"article\" \/>\n<meta property=\"og:title\" content=\"excelsan_obiective_specifice - National Institute of Pathology Victor Babe\u015f - Bucharest\" \/>\n<meta property=\"og:description\" content=\"Obiectivele specifice Permanenta instruire profesional\u0103 a resursei umane; Adaptarea CD din INCD \u201eVictor Babe\u0219\u201d la obiectivele sistemului de s\u0103n\u0103tate; \u00cent\u0103rirea pozi\u021biei Institutului de lider \u00een cercetarea medical\u0103 rom\u00e2neasc\u0103; Sporirea vizibilit\u0103\u021bii na\u021bionale \u0219i interna\u021bionale; Buna cooperare cu partenerii; Sporirea performan\u021belor \u00een activitatea Institutului; Sporirea eficien\u021bei de diseminare a rezultatelor cercet\u0103rii; Reducerea mediei de v\u00e2rst\u0103 a resursei&hellip;\" \/>\n<meta property=\"og:url\" content=\"https:\/\/www.ivb.ro\/en\/excelsan_obiective_specifice\/\" \/>\n<meta property=\"og:site_name\" content=\"National Institute of Pathology Victor Babe\u015f - Bucharest\" \/>\n<meta property=\"article:publisher\" content=\"https:\/\/www.facebook.com\/incdvb.ro\" \/>\n<meta property=\"article:modified_time\" content=\"2024-10-07T11:31:16+00:00\" \/>\n<meta name=\"twitter:card\" content=\"summary_large_image\" \/>\n<meta name=\"twitter:label1\" content=\"Estimated reading time\" \/>\n\t<meta name=\"twitter:data1\" content=\"1 minute\" \/>\n<script type=\"application\/ld+json\" class=\"yoast-schema-graph\">{\"@context\":\"https:\\\/\\\/schema.org\",\"@graph\":[{\"@type\":\"WebPage\",\"@id\":\"https:\\\/\\\/www.ivb.ro\\\/excelsan_obiective_specifice\",\"url\":\"https:\\\/\\\/www.ivb.ro\\\/excelsan_obiective_specifice\",\"name\":\"excelsan_obiective_specifice - National Institute of Pathology Victor Babe\u015f - Bucharest\",\"isPartOf\":{\"@id\":\"https:\\\/\\\/www.ivb.ro\\\/#website\"},\"datePublished\":\"2022-02-25T11:46:11+00:00\",\"dateModified\":\"2024-10-07T11:31:16+00:00\",\"breadcrumb\":{\"@id\":\"https:\\\/\\\/www.ivb.ro\\\/excelsan_obiective_specifice#breadcrumb\"},\"inLanguage\":\"en-GB\",\"potentialAction\":[{\"@type\":\"ReadAction\",\"target\":[\"https:\\\/\\\/www.ivb.ro\\\/excelsan_obiective_specifice\"]}]},{\"@type\":\"BreadcrumbList\",\"@id\":\"https:\\\/\\\/www.ivb.ro\\\/excelsan_obiective_specifice#breadcrumb\",\"itemListElement\":[{\"@type\":\"ListItem\",\"position\":1,\"name\":\"Home\",\"item\":\"https:\\\/\\\/www.ivb.ro\\\/\"},{\"@type\":\"ListItem\",\"position\":2,\"name\":\"excelsan_obiective_specifice\"}]},{\"@type\":\"WebSite\",\"@id\":\"https:\\\/\\\/www.ivb.ro\\\/#website\",\"url\":\"https:\\\/\\\/www.ivb.ro\\\/\",\"name\":\"National Institute of Pathology Victor Babe\u015f - Bucharest\",\"description\":\"National Institute of Pathology Victor Babe\u015f - Bucharest\",\"publisher\":{\"@id\":\"https:\\\/\\\/www.ivb.ro\\\/#organization\"},\"potentialAction\":[{\"@type\":\"SearchAction\",\"target\":{\"@type\":\"EntryPoint\",\"urlTemplate\":\"https:\\\/\\\/www.ivb.ro\\\/?s={search_term_string}\"},\"query-input\":{\"@type\":\"PropertyValueSpecification\",\"valueRequired\":true,\"valueName\":\"search_term_string\"}}],\"inLanguage\":\"en-GB\"},{\"@type\":\"Organization\",\"@id\":\"https:\\\/\\\/www.ivb.ro\\\/#organization\",\"name\":\"National Institute of Pathology Victor Babe\u015f - Bucharest\",\"url\":\"https:\\\/\\\/www.ivb.ro\\\/\",\"logo\":{\"@type\":\"ImageObject\",\"inLanguage\":\"en-GB\",\"@id\":\"https:\\\/\\\/www.ivb.ro\\\/#\\\/schema\\\/logo\\\/image\\\/\",\"url\":\"https:\\\/\\\/www.ivb.ro\\\/wp-content\\\/uploads\\\/2021\\\/04\\\/top-logo.png\",\"contentUrl\":\"https:\\\/\\\/www.ivb.ro\\\/wp-content\\\/uploads\\\/2021\\\/04\\\/top-logo.png\",\"width\":340,\"height\":190,\"caption\":\"National Institute of Pathology Victor Babe\u015f - Bucharest\"},\"image\":{\"@id\":\"https:\\\/\\\/www.ivb.ro\\\/#\\\/schema\\\/logo\\\/image\\\/\"},\"sameAs\":[\"https:\\\/\\\/www.facebook.com\\\/incdvb.ro\",\"https:\\\/\\\/www.instagram.com\\\/institutul.victorbabes\\\/\",\"https:\\\/\\\/ro.linkedin.com\\\/company\\\/victor-babes-national-institute-of-pathology\"]}]}<\/script>\n<!-- \/ Yoast SEO plugin. -->","yoast_head_json":{"title":"excelsan_obiective_specifice - National Institute of Pathology Victor Babe\u015f - Bucharest","robots":{"index":"index","follow":"follow","max-snippet":"max-snippet:-1","max-image-preview":"max-image-preview:large","max-video-preview":"max-video-preview:-1"},"canonical":"https:\/\/www.ivb.ro\/en\/excelsan_obiective_specifice\/","og_locale":"en_GB","og_type":"article","og_title":"excelsan_obiective_specifice - National Institute of Pathology Victor Babe\u015f - Bucharest","og_description":"Obiectivele specifice Permanenta instruire profesional\u0103 a resursei umane; Adaptarea CD din INCD \u201eVictor Babe\u0219\u201d la obiectivele sistemului de s\u0103n\u0103tate; \u00cent\u0103rirea pozi\u021biei Institutului de lider \u00een cercetarea medical\u0103 rom\u00e2neasc\u0103; Sporirea vizibilit\u0103\u021bii na\u021bionale \u0219i interna\u021bionale; Buna cooperare cu partenerii; Sporirea performan\u021belor \u00een activitatea Institutului; Sporirea eficien\u021bei de diseminare a rezultatelor cercet\u0103rii; Reducerea mediei de v\u00e2rst\u0103 a resursei&hellip;","og_url":"https:\/\/www.ivb.ro\/en\/excelsan_obiective_specifice\/","og_site_name":"National Institute of Pathology Victor Babe\u015f - Bucharest","article_publisher":"https:\/\/www.facebook.com\/incdvb.ro","article_modified_time":"2024-10-07T11:31:16+00:00","twitter_card":"summary_large_image","twitter_misc":{"Estimated reading time":"1 minute"},"schema":{"@context":"https:\/\/schema.org","@graph":[{"@type":"WebPage","@id":"https:\/\/www.ivb.ro\/excelsan_obiective_specifice","url":"https:\/\/www.ivb.ro\/excelsan_obiective_specifice","name":"excelsan_obiective_specifice - National Institute of Pathology Victor Babe\u015f - Bucharest","isPartOf":{"@id":"https:\/\/www.ivb.ro\/#website"},"datePublished":"2022-02-25T11:46:11+00:00","dateModified":"2024-10-07T11:31:16+00:00","breadcrumb":{"@id":"https:\/\/www.ivb.ro\/excelsan_obiective_specifice#breadcrumb"},"inLanguage":"en-GB","potentialAction":[{"@type":"ReadAction","target":["https:\/\/www.ivb.ro\/excelsan_obiective_specifice"]}]},{"@type":"BreadcrumbList","@id":"https:\/\/www.ivb.ro\/excelsan_obiective_specifice#breadcrumb","itemListElement":[{"@type":"ListItem","position":1,"name":"Home","item":"https:\/\/www.ivb.ro\/"},{"@type":"ListItem","position":2,"name":"excelsan_obiective_specifice"}]},{"@type":"WebSite","@id":"https:\/\/www.ivb.ro\/#website","url":"https:\/\/www.ivb.ro\/","name":"National Institute of Pathology Victor Babe\u015f - Bucharest","description":"National Institute of Pathology Victor Babe\u015f - Bucharest","publisher":{"@id":"https:\/\/www.ivb.ro\/#organization"},"potentialAction":[{"@type":"SearchAction","target":{"@type":"EntryPoint","urlTemplate":"https:\/\/www.ivb.ro\/?s={search_term_string}"},"query-input":{"@type":"PropertyValueSpecification","valueRequired":true,"valueName":"search_term_string"}}],"inLanguage":"en-GB"},{"@type":"Organization","@id":"https:\/\/www.ivb.ro\/#organization","name":"National Institute of Pathology Victor Babe\u015f - Bucharest","url":"https:\/\/www.ivb.ro\/","logo":{"@type":"ImageObject","inLanguage":"en-GB","@id":"https:\/\/www.ivb.ro\/#\/schema\/logo\/image\/","url":"https:\/\/www.ivb.ro\/wp-content\/uploads\/2021\/04\/top-logo.png","contentUrl":"https:\/\/www.ivb.ro\/wp-content\/uploads\/2021\/04\/top-logo.png","width":340,"height":190,"caption":"National Institute of Pathology Victor Babe\u015f - Bucharest"},"image":{"@id":"https:\/\/www.ivb.ro\/#\/schema\/logo\/image\/"},"sameAs":["https:\/\/www.facebook.com\/incdvb.ro","https:\/\/www.instagram.com\/institutul.victorbabes\/","https:\/\/ro.linkedin.com\/company\/victor-babes-national-institute-of-pathology"]}]}},"_links":{"self":[{"href":"https:\/\/www.ivb.ro\/en\/wp-json\/wp\/v2\/pages\/3687","targetHints":{"allow":["GET"]}}],"collection":[{"href":"https:\/\/www.ivb.ro\/en\/wp-json\/wp\/v2\/pages"}],"about":[{"href":"https:\/\/www.ivb.ro\/en\/wp-json\/wp\/v2\/types\/page"}],"author":[{"embeddable":true,"href":"https:\/\/www.ivb.ro\/en\/wp-json\/wp\/v2\/users\/1"}],"replies":[{"embeddable":true,"href":"https:\/\/www.ivb.ro\/en\/wp-json\/wp\/v2\/comments?post=3687"}],"version-history":[{"count":10,"href":"https:\/\/www.ivb.ro\/en\/wp-json\/wp\/v2\/pages\/3687\/revisions"}],"predecessor-version":[{"id":10552,"href":"https:\/\/www.ivb.ro\/en\/wp-json\/wp\/v2\/pages\/3687\/revisions\/10552"}],"wp:attachment":[{"href":"https:\/\/www.ivb.ro\/en\/wp-json\/wp\/v2\/media?parent=3687"}],"curies":[{"name":"wp","href":"https:\/\/api.w.org\/{rel}","templated":true}]}}