{"id":3695,"date":"2022-02-25T11:48:22","date_gmt":"2022-02-25T11:48:22","guid":{"rendered":"https:\/\/www.ivb.ro\/?page_id=3695"},"modified":"2024-06-13T09:53:05","modified_gmt":"2024-06-13T09:53:05","slug":"excelsan_rezultate","status":"publish","type":"page","link":"https:\/\/www.ivb.ro\/en\/excelsan_rezultate","title":{"rendered":"excelsan_rezultate"},"content":{"rendered":"<div data-elementor-type=\"wp-page\" data-elementor-id=\"3695\" class=\"elementor elementor-3695\">\n\t\t\t\t\t\t<section class=\"elementor-section elementor-top-section elementor-element elementor-element-4bf4a6d7 elementor-section-content-middle elementor-section-stretched elementor-section-boxed elementor-section-height-default elementor-section-height-default\" data-id=\"4bf4a6d7\" data-element_type=\"section\" data-e-type=\"section\" data-settings=\"{&quot;stretch_section&quot;:&quot;section-stretched&quot;}\">\n\t\t\t\t\t\t<div class=\"elementor-container elementor-column-gap-no\">\n\t\t\t\t\t<div class=\"elementor-column elementor-col-33 elementor-top-column elementor-element elementor-element-4c0c0e85\" data-id=\"4c0c0e85\" data-element_type=\"column\" data-e-type=\"column\">\n\t\t\t<div class=\"elementor-widget-wrap elementor-element-populated\">\n\t\t\t\t\t\t<div class=\"elementor-element elementor-element-5bdcf40f elementor-widget-divider--view-line elementor-widget elementor-widget-divider\" data-id=\"5bdcf40f\" data-element_type=\"widget\" data-e-type=\"widget\" data-widget_type=\"divider.default\">\n\t\t\t\t<div class=\"elementor-widget-container\">\n\t\t\t\t\t\t\t<div class=\"elementor-divider\">\n\t\t\t<span class=\"elementor-divider-separator\">\n\t\t\t\t\t\t<\/span>\n\t\t<\/div>\n\t\t\t\t\t\t<\/div>\n\t\t\t\t<\/div>\n\t\t\t\t<div class=\"elementor-element elementor-element-158d279c elementor-widget elementor-widget-heading\" data-id=\"158d279c\" data-element_type=\"widget\" data-e-type=\"widget\" data-widget_type=\"heading.default\">\n\t\t\t\t<div class=\"elementor-widget-container\">\n\t\t\t\t\t<h4 class=\"elementor-heading-title elementor-size-default\">RESULTS<\/h4>\t\t\t\t<\/div>\n\t\t\t\t<\/div>\n\t\t\t\t\t<\/div>\n\t\t<\/div>\n\t\t\t\t<div class=\"elementor-column elementor-col-66 elementor-top-column elementor-element elementor-element-1afe970d\" data-id=\"1afe970d\" data-element_type=\"column\" data-e-type=\"column\">\n\t\t\t<div class=\"elementor-widget-wrap elementor-element-populated\">\n\t\t\t\t\t\t<div class=\"elementor-element elementor-element-2a875ac4 elementor-widget elementor-widget-text-editor\" data-id=\"2a875ac4\" data-element_type=\"widget\" data-e-type=\"widget\" data-widget_type=\"text-editor.default\">\n\t\t\t\t<div class=\"elementor-widget-container\">\n\t\t\t\t\t\t\t\t\t<h3><span style=\"font-size: 36pt;\">ETAPA I<br \/><\/span><\/h3><ul><li><a href=\"https:\/\/www.ivb.ro\/wp-content\/uploads\/2022\/11\/lista_lucrari1.pdf\">Lista lucr\u0103ri acceptate-publicate<\/a><\/li><li><a href=\"https:\/\/www.ivb.ro\/wp-content\/uploads\/2022\/11\/mobilitati1.pdf\">Mobilit\u0103\u021bi<\/a><\/li><\/ul>\t\t\t\t\t\t\t\t<\/div>\n\t\t\t\t<\/div>\n\t\t\t\t<div class=\"elementor-element elementor-element-a355d6a elementor-widget elementor-widget-text-editor\" data-id=\"a355d6a\" data-element_type=\"widget\" data-e-type=\"widget\" data-widget_type=\"text-editor.default\">\n\t\t\t\t<div class=\"elementor-widget-container\">\n\t\t\t\t\t\t\t\t\t<h3><span style=\"font-size: 36pt;\">ETAPA II<br \/><\/span><\/h3><ul><li><a href=\"https:\/\/www.ivb.ro\/wp-content\/uploads\/2022\/11\/lista_lucrari_2.pdf\">Lista lucr\u0103ri acceptate-publicate<\/a><\/li><li><a href=\"https:\/\/www.ivb.ro\/wp-content\/uploads\/2022\/11\/mobilitati_2.pdf\">Mobilit\u0103\u021bi<\/a><\/li><\/ul>\t\t\t\t\t\t\t\t<\/div>\n\t\t\t\t<\/div>\n\t\t\t\t<div class=\"elementor-element elementor-element-d2db761 elementor-widget elementor-widget-text-editor\" data-id=\"d2db761\" data-element_type=\"widget\" data-e-type=\"widget\" data-widget_type=\"text-editor.default\">\n\t\t\t\t<div class=\"elementor-widget-container\">\n\t\t\t\t\t\t\t\t\t<h3><span style=\"font-size: 36pt;\">ETAPA III<br \/><\/span><\/h3><ul><li><a href=\"https:\/\/www.ivb.ro\/wp-content\/uploads\/2023\/06\/lista-manuscrise-nov-2022-iun-2023.pdf\">Lista lucr\u0103ri acceptate-publicate<\/a><\/li><li><a href=\"https:\/\/www.ivb.ro\/wp-content\/uploads\/2023\/06\/mobilitati-efectuate-nov-2022-iun-2023.pdf\">Mobilit\u0103\u021bi<\/a><\/li><\/ul>\t\t\t\t\t\t\t\t<\/div>\n\t\t\t\t<\/div>\n\t\t\t\t<div class=\"elementor-element elementor-element-3808dcc elementor-widget elementor-widget-text-editor\" data-id=\"3808dcc\" data-element_type=\"widget\" data-e-type=\"widget\" data-widget_type=\"text-editor.default\">\n\t\t\t\t<div class=\"elementor-widget-container\">\n\t\t\t\t\t\t\t\t\t<h3><span style=\"font-size: 36pt;\">ETAPA IV<br \/><\/span><\/h3><ul><li><a href=\"https:\/\/www.ivb.ro\/wp-content\/uploads\/2023\/10\/Lista-articole-publicate.pdf\"><span style=\"color: #808080;\"><span style=\"color: #000000;\">Lista lucr\u0103ri acceptate-publicate<\/span><\/span><\/a><\/li><li><a href=\"https:\/\/www.ivb.ro\/wp-content\/uploads\/2023\/10\/Mobilitati.pdf\"><span style=\"color: #000000;\">Mobilit\u0103\u021bi<\/span><\/a><\/li><\/ul>\t\t\t\t\t\t\t\t<\/div>\n\t\t\t\t<\/div>\n\t\t\t\t<div class=\"elementor-element elementor-element-9cbe236 elementor-widget elementor-widget-text-editor\" data-id=\"9cbe236\" data-element_type=\"widget\" data-e-type=\"widget\" data-widget_type=\"text-editor.default\">\n\t\t\t\t<div class=\"elementor-widget-container\">\n\t\t\t\t\t\t\t\t\t<h3><span style=\"font-size: 36pt;\">ETAPA V<br \/><\/span><\/h3><ul><li><a href=\"https:\/\/www.ivb.ro\/wp-content\/uploads\/2024\/06\/Publicatii-2024_5.pdf\"><span style=\"color: #808080;\"><span style=\"color: #000000;\">Lista lucr\u0103ri acceptate-publicate<\/span><\/span><\/a><\/li><li><a href=\"https:\/\/www.ivb.ro\/wp-content\/uploads\/2024\/06\/mobilitati5.pdf\"><span style=\"color: #000000;\">Mobilit\u0103\u021bi<\/span><\/a><\/li><\/ul>\t\t\t\t\t\t\t\t<\/div>\n\t\t\t\t<\/div>\n\t\t\t\t\t<\/div>\n\t\t<\/div>\n\t\t\t\t\t<\/div>\n\t\t<\/section>\n\t\t\t\t<\/div>","protected":false},"excerpt":{"rendered":"<p>REZULTATE ETAPA I Lista lucr\u0103ri acceptate-publicate Mobilit\u0103\u021bi ETAPA II Lista lucr\u0103ri acceptate-publicate Mobilit\u0103\u021bi ETAPA III Lista lucr\u0103ri acceptate-publicate Mobilit\u0103\u021bi ETAPA IV Lista lucr\u0103ri acceptate-publicate Mobilit\u0103\u021bi ETAPA V Lista lucr\u0103ri acceptate-publicate Mobilit\u0103\u021bi<\/p>","protected":false},"author":1,"featured_media":0,"parent":0,"menu_order":0,"comment_status":"closed","ping_status":"closed","template":"","meta":{"ngg_post_thumbnail":0,"footnotes":""},"class_list":["post-3695","page","type-page","status-publish","hentry"],"yoast_head":"<!-- This site is optimized with the Yoast SEO plugin v27.5 - https:\/\/yoast.com\/product\/yoast-seo-wordpress\/ -->\n<title>excelsan_rezultate - National Institute of Pathology Victor Babe\u015f - Bucharest<\/title>\n<meta name=\"robots\" content=\"index, follow, max-snippet:-1, max-image-preview:large, max-video-preview:-1\" \/>\n<link rel=\"canonical\" href=\"https:\/\/www.ivb.ro\/en\/excelsan_rezultate\/\" \/>\n<meta property=\"og:locale\" content=\"en_GB\" \/>\n<meta property=\"og:type\" content=\"article\" \/>\n<meta property=\"og:title\" content=\"excelsan_rezultate - National Institute of Pathology Victor Babe\u015f - Bucharest\" \/>\n<meta property=\"og:description\" content=\"REZULTATE ETAPA I Lista lucr\u0103ri acceptate-publicate Mobilit\u0103\u021bi ETAPA II Lista lucr\u0103ri acceptate-publicate Mobilit\u0103\u021bi ETAPA III Lista lucr\u0103ri acceptate-publicate Mobilit\u0103\u021bi ETAPA IV Lista lucr\u0103ri acceptate-publicate Mobilit\u0103\u021bi ETAPA V Lista lucr\u0103ri acceptate-publicate Mobilit\u0103\u021bi\" \/>\n<meta property=\"og:url\" content=\"https:\/\/www.ivb.ro\/en\/excelsan_rezultate\/\" \/>\n<meta property=\"og:site_name\" content=\"National Institute of Pathology Victor Babe\u015f - Bucharest\" \/>\n<meta property=\"article:publisher\" content=\"https:\/\/www.facebook.com\/incdvb.ro\" \/>\n<meta property=\"article:modified_time\" content=\"2024-06-13T09:53:05+00:00\" \/>\n<meta name=\"twitter:card\" content=\"summary_large_image\" \/>\n<meta name=\"twitter:label1\" content=\"Estimated reading time\" \/>\n\t<meta name=\"twitter:data1\" content=\"1 minute\" \/>\n<script type=\"application\/ld+json\" class=\"yoast-schema-graph\">{\"@context\":\"https:\\\/\\\/schema.org\",\"@graph\":[{\"@type\":\"WebPage\",\"@id\":\"https:\\\/\\\/www.ivb.ro\\\/excelsan_rezultate\",\"url\":\"https:\\\/\\\/www.ivb.ro\\\/excelsan_rezultate\",\"name\":\"excelsan_rezultate - National Institute of Pathology Victor Babe\u015f - Bucharest\",\"isPartOf\":{\"@id\":\"https:\\\/\\\/www.ivb.ro\\\/#website\"},\"datePublished\":\"2022-02-25T11:48:22+00:00\",\"dateModified\":\"2024-06-13T09:53:05+00:00\",\"breadcrumb\":{\"@id\":\"https:\\\/\\\/www.ivb.ro\\\/excelsan_rezultate#breadcrumb\"},\"inLanguage\":\"en-GB\",\"potentialAction\":[{\"@type\":\"ReadAction\",\"target\":[\"https:\\\/\\\/www.ivb.ro\\\/excelsan_rezultate\"]}]},{\"@type\":\"BreadcrumbList\",\"@id\":\"https:\\\/\\\/www.ivb.ro\\\/excelsan_rezultate#breadcrumb\",\"itemListElement\":[{\"@type\":\"ListItem\",\"position\":1,\"name\":\"Home\",\"item\":\"https:\\\/\\\/www.ivb.ro\\\/\"},{\"@type\":\"ListItem\",\"position\":2,\"name\":\"excelsan_rezultate\"}]},{\"@type\":\"WebSite\",\"@id\":\"https:\\\/\\\/www.ivb.ro\\\/#website\",\"url\":\"https:\\\/\\\/www.ivb.ro\\\/\",\"name\":\"National Institute of Pathology Victor Babe\u015f - Bucharest\",\"description\":\"National Institute of Pathology Victor Babe\u015f - Bucharest\",\"publisher\":{\"@id\":\"https:\\\/\\\/www.ivb.ro\\\/#organization\"},\"potentialAction\":[{\"@type\":\"SearchAction\",\"target\":{\"@type\":\"EntryPoint\",\"urlTemplate\":\"https:\\\/\\\/www.ivb.ro\\\/?s={search_term_string}\"},\"query-input\":{\"@type\":\"PropertyValueSpecification\",\"valueRequired\":true,\"valueName\":\"search_term_string\"}}],\"inLanguage\":\"en-GB\"},{\"@type\":\"Organization\",\"@id\":\"https:\\\/\\\/www.ivb.ro\\\/#organization\",\"name\":\"National Institute of Pathology Victor Babe\u015f - Bucharest\",\"url\":\"https:\\\/\\\/www.ivb.ro\\\/\",\"logo\":{\"@type\":\"ImageObject\",\"inLanguage\":\"en-GB\",\"@id\":\"https:\\\/\\\/www.ivb.ro\\\/#\\\/schema\\\/logo\\\/image\\\/\",\"url\":\"https:\\\/\\\/www.ivb.ro\\\/wp-content\\\/uploads\\\/2021\\\/04\\\/top-logo.png\",\"contentUrl\":\"https:\\\/\\\/www.ivb.ro\\\/wp-content\\\/uploads\\\/2021\\\/04\\\/top-logo.png\",\"width\":340,\"height\":190,\"caption\":\"National Institute of Pathology Victor Babe\u015f - Bucharest\"},\"image\":{\"@id\":\"https:\\\/\\\/www.ivb.ro\\\/#\\\/schema\\\/logo\\\/image\\\/\"},\"sameAs\":[\"https:\\\/\\\/www.facebook.com\\\/incdvb.ro\",\"https:\\\/\\\/www.instagram.com\\\/institutul.victorbabes\\\/\",\"https:\\\/\\\/ro.linkedin.com\\\/company\\\/victor-babes-national-institute-of-pathology\"]}]}<\/script>\n<!-- \/ Yoast SEO plugin. -->","yoast_head_json":{"title":"excelsan_rezultate - National Institute of Pathology Victor Babe\u015f - Bucharest","robots":{"index":"index","follow":"follow","max-snippet":"max-snippet:-1","max-image-preview":"max-image-preview:large","max-video-preview":"max-video-preview:-1"},"canonical":"https:\/\/www.ivb.ro\/en\/excelsan_rezultate\/","og_locale":"en_GB","og_type":"article","og_title":"excelsan_rezultate - National Institute of Pathology Victor Babe\u015f - Bucharest","og_description":"REZULTATE ETAPA I Lista lucr\u0103ri acceptate-publicate Mobilit\u0103\u021bi ETAPA II Lista lucr\u0103ri acceptate-publicate Mobilit\u0103\u021bi ETAPA III Lista lucr\u0103ri acceptate-publicate Mobilit\u0103\u021bi ETAPA IV Lista lucr\u0103ri acceptate-publicate Mobilit\u0103\u021bi ETAPA V Lista lucr\u0103ri acceptate-publicate Mobilit\u0103\u021bi","og_url":"https:\/\/www.ivb.ro\/en\/excelsan_rezultate\/","og_site_name":"National Institute of Pathology Victor Babe\u015f - Bucharest","article_publisher":"https:\/\/www.facebook.com\/incdvb.ro","article_modified_time":"2024-06-13T09:53:05+00:00","twitter_card":"summary_large_image","twitter_misc":{"Estimated reading time":"1 minute"},"schema":{"@context":"https:\/\/schema.org","@graph":[{"@type":"WebPage","@id":"https:\/\/www.ivb.ro\/excelsan_rezultate","url":"https:\/\/www.ivb.ro\/excelsan_rezultate","name":"excelsan_rezultate - National Institute of Pathology Victor Babe\u015f - Bucharest","isPartOf":{"@id":"https:\/\/www.ivb.ro\/#website"},"datePublished":"2022-02-25T11:48:22+00:00","dateModified":"2024-06-13T09:53:05+00:00","breadcrumb":{"@id":"https:\/\/www.ivb.ro\/excelsan_rezultate#breadcrumb"},"inLanguage":"en-GB","potentialAction":[{"@type":"ReadAction","target":["https:\/\/www.ivb.ro\/excelsan_rezultate"]}]},{"@type":"BreadcrumbList","@id":"https:\/\/www.ivb.ro\/excelsan_rezultate#breadcrumb","itemListElement":[{"@type":"ListItem","position":1,"name":"Home","item":"https:\/\/www.ivb.ro\/"},{"@type":"ListItem","position":2,"name":"excelsan_rezultate"}]},{"@type":"WebSite","@id":"https:\/\/www.ivb.ro\/#website","url":"https:\/\/www.ivb.ro\/","name":"National Institute of Pathology Victor Babe\u015f - Bucharest","description":"National Institute of Pathology Victor Babe\u015f - Bucharest","publisher":{"@id":"https:\/\/www.ivb.ro\/#organization"},"potentialAction":[{"@type":"SearchAction","target":{"@type":"EntryPoint","urlTemplate":"https:\/\/www.ivb.ro\/?s={search_term_string}"},"query-input":{"@type":"PropertyValueSpecification","valueRequired":true,"valueName":"search_term_string"}}],"inLanguage":"en-GB"},{"@type":"Organization","@id":"https:\/\/www.ivb.ro\/#organization","name":"National Institute of Pathology Victor Babe\u015f - Bucharest","url":"https:\/\/www.ivb.ro\/","logo":{"@type":"ImageObject","inLanguage":"en-GB","@id":"https:\/\/www.ivb.ro\/#\/schema\/logo\/image\/","url":"https:\/\/www.ivb.ro\/wp-content\/uploads\/2021\/04\/top-logo.png","contentUrl":"https:\/\/www.ivb.ro\/wp-content\/uploads\/2021\/04\/top-logo.png","width":340,"height":190,"caption":"National Institute of Pathology Victor Babe\u015f - Bucharest"},"image":{"@id":"https:\/\/www.ivb.ro\/#\/schema\/logo\/image\/"},"sameAs":["https:\/\/www.facebook.com\/incdvb.ro","https:\/\/www.instagram.com\/institutul.victorbabes\/","https:\/\/ro.linkedin.com\/company\/victor-babes-national-institute-of-pathology"]}]}},"_links":{"self":[{"href":"https:\/\/www.ivb.ro\/en\/wp-json\/wp\/v2\/pages\/3695","targetHints":{"allow":["GET"]}}],"collection":[{"href":"https:\/\/www.ivb.ro\/en\/wp-json\/wp\/v2\/pages"}],"about":[{"href":"https:\/\/www.ivb.ro\/en\/wp-json\/wp\/v2\/types\/page"}],"author":[{"embeddable":true,"href":"https:\/\/www.ivb.ro\/en\/wp-json\/wp\/v2\/users\/1"}],"replies":[{"embeddable":true,"href":"https:\/\/www.ivb.ro\/en\/wp-json\/wp\/v2\/comments?post=3695"}],"version-history":[{"count":34,"href":"https:\/\/www.ivb.ro\/en\/wp-json\/wp\/v2\/pages\/3695\/revisions"}],"predecessor-version":[{"id":9134,"href":"https:\/\/www.ivb.ro\/en\/wp-json\/wp\/v2\/pages\/3695\/revisions\/9134"}],"wp:attachment":[{"href":"https:\/\/www.ivb.ro\/en\/wp-json\/wp\/v2\/media?parent=3695"}],"curies":[{"name":"wp","href":"https:\/\/api.w.org\/{rel}","templated":true}]}}