{"id":3822,"date":"2022-03-07T09:23:41","date_gmt":"2022-03-07T09:23:41","guid":{"rendered":"https:\/\/www.ivb.ro\/?page_id=3822"},"modified":"2022-03-07T10:54:07","modified_gmt":"2022-03-07T10:54:07","slug":"protectia-datelor-personale","status":"publish","type":"page","link":"https:\/\/www.ivb.ro\/en\/protectia-datelor-personale","title":{"rendered":"Protectia datelor personale"},"content":{"rendered":"<div data-elementor-type=\"wp-page\" data-elementor-id=\"3822\" class=\"elementor elementor-3822\">\n\t\t\t\t\t\t<section class=\"elementor-section elementor-top-section elementor-element elementor-element-333b587b elementor-section-content-middle elementor-section-stretched elementor-section-boxed elementor-section-height-default elementor-section-height-default\" data-id=\"333b587b\" data-element_type=\"section\" data-e-type=\"section\" data-settings=\"{&quot;stretch_section&quot;:&quot;section-stretched&quot;}\">\n\t\t\t\t\t\t<div class=\"elementor-container elementor-column-gap-no\">\n\t\t\t\t\t<div class=\"elementor-column elementor-col-100 elementor-top-column elementor-element elementor-element-6ae3ebec\" data-id=\"6ae3ebec\" data-element_type=\"column\" data-e-type=\"column\">\n\t\t\t<div class=\"elementor-widget-wrap elementor-element-populated\">\n\t\t\t\t\t\t<div class=\"elementor-element elementor-element-6a7ff8c5 elementor-widget elementor-widget-heading\" data-id=\"6a7ff8c5\" data-element_type=\"widget\" data-e-type=\"widget\" data-widget_type=\"heading.default\">\n\t\t\t\t<div class=\"elementor-widget-container\">\n\t\t\t\t\t<h4 class=\"elementor-heading-title elementor-size-default\">Protectia datelor personale<\/h4>\t\t\t\t<\/div>\n\t\t\t\t<\/div>\n\t\t\t\t<section class=\"elementor-section elementor-inner-section elementor-element elementor-element-4debc5a9 elementor-section-content-middle elementor-section-boxed elementor-section-height-default elementor-section-height-default\" data-id=\"4debc5a9\" data-element_type=\"section\" data-e-type=\"section\">\n\t\t\t\t\t\t<div class=\"elementor-container elementor-column-gap-default\">\n\t\t\t\t\t<div class=\"elementor-column elementor-col-50 elementor-inner-column elementor-element elementor-element-3008650d\" data-id=\"3008650d\" data-element_type=\"column\" data-e-type=\"column\">\n\t\t\t<div class=\"elementor-widget-wrap elementor-element-populated\">\n\t\t\t\t\t\t<div class=\"elementor-element elementor-element-1cb1bc3 elementor-widget elementor-widget-image\" data-id=\"1cb1bc3\" data-element_type=\"widget\" data-e-type=\"widget\" data-widget_type=\"image.default\">\n\t\t\t\t<div class=\"elementor-widget-container\">\n\t\t\t\t\t\t\t\t\t\t\t\t<figure class=\"wp-caption\">\n\t\t\t\t\t\t\t\t\t\t\t<a href=\"https:\/\/www.ivb.ro\/intranet\/GDPR\/PO-GDPR-Ed1Rev0.pdf\">\n\t\t\t\t\t\t\t<img decoding=\"async\" width=\"150\" height=\"150\" src=\"https:\/\/www.ivb.ro\/wp-content\/uploads\/2021\/04\/pdf-file-150x150.png\" class=\"attachment-thumbnail size-thumbnail wp-image-1811\" alt=\"\" srcset=\"https:\/\/www.ivb.ro\/wp-content\/uploads\/2021\/04\/pdf-file-150x150.png 150w, https:\/\/www.ivb.ro\/wp-content\/uploads\/2021\/04\/pdf-file-100x100.png 100w, https:\/\/www.ivb.ro\/wp-content\/uploads\/2021\/04\/pdf-file-500x500.png 500w, https:\/\/www.ivb.ro\/wp-content\/uploads\/2021\/04\/pdf-file-300x300.png 300w, https:\/\/www.ivb.ro\/wp-content\/uploads\/2021\/04\/pdf-file-12x12.png 12w, https:\/\/www.ivb.ro\/wp-content\/uploads\/2021\/04\/pdf-file.png 512w\" sizes=\"(max-width: 150px) 100vw, 150px\" \/>\t\t\t\t\t\t\t\t<\/a>\n\t\t\t\t\t\t\t\t\t\t\t<figcaption class=\"widget-image-caption wp-caption-text\">PROCEDUR\u0102 OPERA\u0162IONAL\u0102 PRIVIND PRELUCRAREA DATELOR CU CARACTER PERSONAL<\/figcaption>\n\t\t\t\t\t\t\t\t\t\t<\/figure>\n\t\t\t\t\t\t\t\t\t<\/div>\n\t\t\t\t<\/div>\n\t\t\t\t\t<\/div>\n\t\t<\/div>\n\t\t\t\t<div class=\"elementor-column elementor-col-50 elementor-inner-column elementor-element elementor-element-5754b656\" data-id=\"5754b656\" data-element_type=\"column\" data-e-type=\"column\">\n\t\t\t<div class=\"elementor-widget-wrap elementor-element-populated\">\n\t\t\t\t\t\t<div class=\"elementor-element elementor-element-692c81f elementor-widget elementor-widget-image\" data-id=\"692c81f\" data-element_type=\"widget\" data-e-type=\"widget\" data-widget_type=\"image.default\">\n\t\t\t\t<div class=\"elementor-widget-container\">\n\t\t\t\t\t\t\t\t\t\t\t\t<figure class=\"wp-caption\">\n\t\t\t\t\t\t\t\t\t\t\t<a href=\"https:\/\/www.ivb.ro\/en\/intranet\/GDPR\/Regulament-679-2016-protectia%20datelor%20personale.pdf\/\">\n\t\t\t\t\t\t\t<img decoding=\"async\" width=\"150\" height=\"150\" src=\"https:\/\/www.ivb.ro\/wp-content\/uploads\/2021\/04\/pdf-file-150x150.png\" class=\"attachment-thumbnail size-thumbnail wp-image-1811\" alt=\"\" srcset=\"https:\/\/www.ivb.ro\/wp-content\/uploads\/2021\/04\/pdf-file-150x150.png 150w, https:\/\/www.ivb.ro\/wp-content\/uploads\/2021\/04\/pdf-file-100x100.png 100w, https:\/\/www.ivb.ro\/wp-content\/uploads\/2021\/04\/pdf-file-500x500.png 500w, https:\/\/www.ivb.ro\/wp-content\/uploads\/2021\/04\/pdf-file-300x300.png 300w, https:\/\/www.ivb.ro\/wp-content\/uploads\/2021\/04\/pdf-file-12x12.png 12w, https:\/\/www.ivb.ro\/wp-content\/uploads\/2021\/04\/pdf-file.png 512w\" sizes=\"(max-width: 150px) 100vw, 150px\" \/>\t\t\t\t\t\t\t\t<\/a>\n\t\t\t\t\t\t\t\t\t\t\t<figcaption class=\"widget-image-caption wp-caption-text\">Regulament-679-2016-protectia datelor personale<\/figcaption>\n\t\t\t\t\t\t\t\t\t\t<\/figure>\n\t\t\t\t\t\t\t\t\t<\/div>\n\t\t\t\t<\/div>\n\t\t\t\t\t<\/div>\n\t\t<\/div>\n\t\t\t\t\t<\/div>\n\t\t<\/section>\n\t\t\t\t\t<\/div>\n\t\t<\/div>\n\t\t\t\t\t<\/div>\n\t\t<\/section>\n\t\t\t\t<\/div>","protected":false},"excerpt":{"rendered":"<p>Protectia datelor personale PROCEDUR\u0102 OPERA\u0162IONAL\u0102 PRIVIND PRELUCRAREA DATELOR CU CARACTER PERSONAL Regulament-679-2016-protectia datelor personale<\/p>","protected":false},"author":1,"featured_media":0,"parent":0,"menu_order":0,"comment_status":"closed","ping_status":"closed","template":"","meta":{"ngg_post_thumbnail":0,"footnotes":""},"class_list":["post-3822","page","type-page","status-publish","hentry"],"yoast_head":"<!-- This site is optimized with the Yoast SEO plugin v27.2 - https:\/\/yoast.com\/product\/yoast-seo-wordpress\/ -->\n<title>Protectia datelor personale - National Institute of Pathology Victor Babe\u015f - Bucharest<\/title>\n<meta name=\"robots\" content=\"index, follow, max-snippet:-1, max-image-preview:large, max-video-preview:-1\" \/>\n<link rel=\"canonical\" href=\"https:\/\/www.ivb.ro\/en\/protectia-datelor-personale\/\" \/>\n<meta property=\"og:locale\" content=\"en_GB\" \/>\n<meta property=\"og:type\" content=\"article\" \/>\n<meta property=\"og:title\" content=\"Protectia datelor personale - National Institute of Pathology Victor Babe\u015f - Bucharest\" \/>\n<meta property=\"og:description\" content=\"Protectia datelor personale PROCEDUR\u0102 OPERA\u0162IONAL\u0102 PRIVIND PRELUCRAREA DATELOR CU CARACTER PERSONAL Regulament-679-2016-protectia datelor personale\" \/>\n<meta property=\"og:url\" content=\"https:\/\/www.ivb.ro\/en\/protectia-datelor-personale\/\" \/>\n<meta property=\"og:site_name\" content=\"National Institute of Pathology Victor Babe\u015f - Bucharest\" \/>\n<meta property=\"article:publisher\" content=\"https:\/\/www.facebook.com\/incdvb.ro\" \/>\n<meta property=\"article:modified_time\" content=\"2022-03-07T10:54:07+00:00\" \/>\n<meta property=\"og:image\" content=\"https:\/\/www.ivb.ro\/wp-content\/uploads\/2021\/04\/pdf-file-150x150.png\" \/>\n<meta name=\"twitter:card\" content=\"summary_large_image\" \/>\n<meta name=\"twitter:label1\" content=\"Estimated reading time\" \/>\n\t<meta name=\"twitter:data1\" content=\"1 minute\" \/>\n<script type=\"application\/ld+json\" class=\"yoast-schema-graph\">{\"@context\":\"https:\/\/schema.org\",\"@graph\":[{\"@type\":\"WebPage\",\"@id\":\"https:\/\/www.ivb.ro\/protectia-datelor-personale\",\"url\":\"https:\/\/www.ivb.ro\/protectia-datelor-personale\",\"name\":\"Protectia datelor personale - National Institute of Pathology Victor Babe\u015f - Bucharest\",\"isPartOf\":{\"@id\":\"https:\/\/www.ivb.ro\/#website\"},\"primaryImageOfPage\":{\"@id\":\"https:\/\/www.ivb.ro\/protectia-datelor-personale#primaryimage\"},\"image\":{\"@id\":\"https:\/\/www.ivb.ro\/protectia-datelor-personale#primaryimage\"},\"thumbnailUrl\":\"https:\/\/www.ivb.ro\/wp-content\/uploads\/2021\/04\/pdf-file-150x150.png\",\"datePublished\":\"2022-03-07T09:23:41+00:00\",\"dateModified\":\"2022-03-07T10:54:07+00:00\",\"breadcrumb\":{\"@id\":\"https:\/\/www.ivb.ro\/protectia-datelor-personale#breadcrumb\"},\"inLanguage\":\"en-GB\",\"potentialAction\":[{\"@type\":\"ReadAction\",\"target\":[\"https:\/\/www.ivb.ro\/protectia-datelor-personale\"]}]},{\"@type\":\"ImageObject\",\"inLanguage\":\"en-GB\",\"@id\":\"https:\/\/www.ivb.ro\/protectia-datelor-personale#primaryimage\",\"url\":\"https:\/\/www.ivb.ro\/wp-content\/uploads\/2021\/04\/pdf-file-150x150.png\",\"contentUrl\":\"https:\/\/www.ivb.ro\/wp-content\/uploads\/2021\/04\/pdf-file-150x150.png\"},{\"@type\":\"BreadcrumbList\",\"@id\":\"https:\/\/www.ivb.ro\/protectia-datelor-personale#breadcrumb\",\"itemListElement\":[{\"@type\":\"ListItem\",\"position\":1,\"name\":\"Home\",\"item\":\"https:\/\/www.ivb.ro\/\"},{\"@type\":\"ListItem\",\"position\":2,\"name\":\"Protectia datelor personale\"}]},{\"@type\":\"WebSite\",\"@id\":\"https:\/\/www.ivb.ro\/#website\",\"url\":\"https:\/\/www.ivb.ro\/\",\"name\":\"National Institute of Pathology Victor Babe\u015f - Bucharest\",\"description\":\"National Institute of Pathology Victor Babe\u015f - Bucharest\",\"publisher\":{\"@id\":\"https:\/\/www.ivb.ro\/#organization\"},\"potentialAction\":[{\"@type\":\"SearchAction\",\"target\":{\"@type\":\"EntryPoint\",\"urlTemplate\":\"https:\/\/www.ivb.ro\/?s={search_term_string}\"},\"query-input\":{\"@type\":\"PropertyValueSpecification\",\"valueRequired\":true,\"valueName\":\"search_term_string\"}}],\"inLanguage\":\"en-GB\"},{\"@type\":\"Organization\",\"@id\":\"https:\/\/www.ivb.ro\/#organization\",\"name\":\"National Institute of Pathology Victor Babe\u015f - Bucharest\",\"url\":\"https:\/\/www.ivb.ro\/\",\"logo\":{\"@type\":\"ImageObject\",\"inLanguage\":\"en-GB\",\"@id\":\"https:\/\/www.ivb.ro\/#\/schema\/logo\/image\/\",\"url\":\"https:\/\/www.ivb.ro\/wp-content\/uploads\/2021\/04\/top-logo.png\",\"contentUrl\":\"https:\/\/www.ivb.ro\/wp-content\/uploads\/2021\/04\/top-logo.png\",\"width\":340,\"height\":190,\"caption\":\"National Institute of Pathology Victor Babe\u015f - Bucharest\"},\"image\":{\"@id\":\"https:\/\/www.ivb.ro\/#\/schema\/logo\/image\/\"},\"sameAs\":[\"https:\/\/www.facebook.com\/incdvb.ro\",\"https:\/\/www.instagram.com\/institutul.victorbabes\/\",\"https:\/\/ro.linkedin.com\/company\/victor-babes-national-institute-of-pathology\"]}]}<\/script>\n<!-- \/ Yoast SEO plugin. -->","yoast_head_json":{"title":"Protectia datelor personale - National Institute of Pathology Victor Babe\u015f - Bucharest","robots":{"index":"index","follow":"follow","max-snippet":"max-snippet:-1","max-image-preview":"max-image-preview:large","max-video-preview":"max-video-preview:-1"},"canonical":"https:\/\/www.ivb.ro\/en\/protectia-datelor-personale\/","og_locale":"en_GB","og_type":"article","og_title":"Protectia datelor personale - National Institute of Pathology Victor Babe\u015f - Bucharest","og_description":"Protectia datelor personale PROCEDUR\u0102 OPERA\u0162IONAL\u0102 PRIVIND PRELUCRAREA DATELOR CU CARACTER PERSONAL Regulament-679-2016-protectia datelor personale","og_url":"https:\/\/www.ivb.ro\/en\/protectia-datelor-personale\/","og_site_name":"National Institute of Pathology Victor Babe\u015f - Bucharest","article_publisher":"https:\/\/www.facebook.com\/incdvb.ro","article_modified_time":"2022-03-07T10:54:07+00:00","og_image":[{"url":"https:\/\/www.ivb.ro\/wp-content\/uploads\/2021\/04\/pdf-file-150x150.png","type":"","width":"","height":""}],"twitter_card":"summary_large_image","twitter_misc":{"Estimated reading time":"1 minute"},"schema":{"@context":"https:\/\/schema.org","@graph":[{"@type":"WebPage","@id":"https:\/\/www.ivb.ro\/protectia-datelor-personale","url":"https:\/\/www.ivb.ro\/protectia-datelor-personale","name":"Protectia datelor personale - National Institute of Pathology Victor Babe\u015f - Bucharest","isPartOf":{"@id":"https:\/\/www.ivb.ro\/#website"},"primaryImageOfPage":{"@id":"https:\/\/www.ivb.ro\/protectia-datelor-personale#primaryimage"},"image":{"@id":"https:\/\/www.ivb.ro\/protectia-datelor-personale#primaryimage"},"thumbnailUrl":"https:\/\/www.ivb.ro\/wp-content\/uploads\/2021\/04\/pdf-file-150x150.png","datePublished":"2022-03-07T09:23:41+00:00","dateModified":"2022-03-07T10:54:07+00:00","breadcrumb":{"@id":"https:\/\/www.ivb.ro\/protectia-datelor-personale#breadcrumb"},"inLanguage":"en-GB","potentialAction":[{"@type":"ReadAction","target":["https:\/\/www.ivb.ro\/protectia-datelor-personale"]}]},{"@type":"ImageObject","inLanguage":"en-GB","@id":"https:\/\/www.ivb.ro\/protectia-datelor-personale#primaryimage","url":"https:\/\/www.ivb.ro\/wp-content\/uploads\/2021\/04\/pdf-file-150x150.png","contentUrl":"https:\/\/www.ivb.ro\/wp-content\/uploads\/2021\/04\/pdf-file-150x150.png"},{"@type":"BreadcrumbList","@id":"https:\/\/www.ivb.ro\/protectia-datelor-personale#breadcrumb","itemListElement":[{"@type":"ListItem","position":1,"name":"Home","item":"https:\/\/www.ivb.ro\/"},{"@type":"ListItem","position":2,"name":"Protectia datelor personale"}]},{"@type":"WebSite","@id":"https:\/\/www.ivb.ro\/#website","url":"https:\/\/www.ivb.ro\/","name":"National Institute of Pathology Victor Babe\u015f - Bucharest","description":"National Institute of Pathology Victor Babe\u015f - Bucharest","publisher":{"@id":"https:\/\/www.ivb.ro\/#organization"},"potentialAction":[{"@type":"SearchAction","target":{"@type":"EntryPoint","urlTemplate":"https:\/\/www.ivb.ro\/?s={search_term_string}"},"query-input":{"@type":"PropertyValueSpecification","valueRequired":true,"valueName":"search_term_string"}}],"inLanguage":"en-GB"},{"@type":"Organization","@id":"https:\/\/www.ivb.ro\/#organization","name":"National Institute of Pathology Victor Babe\u015f - Bucharest","url":"https:\/\/www.ivb.ro\/","logo":{"@type":"ImageObject","inLanguage":"en-GB","@id":"https:\/\/www.ivb.ro\/#\/schema\/logo\/image\/","url":"https:\/\/www.ivb.ro\/wp-content\/uploads\/2021\/04\/top-logo.png","contentUrl":"https:\/\/www.ivb.ro\/wp-content\/uploads\/2021\/04\/top-logo.png","width":340,"height":190,"caption":"National Institute of Pathology Victor Babe\u015f - Bucharest"},"image":{"@id":"https:\/\/www.ivb.ro\/#\/schema\/logo\/image\/"},"sameAs":["https:\/\/www.facebook.com\/incdvb.ro","https:\/\/www.instagram.com\/institutul.victorbabes\/","https:\/\/ro.linkedin.com\/company\/victor-babes-national-institute-of-pathology"]}]}},"_links":{"self":[{"href":"https:\/\/www.ivb.ro\/en\/wp-json\/wp\/v2\/pages\/3822","targetHints":{"allow":["GET"]}}],"collection":[{"href":"https:\/\/www.ivb.ro\/en\/wp-json\/wp\/v2\/pages"}],"about":[{"href":"https:\/\/www.ivb.ro\/en\/wp-json\/wp\/v2\/types\/page"}],"author":[{"embeddable":true,"href":"https:\/\/www.ivb.ro\/en\/wp-json\/wp\/v2\/users\/1"}],"replies":[{"embeddable":true,"href":"https:\/\/www.ivb.ro\/en\/wp-json\/wp\/v2\/comments?post=3822"}],"version-history":[{"count":10,"href":"https:\/\/www.ivb.ro\/en\/wp-json\/wp\/v2\/pages\/3822\/revisions"}],"predecessor-version":[{"id":3946,"href":"https:\/\/www.ivb.ro\/en\/wp-json\/wp\/v2\/pages\/3822\/revisions\/3946"}],"wp:attachment":[{"href":"https:\/\/www.ivb.ro\/en\/wp-json\/wp\/v2\/media?parent=3822"}],"curies":[{"name":"wp","href":"https:\/\/api.w.org\/{rel}","templated":true}]}}