{"id":4170,"date":"2022-05-04T10:11:25","date_gmt":"2022-05-04T10:11:25","guid":{"rendered":"https:\/\/www.ivb.ro\/?page_id=4170"},"modified":"2025-12-03T10:49:38","modified_gmt":"2025-12-03T10:49:38","slug":"anunt-de-concurs-pentru-ocuparea-a-2-posturi-de-cercetator-stiintific-postdoctorand-proiect-redbrain","status":"publish","type":"page","link":"https:\/\/www.ivb.ro\/en\/anunt-de-concurs-pentru-ocuparea-a-2-posturi-de-cercetator-stiintific-postdoctorand-proiect-redbrain","title":{"rendered":"Anun\u021b de concurs pentru ocuparea a 2 posturi de cercetator stiintific, postdoctorand, proiect REDBRAIN"},"content":{"rendered":"\t\t<div data-elementor-type=\"wp-page\" data-elementor-id=\"4170\" class=\"elementor elementor-4170\">\n\t\t\t\t\t\t<section class=\"elementor-section elementor-top-section elementor-element elementor-element-c682fec elementor-section-stretched elementor-section-boxed elementor-section-height-default elementor-section-height-default\" data-id=\"c682fec\" data-element_type=\"section\" data-e-type=\"section\" data-settings=\"{&quot;stretch_section&quot;:&quot;section-stretched&quot;}\">\n\t\t\t\t\t\t<div class=\"elementor-container elementor-column-gap-default\">\n\t\t\t\t\t<div class=\"elementor-column elementor-col-100 elementor-top-column elementor-element elementor-element-933a1aa\" data-id=\"933a1aa\" data-element_type=\"column\" data-e-type=\"column\">\n\t\t\t<div class=\"elementor-widget-wrap elementor-element-populated\">\n\t\t\t\t\t\t<div class=\"elementor-element elementor-element-f05a314 elementor-widget elementor-widget-heading\" data-id=\"f05a314\" data-element_type=\"widget\" data-e-type=\"widget\" data-widget_type=\"heading.default\">\n\t\t\t\t<div class=\"elementor-widget-container\">\n\t\t\t\t\t<h2 class=\"elementor-heading-title elementor-size-default\">Anun\u021b de concurs pentru ocuparea a unui post de cercetator stiintific, postdoctorand, proiect REDBRAIN<\/h2>\t\t\t\t<\/div>\n\t\t\t\t<\/div>\n\t\t\t\t\t<\/div>\n\t\t<\/div>\n\t\t\t\t\t<\/div>\n\t\t<\/section>\n\t\t\t\t<section class=\"elementor-section elementor-top-section elementor-element elementor-element-3d8f169 elementor-section-stretched elementor-section-boxed elementor-section-height-default elementor-section-height-default\" data-id=\"3d8f169\" data-element_type=\"section\" data-e-type=\"section\" data-settings=\"{&quot;stretch_section&quot;:&quot;section-stretched&quot;}\">\n\t\t\t\t\t\t<div class=\"elementor-container elementor-column-gap-default\">\n\t\t\t\t\t<div class=\"elementor-column elementor-col-100 elementor-top-column elementor-element elementor-element-aa8e3f7\" data-id=\"aa8e3f7\" data-element_type=\"column\" data-e-type=\"column\">\n\t\t\t<div class=\"elementor-widget-wrap elementor-element-populated\">\n\t\t\t\t\t\t<div class=\"elementor-element elementor-element-9ab34b6 elementor-widget elementor-widget-text-editor\" data-id=\"9ab34b6\" data-element_type=\"widget\" data-e-type=\"widget\" data-widget_type=\"text-editor.default\">\n\t\t\t\t<div class=\"elementor-widget-container\">\n\t\t\t\t\t\t\t\t\t<p><strong>\u00a0<\/strong>Institutul Na\u021bional de Cercetare-Dezvoltare \u00een Domeniul Patologiei \u0219i \u0218tiin\u021belor Biomedicale \u201eVictor Babe\u0219\u201d, cu sediul \u00een Bucure\u0219ti, Splaiul Independen\u021bei, nr. 99-101, sector 5, av\u0203nd ca obiect principal de activitate cercetarea \u2013 dezvoltarea \u020bn domeniul biomedical, anun\u021b\u0103 scoaterea la concurs \u020bn cadrul proiectului <strong>Transfer de cuno\u015ftin\u0163e <\/strong><strong>\u020b<\/strong><strong>n domeniul biologiei redox pentru dezvoltarea de instrumente moleculare avansate <\/strong><strong>\u020b<\/strong><strong>n bolile neurodegenerative \u2013 semn\u0103tura factorului de transcriptie Nrf2 pentru diagnostic \u015fi terapie<\/strong>\u201d, acronim REDBRAIN, <strong>Cod SMIS: P_37_732<\/strong>, coordonat de Prof. Antonio Cuadrado \u0219i finan\u021bat prin Programul Opera\u021bional Competitivitate, Axa Prioritar\u0103 1: Cercetare, Dezvoltare Tehnologic\u0103 \u015fi Inovare (CDI) \u020bn Sprijinul Competitivit\u0103\u0163ii Economice \u015fi Dezvolt\u0103rii Afacerilor; Ac\u021biunea 1.1.4: Atragerea de personal cu competen\u021be avansate din str\u0103in\u0103tate pentru consolidarea capacit\u0103\u021bii de CD), <strong>a unui post<\/strong> <strong>de cercetator stiintific, post-doctorand, <\/strong>specialitatea biolog, biochimist, farmacist sau alta specializare relevant\u0103 pentru cercetarea biomedical\u0103; norm\u0103 \u020bntreag\u0103, durat\u0103 determinat\u0103 de aproximativ 2 luni (p\u00e2na la incheierea proiectului \u00een data de 31.08.2022). Documenta\u021bia pentru concurs se transmite \u020bn perioada 5 mai 2022 \u2013 03 iunie 2022 prin email (gina.manda [at] gmail.com, gina.manda[ at] ivb.ro). Detalii suplimentare privind cerintele posturilor se g\u0103sesc la <a href=\"http:\/\/www.ivb.ro\">www.ivb.ro<\/a> \u0219i <a href=\"http:\/\/www.redbrain.ro\">www.redbrain.ro<\/a>.<\/p>\t\t\t\t\t\t\t\t<\/div>\n\t\t\t\t<\/div>\n\t\t\t\t\t<\/div>\n\t\t<\/div>\n\t\t\t\t\t<\/div>\n\t\t<\/section>\n\t\t\t\t<section class=\"elementor-section elementor-top-section elementor-element elementor-element-7faf82a9 elementor-section-content-middle elementor-section-stretched elementor-section-boxed elementor-section-height-default elementor-section-height-default\" data-id=\"7faf82a9\" data-element_type=\"section\" data-e-type=\"section\" data-settings=\"{&quot;stretch_section&quot;:&quot;section-stretched&quot;}\">\n\t\t\t\t\t\t<div class=\"elementor-container elementor-column-gap-no\">\n\t\t\t\t\t<div class=\"elementor-column elementor-col-100 elementor-top-column elementor-element elementor-element-69a012de\" data-id=\"69a012de\" data-element_type=\"column\" data-e-type=\"column\">\n\t\t\t<div class=\"elementor-widget-wrap elementor-element-populated\">\n\t\t\t\t\t\t<section class=\"elementor-section elementor-inner-section elementor-element elementor-element-5e2b8617 elementor-section-boxed elementor-section-height-default elementor-section-height-default\" data-id=\"5e2b8617\" data-element_type=\"section\" data-e-type=\"section\">\n\t\t\t\t\t\t<div class=\"elementor-container elementor-column-gap-wider\">\n\t\t\t\t\t<div class=\"elementor-column elementor-col-33 elementor-inner-column elementor-element elementor-element-64bfad30\" data-id=\"64bfad30\" data-element_type=\"column\" data-e-type=\"column\">\n\t\t\t<div class=\"elementor-widget-wrap elementor-element-populated\">\n\t\t\t\t\t\t<div class=\"elementor-element elementor-element-3e77e3f elementor-widget elementor-widget-image\" data-id=\"3e77e3f\" data-element_type=\"widget\" data-e-type=\"widget\" data-widget_type=\"image.default\">\n\t\t\t\t<div class=\"elementor-widget-container\">\n\t\t\t\t\t\t\t\t\t\t\t\t<figure class=\"wp-caption\">\n\t\t\t\t\t\t\t\t\t\t\t<a href=\"https:\/\/www.ivb.ro\/wp-content\/uploads\/2022\/05\/Postdoctoral-position-14.pdf\">\n\t\t\t\t\t\t\t<img decoding=\"async\" width=\"150\" height=\"150\" src=\"https:\/\/www.ivb.ro\/wp-content\/uploads\/2021\/04\/pdf-file-150x150.png\" class=\"attachment-thumbnail size-thumbnail wp-image-1811\" alt=\"\" srcset=\"https:\/\/www.ivb.ro\/wp-content\/uploads\/2021\/04\/pdf-file-150x150.png 150w, https:\/\/www.ivb.ro\/wp-content\/uploads\/2021\/04\/pdf-file-100x100.png 100w, https:\/\/www.ivb.ro\/wp-content\/uploads\/2021\/04\/pdf-file-500x500.png 500w, https:\/\/www.ivb.ro\/wp-content\/uploads\/2021\/04\/pdf-file-300x300.png 300w, https:\/\/www.ivb.ro\/wp-content\/uploads\/2021\/04\/pdf-file-12x12.png 12w, https:\/\/www.ivb.ro\/wp-content\/uploads\/2021\/04\/pdf-file.png 512w\" sizes=\"(max-width: 150px) 100vw, 150px\" \/>\t\t\t\t\t\t\t\t<\/a>\n\t\t\t\t\t\t\t\t\t\t\t<figcaption class=\"widget-image-caption wp-caption-text\">Postdoctoral position in neurosciences<\/figcaption>\n\t\t\t\t\t\t\t\t\t\t<\/figure>\n\t\t\t\t\t\t\t\t\t<\/div>\n\t\t\t\t<\/div>\n\t\t\t\t\t<\/div>\n\t\t<\/div>\n\t\t\t\t<div class=\"elementor-column elementor-col-33 elementor-inner-column elementor-element elementor-element-222cf64a\" data-id=\"222cf64a\" data-element_type=\"column\" data-e-type=\"column\">\n\t\t\t<div class=\"elementor-widget-wrap elementor-element-populated\">\n\t\t\t\t\t\t<div class=\"elementor-element elementor-element-58c3990 elementor-widget elementor-widget-image\" data-id=\"58c3990\" data-element_type=\"widget\" data-e-type=\"widget\" data-widget_type=\"image.default\">\n\t\t\t\t<div class=\"elementor-widget-container\">\n\t\t\t\t\t\t\t\t\t\t\t\t<figure class=\"wp-caption\">\n\t\t\t\t\t\t\t\t\t\t\t<a href=\"#\">\n\t\t\t\t\t\t\t<img decoding=\"async\" width=\"150\" height=\"150\" src=\"https:\/\/www.ivb.ro\/wp-content\/uploads\/2021\/04\/pdf-file-150x150.png\" class=\"attachment-thumbnail size-thumbnail wp-image-1811\" alt=\"\" srcset=\"https:\/\/www.ivb.ro\/wp-content\/uploads\/2021\/04\/pdf-file-150x150.png 150w, https:\/\/www.ivb.ro\/wp-content\/uploads\/2021\/04\/pdf-file-100x100.png 100w, https:\/\/www.ivb.ro\/wp-content\/uploads\/2021\/04\/pdf-file-500x500.png 500w, https:\/\/www.ivb.ro\/wp-content\/uploads\/2021\/04\/pdf-file-300x300.png 300w, https:\/\/www.ivb.ro\/wp-content\/uploads\/2021\/04\/pdf-file-12x12.png 12w, https:\/\/www.ivb.ro\/wp-content\/uploads\/2021\/04\/pdf-file.png 512w\" sizes=\"(max-width: 150px) 100vw, 150px\" \/>\t\t\t\t\t\t\t\t<\/a>\n\t\t\t\t\t\t\t\t\t\t\t<figcaption class=\"widget-image-caption wp-caption-text\">Fisa de post postdoc<\/figcaption>\n\t\t\t\t\t\t\t\t\t\t<\/figure>\n\t\t\t\t\t\t\t\t\t<\/div>\n\t\t\t\t<\/div>\n\t\t\t\t\t<\/div>\n\t\t<\/div>\n\t\t\t\t<div class=\"elementor-column elementor-col-33 elementor-inner-column elementor-element elementor-element-6c6142b9\" data-id=\"6c6142b9\" data-element_type=\"column\" data-e-type=\"column\">\n\t\t\t<div class=\"elementor-widget-wrap\">\n\t\t\t\t\t\t\t<\/div>\n\t\t<\/div>\n\t\t\t\t\t<\/div>\n\t\t<\/section>\n\t\t\t\t\t<\/div>\n\t\t<\/div>\n\t\t\t\t\t<\/div>\n\t\t<\/section>\n\t\t\t\t<\/div>\n\t\t","protected":false},"excerpt":{"rendered":"<p>Anun\u021b de concurs pentru ocuparea a unui post de cercetator stiintific, postdoctorand, proiect REDBRAIN \u00a0Institutul Na\u021bional de Cercetare-Dezvoltare \u00een Domeniul Patologiei \u0219i \u0218tiin\u021belor Biomedicale \u201eVictor Babe\u0219\u201d, cu sediul \u00een Bucure\u0219ti, Splaiul Independen\u021bei, nr. 99-101, sector 5, av\u0203nd ca obiect principal de activitate cercetarea \u2013 dezvoltarea \u020bn domeniul biomedical, anun\u021b\u0103 scoaterea la concurs \u020bn cadrul proiectului&hellip; <\/p>","protected":false},"author":1,"featured_media":0,"parent":0,"menu_order":0,"comment_status":"closed","ping_status":"closed","template":"","meta":{"ngg_post_thumbnail":0,"footnotes":""},"class_list":["post-4170","page","type-page","status-publish","hentry"],"yoast_head":"<!-- This site is optimized with the Yoast SEO plugin v27.4 - https:\/\/yoast.com\/product\/yoast-seo-wordpress\/ -->\n<title>Anun\u021b de concurs pentru ocuparea a 2 posturi de cercetator stiintific, postdoctorand, proiect REDBRAIN - National Institute of Pathology Victor Babe\u015f - Bucharest<\/title>\n<meta name=\"robots\" content=\"index, follow, max-snippet:-1, max-image-preview:large, max-video-preview:-1\" \/>\n<link rel=\"canonical\" href=\"https:\/\/www.ivb.ro\/en\/anunt-de-concurs-pentru-ocuparea-a-2-posturi-de-cercetator-stiintific-postdoctorand-proiect-redbrain\/\" \/>\n<meta property=\"og:locale\" content=\"en_GB\" \/>\n<meta property=\"og:type\" content=\"article\" \/>\n<meta property=\"og:title\" content=\"Anun\u021b de concurs pentru ocuparea a 2 posturi de cercetator stiintific, postdoctorand, proiect REDBRAIN - National Institute of Pathology Victor Babe\u015f - Bucharest\" \/>\n<meta property=\"og:description\" content=\"Anun\u021b de concurs pentru ocuparea a unui post de cercetator stiintific, postdoctorand, proiect REDBRAIN \u00a0Institutul Na\u021bional de Cercetare-Dezvoltare \u00een Domeniul Patologiei \u0219i \u0218tiin\u021belor Biomedicale \u201eVictor Babe\u0219\u201d, cu sediul \u00een Bucure\u0219ti, Splaiul Independen\u021bei, nr. 99-101, sector 5, av\u0203nd ca obiect principal de activitate cercetarea \u2013 dezvoltarea \u020bn domeniul biomedical, anun\u021b\u0103 scoaterea la concurs \u020bn cadrul proiectului&hellip;\" \/>\n<meta property=\"og:url\" content=\"https:\/\/www.ivb.ro\/en\/anunt-de-concurs-pentru-ocuparea-a-2-posturi-de-cercetator-stiintific-postdoctorand-proiect-redbrain\/\" \/>\n<meta property=\"og:site_name\" content=\"National Institute of Pathology Victor Babe\u015f - Bucharest\" \/>\n<meta property=\"article:publisher\" content=\"https:\/\/www.facebook.com\/incdvb.ro\" \/>\n<meta property=\"article:modified_time\" content=\"2025-12-03T10:49:38+00:00\" \/>\n<meta property=\"og:image\" content=\"https:\/\/www.ivb.ro\/wp-content\/uploads\/2021\/04\/pdf-file.png\" \/>\n\t<meta property=\"og:image:width\" content=\"512\" \/>\n\t<meta property=\"og:image:height\" content=\"512\" \/>\n\t<meta property=\"og:image:type\" content=\"image\/png\" \/>\n<meta name=\"twitter:card\" content=\"summary_large_image\" \/>\n<meta name=\"twitter:label1\" content=\"Estimated reading time\" \/>\n\t<meta name=\"twitter:data1\" content=\"2 minutes\" \/>\n<script type=\"application\/ld+json\" class=\"yoast-schema-graph\">{\"@context\":\"https:\\\/\\\/schema.org\",\"@graph\":[{\"@type\":\"WebPage\",\"@id\":\"https:\\\/\\\/www.ivb.ro\\\/anunt-de-concurs-pentru-ocuparea-a-2-posturi-de-cercetator-stiintific-postdoctorand-proiect-redbrain\",\"url\":\"https:\\\/\\\/www.ivb.ro\\\/anunt-de-concurs-pentru-ocuparea-a-2-posturi-de-cercetator-stiintific-postdoctorand-proiect-redbrain\",\"name\":\"Anun\u021b de concurs pentru ocuparea a 2 posturi de cercetator stiintific, postdoctorand, proiect REDBRAIN - National Institute of Pathology Victor Babe\u015f - Bucharest\",\"isPartOf\":{\"@id\":\"https:\\\/\\\/www.ivb.ro\\\/#website\"},\"primaryImageOfPage\":{\"@id\":\"https:\\\/\\\/www.ivb.ro\\\/anunt-de-concurs-pentru-ocuparea-a-2-posturi-de-cercetator-stiintific-postdoctorand-proiect-redbrain#primaryimage\"},\"image\":{\"@id\":\"https:\\\/\\\/www.ivb.ro\\\/anunt-de-concurs-pentru-ocuparea-a-2-posturi-de-cercetator-stiintific-postdoctorand-proiect-redbrain#primaryimage\"},\"thumbnailUrl\":\"https:\\\/\\\/www.ivb.ro\\\/wp-content\\\/uploads\\\/2021\\\/04\\\/pdf-file-150x150.png\",\"datePublished\":\"2022-05-04T10:11:25+00:00\",\"dateModified\":\"2025-12-03T10:49:38+00:00\",\"breadcrumb\":{\"@id\":\"https:\\\/\\\/www.ivb.ro\\\/anunt-de-concurs-pentru-ocuparea-a-2-posturi-de-cercetator-stiintific-postdoctorand-proiect-redbrain#breadcrumb\"},\"inLanguage\":\"en-GB\",\"potentialAction\":[{\"@type\":\"ReadAction\",\"target\":[\"https:\\\/\\\/www.ivb.ro\\\/anunt-de-concurs-pentru-ocuparea-a-2-posturi-de-cercetator-stiintific-postdoctorand-proiect-redbrain\"]}]},{\"@type\":\"ImageObject\",\"inLanguage\":\"en-GB\",\"@id\":\"https:\\\/\\\/www.ivb.ro\\\/anunt-de-concurs-pentru-ocuparea-a-2-posturi-de-cercetator-stiintific-postdoctorand-proiect-redbrain#primaryimage\",\"url\":\"https:\\\/\\\/www.ivb.ro\\\/wp-content\\\/uploads\\\/2021\\\/04\\\/pdf-file-150x150.png\",\"contentUrl\":\"https:\\\/\\\/www.ivb.ro\\\/wp-content\\\/uploads\\\/2021\\\/04\\\/pdf-file-150x150.png\"},{\"@type\":\"BreadcrumbList\",\"@id\":\"https:\\\/\\\/www.ivb.ro\\\/anunt-de-concurs-pentru-ocuparea-a-2-posturi-de-cercetator-stiintific-postdoctorand-proiect-redbrain#breadcrumb\",\"itemListElement\":[{\"@type\":\"ListItem\",\"position\":1,\"name\":\"Home\",\"item\":\"https:\\\/\\\/www.ivb.ro\\\/\"},{\"@type\":\"ListItem\",\"position\":2,\"name\":\"Anun\u021b de concurs pentru ocuparea a 2 posturi de cercetator stiintific, postdoctorand, proiect REDBRAIN\"}]},{\"@type\":\"WebSite\",\"@id\":\"https:\\\/\\\/www.ivb.ro\\\/#website\",\"url\":\"https:\\\/\\\/www.ivb.ro\\\/\",\"name\":\"National Institute of Pathology Victor Babe\u015f - Bucharest\",\"description\":\"National Institute of Pathology Victor Babe\u015f - Bucharest\",\"publisher\":{\"@id\":\"https:\\\/\\\/www.ivb.ro\\\/#organization\"},\"potentialAction\":[{\"@type\":\"SearchAction\",\"target\":{\"@type\":\"EntryPoint\",\"urlTemplate\":\"https:\\\/\\\/www.ivb.ro\\\/?s={search_term_string}\"},\"query-input\":{\"@type\":\"PropertyValueSpecification\",\"valueRequired\":true,\"valueName\":\"search_term_string\"}}],\"inLanguage\":\"en-GB\"},{\"@type\":\"Organization\",\"@id\":\"https:\\\/\\\/www.ivb.ro\\\/#organization\",\"name\":\"National Institute of Pathology Victor Babe\u015f - Bucharest\",\"url\":\"https:\\\/\\\/www.ivb.ro\\\/\",\"logo\":{\"@type\":\"ImageObject\",\"inLanguage\":\"en-GB\",\"@id\":\"https:\\\/\\\/www.ivb.ro\\\/#\\\/schema\\\/logo\\\/image\\\/\",\"url\":\"https:\\\/\\\/www.ivb.ro\\\/wp-content\\\/uploads\\\/2021\\\/04\\\/top-logo.png\",\"contentUrl\":\"https:\\\/\\\/www.ivb.ro\\\/wp-content\\\/uploads\\\/2021\\\/04\\\/top-logo.png\",\"width\":340,\"height\":190,\"caption\":\"National Institute of Pathology Victor Babe\u015f - Bucharest\"},\"image\":{\"@id\":\"https:\\\/\\\/www.ivb.ro\\\/#\\\/schema\\\/logo\\\/image\\\/\"},\"sameAs\":[\"https:\\\/\\\/www.facebook.com\\\/incdvb.ro\",\"https:\\\/\\\/www.instagram.com\\\/institutul.victorbabes\\\/\",\"https:\\\/\\\/ro.linkedin.com\\\/company\\\/victor-babes-national-institute-of-pathology\"]}]}<\/script>\n<!-- \/ Yoast SEO plugin. -->","yoast_head_json":{"title":"Anun\u021b de concurs pentru ocuparea a 2 posturi de cercetator stiintific, postdoctorand, proiect REDBRAIN - National Institute of Pathology Victor Babe\u015f - Bucharest","robots":{"index":"index","follow":"follow","max-snippet":"max-snippet:-1","max-image-preview":"max-image-preview:large","max-video-preview":"max-video-preview:-1"},"canonical":"https:\/\/www.ivb.ro\/en\/anunt-de-concurs-pentru-ocuparea-a-2-posturi-de-cercetator-stiintific-postdoctorand-proiect-redbrain\/","og_locale":"en_GB","og_type":"article","og_title":"Anun\u021b de concurs pentru ocuparea a 2 posturi de cercetator stiintific, postdoctorand, proiect REDBRAIN - National Institute of Pathology Victor Babe\u015f - Bucharest","og_description":"Anun\u021b de concurs pentru ocuparea a unui post de cercetator stiintific, postdoctorand, proiect REDBRAIN \u00a0Institutul Na\u021bional de Cercetare-Dezvoltare \u00een Domeniul Patologiei \u0219i \u0218tiin\u021belor Biomedicale \u201eVictor Babe\u0219\u201d, cu sediul \u00een Bucure\u0219ti, Splaiul Independen\u021bei, nr. 99-101, sector 5, av\u0203nd ca obiect principal de activitate cercetarea \u2013 dezvoltarea \u020bn domeniul biomedical, anun\u021b\u0103 scoaterea la concurs \u020bn cadrul proiectului&hellip;","og_url":"https:\/\/www.ivb.ro\/en\/anunt-de-concurs-pentru-ocuparea-a-2-posturi-de-cercetator-stiintific-postdoctorand-proiect-redbrain\/","og_site_name":"National Institute of Pathology Victor Babe\u015f - Bucharest","article_publisher":"https:\/\/www.facebook.com\/incdvb.ro","article_modified_time":"2025-12-03T10:49:38+00:00","og_image":[{"width":512,"height":512,"url":"https:\/\/www.ivb.ro\/wp-content\/uploads\/2021\/04\/pdf-file.png","type":"image\/png"}],"twitter_card":"summary_large_image","twitter_misc":{"Estimated reading time":"2 minutes"},"schema":{"@context":"https:\/\/schema.org","@graph":[{"@type":"WebPage","@id":"https:\/\/www.ivb.ro\/anunt-de-concurs-pentru-ocuparea-a-2-posturi-de-cercetator-stiintific-postdoctorand-proiect-redbrain","url":"https:\/\/www.ivb.ro\/anunt-de-concurs-pentru-ocuparea-a-2-posturi-de-cercetator-stiintific-postdoctorand-proiect-redbrain","name":"Anun\u021b de concurs pentru ocuparea a 2 posturi de cercetator stiintific, postdoctorand, proiect REDBRAIN - National Institute of Pathology Victor Babe\u015f - Bucharest","isPartOf":{"@id":"https:\/\/www.ivb.ro\/#website"},"primaryImageOfPage":{"@id":"https:\/\/www.ivb.ro\/anunt-de-concurs-pentru-ocuparea-a-2-posturi-de-cercetator-stiintific-postdoctorand-proiect-redbrain#primaryimage"},"image":{"@id":"https:\/\/www.ivb.ro\/anunt-de-concurs-pentru-ocuparea-a-2-posturi-de-cercetator-stiintific-postdoctorand-proiect-redbrain#primaryimage"},"thumbnailUrl":"https:\/\/www.ivb.ro\/wp-content\/uploads\/2021\/04\/pdf-file-150x150.png","datePublished":"2022-05-04T10:11:25+00:00","dateModified":"2025-12-03T10:49:38+00:00","breadcrumb":{"@id":"https:\/\/www.ivb.ro\/anunt-de-concurs-pentru-ocuparea-a-2-posturi-de-cercetator-stiintific-postdoctorand-proiect-redbrain#breadcrumb"},"inLanguage":"en-GB","potentialAction":[{"@type":"ReadAction","target":["https:\/\/www.ivb.ro\/anunt-de-concurs-pentru-ocuparea-a-2-posturi-de-cercetator-stiintific-postdoctorand-proiect-redbrain"]}]},{"@type":"ImageObject","inLanguage":"en-GB","@id":"https:\/\/www.ivb.ro\/anunt-de-concurs-pentru-ocuparea-a-2-posturi-de-cercetator-stiintific-postdoctorand-proiect-redbrain#primaryimage","url":"https:\/\/www.ivb.ro\/wp-content\/uploads\/2021\/04\/pdf-file-150x150.png","contentUrl":"https:\/\/www.ivb.ro\/wp-content\/uploads\/2021\/04\/pdf-file-150x150.png"},{"@type":"BreadcrumbList","@id":"https:\/\/www.ivb.ro\/anunt-de-concurs-pentru-ocuparea-a-2-posturi-de-cercetator-stiintific-postdoctorand-proiect-redbrain#breadcrumb","itemListElement":[{"@type":"ListItem","position":1,"name":"Home","item":"https:\/\/www.ivb.ro\/"},{"@type":"ListItem","position":2,"name":"Anun\u021b de concurs pentru ocuparea a 2 posturi de cercetator stiintific, postdoctorand, proiect REDBRAIN"}]},{"@type":"WebSite","@id":"https:\/\/www.ivb.ro\/#website","url":"https:\/\/www.ivb.ro\/","name":"National Institute of Pathology Victor Babe\u015f - Bucharest","description":"National Institute of Pathology Victor Babe\u015f - Bucharest","publisher":{"@id":"https:\/\/www.ivb.ro\/#organization"},"potentialAction":[{"@type":"SearchAction","target":{"@type":"EntryPoint","urlTemplate":"https:\/\/www.ivb.ro\/?s={search_term_string}"},"query-input":{"@type":"PropertyValueSpecification","valueRequired":true,"valueName":"search_term_string"}}],"inLanguage":"en-GB"},{"@type":"Organization","@id":"https:\/\/www.ivb.ro\/#organization","name":"National Institute of Pathology Victor Babe\u015f - Bucharest","url":"https:\/\/www.ivb.ro\/","logo":{"@type":"ImageObject","inLanguage":"en-GB","@id":"https:\/\/www.ivb.ro\/#\/schema\/logo\/image\/","url":"https:\/\/www.ivb.ro\/wp-content\/uploads\/2021\/04\/top-logo.png","contentUrl":"https:\/\/www.ivb.ro\/wp-content\/uploads\/2021\/04\/top-logo.png","width":340,"height":190,"caption":"National Institute of Pathology Victor Babe\u015f - Bucharest"},"image":{"@id":"https:\/\/www.ivb.ro\/#\/schema\/logo\/image\/"},"sameAs":["https:\/\/www.facebook.com\/incdvb.ro","https:\/\/www.instagram.com\/institutul.victorbabes\/","https:\/\/ro.linkedin.com\/company\/victor-babes-national-institute-of-pathology"]}]}},"_links":{"self":[{"href":"https:\/\/www.ivb.ro\/en\/wp-json\/wp\/v2\/pages\/4170","targetHints":{"allow":["GET"]}}],"collection":[{"href":"https:\/\/www.ivb.ro\/en\/wp-json\/wp\/v2\/pages"}],"about":[{"href":"https:\/\/www.ivb.ro\/en\/wp-json\/wp\/v2\/types\/page"}],"author":[{"embeddable":true,"href":"https:\/\/www.ivb.ro\/en\/wp-json\/wp\/v2\/users\/1"}],"replies":[{"embeddable":true,"href":"https:\/\/www.ivb.ro\/en\/wp-json\/wp\/v2\/comments?post=4170"}],"version-history":[{"count":19,"href":"https:\/\/www.ivb.ro\/en\/wp-json\/wp\/v2\/pages\/4170\/revisions"}],"predecessor-version":[{"id":13668,"href":"https:\/\/www.ivb.ro\/en\/wp-json\/wp\/v2\/pages\/4170\/revisions\/13668"}],"wp:attachment":[{"href":"https:\/\/www.ivb.ro\/en\/wp-json\/wp\/v2\/media?parent=4170"}],"curies":[{"name":"wp","href":"https:\/\/api.w.org\/{rel}","templated":true}]}}