{"id":4311,"date":"2022-06-27T06:18:19","date_gmt":"2022-06-27T06:18:19","guid":{"rendered":"https:\/\/www.ivb.ro\/?page_id=4311"},"modified":"2024-10-07T10:42:48","modified_gmt":"2024-10-07T10:42:48","slug":"anatomic-pathology","status":"publish","type":"page","link":"https:\/\/www.ivb.ro\/en\/anatomic-pathology","title":{"rendered":"anatomy-pathology"},"content":{"rendered":"<div data-elementor-type=\"wp-page\" data-elementor-id=\"4311\" class=\"elementor elementor-4311\">\n\t\t\t\t\t\t<section class=\"elementor-section elementor-top-section elementor-element elementor-element-1b1a8c43 elementor-section-content-middle elementor-section-stretched elementor-section-boxed elementor-section-height-default elementor-section-height-default\" data-id=\"1b1a8c43\" data-element_type=\"section\" data-e-type=\"section\" data-settings=\"{&quot;background_background&quot;:&quot;classic&quot;,&quot;stretch_section&quot;:&quot;section-stretched&quot;}\">\n\t\t\t\t\t\t\t<div class=\"elementor-background-overlay\"><\/div>\n\t\t\t\t\t\t\t<div class=\"elementor-container elementor-column-gap-no\">\n\t\t\t\t\t<div class=\"elementor-column elementor-col-100 elementor-top-column elementor-element elementor-element-89ef1aa\" data-id=\"89ef1aa\" data-element_type=\"column\" data-e-type=\"column\">\n\t\t\t<div class=\"elementor-widget-wrap elementor-element-populated\">\n\t\t\t\t\t\t<div class=\"elementor-element elementor-element-42e3774b elementor-widget elementor-widget-heading\" data-id=\"42e3774b\" data-element_type=\"widget\" data-e-type=\"widget\" data-widget_type=\"heading.default\">\n\t\t\t\t<div class=\"elementor-widget-container\">\n\t\t\t\t\t<h4 class=\"elementor-heading-title elementor-size-default\">Laboratory, Histopathology, and Immunohistochemistry.<\/h4>\t\t\t\t<\/div>\n\t\t\t\t<\/div>\n\t\t\t\t<div class=\"elementor-element elementor-element-31e59a21 elementor-widget elementor-widget-heading\" data-id=\"31e59a21\" data-element_type=\"widget\" data-e-type=\"widget\" data-widget_type=\"heading.default\">\n\t\t\t\t<div class=\"elementor-widget-container\">\n\t\t\t\t\t<h5 class=\"elementor-heading-title elementor-size-default\">With the top-of-the-art new equipment and technology, and newly renovated, our Anatomic Pathology Department, is an excellent environment to perform our research endeavors<\/h5>\t\t\t\t<\/div>\n\t\t\t\t<\/div>\n\t\t\t\t\t<\/div>\n\t\t<\/div>\n\t\t\t\t\t<\/div>\n\t\t<\/section>\n\t\t\t\t<section class=\"elementor-section elementor-top-section elementor-element elementor-element-69e9a4b elementor-section-stretched elementor-section-boxed elementor-section-height-default elementor-section-height-default\" data-id=\"69e9a4b\" data-element_type=\"section\" data-e-type=\"section\" data-settings=\"{&quot;stretch_section&quot;:&quot;section-stretched&quot;}\">\n\t\t\t\t\t\t<div class=\"elementor-container elementor-column-gap-default\">\n\t\t\t\t\t<div class=\"elementor-column elementor-col-100 elementor-top-column elementor-element elementor-element-cf221dc\" data-id=\"cf221dc\" data-element_type=\"column\" data-e-type=\"column\">\n\t\t\t<div class=\"elementor-widget-wrap elementor-element-populated\">\n\t\t\t\t\t\t<div class=\"elementor-element elementor-element-c650de7 elementor-widget elementor-widget-text-editor\" data-id=\"c650de7\" data-element_type=\"widget\" data-e-type=\"widget\" data-widget_type=\"text-editor.default\">\n\t\t\t\t<div class=\"elementor-widget-container\">\n\t\t\t\t\t\t\t\t\t<p><span style=\"color: #000000;\">The laboratory for Histopathology and Immunohistochemistry is a new research and diagnostic purposes, specializing on the research, transformative in the field of pathology, as well as the pathology, molecular weight, digital, computer, and diagnosis. We are a group of young researchers and enthusiasts, and was focused on the transformation of the scope of the investigation and the understanding of the causes of the various pathologies such as cancer and cardiovascular disease. At present, we are developing new imaging methods, and the molecular diagnosis and treatment of advanced (as well as the Pathology of\/As from the Expansion (the Expansion Pathology\/Microscopy), we implement the pathology of the digital age, and we apply the methods of the \u2018machine learning\u201d in order to answer critical questions in the field of pathology, and medical sciences. The laboratory for Histopathology and Immunohistochemistry, with the equipment\/technology, latest technology, and a space to fit the current, provides an ideal environment for the development and performance.<\/span><\/p><p><span style=\"font-size: 14pt; color: #000000;\">For more information, please visit:<\/span><\/p><table style=\"border-collapse: collapse; width: 100%; height: 232px;\"><tbody><tr style=\"height: 56px;\"><td style=\"width: 50%; height: 56px; text-align: center;\"><h3><a href=\"https:\/\/www.cardioro.com\">Elisa A. Liehn, MD, PhD: <\/a><a href=\"https:\/\/www.cardioro.com\" target=\"_blank\" rel=\"noopener noreferrer\">https:\/\/www.cardioro.com<\/a><\/h3><\/td><td style=\"width: 50%; height: 56px; text-align: center;\"><h3>\u00a0<a href=\"https:\/\/www.nextgenpathology.eu\">Octavian Bucur, m. d., ph. d:<\/a> <a href=\"https:\/\/www.nextgenpathology.eu\" target=\"_blank\" rel=\"noopener noreferrer\">https:\/\/www.nextgenpathology.eu<\/a><\/h3><\/td><\/tr><tr style=\"height: 176px;\"><td style=\"width: 50%; height: 176px;\"><a href=\"https:\/\/www.cardioro.com\"><span style=\"font-size: 14pt;\"><img decoding=\"async\" class=\"aligncenter wp-image-4848 size-medium\" src=\"https:\/\/www.ivb.ro\/wp-content\/uploads\/2022\/08\/cardio-300x145.png\" alt=\"\" width=\"300\" height=\"145\" srcset=\"https:\/\/www.ivb.ro\/wp-content\/uploads\/2022\/08\/cardio-300x145.png 300w, https:\/\/www.ivb.ro\/wp-content\/uploads\/2022\/08\/cardio-500x242.png 500w, https:\/\/www.ivb.ro\/wp-content\/uploads\/2022\/08\/cardio-1024x495.png 1024w, https:\/\/www.ivb.ro\/wp-content\/uploads\/2022\/08\/cardio-768x371.png 768w, https:\/\/www.ivb.ro\/wp-content\/uploads\/2022\/08\/cardio-1536x743.png 1536w, https:\/\/www.ivb.ro\/wp-content\/uploads\/2022\/08\/cardio-18x9.png 18w, https:\/\/www.ivb.ro\/wp-content\/uploads\/2022\/08\/cardio.png 1909w\" sizes=\"(max-width: 300px) 100vw, 300px\" \/><\/span><\/a><\/td><td style=\"width: 50%; height: 176px;\"><a href=\"https:\/\/www.nextgenpathology.eu\"><img decoding=\"async\" class=\"aligncenter wp-image-4849 size-medium\" src=\"https:\/\/www.ivb.ro\/wp-content\/uploads\/2022\/08\/nxt_pat-300x112.png\" alt=\"\" width=\"300\" height=\"112\" srcset=\"https:\/\/www.ivb.ro\/wp-content\/uploads\/2022\/08\/nxt_pat-300x112.png 300w, https:\/\/www.ivb.ro\/wp-content\/uploads\/2022\/08\/nxt_pat-500x187.png 500w, https:\/\/www.ivb.ro\/wp-content\/uploads\/2022\/08\/nxt_pat-1024x383.png 1024w, https:\/\/www.ivb.ro\/wp-content\/uploads\/2022\/08\/nxt_pat-768x288.png 768w, https:\/\/www.ivb.ro\/wp-content\/uploads\/2022\/08\/nxt_pat-1536x575.png 1536w, https:\/\/www.ivb.ro\/wp-content\/uploads\/2022\/08\/nxt_pat-18x7.png 18w, https:\/\/www.ivb.ro\/wp-content\/uploads\/2022\/08\/nxt_pat.png 1883w\" sizes=\"(max-width: 300px) 100vw, 300px\" \/><\/a><\/td><\/tr><\/tbody><\/table>\t\t\t\t\t\t\t\t<\/div>\n\t\t\t\t<\/div>\n\t\t\t\t\t<\/div>\n\t\t<\/div>\n\t\t\t\t\t<\/div>\n\t\t<\/section>\n\t\t\t\t<\/div>","protected":false},"excerpt":{"rendered":"<p>Laborator Histopatologie \u015fi Imunohistochimie With the top of the art, new equipment and technology and newly renovated, our Anatomic Pathology Department is an excellent environment to perform our research endeavors Laboratorul de Histopatologie \u015fi Imunohistochimie este o unitate de cercetare \u0219i diagnostic specializat\u0103 pe cercetarea transformativ\u0103 \u00een domeniul patologiei, precum patologia molecular\u0103, digital\u0103, computa\u021bional\u0103 \u0219i&hellip; <\/p>","protected":false},"author":1,"featured_media":0,"parent":0,"menu_order":0,"comment_status":"closed","ping_status":"closed","template":"","meta":{"ngg_post_thumbnail":0,"footnotes":""},"class_list":["post-4311","page","type-page","status-publish","hentry"],"yoast_head":"<!-- This site is optimized with the Yoast SEO plugin v27.4 - https:\/\/yoast.com\/product\/yoast-seo-wordpress\/ -->\n<title>anatomic-pathology - National Institute of Pathology Victor Babe\u015f - Bucharest<\/title>\n<meta name=\"robots\" content=\"index, follow, max-snippet:-1, max-image-preview:large, max-video-preview:-1\" \/>\n<link rel=\"canonical\" href=\"https:\/\/www.ivb.ro\/en\/anatomic-pathology\/\" \/>\n<meta property=\"og:locale\" content=\"en_GB\" \/>\n<meta property=\"og:type\" content=\"article\" \/>\n<meta property=\"og:title\" content=\"anatomic-pathology - National Institute of Pathology Victor Babe\u015f - Bucharest\" \/>\n<meta property=\"og:description\" content=\"Laborator Histopatologie \u015fi Imunohistochimie With the top of the art, new equipment and technology and newly renovated, our Anatomic Pathology Department is an excellent environment to perform our research endeavors Laboratorul de Histopatologie \u015fi Imunohistochimie este o unitate de cercetare \u0219i diagnostic specializat\u0103 pe cercetarea transformativ\u0103 \u00een domeniul patologiei, precum patologia molecular\u0103, digital\u0103, computa\u021bional\u0103 \u0219i&hellip;\" \/>\n<meta property=\"og:url\" content=\"https:\/\/www.ivb.ro\/en\/anatomic-pathology\/\" \/>\n<meta property=\"og:site_name\" content=\"National Institute of Pathology Victor Babe\u015f - Bucharest\" \/>\n<meta property=\"article:publisher\" content=\"https:\/\/www.facebook.com\/incdvb.ro\" \/>\n<meta property=\"article:modified_time\" content=\"2024-10-07T10:42:48+00:00\" \/>\n<meta property=\"og:image\" content=\"https:\/\/www.ivb.ro\/wp-content\/uploads\/2022\/08\/cardio-300x145.png\" \/>\n<meta name=\"twitter:card\" content=\"summary_large_image\" \/>\n<meta name=\"twitter:label1\" content=\"Estimated reading time\" \/>\n\t<meta name=\"twitter:data1\" content=\"2 minutes\" \/>\n<script type=\"application\/ld+json\" class=\"yoast-schema-graph\">{\"@context\":\"https:\\\/\\\/schema.org\",\"@graph\":[{\"@type\":\"WebPage\",\"@id\":\"https:\\\/\\\/www.ivb.ro\\\/anatomic-pathology\",\"url\":\"https:\\\/\\\/www.ivb.ro\\\/anatomic-pathology\",\"name\":\"anatomic-pathology - National Institute of Pathology Victor Babe\u015f - Bucharest\",\"isPartOf\":{\"@id\":\"https:\\\/\\\/www.ivb.ro\\\/#website\"},\"primaryImageOfPage\":{\"@id\":\"https:\\\/\\\/www.ivb.ro\\\/anatomic-pathology#primaryimage\"},\"image\":{\"@id\":\"https:\\\/\\\/www.ivb.ro\\\/anatomic-pathology#primaryimage\"},\"thumbnailUrl\":\"https:\\\/\\\/www.ivb.ro\\\/wp-content\\\/uploads\\\/2022\\\/08\\\/cardio-300x145.png\",\"datePublished\":\"2022-06-27T06:18:19+00:00\",\"dateModified\":\"2024-10-07T10:42:48+00:00\",\"breadcrumb\":{\"@id\":\"https:\\\/\\\/www.ivb.ro\\\/anatomic-pathology#breadcrumb\"},\"inLanguage\":\"en-GB\",\"potentialAction\":[{\"@type\":\"ReadAction\",\"target\":[\"https:\\\/\\\/www.ivb.ro\\\/anatomic-pathology\"]}]},{\"@type\":\"ImageObject\",\"inLanguage\":\"en-GB\",\"@id\":\"https:\\\/\\\/www.ivb.ro\\\/anatomic-pathology#primaryimage\",\"url\":\"https:\\\/\\\/www.ivb.ro\\\/wp-content\\\/uploads\\\/2022\\\/08\\\/cardio-300x145.png\",\"contentUrl\":\"https:\\\/\\\/www.ivb.ro\\\/wp-content\\\/uploads\\\/2022\\\/08\\\/cardio-300x145.png\"},{\"@type\":\"BreadcrumbList\",\"@id\":\"https:\\\/\\\/www.ivb.ro\\\/anatomic-pathology#breadcrumb\",\"itemListElement\":[{\"@type\":\"ListItem\",\"position\":1,\"name\":\"Home\",\"item\":\"https:\\\/\\\/www.ivb.ro\\\/\"},{\"@type\":\"ListItem\",\"position\":2,\"name\":\"anatomic-pathology\"}]},{\"@type\":\"WebSite\",\"@id\":\"https:\\\/\\\/www.ivb.ro\\\/#website\",\"url\":\"https:\\\/\\\/www.ivb.ro\\\/\",\"name\":\"National Institute of Pathology Victor Babe\u015f - Bucharest\",\"description\":\"National Institute of Pathology Victor Babe\u015f - Bucharest\",\"publisher\":{\"@id\":\"https:\\\/\\\/www.ivb.ro\\\/#organization\"},\"potentialAction\":[{\"@type\":\"SearchAction\",\"target\":{\"@type\":\"EntryPoint\",\"urlTemplate\":\"https:\\\/\\\/www.ivb.ro\\\/?s={search_term_string}\"},\"query-input\":{\"@type\":\"PropertyValueSpecification\",\"valueRequired\":true,\"valueName\":\"search_term_string\"}}],\"inLanguage\":\"en-GB\"},{\"@type\":\"Organization\",\"@id\":\"https:\\\/\\\/www.ivb.ro\\\/#organization\",\"name\":\"National Institute of Pathology Victor Babe\u015f - Bucharest\",\"url\":\"https:\\\/\\\/www.ivb.ro\\\/\",\"logo\":{\"@type\":\"ImageObject\",\"inLanguage\":\"en-GB\",\"@id\":\"https:\\\/\\\/www.ivb.ro\\\/#\\\/schema\\\/logo\\\/image\\\/\",\"url\":\"https:\\\/\\\/www.ivb.ro\\\/wp-content\\\/uploads\\\/2021\\\/04\\\/top-logo.png\",\"contentUrl\":\"https:\\\/\\\/www.ivb.ro\\\/wp-content\\\/uploads\\\/2021\\\/04\\\/top-logo.png\",\"width\":340,\"height\":190,\"caption\":\"National Institute of Pathology Victor Babe\u015f - Bucharest\"},\"image\":{\"@id\":\"https:\\\/\\\/www.ivb.ro\\\/#\\\/schema\\\/logo\\\/image\\\/\"},\"sameAs\":[\"https:\\\/\\\/www.facebook.com\\\/incdvb.ro\",\"https:\\\/\\\/www.instagram.com\\\/institutul.victorbabes\\\/\",\"https:\\\/\\\/ro.linkedin.com\\\/company\\\/victor-babes-national-institute-of-pathology\"]}]}<\/script>\n<!-- \/ Yoast SEO plugin. -->","yoast_head_json":{"title":"anatomic-pathology - National Institute of Pathology Victor Babe\u015f - Bucharest","robots":{"index":"index","follow":"follow","max-snippet":"max-snippet:-1","max-image-preview":"max-image-preview:large","max-video-preview":"max-video-preview:-1"},"canonical":"https:\/\/www.ivb.ro\/en\/anatomic-pathology\/","og_locale":"en_GB","og_type":"article","og_title":"anatomic-pathology - National Institute of Pathology Victor Babe\u015f - Bucharest","og_description":"Laborator Histopatologie \u015fi Imunohistochimie With the top of the art, new equipment and technology and newly renovated, our Anatomic Pathology Department is an excellent environment to perform our research endeavors Laboratorul de Histopatologie \u015fi Imunohistochimie este o unitate de cercetare \u0219i diagnostic specializat\u0103 pe cercetarea transformativ\u0103 \u00een domeniul patologiei, precum patologia molecular\u0103, digital\u0103, computa\u021bional\u0103 \u0219i&hellip;","og_url":"https:\/\/www.ivb.ro\/en\/anatomic-pathology\/","og_site_name":"National Institute of Pathology Victor Babe\u015f - Bucharest","article_publisher":"https:\/\/www.facebook.com\/incdvb.ro","article_modified_time":"2024-10-07T10:42:48+00:00","og_image":[{"url":"https:\/\/www.ivb.ro\/wp-content\/uploads\/2022\/08\/cardio-300x145.png","type":"","width":"","height":""}],"twitter_card":"summary_large_image","twitter_misc":{"Estimated reading time":"2 minutes"},"schema":{"@context":"https:\/\/schema.org","@graph":[{"@type":"WebPage","@id":"https:\/\/www.ivb.ro\/anatomic-pathology","url":"https:\/\/www.ivb.ro\/anatomic-pathology","name":"anatomic-pathology - National Institute of Pathology Victor Babe\u015f - Bucharest","isPartOf":{"@id":"https:\/\/www.ivb.ro\/#website"},"primaryImageOfPage":{"@id":"https:\/\/www.ivb.ro\/anatomic-pathology#primaryimage"},"image":{"@id":"https:\/\/www.ivb.ro\/anatomic-pathology#primaryimage"},"thumbnailUrl":"https:\/\/www.ivb.ro\/wp-content\/uploads\/2022\/08\/cardio-300x145.png","datePublished":"2022-06-27T06:18:19+00:00","dateModified":"2024-10-07T10:42:48+00:00","breadcrumb":{"@id":"https:\/\/www.ivb.ro\/anatomic-pathology#breadcrumb"},"inLanguage":"en-GB","potentialAction":[{"@type":"ReadAction","target":["https:\/\/www.ivb.ro\/anatomic-pathology"]}]},{"@type":"ImageObject","inLanguage":"en-GB","@id":"https:\/\/www.ivb.ro\/anatomic-pathology#primaryimage","url":"https:\/\/www.ivb.ro\/wp-content\/uploads\/2022\/08\/cardio-300x145.png","contentUrl":"https:\/\/www.ivb.ro\/wp-content\/uploads\/2022\/08\/cardio-300x145.png"},{"@type":"BreadcrumbList","@id":"https:\/\/www.ivb.ro\/anatomic-pathology#breadcrumb","itemListElement":[{"@type":"ListItem","position":1,"name":"Home","item":"https:\/\/www.ivb.ro\/"},{"@type":"ListItem","position":2,"name":"anatomic-pathology"}]},{"@type":"WebSite","@id":"https:\/\/www.ivb.ro\/#website","url":"https:\/\/www.ivb.ro\/","name":"National Institute of Pathology Victor Babe\u015f - Bucharest","description":"National Institute of Pathology Victor Babe\u015f - Bucharest","publisher":{"@id":"https:\/\/www.ivb.ro\/#organization"},"potentialAction":[{"@type":"SearchAction","target":{"@type":"EntryPoint","urlTemplate":"https:\/\/www.ivb.ro\/?s={search_term_string}"},"query-input":{"@type":"PropertyValueSpecification","valueRequired":true,"valueName":"search_term_string"}}],"inLanguage":"en-GB"},{"@type":"Organization","@id":"https:\/\/www.ivb.ro\/#organization","name":"National Institute of Pathology Victor Babe\u015f - Bucharest","url":"https:\/\/www.ivb.ro\/","logo":{"@type":"ImageObject","inLanguage":"en-GB","@id":"https:\/\/www.ivb.ro\/#\/schema\/logo\/image\/","url":"https:\/\/www.ivb.ro\/wp-content\/uploads\/2021\/04\/top-logo.png","contentUrl":"https:\/\/www.ivb.ro\/wp-content\/uploads\/2021\/04\/top-logo.png","width":340,"height":190,"caption":"National Institute of Pathology Victor Babe\u015f - Bucharest"},"image":{"@id":"https:\/\/www.ivb.ro\/#\/schema\/logo\/image\/"},"sameAs":["https:\/\/www.facebook.com\/incdvb.ro","https:\/\/www.instagram.com\/institutul.victorbabes\/","https:\/\/ro.linkedin.com\/company\/victor-babes-national-institute-of-pathology"]}]}},"_links":{"self":[{"href":"https:\/\/www.ivb.ro\/en\/wp-json\/wp\/v2\/pages\/4311","targetHints":{"allow":["GET"]}}],"collection":[{"href":"https:\/\/www.ivb.ro\/en\/wp-json\/wp\/v2\/pages"}],"about":[{"href":"https:\/\/www.ivb.ro\/en\/wp-json\/wp\/v2\/types\/page"}],"author":[{"embeddable":true,"href":"https:\/\/www.ivb.ro\/en\/wp-json\/wp\/v2\/users\/1"}],"replies":[{"embeddable":true,"href":"https:\/\/www.ivb.ro\/en\/wp-json\/wp\/v2\/comments?post=4311"}],"version-history":[{"count":61,"href":"https:\/\/www.ivb.ro\/en\/wp-json\/wp\/v2\/pages\/4311\/revisions"}],"predecessor-version":[{"id":10375,"href":"https:\/\/www.ivb.ro\/en\/wp-json\/wp\/v2\/pages\/4311\/revisions\/10375"}],"wp:attachment":[{"href":"https:\/\/www.ivb.ro\/en\/wp-json\/wp\/v2\/media?parent=4311"}],"curies":[{"name":"wp","href":"https:\/\/api.w.org\/{rel}","templated":true}]}}