{"id":4571,"date":"2022-07-28T08:22:04","date_gmt":"2022-07-28T08:22:04","guid":{"rendered":"https:\/\/www.ivb.ro\/?page_id=4571"},"modified":"2023-01-10T10:35:18","modified_gmt":"2023-01-10T10:35:18","slug":"declaratii-ani","status":"publish","type":"page","link":"https:\/\/www.ivb.ro\/en\/declaratii-ani","title":{"rendered":"Declara\u021bii ANI"},"content":{"rendered":"<div data-elementor-type=\"wp-page\" data-elementor-id=\"4571\" class=\"elementor elementor-4571\">\n\t\t\t\t\t\t<section class=\"elementor-section elementor-top-section elementor-element elementor-element-2b3f7c93 elementor-section-content-middle elementor-section-stretched elementor-section-boxed elementor-section-height-default elementor-section-height-default\" data-id=\"2b3f7c93\" data-element_type=\"section\" data-e-type=\"section\" data-settings=\"{&quot;stretch_section&quot;:&quot;section-stretched&quot;}\">\n\t\t\t\t\t\t<div class=\"elementor-container elementor-column-gap-no\">\n\t\t\t\t\t<div class=\"elementor-column elementor-col-100 elementor-top-column elementor-element elementor-element-232aed84\" data-id=\"232aed84\" data-element_type=\"column\" data-e-type=\"column\">\n\t\t\t<div class=\"elementor-widget-wrap elementor-element-populated\">\n\t\t\t\t\t\t<div class=\"elementor-element elementor-element-1d4d8b48 elementor-widget elementor-widget-heading\" data-id=\"1d4d8b48\" data-element_type=\"widget\" data-e-type=\"widget\" data-widget_type=\"heading.default\">\n\t\t\t\t<div class=\"elementor-widget-container\">\n\t\t\t\t\t<h4 class=\"elementor-heading-title elementor-size-default\">Declara\u0163ii ANI<\/h4>\t\t\t\t<\/div>\n\t\t\t\t<\/div>\n\t\t\t\t<section class=\"elementor-section elementor-inner-section elementor-element elementor-element-688c5a20 elementor-section-content-middle elementor-section-boxed elementor-section-height-default elementor-section-height-default\" data-id=\"688c5a20\" data-element_type=\"section\" data-e-type=\"section\">\n\t\t\t\t\t\t<div class=\"elementor-container elementor-column-gap-no\">\n\t\t\t\t\t<div class=\"elementor-column elementor-col-25 elementor-inner-column elementor-element elementor-element-6c20e995\" data-id=\"6c20e995\" data-element_type=\"column\" data-e-type=\"column\">\n\t\t\t<div class=\"elementor-widget-wrap elementor-element-populated\">\n\t\t\t\t\t\t<div class=\"elementor-element elementor-element-57596bc9 elementor-position-top elementor-widget elementor-widget-image-box\" data-id=\"57596bc9\" data-element_type=\"widget\" data-e-type=\"widget\" data-widget_type=\"image-box.default\">\n\t\t\t\t<div class=\"elementor-widget-container\">\n\t\t\t\t\t<div class=\"elementor-image-box-wrapper\"><figure class=\"elementor-image-box-img\"><a href=\"https:\/\/www.ivb.ro\/en\/declaratie-ani-directori\/\" tabindex=\"-1\"><img fetchpriority=\"high\" decoding=\"async\" width=\"256\" height=\"256\" src=\"https:\/\/www.ivb.ro\/wp-content\/uploads\/2020\/10\/viral-marketing.png\" class=\"elementor-animation-grow attachment-full size-full wp-image-731\" alt=\"\" srcset=\"https:\/\/www.ivb.ro\/wp-content\/uploads\/2020\/10\/viral-marketing.png 256w, https:\/\/www.ivb.ro\/wp-content\/uploads\/2020\/10\/viral-marketing-100x100.png 100w, https:\/\/www.ivb.ro\/wp-content\/uploads\/2020\/10\/viral-marketing-150x150.png 150w, https:\/\/www.ivb.ro\/wp-content\/uploads\/2020\/10\/viral-marketing-12x12.png 12w\" sizes=\"(max-width: 256px) 100vw, 256px\" \/><\/a><\/figure><div class=\"elementor-image-box-content\"><h3 class=\"elementor-image-box-title\"><a href=\"https:\/\/www.ivb.ro\/en\/declaratie-ani-directori\/\">Directori<\/a><\/h3><\/div><\/div>\t\t\t\t<\/div>\n\t\t\t\t<\/div>\n\t\t\t\t<div class=\"elementor-element elementor-element-4b06c96e elementor-align-center elementor-widget elementor-widget-button\" data-id=\"4b06c96e\" data-element_type=\"widget\" data-e-type=\"widget\" data-widget_type=\"button.default\">\n\t\t\t\t<div class=\"elementor-widget-container\">\n\t\t\t\t\t\t\t\t\t<div class=\"elementor-button-wrapper\">\n\t\t\t\t\t<a class=\"elementor-button elementor-button-link elementor-size-sm\" href=\"https:\/\/www.ivb.ro\/en\/declaratie-ani-directori\/\">\n\t\t\t\t\t\t<span class=\"elementor-button-content-wrapper\">\n\t\t\t\t\t\t\t\t\t<span class=\"elementor-button-text\">Read more<\/span>\n\t\t\t\t\t<\/span>\n\t\t\t\t\t<\/a>\n\t\t\t\t<\/div>\n\t\t\t\t\t\t\t\t<\/div>\n\t\t\t\t<\/div>\n\t\t\t\t\t<\/div>\n\t\t<\/div>\n\t\t\t\t<div class=\"elementor-column elementor-col-25 elementor-inner-column elementor-element elementor-element-6e3d978\" data-id=\"6e3d978\" data-element_type=\"column\" data-e-type=\"column\">\n\t\t\t<div class=\"elementor-widget-wrap elementor-element-populated\">\n\t\t\t\t\t\t<div class=\"elementor-element elementor-element-cc93f5e elementor-position-top elementor-widget elementor-widget-image-box\" data-id=\"cc93f5e\" data-element_type=\"widget\" data-e-type=\"widget\" data-widget_type=\"image-box.default\">\n\t\t\t\t<div class=\"elementor-widget-container\">\n\t\t\t\t\t<div class=\"elementor-image-box-wrapper\"><figure class=\"elementor-image-box-img\"><a href=\"https:\/\/www.ivb.ro\/en\/declaratii-consiliul-administratie\/\" tabindex=\"-1\"><img decoding=\"async\" width=\"700\" height=\"614\" src=\"https:\/\/www.ivb.ro\/wp-content\/uploads\/2023\/01\/board.png\" class=\"elementor-animation-grow attachment-full size-full wp-image-5497\" alt=\"\" srcset=\"https:\/\/www.ivb.ro\/wp-content\/uploads\/2023\/01\/board.png 700w, https:\/\/www.ivb.ro\/wp-content\/uploads\/2023\/01\/board-500x439.png 500w, https:\/\/www.ivb.ro\/wp-content\/uploads\/2023\/01\/board-300x263.png 300w, https:\/\/www.ivb.ro\/wp-content\/uploads\/2023\/01\/board-14x12.png 14w\" sizes=\"(max-width: 700px) 100vw, 700px\" \/><\/a><\/figure><div class=\"elementor-image-box-content\"><h3 class=\"elementor-image-box-title\"><a href=\"https:\/\/www.ivb.ro\/en\/declaratii-consiliul-administratie\/\">Consiliul de administra\u0163ie<\/a><\/h3><\/div><\/div>\t\t\t\t<\/div>\n\t\t\t\t<\/div>\n\t\t\t\t<div class=\"elementor-element elementor-element-9447b38 elementor-align-center elementor-widget elementor-widget-button\" data-id=\"9447b38\" data-element_type=\"widget\" data-e-type=\"widget\" data-widget_type=\"button.default\">\n\t\t\t\t<div class=\"elementor-widget-container\">\n\t\t\t\t\t\t\t\t\t<div class=\"elementor-button-wrapper\">\n\t\t\t\t\t<a class=\"elementor-button elementor-button-link elementor-size-sm\" href=\"https:\/\/www.ivb.ro\/en\/declaratii-consiliul-administratie\/\">\n\t\t\t\t\t\t<span class=\"elementor-button-content-wrapper\">\n\t\t\t\t\t\t\t\t\t<span class=\"elementor-button-text\">Read more<\/span>\n\t\t\t\t\t<\/span>\n\t\t\t\t\t<\/a>\n\t\t\t\t<\/div>\n\t\t\t\t\t\t\t\t<\/div>\n\t\t\t\t<\/div>\n\t\t\t\t\t<\/div>\n\t\t<\/div>\n\t\t\t\t<div class=\"elementor-column elementor-col-25 elementor-inner-column elementor-element elementor-element-1878582b\" data-id=\"1878582b\" data-element_type=\"column\" data-e-type=\"column\">\n\t\t\t<div class=\"elementor-widget-wrap elementor-element-populated\">\n\t\t\t\t\t\t<div class=\"elementor-element elementor-element-11c10e90 elementor-position-top elementor-widget elementor-widget-image-box\" data-id=\"11c10e90\" data-element_type=\"widget\" data-e-type=\"widget\" data-widget_type=\"image-box.default\">\n\t\t\t\t<div class=\"elementor-widget-container\">\n\t\t\t\t\t<div class=\"elementor-image-box-wrapper\"><figure class=\"elementor-image-box-img\"><a href=\"https:\/\/www.ivb.ro\/en\/declaratii-ani-sefi-de-laboratoare-compartimente\/\" tabindex=\"-1\"><img decoding=\"async\" width=\"256\" height=\"256\" src=\"https:\/\/www.ivb.ro\/wp-content\/uploads\/2021\/08\/startup.png\" class=\"elementor-animation-grow attachment-full size-full wp-image-2834\" alt=\"\" srcset=\"https:\/\/www.ivb.ro\/wp-content\/uploads\/2021\/08\/startup.png 256w, https:\/\/www.ivb.ro\/wp-content\/uploads\/2021\/08\/startup-100x100.png 100w, https:\/\/www.ivb.ro\/wp-content\/uploads\/2021\/08\/startup-150x150.png 150w, https:\/\/www.ivb.ro\/wp-content\/uploads\/2021\/08\/startup-12x12.png 12w, https:\/\/www.ivb.ro\/wp-content\/uploads\/2021\/08\/elementor\/thumbs\/startup-pc1hj808nic2m492ld1g1ky38vqhqlxm47lwk28hao.png 40w\" sizes=\"(max-width: 256px) 100vw, 256px\" \/><\/a><\/figure><div class=\"elementor-image-box-content\"><h3 class=\"elementor-image-box-title\"><a href=\"https:\/\/www.ivb.ro\/en\/declaratii-ani-sefi-de-laboratoare-compartimente\/\">\u015eefi de laboratoare \/ compartimente<\/a><\/h3><\/div><\/div>\t\t\t\t<\/div>\n\t\t\t\t<\/div>\n\t\t\t\t<div class=\"elementor-element elementor-element-43d9e119 elementor-align-center elementor-widget elementor-widget-button\" data-id=\"43d9e119\" data-element_type=\"widget\" data-e-type=\"widget\" data-widget_type=\"button.default\">\n\t\t\t\t<div class=\"elementor-widget-container\">\n\t\t\t\t\t\t\t\t\t<div class=\"elementor-button-wrapper\">\n\t\t\t\t\t<a class=\"elementor-button elementor-button-link elementor-size-sm\" href=\"https:\/\/www.ivb.ro\/en\/declaratii-ani-sefi-de-laboratoare-compartimente\/\">\n\t\t\t\t\t\t<span class=\"elementor-button-content-wrapper\">\n\t\t\t\t\t\t\t\t\t<span class=\"elementor-button-text\">Read more<\/span>\n\t\t\t\t\t<\/span>\n\t\t\t\t\t<\/a>\n\t\t\t\t<\/div>\n\t\t\t\t\t\t\t\t<\/div>\n\t\t\t\t<\/div>\n\t\t\t\t\t<\/div>\n\t\t<\/div>\n\t\t\t\t<div class=\"elementor-column elementor-col-25 elementor-inner-column elementor-element elementor-element-19e39f44\" data-id=\"19e39f44\" data-element_type=\"column\" data-e-type=\"column\">\n\t\t\t<div class=\"elementor-widget-wrap elementor-element-populated\">\n\t\t\t\t\t\t<div class=\"elementor-element elementor-element-2d8e2a10 elementor-position-top elementor-widget elementor-widget-image-box\" data-id=\"2d8e2a10\" data-element_type=\"widget\" data-e-type=\"widget\" data-widget_type=\"image-box.default\">\n\t\t\t\t<div class=\"elementor-widget-container\">\n\t\t\t\t\t<div class=\"elementor-image-box-wrapper\"><figure class=\"elementor-image-box-img\"><a href=\"https:\/\/www.ivb.ro\/en\/declaratii-ani-alte-pozitii-relevante\/\" tabindex=\"-1\"><img loading=\"lazy\" decoding=\"async\" width=\"256\" height=\"256\" src=\"https:\/\/www.ivb.ro\/wp-content\/uploads\/2020\/10\/analytics.png\" class=\"elementor-animation-grow attachment-full size-full wp-image-732\" alt=\"\" srcset=\"https:\/\/www.ivb.ro\/wp-content\/uploads\/2020\/10\/analytics.png 256w, https:\/\/www.ivb.ro\/wp-content\/uploads\/2020\/10\/analytics-100x100.png 100w, https:\/\/www.ivb.ro\/wp-content\/uploads\/2020\/10\/analytics-150x150.png 150w, https:\/\/www.ivb.ro\/wp-content\/uploads\/2020\/10\/analytics-12x12.png 12w\" sizes=\"(max-width: 256px) 100vw, 256px\" \/><\/a><\/figure><div class=\"elementor-image-box-content\"><h3 class=\"elementor-image-box-title\"><a href=\"https:\/\/www.ivb.ro\/en\/declaratii-ani-alte-pozitii-relevante\/\">Alte pozi\u0163ii relevante<\/a><\/h3><\/div><\/div>\t\t\t\t<\/div>\n\t\t\t\t<\/div>\n\t\t\t\t<div class=\"elementor-element elementor-element-4a12907b elementor-align-center elementor-widget elementor-widget-button\" data-id=\"4a12907b\" data-element_type=\"widget\" data-e-type=\"widget\" data-widget_type=\"button.default\">\n\t\t\t\t<div class=\"elementor-widget-container\">\n\t\t\t\t\t\t\t\t\t<div class=\"elementor-button-wrapper\">\n\t\t\t\t\t<a class=\"elementor-button elementor-button-link elementor-size-sm\" href=\"https:\/\/www.ivb.ro\/en\/declaratii-ani-alte-pozitii-relevante\/\">\n\t\t\t\t\t\t<span class=\"elementor-button-content-wrapper\">\n\t\t\t\t\t\t\t\t\t<span class=\"elementor-button-text\">Read more<\/span>\n\t\t\t\t\t<\/span>\n\t\t\t\t\t<\/a>\n\t\t\t\t<\/div>\n\t\t\t\t\t\t\t\t<\/div>\n\t\t\t\t<\/div>\n\t\t\t\t\t<\/div>\n\t\t<\/div>\n\t\t\t\t\t<\/div>\n\t\t<\/section>\n\t\t\t\t\t<\/div>\n\t\t<\/div>\n\t\t\t\t\t<\/div>\n\t\t<\/section>\n\t\t\t\t<\/div>","protected":false},"excerpt":{"rendered":"<p>Declara\u0163ii ANI Directori Cite\u015fte mai mult Consiliul de administra\u0163ie Cite\u015fte mai mult \u015eefi de laboratoare \/ compartimente Cite\u015fte mai mult Alte pozi\u0163ii relevante Cite\u015fte mai mult<\/p>","protected":false},"author":1,"featured_media":0,"parent":0,"menu_order":0,"comment_status":"closed","ping_status":"closed","template":"","meta":{"ngg_post_thumbnail":0,"footnotes":""},"class_list":["post-4571","page","type-page","status-publish","hentry"],"yoast_head":"<!-- This site is optimized with the Yoast SEO plugin v27.2 - https:\/\/yoast.com\/product\/yoast-seo-wordpress\/ -->\n<title>Declara\u021bii ANI - National Institute of Pathology Victor Babe\u015f - Bucharest<\/title>\n<meta name=\"robots\" content=\"index, follow, max-snippet:-1, max-image-preview:large, max-video-preview:-1\" \/>\n<link rel=\"canonical\" href=\"https:\/\/www.ivb.ro\/en\/declaratii-ani\/\" \/>\n<meta property=\"og:locale\" content=\"en_GB\" \/>\n<meta property=\"og:type\" content=\"article\" \/>\n<meta property=\"og:title\" content=\"Declara\u021bii ANI - National Institute of Pathology Victor Babe\u015f - Bucharest\" \/>\n<meta property=\"og:description\" content=\"Declara\u0163ii ANI Directori Cite\u015fte mai mult Consiliul de administra\u0163ie Cite\u015fte mai mult \u015eefi de laboratoare \/ compartimente Cite\u015fte mai mult Alte pozi\u0163ii relevante Cite\u015fte mai mult\" \/>\n<meta property=\"og:url\" content=\"https:\/\/www.ivb.ro\/en\/declaratii-ani\/\" \/>\n<meta property=\"og:site_name\" content=\"National Institute of Pathology Victor Babe\u015f - Bucharest\" \/>\n<meta property=\"article:publisher\" content=\"https:\/\/www.facebook.com\/incdvb.ro\" \/>\n<meta property=\"article:modified_time\" content=\"2023-01-10T10:35:18+00:00\" \/>\n<meta property=\"og:image\" content=\"https:\/\/www.ivb.ro\/wp-content\/uploads\/2020\/10\/viral-marketing.png\" \/>\n<meta name=\"twitter:card\" content=\"summary_large_image\" \/>\n<meta name=\"twitter:label1\" content=\"Estimated reading time\" \/>\n\t<meta name=\"twitter:data1\" content=\"1 minute\" \/>\n<script type=\"application\/ld+json\" class=\"yoast-schema-graph\">{\"@context\":\"https:\/\/schema.org\",\"@graph\":[{\"@type\":\"WebPage\",\"@id\":\"https:\/\/www.ivb.ro\/declaratii-ani\",\"url\":\"https:\/\/www.ivb.ro\/declaratii-ani\",\"name\":\"Declara\u021bii ANI - National Institute of Pathology Victor Babe\u015f - Bucharest\",\"isPartOf\":{\"@id\":\"https:\/\/www.ivb.ro\/#website\"},\"primaryImageOfPage\":{\"@id\":\"https:\/\/www.ivb.ro\/declaratii-ani#primaryimage\"},\"image\":{\"@id\":\"https:\/\/www.ivb.ro\/declaratii-ani#primaryimage\"},\"thumbnailUrl\":\"https:\/\/www.ivb.ro\/wp-content\/uploads\/2020\/10\/viral-marketing.png\",\"datePublished\":\"2022-07-28T08:22:04+00:00\",\"dateModified\":\"2023-01-10T10:35:18+00:00\",\"breadcrumb\":{\"@id\":\"https:\/\/www.ivb.ro\/declaratii-ani#breadcrumb\"},\"inLanguage\":\"en-GB\",\"potentialAction\":[{\"@type\":\"ReadAction\",\"target\":[\"https:\/\/www.ivb.ro\/declaratii-ani\"]}]},{\"@type\":\"ImageObject\",\"inLanguage\":\"en-GB\",\"@id\":\"https:\/\/www.ivb.ro\/declaratii-ani#primaryimage\",\"url\":\"https:\/\/www.ivb.ro\/wp-content\/uploads\/2020\/10\/viral-marketing.png\",\"contentUrl\":\"https:\/\/www.ivb.ro\/wp-content\/uploads\/2020\/10\/viral-marketing.png\"},{\"@type\":\"BreadcrumbList\",\"@id\":\"https:\/\/www.ivb.ro\/declaratii-ani#breadcrumb\",\"itemListElement\":[{\"@type\":\"ListItem\",\"position\":1,\"name\":\"Home\",\"item\":\"https:\/\/www.ivb.ro\/\"},{\"@type\":\"ListItem\",\"position\":2,\"name\":\"Declara\u021bii ANI\"}]},{\"@type\":\"WebSite\",\"@id\":\"https:\/\/www.ivb.ro\/#website\",\"url\":\"https:\/\/www.ivb.ro\/\",\"name\":\"National Institute of Pathology Victor Babe\u015f - Bucharest\",\"description\":\"National Institute of Pathology Victor Babe\u015f - Bucharest\",\"publisher\":{\"@id\":\"https:\/\/www.ivb.ro\/#organization\"},\"potentialAction\":[{\"@type\":\"SearchAction\",\"target\":{\"@type\":\"EntryPoint\",\"urlTemplate\":\"https:\/\/www.ivb.ro\/?s={search_term_string}\"},\"query-input\":{\"@type\":\"PropertyValueSpecification\",\"valueRequired\":true,\"valueName\":\"search_term_string\"}}],\"inLanguage\":\"en-GB\"},{\"@type\":\"Organization\",\"@id\":\"https:\/\/www.ivb.ro\/#organization\",\"name\":\"National Institute of Pathology Victor Babe\u015f - Bucharest\",\"url\":\"https:\/\/www.ivb.ro\/\",\"logo\":{\"@type\":\"ImageObject\",\"inLanguage\":\"en-GB\",\"@id\":\"https:\/\/www.ivb.ro\/#\/schema\/logo\/image\/\",\"url\":\"https:\/\/www.ivb.ro\/wp-content\/uploads\/2021\/04\/top-logo.png\",\"contentUrl\":\"https:\/\/www.ivb.ro\/wp-content\/uploads\/2021\/04\/top-logo.png\",\"width\":340,\"height\":190,\"caption\":\"National Institute of Pathology Victor Babe\u015f - Bucharest\"},\"image\":{\"@id\":\"https:\/\/www.ivb.ro\/#\/schema\/logo\/image\/\"},\"sameAs\":[\"https:\/\/www.facebook.com\/incdvb.ro\",\"https:\/\/www.instagram.com\/institutul.victorbabes\/\",\"https:\/\/ro.linkedin.com\/company\/victor-babes-national-institute-of-pathology\"]}]}<\/script>\n<!-- \/ Yoast SEO plugin. -->","yoast_head_json":{"title":"Declara\u021bii ANI - National Institute of Pathology Victor Babe\u015f - Bucharest","robots":{"index":"index","follow":"follow","max-snippet":"max-snippet:-1","max-image-preview":"max-image-preview:large","max-video-preview":"max-video-preview:-1"},"canonical":"https:\/\/www.ivb.ro\/en\/declaratii-ani\/","og_locale":"en_GB","og_type":"article","og_title":"Declara\u021bii ANI - National Institute of Pathology Victor Babe\u015f - Bucharest","og_description":"Declara\u0163ii ANI Directori Cite\u015fte mai mult Consiliul de administra\u0163ie Cite\u015fte mai mult \u015eefi de laboratoare \/ compartimente Cite\u015fte mai mult Alte pozi\u0163ii relevante Cite\u015fte mai mult","og_url":"https:\/\/www.ivb.ro\/en\/declaratii-ani\/","og_site_name":"National Institute of Pathology Victor Babe\u015f - Bucharest","article_publisher":"https:\/\/www.facebook.com\/incdvb.ro","article_modified_time":"2023-01-10T10:35:18+00:00","og_image":[{"url":"https:\/\/www.ivb.ro\/wp-content\/uploads\/2020\/10\/viral-marketing.png","type":"","width":"","height":""}],"twitter_card":"summary_large_image","twitter_misc":{"Estimated reading time":"1 minute"},"schema":{"@context":"https:\/\/schema.org","@graph":[{"@type":"WebPage","@id":"https:\/\/www.ivb.ro\/declaratii-ani","url":"https:\/\/www.ivb.ro\/declaratii-ani","name":"Declara\u021bii ANI - National Institute of Pathology Victor Babe\u015f - Bucharest","isPartOf":{"@id":"https:\/\/www.ivb.ro\/#website"},"primaryImageOfPage":{"@id":"https:\/\/www.ivb.ro\/declaratii-ani#primaryimage"},"image":{"@id":"https:\/\/www.ivb.ro\/declaratii-ani#primaryimage"},"thumbnailUrl":"https:\/\/www.ivb.ro\/wp-content\/uploads\/2020\/10\/viral-marketing.png","datePublished":"2022-07-28T08:22:04+00:00","dateModified":"2023-01-10T10:35:18+00:00","breadcrumb":{"@id":"https:\/\/www.ivb.ro\/declaratii-ani#breadcrumb"},"inLanguage":"en-GB","potentialAction":[{"@type":"ReadAction","target":["https:\/\/www.ivb.ro\/declaratii-ani"]}]},{"@type":"ImageObject","inLanguage":"en-GB","@id":"https:\/\/www.ivb.ro\/declaratii-ani#primaryimage","url":"https:\/\/www.ivb.ro\/wp-content\/uploads\/2020\/10\/viral-marketing.png","contentUrl":"https:\/\/www.ivb.ro\/wp-content\/uploads\/2020\/10\/viral-marketing.png"},{"@type":"BreadcrumbList","@id":"https:\/\/www.ivb.ro\/declaratii-ani#breadcrumb","itemListElement":[{"@type":"ListItem","position":1,"name":"Home","item":"https:\/\/www.ivb.ro\/"},{"@type":"ListItem","position":2,"name":"Declara\u021bii ANI"}]},{"@type":"WebSite","@id":"https:\/\/www.ivb.ro\/#website","url":"https:\/\/www.ivb.ro\/","name":"National Institute of Pathology Victor Babe\u015f - Bucharest","description":"National Institute of Pathology Victor Babe\u015f - Bucharest","publisher":{"@id":"https:\/\/www.ivb.ro\/#organization"},"potentialAction":[{"@type":"SearchAction","target":{"@type":"EntryPoint","urlTemplate":"https:\/\/www.ivb.ro\/?s={search_term_string}"},"query-input":{"@type":"PropertyValueSpecification","valueRequired":true,"valueName":"search_term_string"}}],"inLanguage":"en-GB"},{"@type":"Organization","@id":"https:\/\/www.ivb.ro\/#organization","name":"National Institute of Pathology Victor Babe\u015f - Bucharest","url":"https:\/\/www.ivb.ro\/","logo":{"@type":"ImageObject","inLanguage":"en-GB","@id":"https:\/\/www.ivb.ro\/#\/schema\/logo\/image\/","url":"https:\/\/www.ivb.ro\/wp-content\/uploads\/2021\/04\/top-logo.png","contentUrl":"https:\/\/www.ivb.ro\/wp-content\/uploads\/2021\/04\/top-logo.png","width":340,"height":190,"caption":"National Institute of Pathology Victor Babe\u015f - Bucharest"},"image":{"@id":"https:\/\/www.ivb.ro\/#\/schema\/logo\/image\/"},"sameAs":["https:\/\/www.facebook.com\/incdvb.ro","https:\/\/www.instagram.com\/institutul.victorbabes\/","https:\/\/ro.linkedin.com\/company\/victor-babes-national-institute-of-pathology"]}]}},"_links":{"self":[{"href":"https:\/\/www.ivb.ro\/en\/wp-json\/wp\/v2\/pages\/4571","targetHints":{"allow":["GET"]}}],"collection":[{"href":"https:\/\/www.ivb.ro\/en\/wp-json\/wp\/v2\/pages"}],"about":[{"href":"https:\/\/www.ivb.ro\/en\/wp-json\/wp\/v2\/types\/page"}],"author":[{"embeddable":true,"href":"https:\/\/www.ivb.ro\/en\/wp-json\/wp\/v2\/users\/1"}],"replies":[{"embeddable":true,"href":"https:\/\/www.ivb.ro\/en\/wp-json\/wp\/v2\/comments?post=4571"}],"version-history":[{"count":160,"href":"https:\/\/www.ivb.ro\/en\/wp-json\/wp\/v2\/pages\/4571\/revisions"}],"predecessor-version":[{"id":5535,"href":"https:\/\/www.ivb.ro\/en\/wp-json\/wp\/v2\/pages\/4571\/revisions\/5535"}],"wp:attachment":[{"href":"https:\/\/www.ivb.ro\/en\/wp-json\/wp\/v2\/media?parent=4571"}],"curies":[{"name":"wp","href":"https:\/\/api.w.org\/{rel}","templated":true}]}}