{"id":466,"date":"2020-08-10T07:04:17","date_gmt":"2020-08-10T07:04:17","guid":{"rendered":"http:\/\/ivb.ro\/?page_id=466"},"modified":"2021-04-09T15:08:21","modified_gmt":"2021-04-09T15:08:21","slug":"despre-noi-genetica","status":"publish","type":"page","link":"https:\/\/www.ivb.ro\/en\/despre-noi-genetica","title":{"rendered":"About The New Genetics"},"content":{"rendered":"<div data-elementor-type=\"wp-page\" data-elementor-id=\"466\" class=\"elementor elementor-466\">\n\t\t\t\t\t\t<section class=\"elementor-section elementor-top-section elementor-element elementor-element-64f39b9a elementor-section-content-middle elementor-section-stretched elementor-section-boxed elementor-section-height-default elementor-section-height-default\" data-id=\"64f39b9a\" data-element_type=\"section\" data-e-type=\"section\" data-settings=\"{&quot;stretch_section&quot;:&quot;section-stretched&quot;}\">\n\t\t\t\t\t\t<div class=\"elementor-container elementor-column-gap-no\">\n\t\t\t\t\t<div class=\"elementor-column elementor-col-50 elementor-top-column elementor-element elementor-element-571b6a31\" data-id=\"571b6a31\" data-element_type=\"column\" data-e-type=\"column\">\n\t\t\t<div class=\"elementor-widget-wrap elementor-element-populated\">\n\t\t\t\t\t\t<div class=\"elementor-element elementor-element-2d5b593a elementor-widget-divider--view-line elementor-widget elementor-widget-divider\" data-id=\"2d5b593a\" data-element_type=\"widget\" data-e-type=\"widget\" data-widget_type=\"divider.default\">\n\t\t\t\t<div class=\"elementor-widget-container\">\n\t\t\t\t\t\t\t<div class=\"elementor-divider\">\n\t\t\t<span class=\"elementor-divider-separator\">\n\t\t\t\t\t\t<\/span>\n\t\t<\/div>\n\t\t\t\t\t\t<\/div>\n\t\t\t\t<\/div>\n\t\t\t\t<div class=\"elementor-element elementor-element-684bda2f elementor-widget elementor-widget-heading\" data-id=\"684bda2f\" data-element_type=\"widget\" data-e-type=\"widget\" data-widget_type=\"heading.default\">\n\t\t\t\t<div class=\"elementor-widget-container\">\n\t\t\t\t\t<h4 class=\"elementor-heading-title elementor-size-default\">ABOUT<\/h4>\t\t\t\t<\/div>\n\t\t\t\t<\/div>\n\t\t\t\t\t<\/div>\n\t\t<\/div>\n\t\t\t\t<div class=\"elementor-column elementor-col-50 elementor-top-column elementor-element elementor-element-7f78414d\" data-id=\"7f78414d\" data-element_type=\"column\" data-e-type=\"column\">\n\t\t\t<div class=\"elementor-widget-wrap elementor-element-populated\">\n\t\t\t\t\t\t<div class=\"elementor-element elementor-element-7cb86529 elementor-widget elementor-widget-text-editor\" data-id=\"7cb86529\" data-element_type=\"widget\" data-e-type=\"widget\" data-widget_type=\"text-editor.default\">\n\t\t\t\t<div class=\"elementor-widget-container\">\n\t\t\t\t\t\t\t\t\t<p><span style=\"color: #000000;\">Our lab is constantly collaborating with the clinical departments of the university of Bucharest, romania. Through the use of unique biological obtained from the patients for the detection and characterization of the genetic changes of clinical relevance, our data contribute to the knowledge about the diseases covered with the ultimate aim of optimizing the clinical management of patients.<\/span><\/p><p><span style=\"color: #000000;\">The technologies currently being used in the research is the comparative genomics based on the microarry, the host of a new generation of targeted technologies for PCR and sequencing Are, with the support of the techniques, cytogenetics, classical and molecular.<\/span><\/p>\t\t\t\t\t\t\t\t<\/div>\n\t\t\t\t<\/div>\n\t\t\t\t\t<\/div>\n\t\t<\/div>\n\t\t\t\t\t<\/div>\n\t\t<\/section>\n\t\t\t\t<\/div>","protected":false},"excerpt":{"rendered":"<p>DESPRE Laboratorul nostru colaboreaz\u0103 permanent cu clinici \u015fi departamente universitare din Bucure\u015fti. Prin utilizarea materialului biologic unic provenit de la pacien\u0163i pentru detectarea \u015fi caracterizarea modific\u0103rilor genetice de importan\u0163\u0103 clinic\u0103, datele ob\u0163inute contribuie la \u00eembog\u0103\u0163irea cuno\u015ftin\u0163elor referitoare la patologiile abordate av\u00e2nd ca scop final optimizarea managementul clinic al pacien\u0163ilor. Tehnologiile utilizate \u00een mod curent \u00een&hellip; <\/p>","protected":false},"author":1,"featured_media":0,"parent":0,"menu_order":0,"comment_status":"closed","ping_status":"closed","template":"","meta":{"ngg_post_thumbnail":0,"footnotes":""},"class_list":["post-466","page","type-page","status-publish","hentry"],"yoast_head":"<!-- This site is optimized with the Yoast SEO plugin v27.5 - https:\/\/yoast.com\/product\/yoast-seo-wordpress\/ -->\n<title>Despre Noi Genetica - National Institute of Pathology Victor Babe\u015f - Bucharest<\/title>\n<meta name=\"robots\" content=\"index, follow, max-snippet:-1, max-image-preview:large, max-video-preview:-1\" \/>\n<link rel=\"canonical\" href=\"https:\/\/www.ivb.ro\/en\/despre-noi-genetica\/\" \/>\n<meta property=\"og:locale\" content=\"en_GB\" \/>\n<meta property=\"og:type\" content=\"article\" \/>\n<meta property=\"og:title\" content=\"Despre Noi Genetica - National Institute of Pathology Victor Babe\u015f - Bucharest\" \/>\n<meta property=\"og:description\" content=\"DESPRE Laboratorul nostru colaboreaz\u0103 permanent cu clinici \u015fi departamente universitare din Bucure\u015fti. Prin utilizarea materialului biologic unic provenit de la pacien\u0163i pentru detectarea \u015fi caracterizarea modific\u0103rilor genetice de importan\u0163\u0103 clinic\u0103, datele ob\u0163inute contribuie la \u00eembog\u0103\u0163irea cuno\u015ftin\u0163elor referitoare la patologiile abordate av\u00e2nd ca scop final optimizarea managementul clinic al pacien\u0163ilor. Tehnologiile utilizate \u00een mod curent \u00een&hellip;\" \/>\n<meta property=\"og:url\" content=\"https:\/\/www.ivb.ro\/en\/despre-noi-genetica\/\" \/>\n<meta property=\"og:site_name\" content=\"National Institute of Pathology Victor Babe\u015f - Bucharest\" \/>\n<meta property=\"article:publisher\" content=\"https:\/\/www.facebook.com\/incdvb.ro\" \/>\n<meta property=\"article:modified_time\" content=\"2021-04-09T15:08:21+00:00\" \/>\n<meta name=\"twitter:card\" content=\"summary_large_image\" \/>\n<meta name=\"twitter:label1\" content=\"Estimated reading time\" \/>\n\t<meta name=\"twitter:data1\" content=\"1 minute\" \/>\n<script type=\"application\/ld+json\" class=\"yoast-schema-graph\">{\"@context\":\"https:\\\/\\\/schema.org\",\"@graph\":[{\"@type\":\"WebPage\",\"@id\":\"https:\\\/\\\/www.ivb.ro\\\/despre-noi-genetica\",\"url\":\"https:\\\/\\\/www.ivb.ro\\\/despre-noi-genetica\",\"name\":\"Despre Noi Genetica - National Institute of Pathology Victor Babe\u015f - Bucharest\",\"isPartOf\":{\"@id\":\"https:\\\/\\\/www.ivb.ro\\\/#website\"},\"datePublished\":\"2020-08-10T07:04:17+00:00\",\"dateModified\":\"2021-04-09T15:08:21+00:00\",\"breadcrumb\":{\"@id\":\"https:\\\/\\\/www.ivb.ro\\\/despre-noi-genetica#breadcrumb\"},\"inLanguage\":\"en-GB\",\"potentialAction\":[{\"@type\":\"ReadAction\",\"target\":[\"https:\\\/\\\/www.ivb.ro\\\/despre-noi-genetica\"]}]},{\"@type\":\"BreadcrumbList\",\"@id\":\"https:\\\/\\\/www.ivb.ro\\\/despre-noi-genetica#breadcrumb\",\"itemListElement\":[{\"@type\":\"ListItem\",\"position\":1,\"name\":\"Home\",\"item\":\"https:\\\/\\\/www.ivb.ro\\\/\"},{\"@type\":\"ListItem\",\"position\":2,\"name\":\"Despre Noi Genetica\"}]},{\"@type\":\"WebSite\",\"@id\":\"https:\\\/\\\/www.ivb.ro\\\/#website\",\"url\":\"https:\\\/\\\/www.ivb.ro\\\/\",\"name\":\"National Institute of Pathology Victor Babe\u015f - Bucharest\",\"description\":\"National Institute of Pathology Victor Babe\u015f - Bucharest\",\"publisher\":{\"@id\":\"https:\\\/\\\/www.ivb.ro\\\/#organization\"},\"potentialAction\":[{\"@type\":\"SearchAction\",\"target\":{\"@type\":\"EntryPoint\",\"urlTemplate\":\"https:\\\/\\\/www.ivb.ro\\\/?s={search_term_string}\"},\"query-input\":{\"@type\":\"PropertyValueSpecification\",\"valueRequired\":true,\"valueName\":\"search_term_string\"}}],\"inLanguage\":\"en-GB\"},{\"@type\":\"Organization\",\"@id\":\"https:\\\/\\\/www.ivb.ro\\\/#organization\",\"name\":\"National Institute of Pathology Victor Babe\u015f - Bucharest\",\"url\":\"https:\\\/\\\/www.ivb.ro\\\/\",\"logo\":{\"@type\":\"ImageObject\",\"inLanguage\":\"en-GB\",\"@id\":\"https:\\\/\\\/www.ivb.ro\\\/#\\\/schema\\\/logo\\\/image\\\/\",\"url\":\"https:\\\/\\\/www.ivb.ro\\\/wp-content\\\/uploads\\\/2021\\\/04\\\/top-logo.png\",\"contentUrl\":\"https:\\\/\\\/www.ivb.ro\\\/wp-content\\\/uploads\\\/2021\\\/04\\\/top-logo.png\",\"width\":340,\"height\":190,\"caption\":\"National Institute of Pathology Victor Babe\u015f - Bucharest\"},\"image\":{\"@id\":\"https:\\\/\\\/www.ivb.ro\\\/#\\\/schema\\\/logo\\\/image\\\/\"},\"sameAs\":[\"https:\\\/\\\/www.facebook.com\\\/incdvb.ro\",\"https:\\\/\\\/www.instagram.com\\\/institutul.victorbabes\\\/\",\"https:\\\/\\\/ro.linkedin.com\\\/company\\\/victor-babes-national-institute-of-pathology\"]}]}<\/script>\n<!-- \/ Yoast SEO plugin. -->","yoast_head_json":{"title":"Despre Noi Genetica - National Institute of Pathology Victor Babe\u015f - Bucharest","robots":{"index":"index","follow":"follow","max-snippet":"max-snippet:-1","max-image-preview":"max-image-preview:large","max-video-preview":"max-video-preview:-1"},"canonical":"https:\/\/www.ivb.ro\/en\/despre-noi-genetica\/","og_locale":"en_GB","og_type":"article","og_title":"Despre Noi Genetica - National Institute of Pathology Victor Babe\u015f - Bucharest","og_description":"DESPRE Laboratorul nostru colaboreaz\u0103 permanent cu clinici \u015fi departamente universitare din Bucure\u015fti. Prin utilizarea materialului biologic unic provenit de la pacien\u0163i pentru detectarea \u015fi caracterizarea modific\u0103rilor genetice de importan\u0163\u0103 clinic\u0103, datele ob\u0163inute contribuie la \u00eembog\u0103\u0163irea cuno\u015ftin\u0163elor referitoare la patologiile abordate av\u00e2nd ca scop final optimizarea managementul clinic al pacien\u0163ilor. Tehnologiile utilizate \u00een mod curent \u00een&hellip;","og_url":"https:\/\/www.ivb.ro\/en\/despre-noi-genetica\/","og_site_name":"National Institute of Pathology Victor Babe\u015f - Bucharest","article_publisher":"https:\/\/www.facebook.com\/incdvb.ro","article_modified_time":"2021-04-09T15:08:21+00:00","twitter_card":"summary_large_image","twitter_misc":{"Estimated reading time":"1 minute"},"schema":{"@context":"https:\/\/schema.org","@graph":[{"@type":"WebPage","@id":"https:\/\/www.ivb.ro\/despre-noi-genetica","url":"https:\/\/www.ivb.ro\/despre-noi-genetica","name":"Despre Noi Genetica - National Institute of Pathology Victor Babe\u015f - Bucharest","isPartOf":{"@id":"https:\/\/www.ivb.ro\/#website"},"datePublished":"2020-08-10T07:04:17+00:00","dateModified":"2021-04-09T15:08:21+00:00","breadcrumb":{"@id":"https:\/\/www.ivb.ro\/despre-noi-genetica#breadcrumb"},"inLanguage":"en-GB","potentialAction":[{"@type":"ReadAction","target":["https:\/\/www.ivb.ro\/despre-noi-genetica"]}]},{"@type":"BreadcrumbList","@id":"https:\/\/www.ivb.ro\/despre-noi-genetica#breadcrumb","itemListElement":[{"@type":"ListItem","position":1,"name":"Home","item":"https:\/\/www.ivb.ro\/"},{"@type":"ListItem","position":2,"name":"Despre Noi Genetica"}]},{"@type":"WebSite","@id":"https:\/\/www.ivb.ro\/#website","url":"https:\/\/www.ivb.ro\/","name":"National Institute of Pathology Victor Babe\u015f - Bucharest","description":"National Institute of Pathology Victor Babe\u015f - Bucharest","publisher":{"@id":"https:\/\/www.ivb.ro\/#organization"},"potentialAction":[{"@type":"SearchAction","target":{"@type":"EntryPoint","urlTemplate":"https:\/\/www.ivb.ro\/?s={search_term_string}"},"query-input":{"@type":"PropertyValueSpecification","valueRequired":true,"valueName":"search_term_string"}}],"inLanguage":"en-GB"},{"@type":"Organization","@id":"https:\/\/www.ivb.ro\/#organization","name":"National Institute of Pathology Victor Babe\u015f - Bucharest","url":"https:\/\/www.ivb.ro\/","logo":{"@type":"ImageObject","inLanguage":"en-GB","@id":"https:\/\/www.ivb.ro\/#\/schema\/logo\/image\/","url":"https:\/\/www.ivb.ro\/wp-content\/uploads\/2021\/04\/top-logo.png","contentUrl":"https:\/\/www.ivb.ro\/wp-content\/uploads\/2021\/04\/top-logo.png","width":340,"height":190,"caption":"National Institute of Pathology Victor Babe\u015f - Bucharest"},"image":{"@id":"https:\/\/www.ivb.ro\/#\/schema\/logo\/image\/"},"sameAs":["https:\/\/www.facebook.com\/incdvb.ro","https:\/\/www.instagram.com\/institutul.victorbabes\/","https:\/\/ro.linkedin.com\/company\/victor-babes-national-institute-of-pathology"]}]}},"_links":{"self":[{"href":"https:\/\/www.ivb.ro\/en\/wp-json\/wp\/v2\/pages\/466","targetHints":{"allow":["GET"]}}],"collection":[{"href":"https:\/\/www.ivb.ro\/en\/wp-json\/wp\/v2\/pages"}],"about":[{"href":"https:\/\/www.ivb.ro\/en\/wp-json\/wp\/v2\/types\/page"}],"author":[{"embeddable":true,"href":"https:\/\/www.ivb.ro\/en\/wp-json\/wp\/v2\/users\/1"}],"replies":[{"embeddable":true,"href":"https:\/\/www.ivb.ro\/en\/wp-json\/wp\/v2\/comments?post=466"}],"version-history":[{"count":4,"href":"https:\/\/www.ivb.ro\/en\/wp-json\/wp\/v2\/pages\/466\/revisions"}],"predecessor-version":[{"id":1595,"href":"https:\/\/www.ivb.ro\/en\/wp-json\/wp\/v2\/pages\/466\/revisions\/1595"}],"wp:attachment":[{"href":"https:\/\/www.ivb.ro\/en\/wp-json\/wp\/v2\/media?parent=466"}],"curies":[{"name":"wp","href":"https:\/\/api.w.org\/{rel}","templated":true}]}}