{"id":471,"date":"2020-08-10T07:09:11","date_gmt":"2020-08-10T07:09:11","guid":{"rendered":"http:\/\/ivb.ro\/?page_id=471"},"modified":"2021-04-09T15:06:16","modified_gmt":"2021-04-09T15:06:16","slug":"echipamente-genetica","status":"publish","type":"page","link":"https:\/\/www.ivb.ro\/en\/echipamente-genetica","title":{"rendered":"The Equipment Of Genetics"},"content":{"rendered":"<div data-elementor-type=\"wp-page\" data-elementor-id=\"471\" class=\"elementor elementor-471\">\n\t\t\t\t\t\t<section class=\"elementor-section elementor-top-section elementor-element elementor-element-73669d3 elementor-section-stretched elementor-section-boxed elementor-section-height-default elementor-section-height-default\" data-id=\"73669d3\" data-element_type=\"section\" data-e-type=\"section\" data-settings=\"{&quot;stretch_section&quot;:&quot;section-stretched&quot;}\">\n\t\t\t\t\t\t<div class=\"elementor-container elementor-column-gap-default\">\n\t\t\t\t\t<div class=\"elementor-column elementor-col-100 elementor-top-column elementor-element elementor-element-5c55a25\" data-id=\"5c55a25\" data-element_type=\"column\" data-e-type=\"column\">\n\t\t\t<div class=\"elementor-widget-wrap elementor-element-populated\">\n\t\t\t\t\t\t<div class=\"elementor-element elementor-element-23e7401 elementor-widget elementor-widget-heading\" data-id=\"23e7401\" data-element_type=\"widget\" data-e-type=\"widget\" data-widget_type=\"heading.default\">\n\t\t\t\t<div class=\"elementor-widget-container\">\n\t\t\t\t\t<h1 class=\"elementor-heading-title elementor-size-xxl\">Equipment<\/h1>\t\t\t\t<\/div>\n\t\t\t\t<\/div>\n\t\t\t\t\t<\/div>\n\t\t<\/div>\n\t\t\t\t\t<\/div>\n\t\t<\/section>\n\t\t\t\t<section class=\"elementor-section elementor-top-section elementor-element elementor-element-406a59a5 elementor-section-stretched elementor-section-boxed elementor-section-height-default elementor-section-height-default\" data-id=\"406a59a5\" data-element_type=\"section\" data-e-type=\"section\" data-settings=\"{&quot;stretch_section&quot;:&quot;section-stretched&quot;}\">\n\t\t\t\t\t\t<div class=\"elementor-container elementor-column-gap-default\">\n\t\t\t\t\t<div class=\"elementor-column elementor-col-100 elementor-top-column elementor-element elementor-element-6b1cebe4\" data-id=\"6b1cebe4\" data-element_type=\"column\" data-e-type=\"column\">\n\t\t\t<div class=\"elementor-widget-wrap elementor-element-populated\">\n\t\t\t\t\t\t<div class=\"elementor-element elementor-element-14227b08 elementor-widget elementor-widget-text-editor\" data-id=\"14227b08\" data-element_type=\"widget\" data-e-type=\"widget\" data-widget_type=\"text-editor.default\">\n\t\t\t\t<div class=\"elementor-widget-container\">\n\t\t\t\t\t\t\t\t\t\n<div class=\"wp-block-columns is-layout-flex wp-container-core-columns-is-layout-9d6595d7 wp-block-columns-is-layout-flex\">\n<div class=\"wp-block-column is-layout-flow wp-block-column-is-layout-flow\">\n<figure class=\"wp-block-image size-large\"><img fetchpriority=\"high\" decoding=\"async\" width=\"1024\" height=\"576\" src=\"http:\/\/ivb.ro\/wp-content\/uploads\/2020\/08\/SCANNER-AGILENT-1024x576.jpg\" alt=\"\" class=\"wp-image-502\" srcset=\"https:\/\/www.ivb.ro\/wp-content\/uploads\/2020\/08\/SCANNER-AGILENT-1024x576.jpg 1024w, https:\/\/www.ivb.ro\/wp-content\/uploads\/2020\/08\/SCANNER-AGILENT-500x281.jpg 500w, https:\/\/www.ivb.ro\/wp-content\/uploads\/2020\/08\/SCANNER-AGILENT-300x169.jpg 300w, https:\/\/www.ivb.ro\/wp-content\/uploads\/2020\/08\/SCANNER-AGILENT-768x432.jpg 768w, https:\/\/www.ivb.ro\/wp-content\/uploads\/2020\/08\/SCANNER-AGILENT.jpg 1280w\" sizes=\"(max-width: 1024px) 100vw, 1024px\" \/><\/figure>\n<\/div>\n\n\n\n<div class=\"wp-block-column is-layout-flow wp-block-column-is-layout-flow\">\n<p><em>DNA MICROARRAY <\/em><em><\/em><\/p>\n\n\n\n<p>&nbsp;&nbsp;&nbsp;&nbsp;&nbsp;&nbsp;&nbsp;&nbsp;&nbsp;&nbsp;&nbsp;&nbsp;&nbsp;&nbsp;&nbsp; Overview of the equipment that comprises the Agilent DNA SureScan Microarray scanner (purchased through the MODIFICATION 2.2.1 633\/2014), Agilent Bioanalyzer, and Equipment support (hybridization oven, vortex, minicentrifugi for the face), computers <a>and <\/a>specialized programs for political experiments, the extraction and analysis of data).<\/p>\n\n\n\n<p>The equipment for scanning for high-resolution microarray slides, the high sensitivity of the detection system, display, dynamic, allows for the scanning of the blades to the microarray with a high density of oligonucleotide probes<\/p>\n\n\n\n<p>Applications:hybridization, comparative genomic-based microarray array-CGH for the analysis of the imbalances in the genomic and CGH+SNP for the identification of a simultaneous variation in the number of DNA copies, and the regions of the loss of the mutation.<\/p>\n<\/div>\n<\/div>\n\n\n\n<hr class=\"wp-block-separator\"\/>\n\n\n\n<div class=\"wp-block-columns is-layout-flex wp-container-core-columns-is-layout-9d6595d7 wp-block-columns-is-layout-flex\">\n<div class=\"wp-block-column is-layout-flow wp-block-column-is-layout-flow\">\n<p><em>SEQUENCING<\/em><\/p>\n\n\n\n<p>Kit for sequencing-Sanger is located in the Laboratory of Medical Genetics, <em>Applied Biosystems <\/em>3500 Genetic Analyzer (purchased through the MODIFICATION 2.2.1 633\/2014) is an integrated platform that combines hardware performance, the 8-capillary, and programs for direct sequencing, and the analysis of the fragments.<\/p>\n\n\n\n<p>In addition to that, our team used the platform of the sequence is targeted to a new generation of Ion PGM System (ThermoFisher Scientific), located at the Laboratory of Molecular Pathology, Department of Pathology.<\/p>\n\n\n\n<p>Applications:sequencing of target DNA, the analysis of the fragments by capillary electrophoresis, PCR<\/p>\n<\/div>\n\n\n\n<div class=\"wp-block-column is-layout-flow wp-block-column-is-layout-flow\">\n<figure class=\"wp-block-image size-large\"><img decoding=\"async\" width=\"1024\" height=\"576\" src=\"http:\/\/ivb.ro\/wp-content\/uploads\/2020\/08\/SECVENTIATOR-ABI-3500-1024x576.jpg\" alt=\"\" class=\"wp-image-500\" srcset=\"https:\/\/www.ivb.ro\/wp-content\/uploads\/2020\/08\/SECVENTIATOR-ABI-3500-1024x576.jpg 1024w, https:\/\/www.ivb.ro\/wp-content\/uploads\/2020\/08\/SECVENTIATOR-ABI-3500-500x281.jpg 500w, https:\/\/www.ivb.ro\/wp-content\/uploads\/2020\/08\/SECVENTIATOR-ABI-3500-300x169.jpg 300w, https:\/\/www.ivb.ro\/wp-content\/uploads\/2020\/08\/SECVENTIATOR-ABI-3500-768x432.jpg 768w, https:\/\/www.ivb.ro\/wp-content\/uploads\/2020\/08\/SECVENTIATOR-ABI-3500.jpg 1280w\" sizes=\"(max-width: 1024px) 100vw, 1024px\" \/><\/figure>\n<\/div>\n<\/div>\n\n\n\n<hr class=\"wp-block-separator\"\/>\n\n\n\n<div class=\"wp-block-columns is-layout-flex wp-container-core-columns-is-layout-9d6595d7 wp-block-columns-is-layout-flex\">\n<div class=\"wp-block-column is-layout-flow wp-block-column-is-layout-flow\"><\/div>\n\n\n\n<div class=\"wp-block-column is-layout-flow wp-block-column-is-layout-flow\">\n<p><em>MOLECULAR GENETICS<\/em><em><\/em><\/p>\n\n\n\n<p>Equipment (RCP, Watch the Real-Time PCR Rotor Gene6000, it won&#039;t happen, Palm Cycler) and equipment of the general molecular genetics. &nbsp;<\/p>\n\n\n\n<p>Applications: the technology is based on the PCR<\/p>\n<\/div>\n<\/div>\n\n\n\n<hr class=\"wp-block-separator\"\/>\n\n\n\n<div class=\"wp-block-columns is-layout-flex wp-container-core-columns-is-layout-9d6595d7 wp-block-columns-is-layout-flex\">\n<div class=\"wp-block-column is-layout-flow wp-block-column-is-layout-flow\">\n<p><em>LIGHT MICROSCOPY FOR THE APPLICATIONS OF CYTOGENETICS<\/em><\/p>\n\n\n\n<p>Motorized microscope Axio Z1 Zeiss discussed in the light streamed live and epifluorescen\u021b\u0103, which is equipped with a device-CCD camera-monochrome, high-resolution, the microscope, a Nikon E800 by examining it in the light streamed live and epifluorescen\u021b\u0103, which is equipped with a device-CCD camera-monochrome, with high-resolution.<\/p>\n\n\n\n<p>The software is Metasystems to scan, detect and capture images automatically to the cytogenetics (the Metafer, and Ikaros), cariotipare (the Ikaros) and the hybrid <em>the in-situ<\/em> fluorescence (s-M-FISH, m-BAND, Q - FISH &amp; CGH).<\/p>\n\n\n\n<p>Applications: testing of conventional cytogenetics and molecular<\/p>\n<\/div>\n\n\n\n<div class=\"wp-block-column is-layout-flow wp-block-column-is-layout-flow\">\n<figure class=\"wp-block-image size-large\"><img decoding=\"async\" width=\"1024\" height=\"768\" src=\"http:\/\/ivb.ro\/wp-content\/uploads\/2020\/08\/Microscop-Zeiss-Imager-1024x768.jpg\" alt=\"\" class=\"wp-image-501\" srcset=\"https:\/\/www.ivb.ro\/wp-content\/uploads\/2020\/08\/Microscop-Zeiss-Imager-1024x768.jpg 1024w, https:\/\/www.ivb.ro\/wp-content\/uploads\/2020\/08\/Microscop-Zeiss-Imager-scaled-500x375.jpg 500w, https:\/\/www.ivb.ro\/wp-content\/uploads\/2020\/08\/Microscop-Zeiss-Imager-300x225.jpg 300w, https:\/\/www.ivb.ro\/wp-content\/uploads\/2020\/08\/Microscop-Zeiss-Imager-768x576.jpg 768w, https:\/\/www.ivb.ro\/wp-content\/uploads\/2020\/08\/Microscop-Zeiss-Imager-1536x1152.jpg 1536w, https:\/\/www.ivb.ro\/wp-content\/uploads\/2020\/08\/Microscop-Zeiss-Imager-2048x1536.jpg 2048w\" sizes=\"(max-width: 1024px) 100vw, 1024px\" \/><\/figure>\n<\/div>\n<\/div>\n\t\t\t\t\t\t\t\t<\/div>\n\t\t\t\t<\/div>\n\t\t\t\t\t<\/div>\n\t\t<\/div>\n\t\t\t\t\t<\/div>\n\t\t<\/section>\n\t\t\t\t<\/div>","protected":false},"excerpt":{"rendered":"<p>Echipamente DNA MICROARRAY &nbsp;&nbsp;&nbsp;&nbsp;&nbsp;&nbsp;&nbsp;&nbsp;&nbsp;&nbsp;&nbsp;&nbsp;&nbsp;&nbsp;&nbsp; Ansamblu de echipamente ce cuprinde Agilent DNA SureScan Microarray scanner (achizi\u021bionat prin proiectul POSCCE 2.2.1 633\/2014), Agilent Bioanalyzer, Echipamente suport (cuptor de hibridizare, vortex, minicentrifugi pentru chipuri), computere \u015fi programe specializate destinate desf\u0103\u015furarii experimentelor, extrac\u0163iei \u015fi analizei datelor). Echipamentul de scanare de \u00eenalt\u0103 rezolu\u0163ie pentru lame microarray, cu sensibilitate mare de&hellip; <\/p>","protected":false},"author":1,"featured_media":0,"parent":0,"menu_order":0,"comment_status":"closed","ping_status":"closed","template":"","meta":{"ngg_post_thumbnail":0,"footnotes":""},"class_list":["post-471","page","type-page","status-publish","hentry"],"yoast_head":"<!-- This site is optimized with the Yoast SEO plugin v27.2 - https:\/\/yoast.com\/product\/yoast-seo-wordpress\/ -->\n<title>Echipamente Genetica - National Institute of Pathology Victor Babe\u015f - Bucharest<\/title>\n<meta name=\"robots\" content=\"index, follow, max-snippet:-1, max-image-preview:large, max-video-preview:-1\" \/>\n<link rel=\"canonical\" href=\"https:\/\/www.ivb.ro\/en\/echipamente-genetica\" \/>\n<meta property=\"og:locale\" content=\"en_GB\" \/>\n<meta property=\"og:type\" content=\"article\" \/>\n<meta property=\"og:title\" content=\"Echipamente Genetica - National Institute of Pathology Victor Babe\u015f - Bucharest\" \/>\n<meta property=\"og:description\" content=\"Echipamente DNA MICROARRAY &nbsp;&nbsp;&nbsp;&nbsp;&nbsp;&nbsp;&nbsp;&nbsp;&nbsp;&nbsp;&nbsp;&nbsp;&nbsp;&nbsp;&nbsp; Ansamblu de echipamente ce cuprinde Agilent DNA SureScan Microarray scanner (achizi\u021bionat prin proiectul POSCCE 2.2.1 633\/2014), Agilent Bioanalyzer, Echipamente suport (cuptor de hibridizare, vortex, minicentrifugi pentru chipuri), computere \u015fi programe specializate destinate desf\u0103\u015furarii experimentelor, extrac\u0163iei \u015fi analizei datelor). Echipamentul de scanare de \u00eenalt\u0103 rezolu\u0163ie pentru lame microarray, cu sensibilitate mare de&hellip;\" \/>\n<meta property=\"og:url\" content=\"https:\/\/www.ivb.ro\/en\/echipamente-genetica\" \/>\n<meta property=\"og:site_name\" content=\"National Institute of Pathology Victor Babe\u015f - Bucharest\" \/>\n<meta property=\"article:publisher\" content=\"https:\/\/www.facebook.com\/incdvb.ro\" \/>\n<meta property=\"article:modified_time\" content=\"2021-04-09T15:06:16+00:00\" \/>\n<meta property=\"og:image\" content=\"http:\/\/ivb.ro\/wp-content\/uploads\/2020\/08\/SCANNER-AGILENT-1024x576.jpg\" \/>\n<meta name=\"twitter:card\" content=\"summary_large_image\" \/>\n<meta name=\"twitter:label1\" content=\"Estimated reading time\" \/>\n\t<meta name=\"twitter:data1\" content=\"3 minutes\" \/>\n<script type=\"application\/ld+json\" class=\"yoast-schema-graph\">{\"@context\":\"https:\/\/schema.org\",\"@graph\":[{\"@type\":\"WebPage\",\"@id\":\"https:\/\/www.ivb.ro\/en\/echipamente-genetica\",\"url\":\"https:\/\/www.ivb.ro\/en\/echipamente-genetica\",\"name\":\"Echipamente Genetica - National Institute of Pathology Victor Babe\u015f - Bucharest\",\"isPartOf\":{\"@id\":\"https:\/\/www.ivb.ro\/#website\"},\"primaryImageOfPage\":{\"@id\":\"https:\/\/www.ivb.ro\/en\/echipamente-genetica#primaryimage\"},\"image\":{\"@id\":\"https:\/\/www.ivb.ro\/en\/echipamente-genetica#primaryimage\"},\"thumbnailUrl\":\"http:\/\/ivb.ro\/wp-content\/uploads\/2020\/08\/SCANNER-AGILENT-1024x576.jpg\",\"datePublished\":\"2020-08-10T07:09:11+00:00\",\"dateModified\":\"2021-04-09T15:06:16+00:00\",\"breadcrumb\":{\"@id\":\"https:\/\/www.ivb.ro\/en\/echipamente-genetica#breadcrumb\"},\"inLanguage\":\"en-GB\",\"potentialAction\":[{\"@type\":\"ReadAction\",\"target\":[\"https:\/\/www.ivb.ro\/en\/echipamente-genetica\"]}]},{\"@type\":\"ImageObject\",\"inLanguage\":\"en-GB\",\"@id\":\"https:\/\/www.ivb.ro\/en\/echipamente-genetica#primaryimage\",\"url\":\"http:\/\/ivb.ro\/wp-content\/uploads\/2020\/08\/SCANNER-AGILENT-1024x576.jpg\",\"contentUrl\":\"http:\/\/ivb.ro\/wp-content\/uploads\/2020\/08\/SCANNER-AGILENT-1024x576.jpg\"},{\"@type\":\"BreadcrumbList\",\"@id\":\"https:\/\/www.ivb.ro\/en\/echipamente-genetica#breadcrumb\",\"itemListElement\":[{\"@type\":\"ListItem\",\"position\":1,\"name\":\"Home\",\"item\":\"https:\/\/www.ivb.ro\/\"},{\"@type\":\"ListItem\",\"position\":2,\"name\":\"Echipamente Genetica\"}]},{\"@type\":\"WebSite\",\"@id\":\"https:\/\/www.ivb.ro\/#website\",\"url\":\"https:\/\/www.ivb.ro\/\",\"name\":\"National Institute of Pathology Victor Babe\u015f - Bucharest\",\"description\":\"National Institute of Pathology Victor Babe\u015f - Bucharest\",\"publisher\":{\"@id\":\"https:\/\/www.ivb.ro\/#organization\"},\"potentialAction\":[{\"@type\":\"SearchAction\",\"target\":{\"@type\":\"EntryPoint\",\"urlTemplate\":\"https:\/\/www.ivb.ro\/?s={search_term_string}\"},\"query-input\":{\"@type\":\"PropertyValueSpecification\",\"valueRequired\":true,\"valueName\":\"search_term_string\"}}],\"inLanguage\":\"en-GB\"},{\"@type\":\"Organization\",\"@id\":\"https:\/\/www.ivb.ro\/#organization\",\"name\":\"National Institute of Pathology Victor Babe\u015f - Bucharest\",\"url\":\"https:\/\/www.ivb.ro\/\",\"logo\":{\"@type\":\"ImageObject\",\"inLanguage\":\"en-GB\",\"@id\":\"https:\/\/www.ivb.ro\/#\/schema\/logo\/image\/\",\"url\":\"https:\/\/www.ivb.ro\/wp-content\/uploads\/2021\/04\/top-logo.png\",\"contentUrl\":\"https:\/\/www.ivb.ro\/wp-content\/uploads\/2021\/04\/top-logo.png\",\"width\":340,\"height\":190,\"caption\":\"National Institute of Pathology Victor Babe\u015f - Bucharest\"},\"image\":{\"@id\":\"https:\/\/www.ivb.ro\/#\/schema\/logo\/image\/\"},\"sameAs\":[\"https:\/\/www.facebook.com\/incdvb.ro\",\"https:\/\/www.instagram.com\/institutul.victorbabes\/\",\"https:\/\/ro.linkedin.com\/company\/victor-babes-national-institute-of-pathology\"]}]}<\/script>\n<!-- \/ Yoast SEO plugin. -->","yoast_head_json":{"title":"Echipamente Genetica - National Institute of Pathology Victor Babe\u015f - Bucharest","robots":{"index":"index","follow":"follow","max-snippet":"max-snippet:-1","max-image-preview":"max-image-preview:large","max-video-preview":"max-video-preview:-1"},"canonical":"https:\/\/www.ivb.ro\/en\/echipamente-genetica","og_locale":"en_GB","og_type":"article","og_title":"Echipamente Genetica - National Institute of Pathology Victor Babe\u015f - Bucharest","og_description":"Echipamente DNA MICROARRAY &nbsp;&nbsp;&nbsp;&nbsp;&nbsp;&nbsp;&nbsp;&nbsp;&nbsp;&nbsp;&nbsp;&nbsp;&nbsp;&nbsp;&nbsp; Ansamblu de echipamente ce cuprinde Agilent DNA SureScan Microarray scanner (achizi\u021bionat prin proiectul POSCCE 2.2.1 633\/2014), Agilent Bioanalyzer, Echipamente suport (cuptor de hibridizare, vortex, minicentrifugi pentru chipuri), computere \u015fi programe specializate destinate desf\u0103\u015furarii experimentelor, extrac\u0163iei \u015fi analizei datelor). Echipamentul de scanare de \u00eenalt\u0103 rezolu\u0163ie pentru lame microarray, cu sensibilitate mare de&hellip;","og_url":"https:\/\/www.ivb.ro\/en\/echipamente-genetica","og_site_name":"National Institute of Pathology Victor Babe\u015f - Bucharest","article_publisher":"https:\/\/www.facebook.com\/incdvb.ro","article_modified_time":"2021-04-09T15:06:16+00:00","og_image":[{"url":"http:\/\/ivb.ro\/wp-content\/uploads\/2020\/08\/SCANNER-AGILENT-1024x576.jpg","type":"","width":"","height":""}],"twitter_card":"summary_large_image","twitter_misc":{"Estimated reading time":"3 minutes"},"schema":{"@context":"https:\/\/schema.org","@graph":[{"@type":"WebPage","@id":"https:\/\/www.ivb.ro\/en\/echipamente-genetica","url":"https:\/\/www.ivb.ro\/en\/echipamente-genetica","name":"Echipamente Genetica - National Institute of Pathology Victor Babe\u015f - Bucharest","isPartOf":{"@id":"https:\/\/www.ivb.ro\/#website"},"primaryImageOfPage":{"@id":"https:\/\/www.ivb.ro\/en\/echipamente-genetica#primaryimage"},"image":{"@id":"https:\/\/www.ivb.ro\/en\/echipamente-genetica#primaryimage"},"thumbnailUrl":"http:\/\/ivb.ro\/wp-content\/uploads\/2020\/08\/SCANNER-AGILENT-1024x576.jpg","datePublished":"2020-08-10T07:09:11+00:00","dateModified":"2021-04-09T15:06:16+00:00","breadcrumb":{"@id":"https:\/\/www.ivb.ro\/en\/echipamente-genetica#breadcrumb"},"inLanguage":"en-GB","potentialAction":[{"@type":"ReadAction","target":["https:\/\/www.ivb.ro\/en\/echipamente-genetica"]}]},{"@type":"ImageObject","inLanguage":"en-GB","@id":"https:\/\/www.ivb.ro\/en\/echipamente-genetica#primaryimage","url":"http:\/\/ivb.ro\/wp-content\/uploads\/2020\/08\/SCANNER-AGILENT-1024x576.jpg","contentUrl":"http:\/\/ivb.ro\/wp-content\/uploads\/2020\/08\/SCANNER-AGILENT-1024x576.jpg"},{"@type":"BreadcrumbList","@id":"https:\/\/www.ivb.ro\/en\/echipamente-genetica#breadcrumb","itemListElement":[{"@type":"ListItem","position":1,"name":"Home","item":"https:\/\/www.ivb.ro\/"},{"@type":"ListItem","position":2,"name":"Echipamente Genetica"}]},{"@type":"WebSite","@id":"https:\/\/www.ivb.ro\/#website","url":"https:\/\/www.ivb.ro\/","name":"National Institute of Pathology Victor Babe\u015f - Bucharest","description":"National Institute of Pathology Victor Babe\u015f - Bucharest","publisher":{"@id":"https:\/\/www.ivb.ro\/#organization"},"potentialAction":[{"@type":"SearchAction","target":{"@type":"EntryPoint","urlTemplate":"https:\/\/www.ivb.ro\/?s={search_term_string}"},"query-input":{"@type":"PropertyValueSpecification","valueRequired":true,"valueName":"search_term_string"}}],"inLanguage":"en-GB"},{"@type":"Organization","@id":"https:\/\/www.ivb.ro\/#organization","name":"National Institute of Pathology Victor Babe\u015f - Bucharest","url":"https:\/\/www.ivb.ro\/","logo":{"@type":"ImageObject","inLanguage":"en-GB","@id":"https:\/\/www.ivb.ro\/#\/schema\/logo\/image\/","url":"https:\/\/www.ivb.ro\/wp-content\/uploads\/2021\/04\/top-logo.png","contentUrl":"https:\/\/www.ivb.ro\/wp-content\/uploads\/2021\/04\/top-logo.png","width":340,"height":190,"caption":"National Institute of Pathology Victor Babe\u015f - Bucharest"},"image":{"@id":"https:\/\/www.ivb.ro\/#\/schema\/logo\/image\/"},"sameAs":["https:\/\/www.facebook.com\/incdvb.ro","https:\/\/www.instagram.com\/institutul.victorbabes\/","https:\/\/ro.linkedin.com\/company\/victor-babes-national-institute-of-pathology"]}]}},"_links":{"self":[{"href":"https:\/\/www.ivb.ro\/en\/wp-json\/wp\/v2\/pages\/471","targetHints":{"allow":["GET"]}}],"collection":[{"href":"https:\/\/www.ivb.ro\/en\/wp-json\/wp\/v2\/pages"}],"about":[{"href":"https:\/\/www.ivb.ro\/en\/wp-json\/wp\/v2\/types\/page"}],"author":[{"embeddable":true,"href":"https:\/\/www.ivb.ro\/en\/wp-json\/wp\/v2\/users\/1"}],"replies":[{"embeddable":true,"href":"https:\/\/www.ivb.ro\/en\/wp-json\/wp\/v2\/comments?post=471"}],"version-history":[{"count":5,"href":"https:\/\/www.ivb.ro\/en\/wp-json\/wp\/v2\/pages\/471\/revisions"}],"predecessor-version":[{"id":1592,"href":"https:\/\/www.ivb.ro\/en\/wp-json\/wp\/v2\/pages\/471\/revisions\/1592"}],"wp:attachment":[{"href":"https:\/\/www.ivb.ro\/en\/wp-json\/wp\/v2\/media?parent=471"}],"curies":[{"name":"wp","href":"https:\/\/api.w.org\/{rel}","templated":true}]}}