{"id":512,"date":"2020-08-10T07:37:55","date_gmt":"2020-08-10T07:37:55","guid":{"rendered":"http:\/\/ivb.ro\/?page_id=512"},"modified":"2025-01-28T10:54:19","modified_gmt":"2025-01-28T10:54:19","slug":"home-biobaza","status":"publish","type":"page","link":"https:\/\/www.ivb.ro\/en\/home-biobaza","title":{"rendered":"Home Biobase"},"content":{"rendered":"<div data-elementor-type=\"wp-page\" data-elementor-id=\"512\" class=\"elementor elementor-512\">\n\t\t\t\t\t\t<section class=\"elementor-section elementor-top-section elementor-element elementor-element-241afca7 elementor-section-content-middle elementor-section-stretched elementor-section-boxed elementor-section-height-default elementor-section-height-default\" data-id=\"241afca7\" data-element_type=\"section\" data-e-type=\"section\" data-settings=\"{&quot;background_background&quot;:&quot;classic&quot;,&quot;stretch_section&quot;:&quot;section-stretched&quot;}\">\n\t\t\t\t\t\t\t<div class=\"elementor-background-overlay\"><\/div>\n\t\t\t\t\t\t\t<div class=\"elementor-container elementor-column-gap-no\">\n\t\t\t\t\t<div class=\"elementor-column elementor-col-100 elementor-top-column elementor-element elementor-element-442e4d73\" data-id=\"442e4d73\" data-element_type=\"column\" data-e-type=\"column\">\n\t\t\t<div class=\"elementor-widget-wrap elementor-element-populated\">\n\t\t\t\t\t\t<div class=\"elementor-element elementor-element-358e0177 elementor-widget elementor-widget-heading\" data-id=\"358e0177\" data-element_type=\"widget\" data-e-type=\"widget\" data-widget_type=\"heading.default\">\n\t\t\t\t<div class=\"elementor-widget-container\">\n\t\t\t\t\t<h4 class=\"elementor-heading-title elementor-size-default\">Animal Husbandry<\/h4>\t\t\t\t<\/div>\n\t\t\t\t<\/div>\n\t\t\t\t<div class=\"elementor-element elementor-element-1c20938 elementor-widget elementor-widget-heading\" data-id=\"1c20938\" data-element_type=\"widget\" data-e-type=\"widget\" data-widget_type=\"heading.default\">\n\t\t\t\t<div class=\"elementor-widget-container\">\n\t\t\t\t\t<h5 class=\"elementor-heading-title elementor-size-default\"> the main activity is to increase the use and supply. <\/br> of the laboratory animals used for scientific purposes. <\/h5>\t\t\t\t<\/div>\n\t\t\t\t<\/div>\n\t\t\t\t\t<\/div>\n\t\t<\/div>\n\t\t\t\t\t<\/div>\n\t\t<\/section>\n\t\t\t\t<section class=\"elementor-section elementor-top-section elementor-element elementor-element-ae10493 elementor-section-stretched elementor-section-boxed elementor-section-height-default elementor-section-height-default\" data-id=\"ae10493\" data-element_type=\"section\" data-e-type=\"section\" data-settings=\"{&quot;stretch_section&quot;:&quot;section-stretched&quot;}\">\n\t\t\t\t\t\t<div class=\"elementor-container elementor-column-gap-default\">\n\t\t\t\t\t<div class=\"elementor-column elementor-col-100 elementor-top-column elementor-element elementor-element-6f704b0\" data-id=\"6f704b0\" data-element_type=\"column\" data-e-type=\"column\">\n\t\t\t<div class=\"elementor-widget-wrap elementor-element-populated\">\n\t\t\t\t\t\t<div class=\"elementor-element elementor-element-f34cda6 elementor-widget elementor-widget-text-editor\" data-id=\"f34cda6\" data-element_type=\"widget\" data-e-type=\"widget\" data-widget_type=\"text-editor.default\">\n\t\t\t\t<div class=\"elementor-widget-container\">\n\t\t\t\t\t\t\t\t\t<p><span style=\"color: #000000;\">The Animal Husbandry Laboratory of Victor Babes is having as main activity the growth, use, and provision of laboratory animals used for scientific purposes (the Authorisation health-veterinary no. 21\/21.11.2024).<\/span><\/p><p><span style=\"color: #000000;\">All of the activities related to animals in the laboratory is carried out in accordance with the recognized principles of the Directive 2010\/63\/EU and domestic law.The Animal Husbadry Laboratory holds a special area that allows the activities of: the breeding, maintenance, quarantine area, the animals in the experiment, the area for the procedure.<\/span><\/p><p><span style=\"color: #000000;\">In the laboratory, Animal husbandry carries out the following activities:<\/span><\/p><ul><li><span style=\"color: #000000;\">The production of laboratory animals, rats, mice, and rats.<\/span><\/li><li><span style=\"color: #000000;\">The activity of the test <em>in vivo studies<\/em>. Test <em>in vivo studies<\/em> it refers to the use of animals for experimental procedures for research grants or contracts for difference trading.<\/span><\/li><\/ul><p><span style=\"color: #000000;\">In the present day, in the laboratory, Biobaz\u0103 are housed mice (C57BL\/6J strains, BALB\/c) and rats (Wistar), and genetically modified mice obtained from the Jackson Laboratory (Bar Harbor, ME, USA).<\/span><\/p><p><span style=\"color: #000000;\">The protocols for the <em>in vivo studies<\/em> can be provided at the request of the beneficiary, or may be agreed upon by the parties in the context of the laboratory.<\/span><\/p><p><span style=\"color: #000000;\">The unit is the equipment for the study of metabolic, haematology, behavioral tests in order to assess the effect of drugs on motor coordination or for the assessment of learning and memory in animal models of disorders of the central nervous system, is a complete system for the analysis of how to evaluate the number of steps, and the children (CatWalkTM XT), as well as a system for ultrasound in general and heart failure, with applications in cardiovascular diseases, inflammatory diseases, and cancer (for JUST 210 Ultrasound System).<\/span><\/p>\t\t\t\t\t\t\t\t<\/div>\n\t\t\t\t<\/div>\n\t\t\t\t\t<\/div>\n\t\t<\/div>\n\t\t\t\t\t<\/div>\n\t\t<\/section>\n\t\t\t\t<\/div>","protected":false},"excerpt":{"rendered":"<p>Laboratorul Biobaz\u0103 are ca activitate principal\u0103 cre\u015fterea, utilizarea \u015fi furnizare a animalelor de laborator utilizate \u00een scopuri \u015ftiin\u0163ifice. Laboratorul Biobaz\u0103 din cadrul INCD Victor Babe\u0219 are ca activitate principal\u0103 cre\u0219terea, utilizarea \u0219i furnizarea de animale de laborator utilizate \u00een scopuri \u0219tiin\u021bifice (Autoriza\u021bie sanitar-veternar\u0103 nr. 21\/21.11.2024). Toate activit\u0103\u021bile privind animalele de laborator se desf\u0103\u0219oar\u0103 \u00een conformitate&hellip; <\/p>","protected":false},"author":1,"featured_media":0,"parent":0,"menu_order":0,"comment_status":"closed","ping_status":"closed","template":"","meta":{"ngg_post_thumbnail":0,"footnotes":""},"class_list":["post-512","page","type-page","status-publish","hentry"],"yoast_head":"<!-- This site is optimized with the Yoast SEO plugin v27.2 - https:\/\/yoast.com\/product\/yoast-seo-wordpress\/ -->\n<title>Home Biobaza - National Institute of Pathology Victor Babe\u015f - Bucharest<\/title>\n<meta name=\"robots\" content=\"index, follow, max-snippet:-1, max-image-preview:large, max-video-preview:-1\" \/>\n<link rel=\"canonical\" href=\"https:\/\/www.ivb.ro\/en\/home-biobaza\/\" \/>\n<meta property=\"og:locale\" content=\"en_GB\" \/>\n<meta property=\"og:type\" content=\"article\" \/>\n<meta property=\"og:title\" content=\"Home Biobaza - National Institute of Pathology Victor Babe\u015f - Bucharest\" \/>\n<meta property=\"og:description\" content=\"Laboratorul Biobaz\u0103 are ca activitate principal\u0103 cre\u015fterea, utilizarea \u015fi furnizare a animalelor de laborator utilizate \u00een scopuri \u015ftiin\u0163ifice. Laboratorul Biobaz\u0103 din cadrul INCD Victor Babe\u0219 are ca activitate principal\u0103 cre\u0219terea, utilizarea \u0219i furnizarea de animale de laborator utilizate \u00een scopuri \u0219tiin\u021bifice (Autoriza\u021bie sanitar-veternar\u0103 nr. 21\/21.11.2024). Toate activit\u0103\u021bile privind animalele de laborator se desf\u0103\u0219oar\u0103 \u00een conformitate&hellip;\" \/>\n<meta property=\"og:url\" content=\"https:\/\/www.ivb.ro\/en\/home-biobaza\/\" \/>\n<meta property=\"og:site_name\" content=\"National Institute of Pathology Victor Babe\u015f - Bucharest\" \/>\n<meta property=\"article:publisher\" content=\"https:\/\/www.facebook.com\/incdvb.ro\" \/>\n<meta property=\"article:modified_time\" content=\"2025-01-28T10:54:19+00:00\" \/>\n<meta name=\"twitter:card\" content=\"summary_large_image\" \/>\n<meta name=\"twitter:label1\" content=\"Estimated reading time\" \/>\n\t<meta name=\"twitter:data1\" content=\"2 minutes\" \/>\n<script type=\"application\/ld+json\" class=\"yoast-schema-graph\">{\"@context\":\"https:\/\/schema.org\",\"@graph\":[{\"@type\":\"WebPage\",\"@id\":\"https:\/\/www.ivb.ro\/home-biobaza\",\"url\":\"https:\/\/www.ivb.ro\/home-biobaza\",\"name\":\"Home Biobaza - National Institute of Pathology Victor Babe\u015f - Bucharest\",\"isPartOf\":{\"@id\":\"https:\/\/www.ivb.ro\/#website\"},\"datePublished\":\"2020-08-10T07:37:55+00:00\",\"dateModified\":\"2025-01-28T10:54:19+00:00\",\"breadcrumb\":{\"@id\":\"https:\/\/www.ivb.ro\/home-biobaza#breadcrumb\"},\"inLanguage\":\"en-GB\",\"potentialAction\":[{\"@type\":\"ReadAction\",\"target\":[\"https:\/\/www.ivb.ro\/home-biobaza\"]}]},{\"@type\":\"BreadcrumbList\",\"@id\":\"https:\/\/www.ivb.ro\/home-biobaza#breadcrumb\",\"itemListElement\":[{\"@type\":\"ListItem\",\"position\":1,\"name\":\"Home\",\"item\":\"https:\/\/www.ivb.ro\/\"},{\"@type\":\"ListItem\",\"position\":2,\"name\":\"Home Biobaza\"}]},{\"@type\":\"WebSite\",\"@id\":\"https:\/\/www.ivb.ro\/#website\",\"url\":\"https:\/\/www.ivb.ro\/\",\"name\":\"National Institute of Pathology Victor Babe\u015f - Bucharest\",\"description\":\"National Institute of Pathology Victor Babe\u015f - Bucharest\",\"publisher\":{\"@id\":\"https:\/\/www.ivb.ro\/#organization\"},\"potentialAction\":[{\"@type\":\"SearchAction\",\"target\":{\"@type\":\"EntryPoint\",\"urlTemplate\":\"https:\/\/www.ivb.ro\/?s={search_term_string}\"},\"query-input\":{\"@type\":\"PropertyValueSpecification\",\"valueRequired\":true,\"valueName\":\"search_term_string\"}}],\"inLanguage\":\"en-GB\"},{\"@type\":\"Organization\",\"@id\":\"https:\/\/www.ivb.ro\/#organization\",\"name\":\"National Institute of Pathology Victor Babe\u015f - Bucharest\",\"url\":\"https:\/\/www.ivb.ro\/\",\"logo\":{\"@type\":\"ImageObject\",\"inLanguage\":\"en-GB\",\"@id\":\"https:\/\/www.ivb.ro\/#\/schema\/logo\/image\/\",\"url\":\"https:\/\/www.ivb.ro\/wp-content\/uploads\/2021\/04\/top-logo.png\",\"contentUrl\":\"https:\/\/www.ivb.ro\/wp-content\/uploads\/2021\/04\/top-logo.png\",\"width\":340,\"height\":190,\"caption\":\"National Institute of Pathology Victor Babe\u015f - Bucharest\"},\"image\":{\"@id\":\"https:\/\/www.ivb.ro\/#\/schema\/logo\/image\/\"},\"sameAs\":[\"https:\/\/www.facebook.com\/incdvb.ro\",\"https:\/\/www.instagram.com\/institutul.victorbabes\/\",\"https:\/\/ro.linkedin.com\/company\/victor-babes-national-institute-of-pathology\"]}]}<\/script>\n<!-- \/ Yoast SEO plugin. -->","yoast_head_json":{"title":"Home Biobaza - National Institute of Pathology Victor Babe\u015f - Bucharest","robots":{"index":"index","follow":"follow","max-snippet":"max-snippet:-1","max-image-preview":"max-image-preview:large","max-video-preview":"max-video-preview:-1"},"canonical":"https:\/\/www.ivb.ro\/en\/home-biobaza\/","og_locale":"en_GB","og_type":"article","og_title":"Home Biobaza - National Institute of Pathology Victor Babe\u015f - Bucharest","og_description":"Laboratorul Biobaz\u0103 are ca activitate principal\u0103 cre\u015fterea, utilizarea \u015fi furnizare a animalelor de laborator utilizate \u00een scopuri \u015ftiin\u0163ifice. Laboratorul Biobaz\u0103 din cadrul INCD Victor Babe\u0219 are ca activitate principal\u0103 cre\u0219terea, utilizarea \u0219i furnizarea de animale de laborator utilizate \u00een scopuri \u0219tiin\u021bifice (Autoriza\u021bie sanitar-veternar\u0103 nr. 21\/21.11.2024). Toate activit\u0103\u021bile privind animalele de laborator se desf\u0103\u0219oar\u0103 \u00een conformitate&hellip;","og_url":"https:\/\/www.ivb.ro\/en\/home-biobaza\/","og_site_name":"National Institute of Pathology Victor Babe\u015f - Bucharest","article_publisher":"https:\/\/www.facebook.com\/incdvb.ro","article_modified_time":"2025-01-28T10:54:19+00:00","twitter_card":"summary_large_image","twitter_misc":{"Estimated reading time":"2 minutes"},"schema":{"@context":"https:\/\/schema.org","@graph":[{"@type":"WebPage","@id":"https:\/\/www.ivb.ro\/home-biobaza","url":"https:\/\/www.ivb.ro\/home-biobaza","name":"Home Biobaza - National Institute of Pathology Victor Babe\u015f - Bucharest","isPartOf":{"@id":"https:\/\/www.ivb.ro\/#website"},"datePublished":"2020-08-10T07:37:55+00:00","dateModified":"2025-01-28T10:54:19+00:00","breadcrumb":{"@id":"https:\/\/www.ivb.ro\/home-biobaza#breadcrumb"},"inLanguage":"en-GB","potentialAction":[{"@type":"ReadAction","target":["https:\/\/www.ivb.ro\/home-biobaza"]}]},{"@type":"BreadcrumbList","@id":"https:\/\/www.ivb.ro\/home-biobaza#breadcrumb","itemListElement":[{"@type":"ListItem","position":1,"name":"Home","item":"https:\/\/www.ivb.ro\/"},{"@type":"ListItem","position":2,"name":"Home Biobaza"}]},{"@type":"WebSite","@id":"https:\/\/www.ivb.ro\/#website","url":"https:\/\/www.ivb.ro\/","name":"National Institute of Pathology Victor Babe\u015f - Bucharest","description":"National Institute of Pathology Victor Babe\u015f - Bucharest","publisher":{"@id":"https:\/\/www.ivb.ro\/#organization"},"potentialAction":[{"@type":"SearchAction","target":{"@type":"EntryPoint","urlTemplate":"https:\/\/www.ivb.ro\/?s={search_term_string}"},"query-input":{"@type":"PropertyValueSpecification","valueRequired":true,"valueName":"search_term_string"}}],"inLanguage":"en-GB"},{"@type":"Organization","@id":"https:\/\/www.ivb.ro\/#organization","name":"National Institute of Pathology Victor Babe\u015f - Bucharest","url":"https:\/\/www.ivb.ro\/","logo":{"@type":"ImageObject","inLanguage":"en-GB","@id":"https:\/\/www.ivb.ro\/#\/schema\/logo\/image\/","url":"https:\/\/www.ivb.ro\/wp-content\/uploads\/2021\/04\/top-logo.png","contentUrl":"https:\/\/www.ivb.ro\/wp-content\/uploads\/2021\/04\/top-logo.png","width":340,"height":190,"caption":"National Institute of Pathology Victor Babe\u015f - Bucharest"},"image":{"@id":"https:\/\/www.ivb.ro\/#\/schema\/logo\/image\/"},"sameAs":["https:\/\/www.facebook.com\/incdvb.ro","https:\/\/www.instagram.com\/institutul.victorbabes\/","https:\/\/ro.linkedin.com\/company\/victor-babes-national-institute-of-pathology"]}]}},"_links":{"self":[{"href":"https:\/\/www.ivb.ro\/en\/wp-json\/wp\/v2\/pages\/512","targetHints":{"allow":["GET"]}}],"collection":[{"href":"https:\/\/www.ivb.ro\/en\/wp-json\/wp\/v2\/pages"}],"about":[{"href":"https:\/\/www.ivb.ro\/en\/wp-json\/wp\/v2\/types\/page"}],"author":[{"embeddable":true,"href":"https:\/\/www.ivb.ro\/en\/wp-json\/wp\/v2\/users\/1"}],"replies":[{"embeddable":true,"href":"https:\/\/www.ivb.ro\/en\/wp-json\/wp\/v2\/comments?post=512"}],"version-history":[{"count":26,"href":"https:\/\/www.ivb.ro\/en\/wp-json\/wp\/v2\/pages\/512\/revisions"}],"predecessor-version":[{"id":11254,"href":"https:\/\/www.ivb.ro\/en\/wp-json\/wp\/v2\/pages\/512\/revisions\/11254"}],"wp:attachment":[{"href":"https:\/\/www.ivb.ro\/en\/wp-json\/wp\/v2\/media?parent=512"}],"curies":[{"name":"wp","href":"https:\/\/api.w.org\/{rel}","templated":true}]}}