{"id":517,"date":"2020-08-10T07:40:06","date_gmt":"2020-08-10T07:40:06","guid":{"rendered":"http:\/\/ivb.ro\/?page_id=517"},"modified":"2020-10-12T02:52:01","modified_gmt":"2020-10-12T02:52:01","slug":"despre-biobaza","status":"publish","type":"page","link":"https:\/\/www.ivb.ro\/en\/despre-biobaza","title":{"rendered":"About Animal Husbandry"},"content":{"rendered":"<div data-elementor-type=\"wp-page\" data-elementor-id=\"517\" class=\"elementor elementor-517\">\n\t\t\t\t\t\t<section class=\"elementor-section elementor-top-section elementor-element elementor-element-687a156d elementor-section-stretched elementor-section-boxed elementor-section-height-default elementor-section-height-default\" data-id=\"687a156d\" data-element_type=\"section\" data-e-type=\"section\" data-settings=\"{&quot;stretch_section&quot;:&quot;section-stretched&quot;}\">\n\t\t\t\t\t\t<div class=\"elementor-container elementor-column-gap-default\">\n\t\t\t\t\t<div class=\"elementor-column elementor-col-100 elementor-top-column elementor-element elementor-element-406228ec\" data-id=\"406228ec\" data-element_type=\"column\" data-e-type=\"column\">\n\t\t\t<div class=\"elementor-widget-wrap elementor-element-populated\">\n\t\t\t\t\t\t<div class=\"elementor-element elementor-element-963c3c8 elementor-widget elementor-widget-spacer\" data-id=\"963c3c8\" data-element_type=\"widget\" data-e-type=\"widget\" data-widget_type=\"spacer.default\">\n\t\t\t\t<div class=\"elementor-widget-container\">\n\t\t\t\t\t\t\t<div class=\"elementor-spacer\">\n\t\t\t<div class=\"elementor-spacer-inner\"><\/div>\n\t\t<\/div>\n\t\t\t\t\t\t<\/div>\n\t\t\t\t<\/div>\n\t\t\t\t<div class=\"elementor-element elementor-element-3d074937 elementor-widget elementor-widget-text-editor\" data-id=\"3d074937\" data-element_type=\"widget\" data-e-type=\"widget\" data-widget_type=\"text-editor.default\">\n\t\t\t\t<div class=\"elementor-widget-container\">\n\t\t\t\t\t\t\t\t\t\n<p>All of the activities related to animals in the laboratory is carried out in accordance with the recognized principles of the Directive 2010\/63\/EU and domestic law. The Animal Husbandry lab holds a special area that allows the activities of: the breeding, maintenance, quarantine area, the animals in the experiment, the area for the procedure. The animals are housed in cages with free access to food and water, under controlled environmental conditions (temperature, humidity, and light). The health of the animals is monitored on a daily basis by trained personnel and, from time to time by specific tests.<\/p>\n\n\n\n<p>In the laboratory, Animal husbandry carries out the following activities:<\/p>\n\n\n\n<ul class=\"wp-block-list\"><li>The production of laboratory animals, rats, mice, and rats.<\/li><li>The activity of the test <em>in vivo studies<\/em>. Test <em>in vivo studies<\/em> it refers to the use of animals for experimental procedures for research grants or contracts for difference trading.<\/li><\/ul>\n\n\n\n<p>In the present day, in the laboratory, Biobaz\u0103 are housed mice (C57BL\/6J strains, BALB\/c) and rats (Wistar, Sprague Dawley) and mice with genetically-engineered from the Jackson Laboratory (Bar Harbor, ME, USA): B6.129S1-Cd36tm1Mfe\/J, B6.129P2-Apoetm1Unc\/J Kmt2atm2 (MLLT3)Thr\/KsyJ, CAV1tm1Mls\/J, etc.<\/p>\n\n\n\n<p>The protocols for the <em>in vivo studies<\/em> can be provided at the request of the beneficiary, or may be agreed upon by the parties in the context of the laboratory.<\/p>\n\t\t\t\t\t\t\t\t<\/div>\n\t\t\t\t<\/div>\n\t\t\t\t\t<\/div>\n\t\t<\/div>\n\t\t\t\t\t<\/div>\n\t\t<\/section>\n\t\t\t\t<\/div>","protected":false},"excerpt":{"rendered":"<p>Toate activit\u0103\u021bile privind animalele de laborator se desf\u0103\u0219oar\u0103 \u00een conformitate cu principiile recunoscute ale Directivei 2010\/63\/UE \u0219i legisla\u021bia na\u021bional\u0103. Laboratorul Biobaz\u0103 de\u021bine zone speciale care permit activit\u0103\u021bi de: reproducere, men\u021binere, carantin\u0103, zon\u0103 pentru animale \u00een experiment, zone pentru proceduri. Animalele sunt gazduite \u00een cu\u0219ti cu acces nelimitat la hrana \u0219i ap\u0103, \u00een condi\u021bii controlate de&hellip; <\/p>","protected":false},"author":1,"featured_media":0,"parent":0,"menu_order":0,"comment_status":"closed","ping_status":"closed","template":"","meta":{"ngg_post_thumbnail":0,"footnotes":""},"class_list":["post-517","page","type-page","status-publish","hentry"],"yoast_head":"<!-- This site is optimized with the Yoast SEO plugin v27.2 - https:\/\/yoast.com\/product\/yoast-seo-wordpress\/ -->\n<title>Despre Biobaza - National Institute of Pathology Victor Babe\u015f - Bucharest<\/title>\n<meta name=\"robots\" content=\"index, follow, max-snippet:-1, max-image-preview:large, max-video-preview:-1\" \/>\n<link rel=\"canonical\" href=\"https:\/\/www.ivb.ro\/en\/despre-biobaza\" \/>\n<meta property=\"og:locale\" content=\"en_GB\" \/>\n<meta property=\"og:type\" content=\"article\" \/>\n<meta property=\"og:title\" content=\"Despre Biobaza - National Institute of Pathology Victor Babe\u015f - Bucharest\" \/>\n<meta property=\"og:description\" content=\"Toate activit\u0103\u021bile privind animalele de laborator se desf\u0103\u0219oar\u0103 \u00een conformitate cu principiile recunoscute ale Directivei 2010\/63\/UE \u0219i legisla\u021bia na\u021bional\u0103. Laboratorul Biobaz\u0103 de\u021bine zone speciale care permit activit\u0103\u021bi de: reproducere, men\u021binere, carantin\u0103, zon\u0103 pentru animale \u00een experiment, zone pentru proceduri. Animalele sunt gazduite \u00een cu\u0219ti cu acces nelimitat la hrana \u0219i ap\u0103, \u00een condi\u021bii controlate de&hellip;\" \/>\n<meta property=\"og:url\" content=\"https:\/\/www.ivb.ro\/en\/despre-biobaza\" \/>\n<meta property=\"og:site_name\" content=\"National Institute of Pathology Victor Babe\u015f - Bucharest\" \/>\n<meta property=\"article:publisher\" content=\"https:\/\/www.facebook.com\/incdvb.ro\" \/>\n<meta property=\"article:modified_time\" content=\"2020-10-12T02:52:01+00:00\" \/>\n<meta name=\"twitter:card\" content=\"summary_large_image\" \/>\n<meta name=\"twitter:label1\" content=\"Estimated reading time\" \/>\n\t<meta name=\"twitter:data1\" content=\"1 minute\" \/>\n<script type=\"application\/ld+json\" class=\"yoast-schema-graph\">{\"@context\":\"https:\/\/schema.org\",\"@graph\":[{\"@type\":\"WebPage\",\"@id\":\"https:\/\/www.ivb.ro\/en\/despre-biobaza\",\"url\":\"https:\/\/www.ivb.ro\/en\/despre-biobaza\",\"name\":\"Despre Biobaza - National Institute of Pathology Victor Babe\u015f - Bucharest\",\"isPartOf\":{\"@id\":\"https:\/\/www.ivb.ro\/#website\"},\"datePublished\":\"2020-08-10T07:40:06+00:00\",\"dateModified\":\"2020-10-12T02:52:01+00:00\",\"breadcrumb\":{\"@id\":\"https:\/\/www.ivb.ro\/en\/despre-biobaza#breadcrumb\"},\"inLanguage\":\"en-GB\",\"potentialAction\":[{\"@type\":\"ReadAction\",\"target\":[\"https:\/\/www.ivb.ro\/en\/despre-biobaza\"]}]},{\"@type\":\"BreadcrumbList\",\"@id\":\"https:\/\/www.ivb.ro\/en\/despre-biobaza#breadcrumb\",\"itemListElement\":[{\"@type\":\"ListItem\",\"position\":1,\"name\":\"Home\",\"item\":\"https:\/\/www.ivb.ro\/\"},{\"@type\":\"ListItem\",\"position\":2,\"name\":\"Despre Biobaza\"}]},{\"@type\":\"WebSite\",\"@id\":\"https:\/\/www.ivb.ro\/#website\",\"url\":\"https:\/\/www.ivb.ro\/\",\"name\":\"National Institute of Pathology Victor Babe\u015f - Bucharest\",\"description\":\"National Institute of Pathology Victor Babe\u015f - Bucharest\",\"publisher\":{\"@id\":\"https:\/\/www.ivb.ro\/#organization\"},\"potentialAction\":[{\"@type\":\"SearchAction\",\"target\":{\"@type\":\"EntryPoint\",\"urlTemplate\":\"https:\/\/www.ivb.ro\/?s={search_term_string}\"},\"query-input\":{\"@type\":\"PropertyValueSpecification\",\"valueRequired\":true,\"valueName\":\"search_term_string\"}}],\"inLanguage\":\"en-GB\"},{\"@type\":\"Organization\",\"@id\":\"https:\/\/www.ivb.ro\/#organization\",\"name\":\"National Institute of Pathology Victor Babe\u015f - Bucharest\",\"url\":\"https:\/\/www.ivb.ro\/\",\"logo\":{\"@type\":\"ImageObject\",\"inLanguage\":\"en-GB\",\"@id\":\"https:\/\/www.ivb.ro\/#\/schema\/logo\/image\/\",\"url\":\"https:\/\/www.ivb.ro\/wp-content\/uploads\/2021\/04\/top-logo.png\",\"contentUrl\":\"https:\/\/www.ivb.ro\/wp-content\/uploads\/2021\/04\/top-logo.png\",\"width\":340,\"height\":190,\"caption\":\"National Institute of Pathology Victor Babe\u015f - Bucharest\"},\"image\":{\"@id\":\"https:\/\/www.ivb.ro\/#\/schema\/logo\/image\/\"},\"sameAs\":[\"https:\/\/www.facebook.com\/incdvb.ro\",\"https:\/\/www.instagram.com\/institutul.victorbabes\/\",\"https:\/\/ro.linkedin.com\/company\/victor-babes-national-institute-of-pathology\"]}]}<\/script>\n<!-- \/ Yoast SEO plugin. -->","yoast_head_json":{"title":"Despre Biobaza - National Institute of Pathology Victor Babe\u015f - Bucharest","robots":{"index":"index","follow":"follow","max-snippet":"max-snippet:-1","max-image-preview":"max-image-preview:large","max-video-preview":"max-video-preview:-1"},"canonical":"https:\/\/www.ivb.ro\/en\/despre-biobaza","og_locale":"en_GB","og_type":"article","og_title":"Despre Biobaza - National Institute of Pathology Victor Babe\u015f - Bucharest","og_description":"Toate activit\u0103\u021bile privind animalele de laborator se desf\u0103\u0219oar\u0103 \u00een conformitate cu principiile recunoscute ale Directivei 2010\/63\/UE \u0219i legisla\u021bia na\u021bional\u0103. Laboratorul Biobaz\u0103 de\u021bine zone speciale care permit activit\u0103\u021bi de: reproducere, men\u021binere, carantin\u0103, zon\u0103 pentru animale \u00een experiment, zone pentru proceduri. Animalele sunt gazduite \u00een cu\u0219ti cu acces nelimitat la hrana \u0219i ap\u0103, \u00een condi\u021bii controlate de&hellip;","og_url":"https:\/\/www.ivb.ro\/en\/despre-biobaza","og_site_name":"National Institute of Pathology Victor Babe\u015f - Bucharest","article_publisher":"https:\/\/www.facebook.com\/incdvb.ro","article_modified_time":"2020-10-12T02:52:01+00:00","twitter_card":"summary_large_image","twitter_misc":{"Estimated reading time":"1 minute"},"schema":{"@context":"https:\/\/schema.org","@graph":[{"@type":"WebPage","@id":"https:\/\/www.ivb.ro\/en\/despre-biobaza","url":"https:\/\/www.ivb.ro\/en\/despre-biobaza","name":"Despre Biobaza - National Institute of Pathology Victor Babe\u015f - Bucharest","isPartOf":{"@id":"https:\/\/www.ivb.ro\/#website"},"datePublished":"2020-08-10T07:40:06+00:00","dateModified":"2020-10-12T02:52:01+00:00","breadcrumb":{"@id":"https:\/\/www.ivb.ro\/en\/despre-biobaza#breadcrumb"},"inLanguage":"en-GB","potentialAction":[{"@type":"ReadAction","target":["https:\/\/www.ivb.ro\/en\/despre-biobaza"]}]},{"@type":"BreadcrumbList","@id":"https:\/\/www.ivb.ro\/en\/despre-biobaza#breadcrumb","itemListElement":[{"@type":"ListItem","position":1,"name":"Home","item":"https:\/\/www.ivb.ro\/"},{"@type":"ListItem","position":2,"name":"Despre Biobaza"}]},{"@type":"WebSite","@id":"https:\/\/www.ivb.ro\/#website","url":"https:\/\/www.ivb.ro\/","name":"National Institute of Pathology Victor Babe\u015f - Bucharest","description":"National Institute of Pathology Victor Babe\u015f - Bucharest","publisher":{"@id":"https:\/\/www.ivb.ro\/#organization"},"potentialAction":[{"@type":"SearchAction","target":{"@type":"EntryPoint","urlTemplate":"https:\/\/www.ivb.ro\/?s={search_term_string}"},"query-input":{"@type":"PropertyValueSpecification","valueRequired":true,"valueName":"search_term_string"}}],"inLanguage":"en-GB"},{"@type":"Organization","@id":"https:\/\/www.ivb.ro\/#organization","name":"National Institute of Pathology Victor Babe\u015f - Bucharest","url":"https:\/\/www.ivb.ro\/","logo":{"@type":"ImageObject","inLanguage":"en-GB","@id":"https:\/\/www.ivb.ro\/#\/schema\/logo\/image\/","url":"https:\/\/www.ivb.ro\/wp-content\/uploads\/2021\/04\/top-logo.png","contentUrl":"https:\/\/www.ivb.ro\/wp-content\/uploads\/2021\/04\/top-logo.png","width":340,"height":190,"caption":"National Institute of Pathology Victor Babe\u015f - Bucharest"},"image":{"@id":"https:\/\/www.ivb.ro\/#\/schema\/logo\/image\/"},"sameAs":["https:\/\/www.facebook.com\/incdvb.ro","https:\/\/www.instagram.com\/institutul.victorbabes\/","https:\/\/ro.linkedin.com\/company\/victor-babes-national-institute-of-pathology"]}]}},"_links":{"self":[{"href":"https:\/\/www.ivb.ro\/en\/wp-json\/wp\/v2\/pages\/517","targetHints":{"allow":["GET"]}}],"collection":[{"href":"https:\/\/www.ivb.ro\/en\/wp-json\/wp\/v2\/pages"}],"about":[{"href":"https:\/\/www.ivb.ro\/en\/wp-json\/wp\/v2\/types\/page"}],"author":[{"embeddable":true,"href":"https:\/\/www.ivb.ro\/en\/wp-json\/wp\/v2\/users\/1"}],"replies":[{"embeddable":true,"href":"https:\/\/www.ivb.ro\/en\/wp-json\/wp\/v2\/comments?post=517"}],"version-history":[{"count":2,"href":"https:\/\/www.ivb.ro\/en\/wp-json\/wp\/v2\/pages\/517\/revisions"}],"predecessor-version":[{"id":697,"href":"https:\/\/www.ivb.ro\/en\/wp-json\/wp\/v2\/pages\/517\/revisions\/697"}],"wp:attachment":[{"href":"https:\/\/www.ivb.ro\/en\/wp-json\/wp\/v2\/media?parent=517"}],"curies":[{"name":"wp","href":"https:\/\/api.w.org\/{rel}","templated":true}]}}