{"id":525,"date":"2020-08-10T07:46:01","date_gmt":"2020-08-10T07:46:01","guid":{"rendered":"http:\/\/ivb.ro\/?page_id=525"},"modified":"2021-04-09T11:25:57","modified_gmt":"2021-04-09T11:25:57","slug":"proiecte-in-derulare-biobaza","status":"publish","type":"page","link":"https:\/\/www.ivb.ro\/en\/proiecte-in-derulare-biobaza","title":{"rendered":"Proiecte in derulare Biobaza"},"content":{"rendered":"<div data-elementor-type=\"wp-page\" data-elementor-id=\"525\" class=\"elementor elementor-525\">\n\t\t\t\t\t\t<section class=\"elementor-section elementor-top-section elementor-element elementor-element-390c8f65 elementor-section-content-middle elementor-section-stretched elementor-section-boxed elementor-section-height-default elementor-section-height-default\" data-id=\"390c8f65\" data-element_type=\"section\" data-e-type=\"section\" data-settings=\"{&quot;stretch_section&quot;:&quot;section-stretched&quot;}\">\n\t\t\t\t\t\t\t<div class=\"elementor-background-overlay\"><\/div>\n\t\t\t\t\t\t\t<div class=\"elementor-container elementor-column-gap-no\">\n\t\t\t\t\t<div class=\"elementor-column elementor-col-100 elementor-top-column elementor-element elementor-element-61cbe2b2\" data-id=\"61cbe2b2\" data-element_type=\"column\" data-e-type=\"column\">\n\t\t\t<div class=\"elementor-widget-wrap elementor-element-populated\">\n\t\t\t\t\t\t<div class=\"elementor-element elementor-element-1617053d elementor-view-framed elementor-shape-circle elementor-position-block-start elementor-mobile-position-block-start elementor-widget elementor-widget-icon-box\" data-id=\"1617053d\" data-element_type=\"widget\" data-e-type=\"widget\" data-widget_type=\"icon-box.default\">\n\t\t\t\t<div class=\"elementor-widget-container\">\n\t\t\t\t\t\t\t<div class=\"elementor-icon-box-wrapper\">\n\n\t\t\t\t\t\t<div class=\"elementor-icon-box-icon\">\n\t\t\t\t<span  class=\"elementor-icon\">\n\t\t\t\t<svg aria-hidden=\"true\" class=\"e-font-icon-svg e-fas-star\" viewbox=\"0 0 576 512\" xmlns=\"http:\/\/www.w3.org\/2000\/svg\"><path d=\"M259.3 17.8L194 150.2 47.9 171.5c-26.2 3.8-36.7 36.1-17.7 54.6l105.7 103-25 145.5c-4.5 26.3 23.2 46 46.4 33.7L288 439.6l130.7 68.7c23.2 12.2 50.9-7.4 46.4-33.7l-25-145.5 105.7-103c19-18.5 8.5-50.8-17.7-54.6L382 150.2 316.7 17.8c-11.7-23.6-45.6-23.9-57.4 0z\"><\/path><\/svg>\t\t\t\t<\/span>\n\t\t\t<\/div>\n\t\t\t\n\t\t\t\t\t\t<div class=\"elementor-icon-box-content\">\n\n\t\t\t\t\t\t\t\t\t<h4 class=\"elementor-icon-box-title\">\n\t\t\t\t\t\t<span  >\n\t\t\t\t\t\t\tPN 19.29.02.03\t\t\t\t\t\t<\/span>\n\t\t\t\t\t<\/h4>\n\t\t\t\t\n\t\t\t\t\t\t\t\t\t<p class=\"elementor-icon-box-description\">\n\t\t\t\t\t\tThe molecular signature of response to anti-tumor in experimental models of metastasis\t\t\t\t\t<\/p>\n\t\t\t\t\n\t\t\t<\/div>\n\t\t\t\n\t\t<\/div>\n\t\t\t\t\t\t<\/div>\n\t\t\t\t<\/div>\n\t\t\t\t<div class=\"elementor-element elementor-element-7ee36a58 elementor-widget elementor-widget-text-editor\" data-id=\"7ee36a58\" data-element_type=\"widget\" data-e-type=\"widget\" data-widget_type=\"text-editor.default\">\n\t\t\t\t<div class=\"elementor-widget-container\">\n\t\t\t\t\t\t\t\t\t<p><span style=\"color: #000000;\">\u00cen cadrul temei propuse vom evalua <em>in-vitro<\/em> and <em>in vivo studies<\/em> influen\u021ba direct\u0103 a celulelor tumorale CD36<sup>+<\/sup> aspura func\u021biei citotoxice a celulelor NK. De asemenea, \u021bin\u00e2nd cont de predilec\u021bia diferitelor tipuri de cancere pentru un anumit situs de metastazare, vom investiga, \u00een model experimental de metastaz\u0103, dac\u0103 celulele tumorale CD36<sup>+ <\/sup>prezint\u0103 o predispozitie pentru a coloniz\u0103 un anumit organ \u0219i dac\u0103 da, atunci care sunt factorii care determin\u0103 acest comportament. Pentru aceasta vom utiliza o serie de tulpini de \u0219oareci s\u0103lbatici \u0219i modifica\u021bi genetic, \u00een condi\u021bii standard de dieta sau cu diet\u0103 modificat\u0103. \u00cen final, vom testa \u00een model murin de metastaz\u0103 cu celule tumorale umane dac\u0103 datele ob\u021binute \u00een model murin pot fi extrapolate la om.<\/span><\/p>\n<p><span style=\"color: #000000;\"><strong>Scopul proiectului<\/strong>: studiul preclinic al profilului molecular al celulelor NK pentru monitorizarea r\u0103spunsului antimetastatic \u00een tumorile solide \u0219i identificarea unor posibili markeri pentru terapia \u021bintit\u0103 antitumoral\u0103.<\/span><\/p>\n<p>\u00a0<\/p>\n<p><span style=\"color: #000000;\"><strong>Obiectivele principale ale proiectului<\/strong>:<\/span><\/p>\n<ul>\n<li><span style=\"color: #000000;\">identificarea unor posibili markeri moleculari pe celule NK pentru monitorizarea r\u0103spunsului antimetastatic;<\/span><\/li>\n<li><span style=\"color: #000000;\">identificarea unor factori care pot influen\u021ba metastazarea organ-specific\u0103;<\/span><\/li>\n<li><span style=\"color: #000000;\">noi eviden\u021be privind rolul de biomarker al CD36 \u00een procesul de metastazare.<\/span><\/li>\n<\/ul>\t\t\t\t\t\t\t\t<\/div>\n\t\t\t\t<\/div>\n\t\t\t\t\t<\/div>\n\t\t<\/div>\n\t\t\t\t\t<\/div>\n\t\t<\/section>\n\t\t\t\t<\/div>","protected":false},"excerpt":{"rendered":"<p>PN 19.29.02.03 Semn\u0103tura molecular\u0103 a r\u0103spunsului anti-tumoral \u00een modele experimentale de metastaz\u0103 \u00cen cadrul temei propuse vom evalua in vitro \u0219i in vivo influen\u021ba direct\u0103 a celulelor tumorale CD36+ aspura func\u021biei citotoxice a celulelor NK. De asemenea, \u021bin\u00e2nd cont de predilec\u021bia diferitelor tipuri de cancere pentru un anumit situs de metastazare, vom investiga, \u00een model&hellip; <\/p>","protected":false},"author":1,"featured_media":0,"parent":0,"menu_order":0,"comment_status":"closed","ping_status":"closed","template":"","meta":{"ngg_post_thumbnail":0,"footnotes":""},"class_list":["post-525","page","type-page","status-publish","hentry"],"yoast_head":"<!-- This site is optimized with the Yoast SEO plugin v27.2 - https:\/\/yoast.com\/product\/yoast-seo-wordpress\/ -->\n<title>Proiecte in derulare Biobaza - National Institute of Pathology Victor Babe\u015f - Bucharest<\/title>\n<meta name=\"robots\" content=\"index, follow, max-snippet:-1, max-image-preview:large, max-video-preview:-1\" \/>\n<link rel=\"canonical\" href=\"https:\/\/www.ivb.ro\/en\/proiecte-in-derulare-biobaza\/\" \/>\n<meta property=\"og:locale\" content=\"en_GB\" \/>\n<meta property=\"og:type\" content=\"article\" \/>\n<meta property=\"og:title\" content=\"Proiecte in derulare Biobaza - National Institute of Pathology Victor Babe\u015f - Bucharest\" \/>\n<meta property=\"og:description\" content=\"PN 19.29.02.03 Semn\u0103tura molecular\u0103 a r\u0103spunsului anti-tumoral \u00een modele experimentale de metastaz\u0103 \u00cen cadrul temei propuse vom evalua in vitro \u0219i in vivo influen\u021ba direct\u0103 a celulelor tumorale CD36+ aspura func\u021biei citotoxice a celulelor NK. De asemenea, \u021bin\u00e2nd cont de predilec\u021bia diferitelor tipuri de cancere pentru un anumit situs de metastazare, vom investiga, \u00een model&hellip;\" \/>\n<meta property=\"og:url\" content=\"https:\/\/www.ivb.ro\/en\/proiecte-in-derulare-biobaza\/\" \/>\n<meta property=\"og:site_name\" content=\"National Institute of Pathology Victor Babe\u015f - Bucharest\" \/>\n<meta property=\"article:publisher\" content=\"https:\/\/www.facebook.com\/incdvb.ro\" \/>\n<meta property=\"article:modified_time\" content=\"2021-04-09T11:25:57+00:00\" \/>\n<meta name=\"twitter:card\" content=\"summary_large_image\" \/>\n<meta name=\"twitter:label1\" content=\"Estimated reading time\" \/>\n\t<meta name=\"twitter:data1\" content=\"1 minute\" \/>\n<script type=\"application\/ld+json\" class=\"yoast-schema-graph\">{\"@context\":\"https:\/\/schema.org\",\"@graph\":[{\"@type\":\"WebPage\",\"@id\":\"https:\/\/www.ivb.ro\/proiecte-in-derulare-biobaza\",\"url\":\"https:\/\/www.ivb.ro\/proiecte-in-derulare-biobaza\",\"name\":\"Proiecte in derulare Biobaza - National Institute of Pathology Victor Babe\u015f - Bucharest\",\"isPartOf\":{\"@id\":\"https:\/\/www.ivb.ro\/#website\"},\"datePublished\":\"2020-08-10T07:46:01+00:00\",\"dateModified\":\"2021-04-09T11:25:57+00:00\",\"breadcrumb\":{\"@id\":\"https:\/\/www.ivb.ro\/proiecte-in-derulare-biobaza#breadcrumb\"},\"inLanguage\":\"en-GB\",\"potentialAction\":[{\"@type\":\"ReadAction\",\"target\":[\"https:\/\/www.ivb.ro\/proiecte-in-derulare-biobaza\"]}]},{\"@type\":\"BreadcrumbList\",\"@id\":\"https:\/\/www.ivb.ro\/proiecte-in-derulare-biobaza#breadcrumb\",\"itemListElement\":[{\"@type\":\"ListItem\",\"position\":1,\"name\":\"Home\",\"item\":\"https:\/\/www.ivb.ro\/\"},{\"@type\":\"ListItem\",\"position\":2,\"name\":\"Proiecte in derulare Biobaza\"}]},{\"@type\":\"WebSite\",\"@id\":\"https:\/\/www.ivb.ro\/#website\",\"url\":\"https:\/\/www.ivb.ro\/\",\"name\":\"National Institute of Pathology Victor Babe\u015f - Bucharest\",\"description\":\"National Institute of Pathology Victor Babe\u015f - Bucharest\",\"publisher\":{\"@id\":\"https:\/\/www.ivb.ro\/#organization\"},\"potentialAction\":[{\"@type\":\"SearchAction\",\"target\":{\"@type\":\"EntryPoint\",\"urlTemplate\":\"https:\/\/www.ivb.ro\/?s={search_term_string}\"},\"query-input\":{\"@type\":\"PropertyValueSpecification\",\"valueRequired\":true,\"valueName\":\"search_term_string\"}}],\"inLanguage\":\"en-GB\"},{\"@type\":\"Organization\",\"@id\":\"https:\/\/www.ivb.ro\/#organization\",\"name\":\"National Institute of Pathology Victor Babe\u015f - Bucharest\",\"url\":\"https:\/\/www.ivb.ro\/\",\"logo\":{\"@type\":\"ImageObject\",\"inLanguage\":\"en-GB\",\"@id\":\"https:\/\/www.ivb.ro\/#\/schema\/logo\/image\/\",\"url\":\"https:\/\/www.ivb.ro\/wp-content\/uploads\/2021\/04\/top-logo.png\",\"contentUrl\":\"https:\/\/www.ivb.ro\/wp-content\/uploads\/2021\/04\/top-logo.png\",\"width\":340,\"height\":190,\"caption\":\"National Institute of Pathology Victor Babe\u015f - Bucharest\"},\"image\":{\"@id\":\"https:\/\/www.ivb.ro\/#\/schema\/logo\/image\/\"},\"sameAs\":[\"https:\/\/www.facebook.com\/incdvb.ro\",\"https:\/\/www.instagram.com\/institutul.victorbabes\/\",\"https:\/\/ro.linkedin.com\/company\/victor-babes-national-institute-of-pathology\"]}]}<\/script>\n<!-- \/ Yoast SEO plugin. -->","yoast_head_json":{"title":"Proiecte in derulare Biobaza - National Institute of Pathology Victor Babe\u015f - Bucharest","robots":{"index":"index","follow":"follow","max-snippet":"max-snippet:-1","max-image-preview":"max-image-preview:large","max-video-preview":"max-video-preview:-1"},"canonical":"https:\/\/www.ivb.ro\/en\/proiecte-in-derulare-biobaza\/","og_locale":"en_GB","og_type":"article","og_title":"Proiecte in derulare Biobaza - National Institute of Pathology Victor Babe\u015f - Bucharest","og_description":"PN 19.29.02.03 Semn\u0103tura molecular\u0103 a r\u0103spunsului anti-tumoral \u00een modele experimentale de metastaz\u0103 \u00cen cadrul temei propuse vom evalua in vitro \u0219i in vivo influen\u021ba direct\u0103 a celulelor tumorale CD36+ aspura func\u021biei citotoxice a celulelor NK. De asemenea, \u021bin\u00e2nd cont de predilec\u021bia diferitelor tipuri de cancere pentru un anumit situs de metastazare, vom investiga, \u00een model&hellip;","og_url":"https:\/\/www.ivb.ro\/en\/proiecte-in-derulare-biobaza\/","og_site_name":"National Institute of Pathology Victor Babe\u015f - Bucharest","article_publisher":"https:\/\/www.facebook.com\/incdvb.ro","article_modified_time":"2021-04-09T11:25:57+00:00","twitter_card":"summary_large_image","twitter_misc":{"Estimated reading time":"1 minute"},"schema":{"@context":"https:\/\/schema.org","@graph":[{"@type":"WebPage","@id":"https:\/\/www.ivb.ro\/proiecte-in-derulare-biobaza","url":"https:\/\/www.ivb.ro\/proiecte-in-derulare-biobaza","name":"Proiecte in derulare Biobaza - National Institute of Pathology Victor Babe\u015f - Bucharest","isPartOf":{"@id":"https:\/\/www.ivb.ro\/#website"},"datePublished":"2020-08-10T07:46:01+00:00","dateModified":"2021-04-09T11:25:57+00:00","breadcrumb":{"@id":"https:\/\/www.ivb.ro\/proiecte-in-derulare-biobaza#breadcrumb"},"inLanguage":"en-GB","potentialAction":[{"@type":"ReadAction","target":["https:\/\/www.ivb.ro\/proiecte-in-derulare-biobaza"]}]},{"@type":"BreadcrumbList","@id":"https:\/\/www.ivb.ro\/proiecte-in-derulare-biobaza#breadcrumb","itemListElement":[{"@type":"ListItem","position":1,"name":"Home","item":"https:\/\/www.ivb.ro\/"},{"@type":"ListItem","position":2,"name":"Proiecte in derulare Biobaza"}]},{"@type":"WebSite","@id":"https:\/\/www.ivb.ro\/#website","url":"https:\/\/www.ivb.ro\/","name":"National Institute of Pathology Victor Babe\u015f - Bucharest","description":"National Institute of Pathology Victor Babe\u015f - Bucharest","publisher":{"@id":"https:\/\/www.ivb.ro\/#organization"},"potentialAction":[{"@type":"SearchAction","target":{"@type":"EntryPoint","urlTemplate":"https:\/\/www.ivb.ro\/?s={search_term_string}"},"query-input":{"@type":"PropertyValueSpecification","valueRequired":true,"valueName":"search_term_string"}}],"inLanguage":"en-GB"},{"@type":"Organization","@id":"https:\/\/www.ivb.ro\/#organization","name":"National Institute of Pathology Victor Babe\u015f - Bucharest","url":"https:\/\/www.ivb.ro\/","logo":{"@type":"ImageObject","inLanguage":"en-GB","@id":"https:\/\/www.ivb.ro\/#\/schema\/logo\/image\/","url":"https:\/\/www.ivb.ro\/wp-content\/uploads\/2021\/04\/top-logo.png","contentUrl":"https:\/\/www.ivb.ro\/wp-content\/uploads\/2021\/04\/top-logo.png","width":340,"height":190,"caption":"National Institute of Pathology Victor Babe\u015f - Bucharest"},"image":{"@id":"https:\/\/www.ivb.ro\/#\/schema\/logo\/image\/"},"sameAs":["https:\/\/www.facebook.com\/incdvb.ro","https:\/\/www.instagram.com\/institutul.victorbabes\/","https:\/\/ro.linkedin.com\/company\/victor-babes-national-institute-of-pathology"]}]}},"_links":{"self":[{"href":"https:\/\/www.ivb.ro\/en\/wp-json\/wp\/v2\/pages\/525","targetHints":{"allow":["GET"]}}],"collection":[{"href":"https:\/\/www.ivb.ro\/en\/wp-json\/wp\/v2\/pages"}],"about":[{"href":"https:\/\/www.ivb.ro\/en\/wp-json\/wp\/v2\/types\/page"}],"author":[{"embeddable":true,"href":"https:\/\/www.ivb.ro\/en\/wp-json\/wp\/v2\/users\/1"}],"replies":[{"embeddable":true,"href":"https:\/\/www.ivb.ro\/en\/wp-json\/wp\/v2\/comments?post=525"}],"version-history":[{"count":4,"href":"https:\/\/www.ivb.ro\/en\/wp-json\/wp\/v2\/pages\/525\/revisions"}],"predecessor-version":[{"id":1389,"href":"https:\/\/www.ivb.ro\/en\/wp-json\/wp\/v2\/pages\/525\/revisions\/1389"}],"wp:attachment":[{"href":"https:\/\/www.ivb.ro\/en\/wp-json\/wp\/v2\/media?parent=525"}],"curies":[{"name":"wp","href":"https:\/\/api.w.org\/{rel}","templated":true}]}}