{"id":527,"date":"2020-08-10T07:47:42","date_gmt":"2020-08-10T07:47:42","guid":{"rendered":"http:\/\/ivb.ro\/?page_id=527"},"modified":"2025-01-28T13:51:26","modified_gmt":"2025-01-28T13:51:26","slug":"proiecte-finalizate-biobaza","status":"publish","type":"page","link":"https:\/\/www.ivb.ro\/en\/proiecte-finalizate-biobaza","title":{"rendered":"Completed projects Biobase"},"content":{"rendered":"<div data-elementor-type=\"wp-page\" data-elementor-id=\"527\" class=\"elementor elementor-527\">\n\t\t\t\t<div class=\"elementor-element elementor-element-62bced2d e-flex e-con-boxed e-con e-parent\" data-id=\"62bced2d\" data-element_type=\"container\" data-e-type=\"container\">\n\t\t\t\t\t<div class=\"e-con-inner\">\n\t\t\t\t<div class=\"elementor-element elementor-element-19049ae6 elementor-widget elementor-widget-text-editor\" data-id=\"19049ae6\" data-element_type=\"widget\" data-e-type=\"widget\" data-widget_type=\"text-editor.default\">\n\t\t\t\t<div class=\"elementor-widget-container\">\n\t\t\t\t\t\t\t\t\t\n<h4 class=\"elementor-icon-box-title wp-dark-mode-bg-image\"><a class=\"wp-dark-mode-bg-image\" href=\"https:\/\/marichiritoiu4.wixsite.com\/ped337\">337PED - PN-III-P2-2.1-PED-2019-3297<\/a><\/h4>\n<p class=\"elementor-icon-box-description wp-dark-mode-bg-image\">Platform is fully automated screening for small molecules with potential anti-inflammatory agent<\/p>\n<h4 class=\"elementor-icon-box-title wp-dark-mode-bg-image\"><a href=\"https:\/\/www.ivb.ro\/en\/proiecte-in-derulare-biobaza\/\"><span class=\"wp-dark-mode-bg-image\">PN 19.29.02.03<\/span><\/a><\/h4>\n<p class=\"elementor-icon-box-description wp-dark-mode-bg-image\">The molecular signature of response to anti-tumor in experimental models of metastasis<\/p>\n<p>\u00a0<\/p>\n<p>\u00a0<\/p>\n<p>PN 18.21.02.01 the Profile of the molecular NK cells for the monitoring of therapy in cancer<\/p>\n\n<p>PN 16.22.04.02 Nanosystems for the application at the request of the Candidate for adjunctive therapy in the treatment of cancer<\/p>\n\n<p>PN 16.22.04.04 Immunotherapy focused on cancer, based on the profile of the molecular tumor<\/p>\n\n<p>PN-II-RU-TE-2014-4-1811 Telocitele and stem cells therapy, promising to congestive heart failure<\/p>\n\n<p>PN 09.33-04.17 Creating and suporting of a series of laboratory animals with the genetic makeup to be able to be used as the basis of the experimental<\/p>\n\t\t\t\t\t\t\t\t<\/div>\n\t\t\t\t<\/div>\n\t\t\t\t\t<\/div>\n\t\t\t\t<\/div>\n\t\t\t\t<\/div>","protected":false},"excerpt":{"rendered":"<p>337PED- PN-III-P2-2.1-PED-2019-3297 Platforma automatizata de screening pentru molecule mici cu potential anti-inflamator PN 19.29.02.03 Semn\u0103tura molecular\u0103 a r\u0103spunsului anti-tumoral \u00een modele experimentale de metastaz\u0103 \u00a0 \u00a0 PN 18.21.02.01 Profilul molecular al celulelor NK pentru monitorizarea terapiei \u020bn cancer PN 16.22.04.02 Nanosisteme pentru aplica\u0163ii medicale &#8211; Candida\u0163i pentru terapia adjuvant\u0103 \u00een cancer PN 16.22.04.04 Imunoterapie \u0163intit\u0103&hellip; <\/p>","protected":false},"author":1,"featured_media":0,"parent":0,"menu_order":0,"comment_status":"closed","ping_status":"closed","template":"","meta":{"ngg_post_thumbnail":0,"footnotes":""},"class_list":["post-527","page","type-page","status-publish","hentry"],"yoast_head":"<!-- This site is optimized with the Yoast SEO plugin v27.2 - https:\/\/yoast.com\/product\/yoast-seo-wordpress\/ -->\n<title>Proiecte finalizate Biobaza - National Institute of Pathology Victor Babe\u015f - Bucharest<\/title>\n<meta name=\"robots\" content=\"index, follow, max-snippet:-1, max-image-preview:large, max-video-preview:-1\" \/>\n<link rel=\"canonical\" href=\"https:\/\/www.ivb.ro\/en\/proiecte-finalizate-biobaza\/\" \/>\n<meta property=\"og:locale\" content=\"en_GB\" \/>\n<meta property=\"og:type\" content=\"article\" \/>\n<meta property=\"og:title\" content=\"Proiecte finalizate Biobaza - National Institute of Pathology Victor Babe\u015f - Bucharest\" \/>\n<meta property=\"og:description\" content=\"337PED- PN-III-P2-2.1-PED-2019-3297 Platforma automatizata de screening pentru molecule mici cu potential anti-inflamator PN 19.29.02.03 Semn\u0103tura molecular\u0103 a r\u0103spunsului anti-tumoral \u00een modele experimentale de metastaz\u0103 \u00a0 \u00a0 PN 18.21.02.01 Profilul molecular al celulelor NK pentru monitorizarea terapiei \u020bn cancer PN 16.22.04.02 Nanosisteme pentru aplica\u0163ii medicale &#8211; Candida\u0163i pentru terapia adjuvant\u0103 \u00een cancer PN 16.22.04.04 Imunoterapie \u0163intit\u0103&hellip;\" \/>\n<meta property=\"og:url\" content=\"https:\/\/www.ivb.ro\/en\/proiecte-finalizate-biobaza\/\" \/>\n<meta property=\"og:site_name\" content=\"National Institute of Pathology Victor Babe\u015f - Bucharest\" \/>\n<meta property=\"article:publisher\" content=\"https:\/\/www.facebook.com\/incdvb.ro\" \/>\n<meta property=\"article:modified_time\" content=\"2025-01-28T13:51:26+00:00\" \/>\n<meta name=\"twitter:card\" content=\"summary_large_image\" \/>\n<meta name=\"twitter:label1\" content=\"Estimated reading time\" \/>\n\t<meta name=\"twitter:data1\" content=\"1 minute\" \/>\n<script type=\"application\/ld+json\" class=\"yoast-schema-graph\">{\"@context\":\"https:\/\/schema.org\",\"@graph\":[{\"@type\":\"WebPage\",\"@id\":\"https:\/\/www.ivb.ro\/proiecte-finalizate-biobaza\",\"url\":\"https:\/\/www.ivb.ro\/proiecte-finalizate-biobaza\",\"name\":\"Proiecte finalizate Biobaza - National Institute of Pathology Victor Babe\u015f - Bucharest\",\"isPartOf\":{\"@id\":\"https:\/\/www.ivb.ro\/#website\"},\"datePublished\":\"2020-08-10T07:47:42+00:00\",\"dateModified\":\"2025-01-28T13:51:26+00:00\",\"breadcrumb\":{\"@id\":\"https:\/\/www.ivb.ro\/proiecte-finalizate-biobaza#breadcrumb\"},\"inLanguage\":\"en-GB\",\"potentialAction\":[{\"@type\":\"ReadAction\",\"target\":[\"https:\/\/www.ivb.ro\/proiecte-finalizate-biobaza\"]}]},{\"@type\":\"BreadcrumbList\",\"@id\":\"https:\/\/www.ivb.ro\/proiecte-finalizate-biobaza#breadcrumb\",\"itemListElement\":[{\"@type\":\"ListItem\",\"position\":1,\"name\":\"Home\",\"item\":\"https:\/\/www.ivb.ro\/\"},{\"@type\":\"ListItem\",\"position\":2,\"name\":\"Proiecte finalizate Biobaza\"}]},{\"@type\":\"WebSite\",\"@id\":\"https:\/\/www.ivb.ro\/#website\",\"url\":\"https:\/\/www.ivb.ro\/\",\"name\":\"National Institute of Pathology Victor Babe\u015f - Bucharest\",\"description\":\"National Institute of Pathology Victor Babe\u015f - Bucharest\",\"publisher\":{\"@id\":\"https:\/\/www.ivb.ro\/#organization\"},\"potentialAction\":[{\"@type\":\"SearchAction\",\"target\":{\"@type\":\"EntryPoint\",\"urlTemplate\":\"https:\/\/www.ivb.ro\/?s={search_term_string}\"},\"query-input\":{\"@type\":\"PropertyValueSpecification\",\"valueRequired\":true,\"valueName\":\"search_term_string\"}}],\"inLanguage\":\"en-GB\"},{\"@type\":\"Organization\",\"@id\":\"https:\/\/www.ivb.ro\/#organization\",\"name\":\"National Institute of Pathology Victor Babe\u015f - Bucharest\",\"url\":\"https:\/\/www.ivb.ro\/\",\"logo\":{\"@type\":\"ImageObject\",\"inLanguage\":\"en-GB\",\"@id\":\"https:\/\/www.ivb.ro\/#\/schema\/logo\/image\/\",\"url\":\"https:\/\/www.ivb.ro\/wp-content\/uploads\/2021\/04\/top-logo.png\",\"contentUrl\":\"https:\/\/www.ivb.ro\/wp-content\/uploads\/2021\/04\/top-logo.png\",\"width\":340,\"height\":190,\"caption\":\"National Institute of Pathology Victor Babe\u015f - Bucharest\"},\"image\":{\"@id\":\"https:\/\/www.ivb.ro\/#\/schema\/logo\/image\/\"},\"sameAs\":[\"https:\/\/www.facebook.com\/incdvb.ro\",\"https:\/\/www.instagram.com\/institutul.victorbabes\/\",\"https:\/\/ro.linkedin.com\/company\/victor-babes-national-institute-of-pathology\"]}]}<\/script>\n<!-- \/ Yoast SEO plugin. -->","yoast_head_json":{"title":"Proiecte finalizate Biobaza - National Institute of Pathology Victor Babe\u015f - Bucharest","robots":{"index":"index","follow":"follow","max-snippet":"max-snippet:-1","max-image-preview":"max-image-preview:large","max-video-preview":"max-video-preview:-1"},"canonical":"https:\/\/www.ivb.ro\/en\/proiecte-finalizate-biobaza\/","og_locale":"en_GB","og_type":"article","og_title":"Proiecte finalizate Biobaza - National Institute of Pathology Victor Babe\u015f - Bucharest","og_description":"337PED- PN-III-P2-2.1-PED-2019-3297 Platforma automatizata de screening pentru molecule mici cu potential anti-inflamator PN 19.29.02.03 Semn\u0103tura molecular\u0103 a r\u0103spunsului anti-tumoral \u00een modele experimentale de metastaz\u0103 \u00a0 \u00a0 PN 18.21.02.01 Profilul molecular al celulelor NK pentru monitorizarea terapiei \u020bn cancer PN 16.22.04.02 Nanosisteme pentru aplica\u0163ii medicale &#8211; Candida\u0163i pentru terapia adjuvant\u0103 \u00een cancer PN 16.22.04.04 Imunoterapie \u0163intit\u0103&hellip;","og_url":"https:\/\/www.ivb.ro\/en\/proiecte-finalizate-biobaza\/","og_site_name":"National Institute of Pathology Victor Babe\u015f - Bucharest","article_publisher":"https:\/\/www.facebook.com\/incdvb.ro","article_modified_time":"2025-01-28T13:51:26+00:00","twitter_card":"summary_large_image","twitter_misc":{"Estimated reading time":"1 minute"},"schema":{"@context":"https:\/\/schema.org","@graph":[{"@type":"WebPage","@id":"https:\/\/www.ivb.ro\/proiecte-finalizate-biobaza","url":"https:\/\/www.ivb.ro\/proiecte-finalizate-biobaza","name":"Proiecte finalizate Biobaza - National Institute of Pathology Victor Babe\u015f - Bucharest","isPartOf":{"@id":"https:\/\/www.ivb.ro\/#website"},"datePublished":"2020-08-10T07:47:42+00:00","dateModified":"2025-01-28T13:51:26+00:00","breadcrumb":{"@id":"https:\/\/www.ivb.ro\/proiecte-finalizate-biobaza#breadcrumb"},"inLanguage":"en-GB","potentialAction":[{"@type":"ReadAction","target":["https:\/\/www.ivb.ro\/proiecte-finalizate-biobaza"]}]},{"@type":"BreadcrumbList","@id":"https:\/\/www.ivb.ro\/proiecte-finalizate-biobaza#breadcrumb","itemListElement":[{"@type":"ListItem","position":1,"name":"Home","item":"https:\/\/www.ivb.ro\/"},{"@type":"ListItem","position":2,"name":"Proiecte finalizate Biobaza"}]},{"@type":"WebSite","@id":"https:\/\/www.ivb.ro\/#website","url":"https:\/\/www.ivb.ro\/","name":"National Institute of Pathology Victor Babe\u015f - Bucharest","description":"National Institute of Pathology Victor Babe\u015f - Bucharest","publisher":{"@id":"https:\/\/www.ivb.ro\/#organization"},"potentialAction":[{"@type":"SearchAction","target":{"@type":"EntryPoint","urlTemplate":"https:\/\/www.ivb.ro\/?s={search_term_string}"},"query-input":{"@type":"PropertyValueSpecification","valueRequired":true,"valueName":"search_term_string"}}],"inLanguage":"en-GB"},{"@type":"Organization","@id":"https:\/\/www.ivb.ro\/#organization","name":"National Institute of Pathology Victor Babe\u015f - Bucharest","url":"https:\/\/www.ivb.ro\/","logo":{"@type":"ImageObject","inLanguage":"en-GB","@id":"https:\/\/www.ivb.ro\/#\/schema\/logo\/image\/","url":"https:\/\/www.ivb.ro\/wp-content\/uploads\/2021\/04\/top-logo.png","contentUrl":"https:\/\/www.ivb.ro\/wp-content\/uploads\/2021\/04\/top-logo.png","width":340,"height":190,"caption":"National Institute of Pathology Victor Babe\u015f - Bucharest"},"image":{"@id":"https:\/\/www.ivb.ro\/#\/schema\/logo\/image\/"},"sameAs":["https:\/\/www.facebook.com\/incdvb.ro","https:\/\/www.instagram.com\/institutul.victorbabes\/","https:\/\/ro.linkedin.com\/company\/victor-babes-national-institute-of-pathology"]}]}},"_links":{"self":[{"href":"https:\/\/www.ivb.ro\/en\/wp-json\/wp\/v2\/pages\/527","targetHints":{"allow":["GET"]}}],"collection":[{"href":"https:\/\/www.ivb.ro\/en\/wp-json\/wp\/v2\/pages"}],"about":[{"href":"https:\/\/www.ivb.ro\/en\/wp-json\/wp\/v2\/types\/page"}],"author":[{"embeddable":true,"href":"https:\/\/www.ivb.ro\/en\/wp-json\/wp\/v2\/users\/1"}],"replies":[{"embeddable":true,"href":"https:\/\/www.ivb.ro\/en\/wp-json\/wp\/v2\/comments?post=527"}],"version-history":[{"count":8,"href":"https:\/\/www.ivb.ro\/en\/wp-json\/wp\/v2\/pages\/527\/revisions"}],"predecessor-version":[{"id":11369,"href":"https:\/\/www.ivb.ro\/en\/wp-json\/wp\/v2\/pages\/527\/revisions\/11369"}],"wp:attachment":[{"href":"https:\/\/www.ivb.ro\/en\/wp-json\/wp\/v2\/media?parent=527"}],"curies":[{"name":"wp","href":"https:\/\/api.w.org\/{rel}","templated":true}]}}