{"id":5293,"date":"2022-11-17T12:08:29","date_gmt":"2022-11-17T12:08:29","guid":{"rendered":"https:\/\/www.ivb.ro\/?page_id=5293"},"modified":"2022-11-18T10:21:42","modified_gmt":"2022-11-18T10:21:42","slug":"program-nucleu-2019-2022","status":"publish","type":"page","link":"https:\/\/www.ivb.ro\/en\/program-nucleu-2019-2022","title":{"rendered":"The Program&#039;s Nucleus 2019-2022"},"content":{"rendered":"<div data-elementor-type=\"wp-page\" data-elementor-id=\"5293\" class=\"elementor elementor-5293\">\n\t\t\t\t\t\t<section class=\"elementor-section elementor-top-section elementor-element elementor-element-3281d4c2 elementor-section-content-middle elementor-section-stretched elementor-section-boxed elementor-section-height-default elementor-section-height-default\" data-id=\"3281d4c2\" data-element_type=\"section\" data-e-type=\"section\" data-settings=\"{&quot;background_background&quot;:&quot;classic&quot;,&quot;stretch_section&quot;:&quot;section-stretched&quot;}\">\n\t\t\t\t\t\t\t<div class=\"elementor-background-overlay\"><\/div>\n\t\t\t\t\t\t\t<div class=\"elementor-container elementor-column-gap-no\">\n\t\t\t\t\t<div class=\"elementor-column elementor-col-100 elementor-top-column elementor-element elementor-element-49b2db33\" data-id=\"49b2db33\" data-element_type=\"column\" data-e-type=\"column\">\n\t\t\t<div class=\"elementor-widget-wrap elementor-element-populated\">\n\t\t\t\t\t\t<div class=\"elementor-element elementor-element-3e7d87b0 elementor-widget elementor-widget-heading\" data-id=\"3e7d87b0\" data-element_type=\"widget\" data-e-type=\"widget\" data-widget_type=\"heading.default\">\n\t\t\t\t<div class=\"elementor-widget-container\">\n\t\t\t\t\t<h4 class=\"elementor-heading-title elementor-size-default\">The Program&#039;s Nucleus 2019-2022<\/h4>\t\t\t\t<\/div>\n\t\t\t\t<\/div>\n\t\t\t\t\t<\/div>\n\t\t<\/div>\n\t\t\t\t\t<\/div>\n\t\t<\/section>\n\t\t\t\t<section class=\"elementor-section elementor-top-section elementor-element elementor-element-7af61147 elementor-section-content-middle elementor-section-stretched elementor-section-boxed elementor-section-height-default elementor-section-height-default\" data-id=\"7af61147\" data-element_type=\"section\" data-e-type=\"section\" data-settings=\"{&quot;stretch_section&quot;:&quot;section-stretched&quot;}\">\n\t\t\t\t\t\t<div class=\"elementor-container elementor-column-gap-no\">\n\t\t\t\t\t<div class=\"elementor-column elementor-col-100 elementor-top-column elementor-element elementor-element-1b079143\" data-id=\"1b079143\" data-element_type=\"column\" data-e-type=\"column\">\n\t\t\t<div class=\"elementor-widget-wrap elementor-element-populated\">\n\t\t\t\t\t\t<div class=\"elementor-element elementor-element-27066d6 elementor-widget elementor-widget-text-editor\" data-id=\"27066d6\" data-element_type=\"widget\" data-e-type=\"widget\" data-widget_type=\"text-editor.default\">\n\t\t\t\t<div class=\"elementor-widget-container\">\n\t\t\t\t\t\t\t\t\t<p style=\"text-align: center;\"><span style=\"font-size: 12pt; color: #000000;\"><strong>Name<\/strong><\/span><\/p><p style=\"text-align: center;\"><span style=\"font-size: 12pt; color: #000000;\">System approach to the identification and\/or validation of targets for molecular therapeutic strategies in the pathologies that have a major impact on your health<\/span><\/p><p style=\"text-align: center;\"><span style=\"font-size: 12pt; color: #000000;\"><strong>Acronym<\/strong><\/span><\/p><p style=\"text-align: center;\"><span style=\"font-size: 12pt; color: #000000;\">SISPATH<\/span><\/p><p style=\"text-align: center;\"><span style=\"font-size: 12pt; color: #000000;\">Length of programme: 4 years ago<\/span><\/p><p style=\"text-align: center;\"><span style=\"font-size: 12pt; color: #000000;\">Start date: 06.02.2019 Time of completion: December 10, 2022<\/span><\/p><p style=\"text-align: center;\"><span style=\"font-size: 12pt; color: #000000;\"><strong>Goals<\/strong><\/span><\/p><ol><li style=\"text-align: center;\"><span style=\"font-size: 12pt; color: #000000;\">The identification and\/or validation of the targets of the molecular pathology of the tumor<\/span><\/li><li style=\"text-align: center;\"><span style=\"font-size: 12pt; color: #000000;\">In experimental models, and the functional system approach to the pathologies, with far-reaching implications for health care<\/span><\/li><\/ol>\t\t\t\t\t\t\t\t<\/div>\n\t\t\t\t<\/div>\n\t\t\t\t<section class=\"elementor-section elementor-inner-section elementor-element elementor-element-707ecd2d elementor-section-content-middle elementor-section-boxed elementor-section-height-default elementor-section-height-default\" data-id=\"707ecd2d\" data-element_type=\"section\" data-e-type=\"section\">\n\t\t\t\t\t\t<div class=\"elementor-container elementor-column-gap-no\">\n\t\t\t\t\t<div class=\"elementor-column elementor-col-33 elementor-inner-column elementor-element elementor-element-2f6dac76\" data-id=\"2f6dac76\" data-element_type=\"column\" data-e-type=\"column\">\n\t\t\t<div class=\"elementor-widget-wrap elementor-element-populated\">\n\t\t\t\t\t\t<div class=\"elementor-element elementor-element-35522814 elementor-position-top elementor-widget elementor-widget-image-box\" data-id=\"35522814\" data-element_type=\"widget\" data-e-type=\"widget\" data-widget_type=\"image-box.default\">\n\t\t\t\t<div class=\"elementor-widget-container\">\n\t\t\t\t\t<div class=\"elementor-image-box-wrapper\"><figure class=\"elementor-image-box-img\"><a href=\"https:\/\/www.ivb.ro\/en\/proiecte-componente-propuse\/\" target=\"_blank\" tabindex=\"-1\"><img fetchpriority=\"high\" decoding=\"async\" width=\"256\" height=\"256\" src=\"https:\/\/www.ivb.ro\/wp-content\/uploads\/2020\/10\/domain-registration.png\" class=\"elementor-animation-grow attachment-full size-full wp-image-730\" alt=\"\" srcset=\"https:\/\/www.ivb.ro\/wp-content\/uploads\/2020\/10\/domain-registration.png 256w, https:\/\/www.ivb.ro\/wp-content\/uploads\/2020\/10\/domain-registration-100x100.png 100w, https:\/\/www.ivb.ro\/wp-content\/uploads\/2020\/10\/domain-registration-150x150.png 150w, https:\/\/www.ivb.ro\/wp-content\/uploads\/2020\/10\/domain-registration-12x12.png 12w\" sizes=\"(max-width: 256px) 100vw, 256px\" \/><\/a><\/figure><div class=\"elementor-image-box-content\"><h3 class=\"elementor-image-box-title\"><a href=\"https:\/\/www.ivb.ro\/en\/proiecte-componente-propuse\/\" target=\"_blank\">Project components of the proposed<\/a><\/h3><\/div><\/div>\t\t\t\t<\/div>\n\t\t\t\t<\/div>\n\t\t\t\t<div class=\"elementor-element elementor-element-549f60de elementor-align-center elementor-widget elementor-widget-button\" data-id=\"549f60de\" data-element_type=\"widget\" data-e-type=\"widget\" data-widget_type=\"button.default\">\n\t\t\t\t<div class=\"elementor-widget-container\">\n\t\t\t\t\t\t\t\t\t<div class=\"elementor-button-wrapper\">\n\t\t\t\t\t<a class=\"elementor-button elementor-button-link elementor-size-sm\" href=\"https:\/\/www.ivb.ro\/en\/proiecte-componente-propuse\/\" target=\"_blank\">\n\t\t\t\t\t\t<span class=\"elementor-button-content-wrapper\">\n\t\t\t\t\t\t\t\t\t<span class=\"elementor-button-text\">Read more<\/span>\n\t\t\t\t\t<\/span>\n\t\t\t\t\t<\/a>\n\t\t\t\t<\/div>\n\t\t\t\t\t\t\t\t<\/div>\n\t\t\t\t<\/div>\n\t\t\t\t\t<\/div>\n\t\t<\/div>\n\t\t\t\t<div class=\"elementor-column elementor-col-33 elementor-inner-column elementor-element elementor-element-67274641\" data-id=\"67274641\" data-element_type=\"column\" data-e-type=\"column\">\n\t\t\t<div class=\"elementor-widget-wrap elementor-element-populated\">\n\t\t\t\t\t\t<div class=\"elementor-element elementor-element-51fa212 elementor-position-top elementor-widget elementor-widget-image-box\" data-id=\"51fa212\" data-element_type=\"widget\" data-e-type=\"widget\" data-widget_type=\"image-box.default\">\n\t\t\t\t<div class=\"elementor-widget-container\">\n\t\t\t\t\t<div class=\"elementor-image-box-wrapper\"><figure class=\"elementor-image-box-img\"><a href=\"https:\/\/www.ivb.ro\/en\/proiecte-finantate\/\" tabindex=\"-1\"><img decoding=\"async\" width=\"256\" height=\"256\" src=\"https:\/\/www.ivb.ro\/wp-content\/uploads\/2020\/10\/analytics.png\" class=\"elementor-animation-grow attachment-full size-full wp-image-732\" alt=\"\" srcset=\"https:\/\/www.ivb.ro\/wp-content\/uploads\/2020\/10\/analytics.png 256w, https:\/\/www.ivb.ro\/wp-content\/uploads\/2020\/10\/analytics-100x100.png 100w, https:\/\/www.ivb.ro\/wp-content\/uploads\/2020\/10\/analytics-150x150.png 150w, https:\/\/www.ivb.ro\/wp-content\/uploads\/2020\/10\/analytics-12x12.png 12w\" sizes=\"(max-width: 256px) 100vw, 256px\" \/><\/a><\/figure><div class=\"elementor-image-box-content\"><h3 class=\"elementor-image-box-title\"><a href=\"https:\/\/www.ivb.ro\/en\/proiecte-finantate\/\">Projects <\/a><\/h3><\/div><\/div>\t\t\t\t<\/div>\n\t\t\t\t<\/div>\n\t\t\t\t<div class=\"elementor-element elementor-element-6c286dc0 elementor-align-center elementor-widget elementor-widget-button\" data-id=\"6c286dc0\" data-element_type=\"widget\" data-e-type=\"widget\" data-widget_type=\"button.default\">\n\t\t\t\t<div class=\"elementor-widget-container\">\n\t\t\t\t\t\t\t\t\t<div class=\"elementor-button-wrapper\">\n\t\t\t\t\t<a class=\"elementor-button elementor-button-link elementor-size-sm\" href=\"https:\/\/www.ivb.ro\/en\/proiecte-finantate\/\" target=\"_blank\">\n\t\t\t\t\t\t<span class=\"elementor-button-content-wrapper\">\n\t\t\t\t\t\t\t\t\t<span class=\"elementor-button-text\">Read more<\/span>\n\t\t\t\t\t<\/span>\n\t\t\t\t\t<\/a>\n\t\t\t\t<\/div>\n\t\t\t\t\t\t\t\t<\/div>\n\t\t\t\t<\/div>\n\t\t\t\t\t<\/div>\n\t\t<\/div>\n\t\t\t\t<div class=\"elementor-column elementor-col-33 elementor-inner-column elementor-element elementor-element-784849e9\" data-id=\"784849e9\" data-element_type=\"column\" data-e-type=\"column\">\n\t\t\t<div class=\"elementor-widget-wrap elementor-element-populated\">\n\t\t\t\t\t\t<div class=\"elementor-element elementor-element-2bfa8f94 elementor-position-top elementor-widget elementor-widget-image-box\" data-id=\"2bfa8f94\" data-element_type=\"widget\" data-e-type=\"widget\" data-widget_type=\"image-box.default\">\n\t\t\t\t<div class=\"elementor-widget-container\">\n\t\t\t\t\t<div class=\"elementor-image-box-wrapper\"><figure class=\"elementor-image-box-img\"><a href=\"https:\/\/www.ivb.ro\/en\/rezultate-nucleu\/\" target=\"_blank\" tabindex=\"-1\"><img decoding=\"async\" width=\"256\" height=\"256\" src=\"https:\/\/www.ivb.ro\/wp-content\/uploads\/2020\/10\/viral-marketing.png\" class=\"elementor-animation-grow attachment-full size-full wp-image-731\" alt=\"\" srcset=\"https:\/\/www.ivb.ro\/wp-content\/uploads\/2020\/10\/viral-marketing.png 256w, https:\/\/www.ivb.ro\/wp-content\/uploads\/2020\/10\/viral-marketing-100x100.png 100w, https:\/\/www.ivb.ro\/wp-content\/uploads\/2020\/10\/viral-marketing-150x150.png 150w, https:\/\/www.ivb.ro\/wp-content\/uploads\/2020\/10\/viral-marketing-12x12.png 12w\" sizes=\"(max-width: 256px) 100vw, 256px\" \/><\/a><\/figure><div class=\"elementor-image-box-content\"><h3 class=\"elementor-image-box-title\"><a href=\"https:\/\/www.ivb.ro\/en\/rezultate-nucleu\/\" target=\"_blank\">The Resulting Core<\/a><\/h3><\/div><\/div>\t\t\t\t<\/div>\n\t\t\t\t<\/div>\n\t\t\t\t<div class=\"elementor-element elementor-element-3134ba00 elementor-align-center elementor-widget elementor-widget-button\" data-id=\"3134ba00\" data-element_type=\"widget\" data-e-type=\"widget\" data-widget_type=\"button.default\">\n\t\t\t\t<div class=\"elementor-widget-container\">\n\t\t\t\t\t\t\t\t\t<div class=\"elementor-button-wrapper\">\n\t\t\t\t\t<a class=\"elementor-button elementor-button-link elementor-size-sm\" href=\"https:\/\/www.ivb.ro\/en\/rezultate-nucleu\/\" target=\"_blank\">\n\t\t\t\t\t\t<span class=\"elementor-button-content-wrapper\">\n\t\t\t\t\t\t\t\t\t<span class=\"elementor-button-text\">Read more<\/span>\n\t\t\t\t\t<\/span>\n\t\t\t\t\t<\/a>\n\t\t\t\t<\/div>\n\t\t\t\t\t\t\t\t<\/div>\n\t\t\t\t<\/div>\n\t\t\t\t\t<\/div>\n\t\t<\/div>\n\t\t\t\t\t<\/div>\n\t\t<\/section>\n\t\t\t\t\t<\/div>\n\t\t<\/div>\n\t\t\t\t\t<\/div>\n\t\t<\/section>\n\t\t\t\t<\/div>","protected":false},"excerpt":{"rendered":"<p>Program Nucleu 2019-2022\u200b Denumire Abord\u0103ri sistemice \u00een identificarea \u0219i\/sau validarea de \u021binte moleculare pentru strategii terapeutice \u00een patologii cu impact major pentru s\u0103n\u0103tate Acronim SISPATH Durata programului: 4 ani Data \u00eenceperii: 06.02.2019\u00a0\u00a0\u00a0\u00a0\u00a0\u00a0\u00a0\u00a0\u00a0\u00a0\u00a0\u00a0 Data finaliz\u0103rii: 10 decembrie 2022 Obiective Identificarea \u0219i\/sau validarea de \u021binte moleculare \u00een patologia tumoral\u0103 Modele experimentale \u0219i func\u021bionale pentru abord\u0103ri sistemice \u00een&hellip; <\/p>","protected":false},"author":1,"featured_media":0,"parent":0,"menu_order":0,"comment_status":"closed","ping_status":"closed","template":"","meta":{"ngg_post_thumbnail":0,"footnotes":""},"class_list":["post-5293","page","type-page","status-publish","hentry"],"yoast_head":"<!-- This site is optimized with the Yoast SEO plugin v27.2 - https:\/\/yoast.com\/product\/yoast-seo-wordpress\/ -->\n<title>Program Nucleu 2019-2022 - National Institute of Pathology Victor Babe\u015f - Bucharest<\/title>\n<meta name=\"robots\" content=\"index, follow, max-snippet:-1, max-image-preview:large, max-video-preview:-1\" \/>\n<link rel=\"canonical\" href=\"https:\/\/www.ivb.ro\/en\/program-nucleu-2019-2022\/\" \/>\n<meta property=\"og:locale\" content=\"en_GB\" \/>\n<meta property=\"og:type\" content=\"article\" \/>\n<meta property=\"og:title\" content=\"Program Nucleu 2019-2022 - National Institute of Pathology Victor Babe\u015f - Bucharest\" \/>\n<meta property=\"og:description\" content=\"Program Nucleu 2019-2022\u200b Denumire Abord\u0103ri sistemice \u00een identificarea \u0219i\/sau validarea de \u021binte moleculare pentru strategii terapeutice \u00een patologii cu impact major pentru s\u0103n\u0103tate Acronim SISPATH Durata programului: 4 ani Data \u00eenceperii: 06.02.2019\u00a0\u00a0\u00a0\u00a0\u00a0\u00a0\u00a0\u00a0\u00a0\u00a0\u00a0\u00a0 Data finaliz\u0103rii: 10 decembrie 2022 Obiective Identificarea \u0219i\/sau validarea de \u021binte moleculare \u00een patologia tumoral\u0103 Modele experimentale \u0219i func\u021bionale pentru abord\u0103ri sistemice \u00een&hellip;\" \/>\n<meta property=\"og:url\" content=\"https:\/\/www.ivb.ro\/en\/program-nucleu-2019-2022\/\" \/>\n<meta property=\"og:site_name\" content=\"National Institute of Pathology Victor Babe\u015f - Bucharest\" \/>\n<meta property=\"article:publisher\" content=\"https:\/\/www.facebook.com\/incdvb.ro\" \/>\n<meta property=\"article:modified_time\" content=\"2022-11-18T10:21:42+00:00\" \/>\n<meta property=\"og:image\" content=\"https:\/\/www.ivb.ro\/wp-content\/uploads\/2020\/10\/domain-registration.png\" \/>\n<meta name=\"twitter:card\" content=\"summary_large_image\" \/>\n<meta name=\"twitter:label1\" content=\"Estimated reading time\" \/>\n\t<meta name=\"twitter:data1\" content=\"1 minute\" \/>\n<script type=\"application\/ld+json\" class=\"yoast-schema-graph\">{\"@context\":\"https:\/\/schema.org\",\"@graph\":[{\"@type\":\"WebPage\",\"@id\":\"https:\/\/www.ivb.ro\/program-nucleu-2019-2022\",\"url\":\"https:\/\/www.ivb.ro\/program-nucleu-2019-2022\",\"name\":\"Program Nucleu 2019-2022 - National Institute of Pathology Victor Babe\u015f - Bucharest\",\"isPartOf\":{\"@id\":\"https:\/\/www.ivb.ro\/#website\"},\"primaryImageOfPage\":{\"@id\":\"https:\/\/www.ivb.ro\/program-nucleu-2019-2022#primaryimage\"},\"image\":{\"@id\":\"https:\/\/www.ivb.ro\/program-nucleu-2019-2022#primaryimage\"},\"thumbnailUrl\":\"https:\/\/www.ivb.ro\/wp-content\/uploads\/2020\/10\/domain-registration.png\",\"datePublished\":\"2022-11-17T12:08:29+00:00\",\"dateModified\":\"2022-11-18T10:21:42+00:00\",\"breadcrumb\":{\"@id\":\"https:\/\/www.ivb.ro\/program-nucleu-2019-2022#breadcrumb\"},\"inLanguage\":\"en-GB\",\"potentialAction\":[{\"@type\":\"ReadAction\",\"target\":[\"https:\/\/www.ivb.ro\/program-nucleu-2019-2022\"]}]},{\"@type\":\"ImageObject\",\"inLanguage\":\"en-GB\",\"@id\":\"https:\/\/www.ivb.ro\/program-nucleu-2019-2022#primaryimage\",\"url\":\"https:\/\/www.ivb.ro\/wp-content\/uploads\/2020\/10\/domain-registration.png\",\"contentUrl\":\"https:\/\/www.ivb.ro\/wp-content\/uploads\/2020\/10\/domain-registration.png\"},{\"@type\":\"BreadcrumbList\",\"@id\":\"https:\/\/www.ivb.ro\/program-nucleu-2019-2022#breadcrumb\",\"itemListElement\":[{\"@type\":\"ListItem\",\"position\":1,\"name\":\"Home\",\"item\":\"https:\/\/www.ivb.ro\/\"},{\"@type\":\"ListItem\",\"position\":2,\"name\":\"Program Nucleu 2019-2022\"}]},{\"@type\":\"WebSite\",\"@id\":\"https:\/\/www.ivb.ro\/#website\",\"url\":\"https:\/\/www.ivb.ro\/\",\"name\":\"National Institute of Pathology Victor Babe\u015f - Bucharest\",\"description\":\"National Institute of Pathology Victor Babe\u015f - Bucharest\",\"publisher\":{\"@id\":\"https:\/\/www.ivb.ro\/#organization\"},\"potentialAction\":[{\"@type\":\"SearchAction\",\"target\":{\"@type\":\"EntryPoint\",\"urlTemplate\":\"https:\/\/www.ivb.ro\/?s={search_term_string}\"},\"query-input\":{\"@type\":\"PropertyValueSpecification\",\"valueRequired\":true,\"valueName\":\"search_term_string\"}}],\"inLanguage\":\"en-GB\"},{\"@type\":\"Organization\",\"@id\":\"https:\/\/www.ivb.ro\/#organization\",\"name\":\"National Institute of Pathology Victor Babe\u015f - Bucharest\",\"url\":\"https:\/\/www.ivb.ro\/\",\"logo\":{\"@type\":\"ImageObject\",\"inLanguage\":\"en-GB\",\"@id\":\"https:\/\/www.ivb.ro\/#\/schema\/logo\/image\/\",\"url\":\"https:\/\/www.ivb.ro\/wp-content\/uploads\/2021\/04\/top-logo.png\",\"contentUrl\":\"https:\/\/www.ivb.ro\/wp-content\/uploads\/2021\/04\/top-logo.png\",\"width\":340,\"height\":190,\"caption\":\"National Institute of Pathology Victor Babe\u015f - Bucharest\"},\"image\":{\"@id\":\"https:\/\/www.ivb.ro\/#\/schema\/logo\/image\/\"},\"sameAs\":[\"https:\/\/www.facebook.com\/incdvb.ro\",\"https:\/\/www.instagram.com\/institutul.victorbabes\/\",\"https:\/\/ro.linkedin.com\/company\/victor-babes-national-institute-of-pathology\"]}]}<\/script>\n<!-- \/ Yoast SEO plugin. -->","yoast_head_json":{"title":"Program Nucleu 2019-2022 - National Institute of Pathology Victor Babe\u015f - Bucharest","robots":{"index":"index","follow":"follow","max-snippet":"max-snippet:-1","max-image-preview":"max-image-preview:large","max-video-preview":"max-video-preview:-1"},"canonical":"https:\/\/www.ivb.ro\/en\/program-nucleu-2019-2022\/","og_locale":"en_GB","og_type":"article","og_title":"Program Nucleu 2019-2022 - National Institute of Pathology Victor Babe\u015f - Bucharest","og_description":"Program Nucleu 2019-2022\u200b Denumire Abord\u0103ri sistemice \u00een identificarea \u0219i\/sau validarea de \u021binte moleculare pentru strategii terapeutice \u00een patologii cu impact major pentru s\u0103n\u0103tate Acronim SISPATH Durata programului: 4 ani Data \u00eenceperii: 06.02.2019\u00a0\u00a0\u00a0\u00a0\u00a0\u00a0\u00a0\u00a0\u00a0\u00a0\u00a0\u00a0 Data finaliz\u0103rii: 10 decembrie 2022 Obiective Identificarea \u0219i\/sau validarea de \u021binte moleculare \u00een patologia tumoral\u0103 Modele experimentale \u0219i func\u021bionale pentru abord\u0103ri sistemice \u00een&hellip;","og_url":"https:\/\/www.ivb.ro\/en\/program-nucleu-2019-2022\/","og_site_name":"National Institute of Pathology Victor Babe\u015f - Bucharest","article_publisher":"https:\/\/www.facebook.com\/incdvb.ro","article_modified_time":"2022-11-18T10:21:42+00:00","og_image":[{"url":"https:\/\/www.ivb.ro\/wp-content\/uploads\/2020\/10\/domain-registration.png","type":"","width":"","height":""}],"twitter_card":"summary_large_image","twitter_misc":{"Estimated reading time":"1 minute"},"schema":{"@context":"https:\/\/schema.org","@graph":[{"@type":"WebPage","@id":"https:\/\/www.ivb.ro\/program-nucleu-2019-2022","url":"https:\/\/www.ivb.ro\/program-nucleu-2019-2022","name":"Program Nucleu 2019-2022 - National Institute of Pathology Victor Babe\u015f - Bucharest","isPartOf":{"@id":"https:\/\/www.ivb.ro\/#website"},"primaryImageOfPage":{"@id":"https:\/\/www.ivb.ro\/program-nucleu-2019-2022#primaryimage"},"image":{"@id":"https:\/\/www.ivb.ro\/program-nucleu-2019-2022#primaryimage"},"thumbnailUrl":"https:\/\/www.ivb.ro\/wp-content\/uploads\/2020\/10\/domain-registration.png","datePublished":"2022-11-17T12:08:29+00:00","dateModified":"2022-11-18T10:21:42+00:00","breadcrumb":{"@id":"https:\/\/www.ivb.ro\/program-nucleu-2019-2022#breadcrumb"},"inLanguage":"en-GB","potentialAction":[{"@type":"ReadAction","target":["https:\/\/www.ivb.ro\/program-nucleu-2019-2022"]}]},{"@type":"ImageObject","inLanguage":"en-GB","@id":"https:\/\/www.ivb.ro\/program-nucleu-2019-2022#primaryimage","url":"https:\/\/www.ivb.ro\/wp-content\/uploads\/2020\/10\/domain-registration.png","contentUrl":"https:\/\/www.ivb.ro\/wp-content\/uploads\/2020\/10\/domain-registration.png"},{"@type":"BreadcrumbList","@id":"https:\/\/www.ivb.ro\/program-nucleu-2019-2022#breadcrumb","itemListElement":[{"@type":"ListItem","position":1,"name":"Home","item":"https:\/\/www.ivb.ro\/"},{"@type":"ListItem","position":2,"name":"Program Nucleu 2019-2022"}]},{"@type":"WebSite","@id":"https:\/\/www.ivb.ro\/#website","url":"https:\/\/www.ivb.ro\/","name":"National Institute of Pathology Victor Babe\u015f - Bucharest","description":"National Institute of Pathology Victor Babe\u015f - Bucharest","publisher":{"@id":"https:\/\/www.ivb.ro\/#organization"},"potentialAction":[{"@type":"SearchAction","target":{"@type":"EntryPoint","urlTemplate":"https:\/\/www.ivb.ro\/?s={search_term_string}"},"query-input":{"@type":"PropertyValueSpecification","valueRequired":true,"valueName":"search_term_string"}}],"inLanguage":"en-GB"},{"@type":"Organization","@id":"https:\/\/www.ivb.ro\/#organization","name":"National Institute of Pathology Victor Babe\u015f - Bucharest","url":"https:\/\/www.ivb.ro\/","logo":{"@type":"ImageObject","inLanguage":"en-GB","@id":"https:\/\/www.ivb.ro\/#\/schema\/logo\/image\/","url":"https:\/\/www.ivb.ro\/wp-content\/uploads\/2021\/04\/top-logo.png","contentUrl":"https:\/\/www.ivb.ro\/wp-content\/uploads\/2021\/04\/top-logo.png","width":340,"height":190,"caption":"National Institute of Pathology Victor Babe\u015f - Bucharest"},"image":{"@id":"https:\/\/www.ivb.ro\/#\/schema\/logo\/image\/"},"sameAs":["https:\/\/www.facebook.com\/incdvb.ro","https:\/\/www.instagram.com\/institutul.victorbabes\/","https:\/\/ro.linkedin.com\/company\/victor-babes-national-institute-of-pathology"]}]}},"_links":{"self":[{"href":"https:\/\/www.ivb.ro\/en\/wp-json\/wp\/v2\/pages\/5293","targetHints":{"allow":["GET"]}}],"collection":[{"href":"https:\/\/www.ivb.ro\/en\/wp-json\/wp\/v2\/pages"}],"about":[{"href":"https:\/\/www.ivb.ro\/en\/wp-json\/wp\/v2\/types\/page"}],"author":[{"embeddable":true,"href":"https:\/\/www.ivb.ro\/en\/wp-json\/wp\/v2\/users\/1"}],"replies":[{"embeddable":true,"href":"https:\/\/www.ivb.ro\/en\/wp-json\/wp\/v2\/comments?post=5293"}],"version-history":[{"count":43,"href":"https:\/\/www.ivb.ro\/en\/wp-json\/wp\/v2\/pages\/5293\/revisions"}],"predecessor-version":[{"id":5419,"href":"https:\/\/www.ivb.ro\/en\/wp-json\/wp\/v2\/pages\/5293\/revisions\/5419"}],"wp:attachment":[{"href":"https:\/\/www.ivb.ro\/en\/wp-json\/wp\/v2\/media?parent=5293"}],"curies":[{"name":"wp","href":"https:\/\/api.w.org\/{rel}","templated":true}]}}