{"id":5304,"date":"2022-11-17T12:28:25","date_gmt":"2022-11-17T12:28:25","guid":{"rendered":"https:\/\/www.ivb.ro\/?page_id=5304"},"modified":"2022-11-18T09:53:51","modified_gmt":"2022-11-18T09:53:51","slug":"proiecte-finantate","status":"publish","type":"page","link":"https:\/\/www.ivb.ro\/en\/proiecte-finantate","title":{"rendered":"Projects"},"content":{"rendered":"<div data-elementor-type=\"wp-page\" data-elementor-id=\"5304\" class=\"elementor elementor-5304\">\n\t\t\t\t\t\t<section class=\"elementor-section elementor-top-section elementor-element elementor-element-4d90ef94 elementor-section-content-middle elementor-section-stretched elementor-section-boxed elementor-section-height-default elementor-section-height-default\" data-id=\"4d90ef94\" data-element_type=\"section\" data-e-type=\"section\" data-settings=\"{&quot;background_background&quot;:&quot;classic&quot;,&quot;stretch_section&quot;:&quot;section-stretched&quot;}\">\n\t\t\t\t\t\t\t<div class=\"elementor-background-overlay\"><\/div>\n\t\t\t\t\t\t\t<div class=\"elementor-container elementor-column-gap-no\">\n\t\t\t\t\t<div class=\"elementor-column elementor-col-100 elementor-top-column elementor-element elementor-element-4ca74380\" data-id=\"4ca74380\" data-element_type=\"column\" data-e-type=\"column\">\n\t\t\t<div class=\"elementor-widget-wrap elementor-element-populated\">\n\t\t\t\t\t\t<div class=\"elementor-element elementor-element-47eea773 elementor-widget elementor-widget-heading\" data-id=\"47eea773\" data-element_type=\"widget\" data-e-type=\"widget\" data-widget_type=\"heading.default\">\n\t\t\t\t<div class=\"elementor-widget-container\">\n\t\t\t\t\t<h4 class=\"elementor-heading-title elementor-size-default\">Projects<\/h4>\t\t\t\t<\/div>\n\t\t\t\t<\/div>\n\t\t\t\t\t<\/div>\n\t\t<\/div>\n\t\t\t\t\t<\/div>\n\t\t<\/section>\n\t\t\t\t<section class=\"elementor-section elementor-top-section elementor-element elementor-element-68daa19f elementor-section-content-middle elementor-section-stretched elementor-section-boxed elementor-section-height-default elementor-section-height-default\" data-id=\"68daa19f\" data-element_type=\"section\" data-e-type=\"section\" data-settings=\"{&quot;stretch_section&quot;:&quot;section-stretched&quot;}\">\n\t\t\t\t\t\t<div class=\"elementor-container elementor-column-gap-no\">\n\t\t\t\t\t<div class=\"elementor-column elementor-col-100 elementor-top-column elementor-element elementor-element-6a234fe0\" data-id=\"6a234fe0\" data-element_type=\"column\" data-e-type=\"column\">\n\t\t\t<div class=\"elementor-widget-wrap elementor-element-populated\">\n\t\t\t\t\t\t<div class=\"elementor-element elementor-element-716d97c elementor-widget elementor-widget-heading\" data-id=\"716d97c\" data-element_type=\"widget\" data-e-type=\"widget\" data-widget_type=\"heading.default\">\n\t\t\t\t<div class=\"elementor-widget-container\">\n\t\t\t\t\t<h2 class=\"elementor-heading-title elementor-size-default\">Objective 1<\/h2>\t\t\t\t<\/div>\n\t\t\t\t<\/div>\n\t\t\t\t<section class=\"elementor-section elementor-inner-section elementor-element elementor-element-72bd6d1b elementor-section-boxed elementor-section-height-default elementor-section-height-default\" data-id=\"72bd6d1b\" data-element_type=\"section\" data-e-type=\"section\">\n\t\t\t\t\t\t<div class=\"elementor-container elementor-column-gap-wider\">\n\t\t\t\t\t<div class=\"elementor-column elementor-col-100 elementor-inner-column elementor-element elementor-element-4200242e\" data-id=\"4200242e\" data-element_type=\"column\" data-e-type=\"column\">\n\t\t\t<div class=\"elementor-widget-wrap elementor-element-populated\">\n\t\t\t\t\t\t<div class=\"elementor-element elementor-element-06dbf4a elementor-widget elementor-widget-text-editor\" data-id=\"06dbf4a\" data-element_type=\"widget\" data-e-type=\"widget\" data-widget_type=\"text-editor.default\">\n\t\t\t\t<div class=\"elementor-widget-container\">\n\t\t\t\t\t\t\t\t\t<p><span style=\"color: #000000;\"><strong>PN 19.29.01.01<\/strong>Tours correlation between the changes in epigenomice and epitranscriptomice in the tumorigenesis of skin \u2013 to identify and filter the events of the edit m6Aim5C-dependent as therapeutic targets for the molecular<\/span><\/p><p><span style=\"color: #000000;\"><strong>PN 19.29.01.02<\/strong>: The alteration of the barriers of the brain in aging, and the relevance of cd36 to the progression of the neurodegener\u0103rii<\/span><\/p><p><span style=\"color: #000000;\"><strong>PN 19.29.01.03<\/strong>Innovation technology on the detection of genetic fingerprints applications in the monitoring of the tumor cells to the residual, and the regeneration of transplantation with post-transplant<\/span><\/p><p><span style=\"color: #000000;\"><strong>PN 19.29.01.04<\/strong>: The evaluation of the profile of the kinomic and miRNomic for the exploration of new targets for molecular therapies are combinatorial in glioblastoma approaches omic<\/span><\/p><p><span style=\"color: #000000;\"><strong>PN 19.29.01.05<\/strong>: The approaches to the omic to the diagnosis, prognosis, and the identification of new therapeutic targets in the pathology of the tumor blood in the stool<\/span><\/p>\t\t\t\t\t\t\t\t<\/div>\n\t\t\t\t<\/div>\n\t\t\t\t\t<\/div>\n\t\t<\/div>\n\t\t\t\t\t<\/div>\n\t\t<\/section>\n\t\t\t\t\t<\/div>\n\t\t<\/div>\n\t\t\t\t\t<\/div>\n\t\t<\/section>\n\t\t\t\t<section class=\"elementor-section elementor-top-section elementor-element elementor-element-542044f elementor-section-content-middle elementor-section-stretched elementor-section-boxed elementor-section-height-default elementor-section-height-default\" data-id=\"542044f\" data-element_type=\"section\" data-e-type=\"section\" data-settings=\"{&quot;stretch_section&quot;:&quot;section-stretched&quot;}\">\n\t\t\t\t\t\t<div class=\"elementor-container elementor-column-gap-no\">\n\t\t\t\t\t<div class=\"elementor-column elementor-col-100 elementor-top-column elementor-element elementor-element-9bb8a3e\" data-id=\"9bb8a3e\" data-element_type=\"column\" data-e-type=\"column\">\n\t\t\t<div class=\"elementor-widget-wrap elementor-element-populated\">\n\t\t\t\t\t\t<div class=\"elementor-element elementor-element-c6c988a elementor-widget elementor-widget-heading\" data-id=\"c6c988a\" data-element_type=\"widget\" data-e-type=\"widget\" data-widget_type=\"heading.default\">\n\t\t\t\t<div class=\"elementor-widget-container\">\n\t\t\t\t\t<h2 class=\"elementor-heading-title elementor-size-default\">Objective 2<\/h2>\t\t\t\t<\/div>\n\t\t\t\t<\/div>\n\t\t\t\t<section class=\"elementor-section elementor-inner-section elementor-element elementor-element-fdd45df elementor-section-boxed elementor-section-height-default elementor-section-height-default\" data-id=\"fdd45df\" data-element_type=\"section\" data-e-type=\"section\">\n\t\t\t\t\t\t<div class=\"elementor-container elementor-column-gap-wider\">\n\t\t\t\t\t<div class=\"elementor-column elementor-col-100 elementor-inner-column elementor-element elementor-element-3b14360\" data-id=\"3b14360\" data-element_type=\"column\" data-e-type=\"column\">\n\t\t\t<div class=\"elementor-widget-wrap elementor-element-populated\">\n\t\t\t\t\t\t<div class=\"elementor-element elementor-element-3760f42 elementor-widget elementor-widget-text-editor\" data-id=\"3760f42\" data-element_type=\"widget\" data-e-type=\"widget\" data-widget_type=\"text-editor.default\">\n\t\t\t\t<div class=\"elementor-widget-container\">\n\t\t\t\t\t\t\t\t\t<p><span style=\"color: #000000;\"><strong>PN 19.29.02.01<\/strong>The effect of the products of intestinal microbiota and proteins in the amyloid plaques of the functional impact of the aggregation of pathological proteins, and the propagation of the pathology of the model prionic in models of neurodegeneration<\/span><\/p><p><span style=\"color: #000000;\"><strong>PN 19.29.02.02<\/strong>The approach of the kind ,biology, systems biology,\u201d in the development of new therapies for redox reactions for the efficiency of radiation therapy<\/span><\/p><p><span style=\"color: #000000;\"><strong>PN 19.29.02.03<\/strong>: The molecular signature of response to anti-tumor in experimental models of metastasis<\/span><\/p>\t\t\t\t\t\t\t\t<\/div>\n\t\t\t\t<\/div>\n\t\t\t\t\t<\/div>\n\t\t<\/div>\n\t\t\t\t\t<\/div>\n\t\t<\/section>\n\t\t\t\t\t<\/div>\n\t\t<\/div>\n\t\t\t\t\t<\/div>\n\t\t<\/section>\n\t\t\t\t<\/div>","protected":false},"excerpt":{"rendered":"<p>Proiecte finan\u021bate Obiectiv 1 PN 19.29.01.01: Circuite corelative \u00eentre modific\u0103rile epigenomice \u015fi epitranscriptomice \u00een tumorigeneza cutanat\u0103 &#8211; identificarea \u015fi filtrarea evenimentelor de editare m6Aim5C-dependente ca \u021binte terapeutice moleculare PN 19.29.01.02: Alterarea barierelor cerebrale \u00een \u00eemb\u0103tr\u00e2nire \u015fi relevan\u021ba cd36 pentru progresia neurodegener\u0103rii PN 19.29.01.03: Inovare tehnologic\u0103 privind detec\u021bia amprentelor genetice \u2013 aplica\u021bii \u00een monitorizarea celulelor tumorale&hellip; <\/p>","protected":false},"author":1,"featured_media":0,"parent":0,"menu_order":0,"comment_status":"closed","ping_status":"closed","template":"","meta":{"ngg_post_thumbnail":0,"footnotes":""},"class_list":["post-5304","page","type-page","status-publish","hentry"],"yoast_head":"<!-- This site is optimized with the Yoast SEO plugin v27.2 - https:\/\/yoast.com\/product\/yoast-seo-wordpress\/ -->\n<title>Proiecte finan\u021bate - National Institute of Pathology Victor Babe\u015f - Bucharest<\/title>\n<meta name=\"robots\" content=\"index, follow, max-snippet:-1, max-image-preview:large, max-video-preview:-1\" \/>\n<link rel=\"canonical\" href=\"https:\/\/www.ivb.ro\/en\/proiecte-finantate\/\" \/>\n<meta property=\"og:locale\" content=\"en_GB\" \/>\n<meta property=\"og:type\" content=\"article\" \/>\n<meta property=\"og:title\" content=\"Proiecte finan\u021bate - National Institute of Pathology Victor Babe\u015f - Bucharest\" \/>\n<meta property=\"og:description\" content=\"Proiecte finan\u021bate Obiectiv 1 PN 19.29.01.01: Circuite corelative \u00eentre modific\u0103rile epigenomice \u015fi epitranscriptomice \u00een tumorigeneza cutanat\u0103 &#8211; identificarea \u015fi filtrarea evenimentelor de editare m6Aim5C-dependente ca \u021binte terapeutice moleculare PN 19.29.01.02: Alterarea barierelor cerebrale \u00een \u00eemb\u0103tr\u00e2nire \u015fi relevan\u021ba cd36 pentru progresia neurodegener\u0103rii PN 19.29.01.03: Inovare tehnologic\u0103 privind detec\u021bia amprentelor genetice \u2013 aplica\u021bii \u00een monitorizarea celulelor tumorale&hellip;\" \/>\n<meta property=\"og:url\" content=\"https:\/\/www.ivb.ro\/en\/proiecte-finantate\/\" \/>\n<meta property=\"og:site_name\" content=\"National Institute of Pathology Victor Babe\u015f - Bucharest\" \/>\n<meta property=\"article:publisher\" content=\"https:\/\/www.facebook.com\/incdvb.ro\" \/>\n<meta property=\"article:modified_time\" content=\"2022-11-18T09:53:51+00:00\" \/>\n<meta name=\"twitter:card\" content=\"summary_large_image\" \/>\n<meta name=\"twitter:label1\" content=\"Estimated reading time\" \/>\n\t<meta name=\"twitter:data1\" content=\"1 minute\" \/>\n<script type=\"application\/ld+json\" class=\"yoast-schema-graph\">{\"@context\":\"https:\/\/schema.org\",\"@graph\":[{\"@type\":\"WebPage\",\"@id\":\"https:\/\/www.ivb.ro\/proiecte-finantate\",\"url\":\"https:\/\/www.ivb.ro\/proiecte-finantate\",\"name\":\"Proiecte finan\u021bate - National Institute of Pathology Victor Babe\u015f - Bucharest\",\"isPartOf\":{\"@id\":\"https:\/\/www.ivb.ro\/#website\"},\"datePublished\":\"2022-11-17T12:28:25+00:00\",\"dateModified\":\"2022-11-18T09:53:51+00:00\",\"breadcrumb\":{\"@id\":\"https:\/\/www.ivb.ro\/proiecte-finantate#breadcrumb\"},\"inLanguage\":\"en-GB\",\"potentialAction\":[{\"@type\":\"ReadAction\",\"target\":[\"https:\/\/www.ivb.ro\/proiecte-finantate\"]}]},{\"@type\":\"BreadcrumbList\",\"@id\":\"https:\/\/www.ivb.ro\/proiecte-finantate#breadcrumb\",\"itemListElement\":[{\"@type\":\"ListItem\",\"position\":1,\"name\":\"Home\",\"item\":\"https:\/\/www.ivb.ro\/\"},{\"@type\":\"ListItem\",\"position\":2,\"name\":\"Proiecte finan\u021bate\"}]},{\"@type\":\"WebSite\",\"@id\":\"https:\/\/www.ivb.ro\/#website\",\"url\":\"https:\/\/www.ivb.ro\/\",\"name\":\"National Institute of Pathology Victor Babe\u015f - Bucharest\",\"description\":\"National Institute of Pathology Victor Babe\u015f - Bucharest\",\"publisher\":{\"@id\":\"https:\/\/www.ivb.ro\/#organization\"},\"potentialAction\":[{\"@type\":\"SearchAction\",\"target\":{\"@type\":\"EntryPoint\",\"urlTemplate\":\"https:\/\/www.ivb.ro\/?s={search_term_string}\"},\"query-input\":{\"@type\":\"PropertyValueSpecification\",\"valueRequired\":true,\"valueName\":\"search_term_string\"}}],\"inLanguage\":\"en-GB\"},{\"@type\":\"Organization\",\"@id\":\"https:\/\/www.ivb.ro\/#organization\",\"name\":\"National Institute of Pathology Victor Babe\u015f - Bucharest\",\"url\":\"https:\/\/www.ivb.ro\/\",\"logo\":{\"@type\":\"ImageObject\",\"inLanguage\":\"en-GB\",\"@id\":\"https:\/\/www.ivb.ro\/#\/schema\/logo\/image\/\",\"url\":\"https:\/\/www.ivb.ro\/wp-content\/uploads\/2021\/04\/top-logo.png\",\"contentUrl\":\"https:\/\/www.ivb.ro\/wp-content\/uploads\/2021\/04\/top-logo.png\",\"width\":340,\"height\":190,\"caption\":\"National Institute of Pathology Victor Babe\u015f - Bucharest\"},\"image\":{\"@id\":\"https:\/\/www.ivb.ro\/#\/schema\/logo\/image\/\"},\"sameAs\":[\"https:\/\/www.facebook.com\/incdvb.ro\",\"https:\/\/www.instagram.com\/institutul.victorbabes\/\",\"https:\/\/ro.linkedin.com\/company\/victor-babes-national-institute-of-pathology\"]}]}<\/script>\n<!-- \/ Yoast SEO plugin. -->","yoast_head_json":{"title":"Proiecte finan\u021bate - National Institute of Pathology Victor Babe\u015f - Bucharest","robots":{"index":"index","follow":"follow","max-snippet":"max-snippet:-1","max-image-preview":"max-image-preview:large","max-video-preview":"max-video-preview:-1"},"canonical":"https:\/\/www.ivb.ro\/en\/proiecte-finantate\/","og_locale":"en_GB","og_type":"article","og_title":"Proiecte finan\u021bate - National Institute of Pathology Victor Babe\u015f - Bucharest","og_description":"Proiecte finan\u021bate Obiectiv 1 PN 19.29.01.01: Circuite corelative \u00eentre modific\u0103rile epigenomice \u015fi epitranscriptomice \u00een tumorigeneza cutanat\u0103 &#8211; identificarea \u015fi filtrarea evenimentelor de editare m6Aim5C-dependente ca \u021binte terapeutice moleculare PN 19.29.01.02: Alterarea barierelor cerebrale \u00een \u00eemb\u0103tr\u00e2nire \u015fi relevan\u021ba cd36 pentru progresia neurodegener\u0103rii PN 19.29.01.03: Inovare tehnologic\u0103 privind detec\u021bia amprentelor genetice \u2013 aplica\u021bii \u00een monitorizarea celulelor tumorale&hellip;","og_url":"https:\/\/www.ivb.ro\/en\/proiecte-finantate\/","og_site_name":"National Institute of Pathology Victor Babe\u015f - Bucharest","article_publisher":"https:\/\/www.facebook.com\/incdvb.ro","article_modified_time":"2022-11-18T09:53:51+00:00","twitter_card":"summary_large_image","twitter_misc":{"Estimated reading time":"1 minute"},"schema":{"@context":"https:\/\/schema.org","@graph":[{"@type":"WebPage","@id":"https:\/\/www.ivb.ro\/proiecte-finantate","url":"https:\/\/www.ivb.ro\/proiecte-finantate","name":"Proiecte finan\u021bate - National Institute of Pathology Victor Babe\u015f - Bucharest","isPartOf":{"@id":"https:\/\/www.ivb.ro\/#website"},"datePublished":"2022-11-17T12:28:25+00:00","dateModified":"2022-11-18T09:53:51+00:00","breadcrumb":{"@id":"https:\/\/www.ivb.ro\/proiecte-finantate#breadcrumb"},"inLanguage":"en-GB","potentialAction":[{"@type":"ReadAction","target":["https:\/\/www.ivb.ro\/proiecte-finantate"]}]},{"@type":"BreadcrumbList","@id":"https:\/\/www.ivb.ro\/proiecte-finantate#breadcrumb","itemListElement":[{"@type":"ListItem","position":1,"name":"Home","item":"https:\/\/www.ivb.ro\/"},{"@type":"ListItem","position":2,"name":"Proiecte finan\u021bate"}]},{"@type":"WebSite","@id":"https:\/\/www.ivb.ro\/#website","url":"https:\/\/www.ivb.ro\/","name":"National Institute of Pathology Victor Babe\u015f - Bucharest","description":"National Institute of Pathology Victor Babe\u015f - Bucharest","publisher":{"@id":"https:\/\/www.ivb.ro\/#organization"},"potentialAction":[{"@type":"SearchAction","target":{"@type":"EntryPoint","urlTemplate":"https:\/\/www.ivb.ro\/?s={search_term_string}"},"query-input":{"@type":"PropertyValueSpecification","valueRequired":true,"valueName":"search_term_string"}}],"inLanguage":"en-GB"},{"@type":"Organization","@id":"https:\/\/www.ivb.ro\/#organization","name":"National Institute of Pathology Victor Babe\u015f - Bucharest","url":"https:\/\/www.ivb.ro\/","logo":{"@type":"ImageObject","inLanguage":"en-GB","@id":"https:\/\/www.ivb.ro\/#\/schema\/logo\/image\/","url":"https:\/\/www.ivb.ro\/wp-content\/uploads\/2021\/04\/top-logo.png","contentUrl":"https:\/\/www.ivb.ro\/wp-content\/uploads\/2021\/04\/top-logo.png","width":340,"height":190,"caption":"National Institute of Pathology Victor Babe\u015f - Bucharest"},"image":{"@id":"https:\/\/www.ivb.ro\/#\/schema\/logo\/image\/"},"sameAs":["https:\/\/www.facebook.com\/incdvb.ro","https:\/\/www.instagram.com\/institutul.victorbabes\/","https:\/\/ro.linkedin.com\/company\/victor-babes-national-institute-of-pathology"]}]}},"_links":{"self":[{"href":"https:\/\/www.ivb.ro\/en\/wp-json\/wp\/v2\/pages\/5304","targetHints":{"allow":["GET"]}}],"collection":[{"href":"https:\/\/www.ivb.ro\/en\/wp-json\/wp\/v2\/pages"}],"about":[{"href":"https:\/\/www.ivb.ro\/en\/wp-json\/wp\/v2\/types\/page"}],"author":[{"embeddable":true,"href":"https:\/\/www.ivb.ro\/en\/wp-json\/wp\/v2\/users\/1"}],"replies":[{"embeddable":true,"href":"https:\/\/www.ivb.ro\/en\/wp-json\/wp\/v2\/comments?post=5304"}],"version-history":[{"count":40,"href":"https:\/\/www.ivb.ro\/en\/wp-json\/wp\/v2\/pages\/5304\/revisions"}],"predecessor-version":[{"id":5384,"href":"https:\/\/www.ivb.ro\/en\/wp-json\/wp\/v2\/pages\/5304\/revisions\/5384"}],"wp:attachment":[{"href":"https:\/\/www.ivb.ro\/en\/wp-json\/wp\/v2\/media?parent=5304"}],"curies":[{"name":"wp","href":"https:\/\/api.w.org\/{rel}","templated":true}]}}