{"id":5580,"date":"2023-01-30T11:11:10","date_gmt":"2023-01-30T11:11:10","guid":{"rendered":"https:\/\/www.ivb.ro\/?page_id=5580"},"modified":"2026-02-18T13:05:56","modified_gmt":"2026-02-18T13:05:56","slug":"sistemul-calitate-mediu","status":"publish","type":"page","link":"https:\/\/www.ivb.ro\/en\/sistemul-calitate-mediu","title":{"rendered":"Sistemul Calitate &#8211; Mediu"},"content":{"rendered":"<div data-elementor-type=\"wp-page\" data-elementor-id=\"5580\" class=\"elementor elementor-5580\">\n\t\t\t\t\t\t<section class=\"elementor-section elementor-top-section elementor-element elementor-element-585e839e elementor-section-content-middle elementor-section-stretched elementor-section-boxed elementor-section-height-default elementor-section-height-default\" data-id=\"585e839e\" data-element_type=\"section\" data-e-type=\"section\" data-settings=\"{&quot;stretch_section&quot;:&quot;section-stretched&quot;}\">\n\t\t\t\t\t\t<div class=\"elementor-container elementor-column-gap-no\">\n\t\t\t\t\t<div class=\"elementor-column elementor-col-100 elementor-top-column elementor-element elementor-element-437fe1be\" data-id=\"437fe1be\" data-element_type=\"column\" data-e-type=\"column\">\n\t\t\t<div class=\"elementor-widget-wrap elementor-element-populated\">\n\t\t\t\t\t\t<div class=\"elementor-element elementor-element-19a06cb5 elementor-widget elementor-widget-heading\" data-id=\"19a06cb5\" data-element_type=\"widget\" data-e-type=\"widget\" data-widget_type=\"heading.default\">\n\t\t\t\t<div class=\"elementor-widget-container\">\n\t\t\t\t\t<h4 class=\"elementor-heading-title elementor-size-default\">Sistemul calitate - mediu<\/h4>\t\t\t\t<\/div>\n\t\t\t\t<\/div>\n\t\t\t\t<section class=\"elementor-section elementor-inner-section elementor-element elementor-element-397abf20 elementor-section-content-middle elementor-section-boxed elementor-section-height-default elementor-section-height-default\" data-id=\"397abf20\" data-element_type=\"section\" data-e-type=\"section\">\n\t\t\t\t\t\t<div class=\"elementor-container elementor-column-gap-no\">\n\t\t\t\t\t<div class=\"elementor-column elementor-col-50 elementor-inner-column elementor-element elementor-element-d41b187\" data-id=\"d41b187\" data-element_type=\"column\" data-e-type=\"column\" data-settings=\"{&quot;background_background&quot;:&quot;classic&quot;}\">\n\t\t\t<div class=\"elementor-widget-wrap elementor-element-populated\">\n\t\t\t\t\t\t<div class=\"elementor-element elementor-element-4ab49231 elementor-position-top elementor-widget elementor-widget-image-box\" data-id=\"4ab49231\" data-element_type=\"widget\" data-e-type=\"widget\" data-widget_type=\"image-box.default\">\n\t\t\t\t<div class=\"elementor-widget-container\">\n\t\t\t\t\t<div class=\"elementor-image-box-wrapper\"><figure class=\"elementor-image-box-img\"><a href=\"https:\/\/www.ivb.ro\/en\/proceduri-de-calitate\/\" tabindex=\"-1\"><img fetchpriority=\"high\" decoding=\"async\" width=\"512\" height=\"512\" src=\"https:\/\/www.ivb.ro\/wp-content\/uploads\/2021\/04\/pdf-file.png\" class=\"elementor-animation-grow attachment-full size-full wp-image-1811\" alt=\"\" srcset=\"https:\/\/www.ivb.ro\/wp-content\/uploads\/2021\/04\/pdf-file.png 512w, https:\/\/www.ivb.ro\/wp-content\/uploads\/2021\/04\/pdf-file-100x100.png 100w, https:\/\/www.ivb.ro\/wp-content\/uploads\/2021\/04\/pdf-file-500x500.png 500w, https:\/\/www.ivb.ro\/wp-content\/uploads\/2021\/04\/pdf-file-300x300.png 300w, https:\/\/www.ivb.ro\/wp-content\/uploads\/2021\/04\/pdf-file-150x150.png 150w, https:\/\/www.ivb.ro\/wp-content\/uploads\/2021\/04\/pdf-file-12x12.png 12w\" sizes=\"(max-width: 512px) 100vw, 512px\" \/><\/a><\/figure><div class=\"elementor-image-box-content\"><h3 class=\"elementor-image-box-title\"><a href=\"https:\/\/www.ivb.ro\/en\/proceduri-de-calitate\/\">Proceduri de calitate<\/a><\/h3><\/div><\/div>\t\t\t\t<\/div>\n\t\t\t\t<\/div>\n\t\t\t\t<div class=\"elementor-element elementor-element-69b74b86 elementor-align-center elementor-widget elementor-widget-button\" data-id=\"69b74b86\" data-element_type=\"widget\" data-e-type=\"widget\" data-widget_type=\"button.default\">\n\t\t\t\t<div class=\"elementor-widget-container\">\n\t\t\t\t\t\t\t\t\t<div class=\"elementor-button-wrapper\">\n\t\t\t\t\t<a class=\"elementor-button elementor-button-link elementor-size-sm\" href=\"https:\/\/www.ivb.ro\/en\/proceduri-de-calitate\/\">\n\t\t\t\t\t\t<span class=\"elementor-button-content-wrapper\">\n\t\t\t\t\t\t\t\t\t<span class=\"elementor-button-text\">Read more<\/span>\n\t\t\t\t\t<\/span>\n\t\t\t\t\t<\/a>\n\t\t\t\t<\/div>\n\t\t\t\t\t\t\t\t<\/div>\n\t\t\t\t<\/div>\n\t\t\t\t\t<\/div>\n\t\t<\/div>\n\t\t\t\t<div class=\"elementor-column elementor-col-50 elementor-inner-column elementor-element elementor-element-6145b66a\" data-id=\"6145b66a\" data-element_type=\"column\" data-e-type=\"column\" data-settings=\"{&quot;background_background&quot;:&quot;classic&quot;}\">\n\t\t\t<div class=\"elementor-widget-wrap elementor-element-populated\">\n\t\t\t\t\t\t<div class=\"elementor-element elementor-element-77391e59 elementor-position-top elementor-widget elementor-widget-image-box\" data-id=\"77391e59\" data-element_type=\"widget\" data-e-type=\"widget\" data-widget_type=\"image-box.default\">\n\t\t\t\t<div class=\"elementor-widget-container\">\n\t\t\t\t\t<div class=\"elementor-image-box-wrapper\"><figure class=\"elementor-image-box-img\"><a href=\"https:\/\/www.ivb.ro\/wp-content\/uploads\/2026\/02\/Plan-de-instruiri-si-mobilitati_IVB-2026.pdf\" tabindex=\"-1\"><img fetchpriority=\"high\" decoding=\"async\" width=\"512\" height=\"512\" src=\"https:\/\/www.ivb.ro\/wp-content\/uploads\/2021\/04\/pdf-file.png\" class=\"elementor-animation-grow attachment-full size-full wp-image-1811\" alt=\"\" srcset=\"https:\/\/www.ivb.ro\/wp-content\/uploads\/2021\/04\/pdf-file.png 512w, https:\/\/www.ivb.ro\/wp-content\/uploads\/2021\/04\/pdf-file-100x100.png 100w, https:\/\/www.ivb.ro\/wp-content\/uploads\/2021\/04\/pdf-file-500x500.png 500w, https:\/\/www.ivb.ro\/wp-content\/uploads\/2021\/04\/pdf-file-300x300.png 300w, https:\/\/www.ivb.ro\/wp-content\/uploads\/2021\/04\/pdf-file-150x150.png 150w, https:\/\/www.ivb.ro\/wp-content\/uploads\/2021\/04\/pdf-file-12x12.png 12w\" sizes=\"(max-width: 512px) 100vw, 512px\" \/><\/a><\/figure><div class=\"elementor-image-box-content\"><h3 class=\"elementor-image-box-title\"><a href=\"https:\/\/www.ivb.ro\/wp-content\/uploads\/2026\/02\/Plan-de-instruiri-si-mobilitati_IVB-2026.pdf\">Plan de instruiri si mobilitati<\/a><\/h3><\/div><\/div>\t\t\t\t<\/div>\n\t\t\t\t<\/div>\n\t\t\t\t<div class=\"elementor-element elementor-element-7580991c elementor-align-center elementor-widget elementor-widget-button\" data-id=\"7580991c\" data-element_type=\"widget\" data-e-type=\"widget\" data-widget_type=\"button.default\">\n\t\t\t\t<div class=\"elementor-widget-container\">\n\t\t\t\t\t\t\t\t\t<div class=\"elementor-button-wrapper\">\n\t\t\t\t\t<a class=\"elementor-button elementor-button-link elementor-size-sm\" href=\"https:\/\/www.ivb.ro\/wp-content\/uploads\/2026\/02\/Plan-de-instruiri-si-mobilitati_IVB-2026.pdf\">\n\t\t\t\t\t\t<span class=\"elementor-button-content-wrapper\">\n\t\t\t\t\t\t\t\t\t<span class=\"elementor-button-text\">Read more<\/span>\n\t\t\t\t\t<\/span>\n\t\t\t\t\t<\/a>\n\t\t\t\t<\/div>\n\t\t\t\t\t\t\t\t<\/div>\n\t\t\t\t<\/div>\n\t\t\t\t\t<\/div>\n\t\t<\/div>\n\t\t\t\t\t<\/div>\n\t\t<\/section>\n\t\t\t\t\t<\/div>\n\t\t<\/div>\n\t\t\t\t\t<\/div>\n\t\t<\/section>\n\t\t\t\t<\/div>","protected":false},"excerpt":{"rendered":"<p>Sistemul calitate &#8211; mediu Proceduri de calitate Cite\u015fte mai mult Plan de instruiri si mobilitati Cite\u015fte mai mult<\/p>","protected":false},"author":1,"featured_media":0,"parent":0,"menu_order":0,"comment_status":"closed","ping_status":"closed","template":"","meta":{"ngg_post_thumbnail":0,"footnotes":""},"class_list":["post-5580","page","type-page","status-publish","hentry"],"yoast_head":"<!-- This site is optimized with the Yoast SEO plugin v27.2 - https:\/\/yoast.com\/product\/yoast-seo-wordpress\/ -->\n<title>Sistemul Calitate - Mediu - National Institute of Pathology Victor Babe\u015f - Bucharest<\/title>\n<meta name=\"robots\" content=\"index, follow, max-snippet:-1, max-image-preview:large, max-video-preview:-1\" \/>\n<link rel=\"canonical\" href=\"https:\/\/www.ivb.ro\/en\/sistemul-calitate-mediu\/\" \/>\n<meta property=\"og:locale\" content=\"en_GB\" \/>\n<meta property=\"og:type\" content=\"article\" \/>\n<meta property=\"og:title\" content=\"Sistemul Calitate - Mediu - National Institute of Pathology Victor Babe\u015f - Bucharest\" \/>\n<meta property=\"og:description\" content=\"Sistemul calitate &#8211; mediu Proceduri de calitate Cite\u015fte mai mult Plan de instruiri si mobilitati Cite\u015fte mai mult\" \/>\n<meta property=\"og:url\" content=\"https:\/\/www.ivb.ro\/en\/sistemul-calitate-mediu\/\" \/>\n<meta property=\"og:site_name\" content=\"National Institute of Pathology Victor Babe\u015f - Bucharest\" \/>\n<meta property=\"article:publisher\" content=\"https:\/\/www.facebook.com\/incdvb.ro\" \/>\n<meta property=\"article:modified_time\" content=\"2026-02-18T13:05:56+00:00\" \/>\n<meta property=\"og:image\" content=\"https:\/\/www.ivb.ro\/wp-content\/uploads\/2021\/04\/pdf-file.png\" \/>\n\t<meta property=\"og:image:width\" content=\"512\" \/>\n\t<meta property=\"og:image:height\" content=\"512\" \/>\n\t<meta property=\"og:image:type\" content=\"image\/png\" \/>\n<meta name=\"twitter:card\" content=\"summary_large_image\" \/>\n<meta name=\"twitter:label1\" content=\"Estimated reading time\" \/>\n\t<meta name=\"twitter:data1\" content=\"1 minute\" \/>\n<script type=\"application\/ld+json\" class=\"yoast-schema-graph\">{\"@context\":\"https:\/\/schema.org\",\"@graph\":[{\"@type\":\"WebPage\",\"@id\":\"https:\/\/www.ivb.ro\/sistemul-calitate-mediu\",\"url\":\"https:\/\/www.ivb.ro\/sistemul-calitate-mediu\",\"name\":\"Sistemul Calitate - Mediu - National Institute of Pathology Victor Babe\u015f - Bucharest\",\"isPartOf\":{\"@id\":\"https:\/\/www.ivb.ro\/#website\"},\"primaryImageOfPage\":{\"@id\":\"https:\/\/www.ivb.ro\/sistemul-calitate-mediu#primaryimage\"},\"image\":{\"@id\":\"https:\/\/www.ivb.ro\/sistemul-calitate-mediu#primaryimage\"},\"thumbnailUrl\":\"https:\/\/www.ivb.ro\/wp-content\/uploads\/2021\/04\/pdf-file.png\",\"datePublished\":\"2023-01-30T11:11:10+00:00\",\"dateModified\":\"2026-02-18T13:05:56+00:00\",\"breadcrumb\":{\"@id\":\"https:\/\/www.ivb.ro\/sistemul-calitate-mediu#breadcrumb\"},\"inLanguage\":\"en-GB\",\"potentialAction\":[{\"@type\":\"ReadAction\",\"target\":[\"https:\/\/www.ivb.ro\/sistemul-calitate-mediu\"]}]},{\"@type\":\"ImageObject\",\"inLanguage\":\"en-GB\",\"@id\":\"https:\/\/www.ivb.ro\/sistemul-calitate-mediu#primaryimage\",\"url\":\"https:\/\/www.ivb.ro\/wp-content\/uploads\/2021\/04\/pdf-file.png\",\"contentUrl\":\"https:\/\/www.ivb.ro\/wp-content\/uploads\/2021\/04\/pdf-file.png\"},{\"@type\":\"BreadcrumbList\",\"@id\":\"https:\/\/www.ivb.ro\/sistemul-calitate-mediu#breadcrumb\",\"itemListElement\":[{\"@type\":\"ListItem\",\"position\":1,\"name\":\"Home\",\"item\":\"https:\/\/www.ivb.ro\/\"},{\"@type\":\"ListItem\",\"position\":2,\"name\":\"Sistemul Calitate &#8211; Mediu\"}]},{\"@type\":\"WebSite\",\"@id\":\"https:\/\/www.ivb.ro\/#website\",\"url\":\"https:\/\/www.ivb.ro\/\",\"name\":\"National Institute of Pathology Victor Babe\u015f - Bucharest\",\"description\":\"National Institute of Pathology Victor Babe\u015f - Bucharest\",\"publisher\":{\"@id\":\"https:\/\/www.ivb.ro\/#organization\"},\"potentialAction\":[{\"@type\":\"SearchAction\",\"target\":{\"@type\":\"EntryPoint\",\"urlTemplate\":\"https:\/\/www.ivb.ro\/?s={search_term_string}\"},\"query-input\":{\"@type\":\"PropertyValueSpecification\",\"valueRequired\":true,\"valueName\":\"search_term_string\"}}],\"inLanguage\":\"en-GB\"},{\"@type\":\"Organization\",\"@id\":\"https:\/\/www.ivb.ro\/#organization\",\"name\":\"National Institute of Pathology Victor Babe\u015f - Bucharest\",\"url\":\"https:\/\/www.ivb.ro\/\",\"logo\":{\"@type\":\"ImageObject\",\"inLanguage\":\"en-GB\",\"@id\":\"https:\/\/www.ivb.ro\/#\/schema\/logo\/image\/\",\"url\":\"https:\/\/www.ivb.ro\/wp-content\/uploads\/2021\/04\/top-logo.png\",\"contentUrl\":\"https:\/\/www.ivb.ro\/wp-content\/uploads\/2021\/04\/top-logo.png\",\"width\":340,\"height\":190,\"caption\":\"National Institute of Pathology Victor Babe\u015f - Bucharest\"},\"image\":{\"@id\":\"https:\/\/www.ivb.ro\/#\/schema\/logo\/image\/\"},\"sameAs\":[\"https:\/\/www.facebook.com\/incdvb.ro\",\"https:\/\/www.instagram.com\/institutul.victorbabes\/\",\"https:\/\/ro.linkedin.com\/company\/victor-babes-national-institute-of-pathology\"]}]}<\/script>\n<!-- \/ Yoast SEO plugin. -->","yoast_head_json":{"title":"Sistemul Calitate - Mediu - National Institute of Pathology Victor Babe\u015f - Bucharest","robots":{"index":"index","follow":"follow","max-snippet":"max-snippet:-1","max-image-preview":"max-image-preview:large","max-video-preview":"max-video-preview:-1"},"canonical":"https:\/\/www.ivb.ro\/en\/sistemul-calitate-mediu\/","og_locale":"en_GB","og_type":"article","og_title":"Sistemul Calitate - Mediu - National Institute of Pathology Victor Babe\u015f - Bucharest","og_description":"Sistemul calitate &#8211; mediu Proceduri de calitate Cite\u015fte mai mult Plan de instruiri si mobilitati Cite\u015fte mai mult","og_url":"https:\/\/www.ivb.ro\/en\/sistemul-calitate-mediu\/","og_site_name":"National Institute of Pathology Victor Babe\u015f - Bucharest","article_publisher":"https:\/\/www.facebook.com\/incdvb.ro","article_modified_time":"2026-02-18T13:05:56+00:00","og_image":[{"width":512,"height":512,"url":"https:\/\/www.ivb.ro\/wp-content\/uploads\/2021\/04\/pdf-file.png","type":"image\/png"}],"twitter_card":"summary_large_image","twitter_misc":{"Estimated reading time":"1 minute"},"schema":{"@context":"https:\/\/schema.org","@graph":[{"@type":"WebPage","@id":"https:\/\/www.ivb.ro\/sistemul-calitate-mediu","url":"https:\/\/www.ivb.ro\/sistemul-calitate-mediu","name":"Sistemul Calitate - Mediu - National Institute of Pathology Victor Babe\u015f - Bucharest","isPartOf":{"@id":"https:\/\/www.ivb.ro\/#website"},"primaryImageOfPage":{"@id":"https:\/\/www.ivb.ro\/sistemul-calitate-mediu#primaryimage"},"image":{"@id":"https:\/\/www.ivb.ro\/sistemul-calitate-mediu#primaryimage"},"thumbnailUrl":"https:\/\/www.ivb.ro\/wp-content\/uploads\/2021\/04\/pdf-file.png","datePublished":"2023-01-30T11:11:10+00:00","dateModified":"2026-02-18T13:05:56+00:00","breadcrumb":{"@id":"https:\/\/www.ivb.ro\/sistemul-calitate-mediu#breadcrumb"},"inLanguage":"en-GB","potentialAction":[{"@type":"ReadAction","target":["https:\/\/www.ivb.ro\/sistemul-calitate-mediu"]}]},{"@type":"ImageObject","inLanguage":"en-GB","@id":"https:\/\/www.ivb.ro\/sistemul-calitate-mediu#primaryimage","url":"https:\/\/www.ivb.ro\/wp-content\/uploads\/2021\/04\/pdf-file.png","contentUrl":"https:\/\/www.ivb.ro\/wp-content\/uploads\/2021\/04\/pdf-file.png"},{"@type":"BreadcrumbList","@id":"https:\/\/www.ivb.ro\/sistemul-calitate-mediu#breadcrumb","itemListElement":[{"@type":"ListItem","position":1,"name":"Home","item":"https:\/\/www.ivb.ro\/"},{"@type":"ListItem","position":2,"name":"Sistemul Calitate &#8211; Mediu"}]},{"@type":"WebSite","@id":"https:\/\/www.ivb.ro\/#website","url":"https:\/\/www.ivb.ro\/","name":"National Institute of Pathology Victor Babe\u015f - Bucharest","description":"National Institute of Pathology Victor Babe\u015f - Bucharest","publisher":{"@id":"https:\/\/www.ivb.ro\/#organization"},"potentialAction":[{"@type":"SearchAction","target":{"@type":"EntryPoint","urlTemplate":"https:\/\/www.ivb.ro\/?s={search_term_string}"},"query-input":{"@type":"PropertyValueSpecification","valueRequired":true,"valueName":"search_term_string"}}],"inLanguage":"en-GB"},{"@type":"Organization","@id":"https:\/\/www.ivb.ro\/#organization","name":"National Institute of Pathology Victor Babe\u015f - Bucharest","url":"https:\/\/www.ivb.ro\/","logo":{"@type":"ImageObject","inLanguage":"en-GB","@id":"https:\/\/www.ivb.ro\/#\/schema\/logo\/image\/","url":"https:\/\/www.ivb.ro\/wp-content\/uploads\/2021\/04\/top-logo.png","contentUrl":"https:\/\/www.ivb.ro\/wp-content\/uploads\/2021\/04\/top-logo.png","width":340,"height":190,"caption":"National Institute of Pathology Victor Babe\u015f - Bucharest"},"image":{"@id":"https:\/\/www.ivb.ro\/#\/schema\/logo\/image\/"},"sameAs":["https:\/\/www.facebook.com\/incdvb.ro","https:\/\/www.instagram.com\/institutul.victorbabes\/","https:\/\/ro.linkedin.com\/company\/victor-babes-national-institute-of-pathology"]}]}},"_links":{"self":[{"href":"https:\/\/www.ivb.ro\/en\/wp-json\/wp\/v2\/pages\/5580","targetHints":{"allow":["GET"]}}],"collection":[{"href":"https:\/\/www.ivb.ro\/en\/wp-json\/wp\/v2\/pages"}],"about":[{"href":"https:\/\/www.ivb.ro\/en\/wp-json\/wp\/v2\/types\/page"}],"author":[{"embeddable":true,"href":"https:\/\/www.ivb.ro\/en\/wp-json\/wp\/v2\/users\/1"}],"replies":[{"embeddable":true,"href":"https:\/\/www.ivb.ro\/en\/wp-json\/wp\/v2\/comments?post=5580"}],"version-history":[{"count":22,"href":"https:\/\/www.ivb.ro\/en\/wp-json\/wp\/v2\/pages\/5580\/revisions"}],"predecessor-version":[{"id":14209,"href":"https:\/\/www.ivb.ro\/en\/wp-json\/wp\/v2\/pages\/5580\/revisions\/14209"}],"wp:attachment":[{"href":"https:\/\/www.ivb.ro\/en\/wp-json\/wp\/v2\/media?parent=5580"}],"curies":[{"name":"wp","href":"https:\/\/api.w.org\/{rel}","templated":true}]}}