{"id":7331,"date":"2024-01-25T12:21:34","date_gmt":"2024-01-25T12:21:34","guid":{"rendered":"https:\/\/www.ivb.ro\/?page_id=7331"},"modified":"2026-03-11T14:55:27","modified_gmt":"2026-03-11T14:55:27","slug":"hrs4r-strategia-de-resurse-umane","status":"publish","type":"page","link":"https:\/\/www.ivb.ro\/en\/hrs4r-strategia-de-resurse-umane","title":{"rendered":"HRS4R Strategy, human resources,"},"content":{"rendered":"<div data-elementor-type=\"wp-page\" data-elementor-id=\"7331\" class=\"elementor elementor-7331\">\n\t\t\t\t\t\t<section class=\"elementor-section elementor-top-section elementor-element elementor-element-76f2534c elementor-section-content-middle elementor-section-stretched elementor-section-boxed elementor-section-height-default elementor-section-height-default\" data-id=\"76f2534c\" data-element_type=\"section\" data-e-type=\"section\" data-settings=\"{&quot;stretch_section&quot;:&quot;section-stretched&quot;}\">\n\t\t\t\t\t\t\t<div class=\"elementor-background-overlay\"><\/div>\n\t\t\t\t\t\t\t<div class=\"elementor-container elementor-column-gap-no\">\n\t\t\t\t\t<div class=\"elementor-column elementor-col-100 elementor-top-column elementor-element elementor-element-1151065d\" data-id=\"1151065d\" data-element_type=\"column\" data-e-type=\"column\">\n\t\t\t<div class=\"elementor-widget-wrap elementor-element-populated\">\n\t\t\t\t\t\t<div class=\"elementor-element elementor-element-2de854a elementor-widget elementor-widget-heading\" data-id=\"2de854a\" data-element_type=\"widget\" data-e-type=\"widget\" data-widget_type=\"heading.default\">\n\t\t\t\t<div class=\"elementor-widget-container\">\n\t\t\t\t\t<h1 class=\"elementor-heading-title elementor-size-default\">CAREERS<\/h1>\t\t\t\t<\/div>\n\t\t\t\t<\/div>\n\t\t\t\t\t<\/div>\n\t\t<\/div>\n\t\t\t\t\t<\/div>\n\t\t<\/section>\n\t\t\t\t<section class=\"elementor-section elementor-top-section elementor-element elementor-element-835be2f elementor-section-stretched elementor-section-boxed elementor-section-height-default elementor-section-height-default\" data-id=\"835be2f\" data-element_type=\"section\" data-e-type=\"section\" data-settings=\"{&quot;stretch_section&quot;:&quot;section-stretched&quot;}\">\n\t\t\t\t\t\t<div class=\"elementor-container elementor-column-gap-default\">\n\t\t\t\t\t<div class=\"elementor-column elementor-col-100 elementor-top-column elementor-element elementor-element-4c1f09a\" data-id=\"4c1f09a\" data-element_type=\"column\" data-e-type=\"column\">\n\t\t\t<div class=\"elementor-widget-wrap elementor-element-populated\">\n\t\t\t\t\t\t<div class=\"elementor-element elementor-element-4aeaac8 elementor-widget elementor-widget-image\" data-id=\"4aeaac8\" data-element_type=\"widget\" data-e-type=\"widget\" data-widget_type=\"image.default\">\n\t\t\t\t<div class=\"elementor-widget-container\">\n\t\t\t\t\t\t\t\t\t\t\t\t\t\t\t<img fetchpriority=\"high\" decoding=\"async\" width=\"300\" height=\"203\" src=\"https:\/\/www.ivb.ro\/wp-content\/uploads\/2024\/05\/HR_01-300x203.png\" class=\"attachment-medium size-medium wp-image-8724\" alt=\"\" srcset=\"https:\/\/www.ivb.ro\/wp-content\/uploads\/2024\/05\/HR_01-300x203.png 300w, https:\/\/www.ivb.ro\/wp-content\/uploads\/2024\/05\/HR_01-500x339.png 500w, https:\/\/www.ivb.ro\/wp-content\/uploads\/2024\/05\/HR_01-1024x694.png 1024w, https:\/\/www.ivb.ro\/wp-content\/uploads\/2024\/05\/HR_01-768x520.png 768w, https:\/\/www.ivb.ro\/wp-content\/uploads\/2024\/05\/HR_01-18x12.png 18w, https:\/\/www.ivb.ro\/wp-content\/uploads\/2024\/05\/HR_01.png 1423w\" sizes=\"(max-width: 300px) 100vw, 300px\" \/>\t\t\t\t\t\t\t\t\t\t\t\t\t\t\t<\/div>\n\t\t\t\t<\/div>\n\t\t\t\t<div class=\"elementor-element elementor-element-3994aba elementor-widget elementor-widget-text-editor\" data-id=\"3994aba\" data-element_type=\"widget\" data-e-type=\"widget\" data-widget_type=\"text-editor.default\">\n\t\t\t\t<div class=\"elementor-widget-container\">\n\t\t\t\t\t\t\t\t\t<p style=\"text-align: center;\"><span style=\"color: #000000;\">On may 6, 2024 PATHOLOGY, Victor Babes university received the Diploma of Excellence for Human Resource Research from the European Commission<\/span><\/p>\t\t\t\t\t\t\t\t<\/div>\n\t\t\t\t<\/div>\n\t\t\t\t\t<\/div>\n\t\t<\/div>\n\t\t\t\t\t<\/div>\n\t\t<\/section>\n\t\t\t\t<section class=\"elementor-section elementor-top-section elementor-element elementor-element-9395cc9 elementor-section-stretched elementor-section-boxed elementor-section-height-default elementor-section-height-default\" data-id=\"9395cc9\" data-element_type=\"section\" data-e-type=\"section\" data-settings=\"{&quot;stretch_section&quot;:&quot;section-stretched&quot;}\">\n\t\t\t\t\t\t<div class=\"elementor-container elementor-column-gap-default\">\n\t\t\t\t\t<div class=\"elementor-column elementor-col-100 elementor-top-column elementor-element elementor-element-6840e47\" data-id=\"6840e47\" data-element_type=\"column\" data-e-type=\"column\">\n\t\t\t<div class=\"elementor-widget-wrap elementor-element-populated\">\n\t\t\t\t\t\t<div class=\"elementor-element elementor-element-3f90ed9 elementor-widget elementor-widget-text-editor\" data-id=\"3f90ed9\" data-element_type=\"widget\" data-e-type=\"widget\" data-widget_type=\"text-editor.default\">\n\t\t\t\t<div class=\"elementor-widget-container\">\n\t\t\t\t\t\t\t\t\t<p><span style=\"font-size: 22px; color: #000000;\"><strong>ANUN\u0162URI CONCURSURI DESCHISE<\/strong><\/span><\/p><p><a href=\"https:\/\/www.ivb.ro\/en\/sesiunea-1-din-anul-2026\/\" target=\"_blank\" rel=\"noopener\">Sesiunea 1 &#8211; Concurs pentru ocuparea unor pozi\u0163ii suport de cercetare (tehnician debutant) 09.02.2026<\/a><\/p>\t\t\t\t\t\t\t\t<\/div>\n\t\t\t\t<\/div>\n\t\t\t\t\t<\/div>\n\t\t<\/div>\n\t\t\t\t\t<\/div>\n\t\t<\/section>\n\t\t\t\t<section class=\"elementor-section elementor-top-section elementor-element elementor-element-ebed2bb elementor-section-stretched elementor-section-boxed elementor-section-height-default elementor-section-height-default\" data-id=\"ebed2bb\" data-element_type=\"section\" data-e-type=\"section\" data-settings=\"{&quot;stretch_section&quot;:&quot;section-stretched&quot;}\">\n\t\t\t\t\t\t<div class=\"elementor-container elementor-column-gap-default\">\n\t\t\t\t\t<div class=\"elementor-column elementor-col-100 elementor-top-column elementor-element elementor-element-893573f\" data-id=\"893573f\" data-element_type=\"column\" data-e-type=\"column\">\n\t\t\t<div class=\"elementor-widget-wrap elementor-element-populated\">\n\t\t\t\t\t\t<div class=\"elementor-element elementor-element-0dbb4b7 elementor-widget-divider--view-line elementor-widget elementor-widget-divider\" data-id=\"0dbb4b7\" data-element_type=\"widget\" data-e-type=\"widget\" data-widget_type=\"divider.default\">\n\t\t\t\t<div class=\"elementor-widget-container\">\n\t\t\t\t\t\t\t<div class=\"elementor-divider\">\n\t\t\t<span class=\"elementor-divider-separator\">\n\t\t\t\t\t\t<\/span>\n\t\t<\/div>\n\t\t\t\t\t\t<\/div>\n\t\t\t\t<\/div>\n\t\t\t\t<div class=\"elementor-element elementor-element-77291eb elementor-widget elementor-widget-text-editor\" data-id=\"77291eb\" data-element_type=\"widget\" data-e-type=\"widget\" data-widget_type=\"text-editor.default\">\n\t\t\t\t<div class=\"elementor-widget-container\">\n\t\t\t\t\t\t\t\t\t<p><strong><span style=\"color: #000000; font-size: 22px;\">\u00a0THE HUMAN RESOURCES STRATEGY \u2013 HRS4R<br \/><\/span><\/strong><\/p>\t\t\t\t\t\t\t\t<\/div>\n\t\t\t\t<\/div>\n\t\t\t\t<div class=\"elementor-element elementor-element-67d214c elementor-widget elementor-widget-text-editor\" data-id=\"67d214c\" data-element_type=\"widget\" data-e-type=\"widget\" data-widget_type=\"text-editor.default\">\n\t\t\t\t<div class=\"elementor-widget-container\">\n\t\t\t\t\t\t\t\t\t<p><a href=\"https:\/\/www.ivb.ro\/wp-content\/uploads\/2024\/01\/01_Recomadarea-CE-2005-251-CE_ro.pdf\">The european charter for researchers and the Code of conduct for the recruitment of researchers of 2005 (en)<\/a><\/p><p><a href=\"https:\/\/www.ivb.ro\/wp-content\/uploads\/2024\/01\/02_Recomadarea-CE-2005-251-CE_eng.pdf\">The European Charter for Researchers and on a Code of Conduct for the Recruitment of Redearchers of 2005 (en)<\/a><\/p><p><span style=\"color: #000000;\">Institutul National de Patologie Victor Babes\u00a0 sustine &#8222;Carta Europeana a Cercetatorului si Codul de conduita pentru recrutarea cercetatorilor&#8221;si a demarat procesul de implementare a Strategiei de resurse umane pentru cercetatori, in vederea obtinerii Certificatului de Excelenta pentru resursa umana &#8211; &#8222;HR Excellence in Research Award&#8221;.<\/span><\/p><p><a href=\"https:\/\/www.ivb.ro\/wp-content\/uploads\/2024\/01\/03_Commitment-to-the-European-Charter-and-Code_HRS4R_IVB2022.pdf\">Commitment-do-the European Charter and Code HRS4R IVB2022<\/a><\/p><p><span style=\"color: #000000;\"><strong>HRS4R \u2013 Report Questionnaire and a description of the process \u2013 the original<\/strong><\/span><\/p><table style=\"border-collapse: collapse; width: 100%;\"><tbody><tr><td style=\"width: 62.5258%;\"><span style=\"color: #000000;\">The consultation of researchers with regard to the implementation of the principles of the Charter and the European Code of Researchers<\/span><\/td><td style=\"width: 20.2899%; text-align: center;\"><a href=\"https:\/\/www.ivb.ro\/wp-content\/uploads\/2024\/01\/Raport-chestionar-HRS4R-INCD-Victor-Babes.pdf\">en<\/a><\/td><td style=\"width: 17.1842%;\">\u00a0<\/td><\/tr><tr><td style=\"width: 62.5258%;\"><span style=\"color: #000000;\">HRS4R \u2013 the beginning<\/span><\/td><td style=\"width: 20.2899%; text-align: center;\"><a href=\"https:\/\/www.ivb.ro\/wp-content\/uploads\/2024\/01\/Process-description-RO.pdf\">en<\/a><\/td><td style=\"width: 17.1842%; text-align: center;\"><a href=\"https:\/\/www.ivb.ro\/wp-content\/uploads\/2024\/01\/Process-description-EN.pdf\">en<\/a><\/td><\/tr><tr><td style=\"width: 62.5258%;\"><span style=\"color: #000000;\">HRS4R \u2013 M<\/span><\/td><td style=\"width: 20.2899%; text-align: center;\"><a href=\"https:\/\/www.ivb.ro\/wp-content\/uploads\/2024\/01\/2.-OTM-R-RO.pdf\">en<\/a><\/td><td style=\"width: 17.1842%; text-align: center;\"><a href=\"https:\/\/www.ivb.ro\/wp-content\/uploads\/2024\/01\/06_OTMR_-EURAXESS.pdf\">en<\/a><\/td><\/tr><tr><td style=\"width: 62.5258%;\"><span style=\"color: #000000;\">HRS4R GAP<\/span><\/td><td style=\"width: 20.2899%; text-align: center;\"><a href=\"https:\/\/www.ivb.ro\/wp-content\/uploads\/2024\/01\/1.-GAP-RO.pdf\">en<\/a><\/td><td style=\"width: 17.1842%; text-align: center;\"><a href=\"https:\/\/www.ivb.ro\/wp-content\/uploads\/2024\/01\/07_GAP_-EURAXESS.pdf\">en<\/a><\/td><\/tr><tr><td style=\"width: 62.5258%;\"><span style=\"color: #000000;\">HRS4R \u2013 PLAN-OF-ACTION<\/span><\/td><td style=\"width: 20.2899%; text-align: center;\"><a href=\"https:\/\/www.ivb.ro\/wp-content\/uploads\/2024\/02\/3.-Action-Plan-rev1-RO.pdf\">en<\/a><\/td><td style=\"width: 17.1842%; text-align: center;\"><a href=\"https:\/\/www.ivb.ro\/wp-content\/uploads\/2024\/01\/08_Action-plan_-EURAXESS-rev1.pdf\">en<\/a><\/td><\/tr><\/tbody><\/table><p><a href=\"https:\/\/www.ivb.ro\/wp-content\/uploads\/2025\/03\/GEP-INCDVB_2025-2029.pdf\" target=\"_blank\" rel=\"noopener\">The Gender Equality Plan (en)<\/a><\/p><p><a href=\"https:\/\/www.ivb.ro\/wp-content\/uploads\/2026\/01\/Contract-colectiv-de-munca-IVB-2026-2028.pdf\" target=\"_blank\" rel=\"noopener\">The JMC (en)<\/a><\/p><p><a href=\"https:\/\/www.ivb.ro\/wp-content\/uploads\/2025\/06\/Regulament-evaluare-periodica_cercetatori_IVB_2025_1.pdf\" target=\"_blank\" rel=\"noopener\">Regulament de evaluare periodica a cercetarilor (ro)<\/a><\/p><p><strong>Useful links<\/strong><\/p><p><a href=\"https:\/\/coara.eu\/about\/%20\">https:\/\/coara.eu\/about\/<\/a> \u00a0\u00a0<span style=\"color: #000000;\">Victor Babes National Institute of Pathology of Bucharest signed the Agreement on Reforming the Research Process<\/span><\/p><p><a href=\"https:\/\/euraxess.ec.europa.eu\/\">https:\/\/euraxess.ec.europa.eu\/<\/a><\/p><p><a href=\"https:\/\/www.euraxess.gov.ro\/ro%20\">https:\/\/www.euraxess.gov.ro\/ro<\/a><\/p><p><a href=\"https:\/\/www.ivb.ro\/wp-content\/uploads\/2024\/01\/09_European-Code-of-Conduct-Revised-Edition_2023.pdf\">The European Code of Conduct for Research Integrity 2023 (usd)<\/a><\/p><p><span style=\"color: #000000;\">Council Recommendation on a European framework to attract and retain research, innovation and entrepreneurial talents in Europe 2023<\/span> (<a href=\"https:\/\/www.ivb.ro\/wp-content\/uploads\/2024\/01\/10_Recomandarea-CE_OJ_C_2023_1640_RO.pdf\">en<\/a>)\u00a0\u00a0 (<a href=\"https:\/\/www.ivb.ro\/wp-content\/uploads\/2024\/01\/11_Recommendation-CE-2023-1640_EN.pdf\">en)<\/a><\/p>\t\t\t\t\t\t\t\t<\/div>\n\t\t\t\t<\/div>\n\t\t\t\t<div class=\"elementor-element elementor-element-e161dbd elementor-widget elementor-widget-text-editor\" data-id=\"e161dbd\" data-element_type=\"widget\" data-e-type=\"widget\" data-widget_type=\"text-editor.default\">\n\t\t\t\t<div class=\"elementor-widget-container\">\n\t\t\t\t\t\t\t\t\t<p><span style=\"color: #000000; font-size: 21px;\"><strong>ANUN\u0162URI CONCURSURI \u00ceNCHEIATE<\/strong><\/span><\/p><p><span style=\"color: #000000;\">Anun\u0163 de concurs pentru ocuparea unui post\u00a0 &#8211; 29.05.2025<\/span><\/p><p><span style=\"color: #000000;\">The announcement of the contest, to fill 2 positions for the r \u2013 28.05.2025<\/span><\/p><p><span style=\"color: #000000;\">The announcement of a competition for the filling of the 3 positions for researchers \u2013 15.04.2025<\/span><\/p><p><span style=\"color: #000000;\">Call for applications to fill the posts of research 04.11.2024<\/span><\/p><p><span style=\"color: #000000;\">Call for applications to fill the posts of research 21.10.2024\u00a0<\/span><\/p><p><span style=\"color: #000000;\">Call for applications to employ in the field of research 21.10.2024<\/span><\/p><p><span style=\"color: #000000;\">Post de asistent de cercetare\u00a0 &#8211; 22.07.2024<\/span><\/p><p><span style=\"color: #000000;\">Pozitii de economist \/ expert achizi\u0163ii publice &#8211; 29.07.2024<\/span><\/p>\t\t\t\t\t\t\t\t<\/div>\n\t\t\t\t<\/div>\n\t\t\t\t\t<\/div>\n\t\t<\/div>\n\t\t\t\t\t<\/div>\n\t\t<\/section>\n\t\t\t\t<\/div>","protected":false},"excerpt":{"rendered":"<p>CARIERE \u00cen 6 mai 2024 INCD Victor Babe\u0219 a primit Diploma de Excelen\u021b\u0103 pentru Resurse Umane \u00een Cercetare de la Comisia European\u0103 ANUN\u0162URI CONCURSURI DESCHISE Sesiunea 1 &#8211; Concurs pentru ocuparea unor pozi\u0163ii suport de cercetare (tehnician debutant) 09.02.2026 \u00a0STRATEGIA DE RESURSE UMANE &#8211; HRS4R Carta europeana a cercetatorilor si un Cod de conduita pentru&hellip; <\/p>","protected":false},"author":1,"featured_media":0,"parent":0,"menu_order":0,"comment_status":"closed","ping_status":"closed","template":"","meta":{"ngg_post_thumbnail":0,"footnotes":""},"class_list":["post-7331","page","type-page","status-publish","hentry"],"yoast_head":"<!-- This site is optimized with the Yoast SEO plugin v27.2 - https:\/\/yoast.com\/product\/yoast-seo-wordpress\/ -->\n<title>HRS4R Strategia de resurse umane - National Institute of Pathology Victor Babe\u015f - Bucharest<\/title>\n<meta name=\"robots\" content=\"index, follow, max-snippet:-1, max-image-preview:large, max-video-preview:-1\" \/>\n<link rel=\"canonical\" href=\"https:\/\/www.ivb.ro\/en\/hrs4r-strategia-de-resurse-umane\/\" \/>\n<meta property=\"og:locale\" content=\"en_GB\" \/>\n<meta property=\"og:type\" content=\"article\" \/>\n<meta property=\"og:title\" content=\"HRS4R Strategia de resurse umane - National Institute of Pathology Victor Babe\u015f - Bucharest\" \/>\n<meta property=\"og:description\" content=\"CARIERE \u00cen 6 mai 2024 INCD Victor Babe\u0219 a primit Diploma de Excelen\u021b\u0103 pentru Resurse Umane \u00een Cercetare de la Comisia European\u0103 ANUN\u0162URI CONCURSURI DESCHISE Sesiunea 1 &#8211; Concurs pentru ocuparea unor pozi\u0163ii suport de cercetare (tehnician debutant) 09.02.2026 \u00a0STRATEGIA DE RESURSE UMANE &#8211; HRS4R Carta europeana a cercetatorilor si un Cod de conduita pentru&hellip;\" \/>\n<meta property=\"og:url\" content=\"https:\/\/www.ivb.ro\/en\/hrs4r-strategia-de-resurse-umane\/\" \/>\n<meta property=\"og:site_name\" content=\"National Institute of Pathology Victor Babe\u015f - Bucharest\" \/>\n<meta property=\"article:publisher\" content=\"https:\/\/www.facebook.com\/incdvb.ro\" \/>\n<meta property=\"article:modified_time\" content=\"2026-03-11T14:55:27+00:00\" \/>\n<meta property=\"og:image\" content=\"https:\/\/www.ivb.ro\/wp-content\/uploads\/2024\/05\/HR_01.png\" \/>\n\t<meta property=\"og:image:width\" content=\"1423\" \/>\n\t<meta property=\"og:image:height\" content=\"964\" \/>\n\t<meta property=\"og:image:type\" content=\"image\/png\" \/>\n<meta name=\"twitter:card\" content=\"summary_large_image\" \/>\n<meta name=\"twitter:label1\" content=\"Estimated reading time\" \/>\n\t<meta name=\"twitter:data1\" content=\"2 minutes\" \/>\n<script type=\"application\/ld+json\" class=\"yoast-schema-graph\">{\"@context\":\"https:\/\/schema.org\",\"@graph\":[{\"@type\":\"WebPage\",\"@id\":\"https:\/\/www.ivb.ro\/hrs4r-strategia-de-resurse-umane\",\"url\":\"https:\/\/www.ivb.ro\/hrs4r-strategia-de-resurse-umane\",\"name\":\"HRS4R Strategia de resurse umane - National Institute of Pathology Victor Babe\u015f - Bucharest\",\"isPartOf\":{\"@id\":\"https:\/\/www.ivb.ro\/#website\"},\"primaryImageOfPage\":{\"@id\":\"https:\/\/www.ivb.ro\/hrs4r-strategia-de-resurse-umane#primaryimage\"},\"image\":{\"@id\":\"https:\/\/www.ivb.ro\/hrs4r-strategia-de-resurse-umane#primaryimage\"},\"thumbnailUrl\":\"https:\/\/www.ivb.ro\/wp-content\/uploads\/2024\/05\/HR_01-300x203.png\",\"datePublished\":\"2024-01-25T12:21:34+00:00\",\"dateModified\":\"2026-03-11T14:55:27+00:00\",\"breadcrumb\":{\"@id\":\"https:\/\/www.ivb.ro\/hrs4r-strategia-de-resurse-umane#breadcrumb\"},\"inLanguage\":\"en-GB\",\"potentialAction\":[{\"@type\":\"ReadAction\",\"target\":[\"https:\/\/www.ivb.ro\/hrs4r-strategia-de-resurse-umane\"]}]},{\"@type\":\"ImageObject\",\"inLanguage\":\"en-GB\",\"@id\":\"https:\/\/www.ivb.ro\/hrs4r-strategia-de-resurse-umane#primaryimage\",\"url\":\"https:\/\/www.ivb.ro\/wp-content\/uploads\/2024\/05\/HR_01-300x203.png\",\"contentUrl\":\"https:\/\/www.ivb.ro\/wp-content\/uploads\/2024\/05\/HR_01-300x203.png\"},{\"@type\":\"BreadcrumbList\",\"@id\":\"https:\/\/www.ivb.ro\/hrs4r-strategia-de-resurse-umane#breadcrumb\",\"itemListElement\":[{\"@type\":\"ListItem\",\"position\":1,\"name\":\"Home\",\"item\":\"https:\/\/www.ivb.ro\/\"},{\"@type\":\"ListItem\",\"position\":2,\"name\":\"HRS4R Strategia de resurse umane\"}]},{\"@type\":\"WebSite\",\"@id\":\"https:\/\/www.ivb.ro\/#website\",\"url\":\"https:\/\/www.ivb.ro\/\",\"name\":\"National Institute of Pathology Victor Babe\u015f - Bucharest\",\"description\":\"National Institute of Pathology Victor Babe\u015f - Bucharest\",\"publisher\":{\"@id\":\"https:\/\/www.ivb.ro\/#organization\"},\"potentialAction\":[{\"@type\":\"SearchAction\",\"target\":{\"@type\":\"EntryPoint\",\"urlTemplate\":\"https:\/\/www.ivb.ro\/?s={search_term_string}\"},\"query-input\":{\"@type\":\"PropertyValueSpecification\",\"valueRequired\":true,\"valueName\":\"search_term_string\"}}],\"inLanguage\":\"en-GB\"},{\"@type\":\"Organization\",\"@id\":\"https:\/\/www.ivb.ro\/#organization\",\"name\":\"National Institute of Pathology Victor Babe\u015f - Bucharest\",\"url\":\"https:\/\/www.ivb.ro\/\",\"logo\":{\"@type\":\"ImageObject\",\"inLanguage\":\"en-GB\",\"@id\":\"https:\/\/www.ivb.ro\/#\/schema\/logo\/image\/\",\"url\":\"https:\/\/www.ivb.ro\/wp-content\/uploads\/2021\/04\/top-logo.png\",\"contentUrl\":\"https:\/\/www.ivb.ro\/wp-content\/uploads\/2021\/04\/top-logo.png\",\"width\":340,\"height\":190,\"caption\":\"National Institute of Pathology Victor Babe\u015f - Bucharest\"},\"image\":{\"@id\":\"https:\/\/www.ivb.ro\/#\/schema\/logo\/image\/\"},\"sameAs\":[\"https:\/\/www.facebook.com\/incdvb.ro\",\"https:\/\/www.instagram.com\/institutul.victorbabes\/\",\"https:\/\/ro.linkedin.com\/company\/victor-babes-national-institute-of-pathology\"]}]}<\/script>\n<!-- \/ Yoast SEO plugin. -->","yoast_head_json":{"title":"HRS4R Strategia de resurse umane - National Institute of Pathology Victor Babe\u015f - Bucharest","robots":{"index":"index","follow":"follow","max-snippet":"max-snippet:-1","max-image-preview":"max-image-preview:large","max-video-preview":"max-video-preview:-1"},"canonical":"https:\/\/www.ivb.ro\/en\/hrs4r-strategia-de-resurse-umane\/","og_locale":"en_GB","og_type":"article","og_title":"HRS4R Strategia de resurse umane - National Institute of Pathology Victor Babe\u015f - Bucharest","og_description":"CARIERE \u00cen 6 mai 2024 INCD Victor Babe\u0219 a primit Diploma de Excelen\u021b\u0103 pentru Resurse Umane \u00een Cercetare de la Comisia European\u0103 ANUN\u0162URI CONCURSURI DESCHISE Sesiunea 1 &#8211; Concurs pentru ocuparea unor pozi\u0163ii suport de cercetare (tehnician debutant) 09.02.2026 \u00a0STRATEGIA DE RESURSE UMANE &#8211; HRS4R Carta europeana a cercetatorilor si un Cod de conduita pentru&hellip;","og_url":"https:\/\/www.ivb.ro\/en\/hrs4r-strategia-de-resurse-umane\/","og_site_name":"National Institute of Pathology Victor Babe\u015f - Bucharest","article_publisher":"https:\/\/www.facebook.com\/incdvb.ro","article_modified_time":"2026-03-11T14:55:27+00:00","og_image":[{"width":1423,"height":964,"url":"https:\/\/www.ivb.ro\/wp-content\/uploads\/2024\/05\/HR_01.png","type":"image\/png"}],"twitter_card":"summary_large_image","twitter_misc":{"Estimated reading time":"2 minutes"},"schema":{"@context":"https:\/\/schema.org","@graph":[{"@type":"WebPage","@id":"https:\/\/www.ivb.ro\/hrs4r-strategia-de-resurse-umane","url":"https:\/\/www.ivb.ro\/hrs4r-strategia-de-resurse-umane","name":"HRS4R Strategia de resurse umane - National Institute of Pathology Victor Babe\u015f - Bucharest","isPartOf":{"@id":"https:\/\/www.ivb.ro\/#website"},"primaryImageOfPage":{"@id":"https:\/\/www.ivb.ro\/hrs4r-strategia-de-resurse-umane#primaryimage"},"image":{"@id":"https:\/\/www.ivb.ro\/hrs4r-strategia-de-resurse-umane#primaryimage"},"thumbnailUrl":"https:\/\/www.ivb.ro\/wp-content\/uploads\/2024\/05\/HR_01-300x203.png","datePublished":"2024-01-25T12:21:34+00:00","dateModified":"2026-03-11T14:55:27+00:00","breadcrumb":{"@id":"https:\/\/www.ivb.ro\/hrs4r-strategia-de-resurse-umane#breadcrumb"},"inLanguage":"en-GB","potentialAction":[{"@type":"ReadAction","target":["https:\/\/www.ivb.ro\/hrs4r-strategia-de-resurse-umane"]}]},{"@type":"ImageObject","inLanguage":"en-GB","@id":"https:\/\/www.ivb.ro\/hrs4r-strategia-de-resurse-umane#primaryimage","url":"https:\/\/www.ivb.ro\/wp-content\/uploads\/2024\/05\/HR_01-300x203.png","contentUrl":"https:\/\/www.ivb.ro\/wp-content\/uploads\/2024\/05\/HR_01-300x203.png"},{"@type":"BreadcrumbList","@id":"https:\/\/www.ivb.ro\/hrs4r-strategia-de-resurse-umane#breadcrumb","itemListElement":[{"@type":"ListItem","position":1,"name":"Home","item":"https:\/\/www.ivb.ro\/"},{"@type":"ListItem","position":2,"name":"HRS4R Strategia de resurse umane"}]},{"@type":"WebSite","@id":"https:\/\/www.ivb.ro\/#website","url":"https:\/\/www.ivb.ro\/","name":"National Institute of Pathology Victor Babe\u015f - Bucharest","description":"National Institute of Pathology Victor Babe\u015f - Bucharest","publisher":{"@id":"https:\/\/www.ivb.ro\/#organization"},"potentialAction":[{"@type":"SearchAction","target":{"@type":"EntryPoint","urlTemplate":"https:\/\/www.ivb.ro\/?s={search_term_string}"},"query-input":{"@type":"PropertyValueSpecification","valueRequired":true,"valueName":"search_term_string"}}],"inLanguage":"en-GB"},{"@type":"Organization","@id":"https:\/\/www.ivb.ro\/#organization","name":"National Institute of Pathology Victor Babe\u015f - Bucharest","url":"https:\/\/www.ivb.ro\/","logo":{"@type":"ImageObject","inLanguage":"en-GB","@id":"https:\/\/www.ivb.ro\/#\/schema\/logo\/image\/","url":"https:\/\/www.ivb.ro\/wp-content\/uploads\/2021\/04\/top-logo.png","contentUrl":"https:\/\/www.ivb.ro\/wp-content\/uploads\/2021\/04\/top-logo.png","width":340,"height":190,"caption":"National Institute of Pathology Victor Babe\u015f - Bucharest"},"image":{"@id":"https:\/\/www.ivb.ro\/#\/schema\/logo\/image\/"},"sameAs":["https:\/\/www.facebook.com\/incdvb.ro","https:\/\/www.instagram.com\/institutul.victorbabes\/","https:\/\/ro.linkedin.com\/company\/victor-babes-national-institute-of-pathology"]}]}},"_links":{"self":[{"href":"https:\/\/www.ivb.ro\/en\/wp-json\/wp\/v2\/pages\/7331","targetHints":{"allow":["GET"]}}],"collection":[{"href":"https:\/\/www.ivb.ro\/en\/wp-json\/wp\/v2\/pages"}],"about":[{"href":"https:\/\/www.ivb.ro\/en\/wp-json\/wp\/v2\/types\/page"}],"author":[{"embeddable":true,"href":"https:\/\/www.ivb.ro\/en\/wp-json\/wp\/v2\/users\/1"}],"replies":[{"embeddable":true,"href":"https:\/\/www.ivb.ro\/en\/wp-json\/wp\/v2\/comments?post=7331"}],"version-history":[{"count":246,"href":"https:\/\/www.ivb.ro\/en\/wp-json\/wp\/v2\/pages\/7331\/revisions"}],"predecessor-version":[{"id":14281,"href":"https:\/\/www.ivb.ro\/en\/wp-json\/wp\/v2\/pages\/7331\/revisions\/14281"}],"wp:attachment":[{"href":"https:\/\/www.ivb.ro\/en\/wp-json\/wp\/v2\/media?parent=7331"}],"curies":[{"name":"wp","href":"https:\/\/api.w.org\/{rel}","templated":true}]}}