{"id":985,"date":"2021-03-31T10:24:24","date_gmt":"2021-03-31T10:24:24","guid":{"rendered":"https:\/\/www.ivb.ro\/?page_id=985"},"modified":"2023-10-17T11:23:02","modified_gmt":"2023-10-17T11:23:02","slug":"laborator-biochimie-proteomica","status":"publish","type":"page","link":"https:\/\/www.ivb.ro\/en\/laborator-biochimie-proteomica","title":{"rendered":"LABORATORY OF BIOCHEMISTRY-PROTEOMICS"},"content":{"rendered":"<div data-elementor-type=\"wp-page\" data-elementor-id=\"985\" class=\"elementor elementor-985\">\n\t\t\t\t\t\t<section class=\"elementor-section elementor-top-section elementor-element elementor-element-3b178e92 elementor-section-content-middle elementor-section-stretched elementor-section-boxed elementor-section-height-default elementor-section-height-default\" data-id=\"3b178e92\" data-element_type=\"section\" data-e-type=\"section\" data-settings=\"{&quot;background_background&quot;:&quot;classic&quot;,&quot;stretch_section&quot;:&quot;section-stretched&quot;}\">\n\t\t\t\t\t\t\t<div class=\"elementor-background-overlay\"><\/div>\n\t\t\t\t\t\t\t<div class=\"elementor-container elementor-column-gap-no\">\n\t\t\t\t\t<div class=\"elementor-column elementor-col-100 elementor-top-column elementor-element elementor-element-49a0d60e\" data-id=\"49a0d60e\" data-element_type=\"column\" data-e-type=\"column\">\n\t\t\t<div class=\"elementor-widget-wrap elementor-element-populated\">\n\t\t\t\t\t\t<div class=\"elementor-element elementor-element-26d7538f elementor-widget elementor-widget-heading\" data-id=\"26d7538f\" data-element_type=\"widget\" data-e-type=\"widget\" data-widget_type=\"heading.default\">\n\t\t\t\t<div class=\"elementor-widget-container\">\n\t\t\t\t\t<h4 class=\"elementor-heading-title elementor-size-default\">Laboratory Of Biochemistry - Proteomics<\/h4>\t\t\t\t<\/div>\n\t\t\t\t<\/div>\n\t\t\t\t\t<\/div>\n\t\t<\/div>\n\t\t\t\t\t<\/div>\n\t\t<\/section>\n\t\t\t\t<section class=\"elementor-section elementor-top-section elementor-element elementor-element-ca71d89 elementor-section-stretched elementor-section-boxed elementor-section-height-default elementor-section-height-default\" data-id=\"ca71d89\" data-element_type=\"section\" data-e-type=\"section\" data-settings=\"{&quot;stretch_section&quot;:&quot;section-stretched&quot;}\">\n\t\t\t\t\t\t<div class=\"elementor-container elementor-column-gap-default\">\n\t\t\t\t\t<div class=\"elementor-column elementor-col-100 elementor-top-column elementor-element elementor-element-544df7d\" data-id=\"544df7d\" data-element_type=\"column\" data-e-type=\"column\">\n\t\t\t<div class=\"elementor-widget-wrap elementor-element-populated\">\n\t\t\t\t\t\t<div class=\"elementor-element elementor-element-4c08e21 elementor-widget elementor-widget-text-editor\" data-id=\"4c08e21\" data-element_type=\"widget\" data-e-type=\"widget\" data-widget_type=\"text-editor.default\">\n\t\t\t\t<div class=\"elementor-widget-container\">\n\t\t\t\t\t\t\t\t\t<p><span style=\"color: #000000;\">The main topic of the research of the Laboratory of Biochemistry-Proteomics focuses on the molecular mechanisms in cancer of the sound (in the primary tumors are very aggressive, such as adenocarcinoma, pancreatic, and glioblastoma), and in particular, the signaling cell. Our main point of interest is the identification of the units of the signal with the impact of the proliferation of tumor cells, which may be modulated by inhibitors. To this end, we focus on the detection of the multiplex of intracellular proteins that are of relevance for the provision of the cells to eliminate, as well as the evaluation as a secondary mechanism of chronic inflammation.<\/span><\/p><p><span style=\"color: #000000;\">In the second place, we have established various collaborations with SMES, as part of the implementation of health research and the transfer of technology and innovation by the private sector in the areas of health care and biotech, medical. The result of these collaborations, we are now specialized in the analysis of cytotoxic and other compounds, purify, and evaluate the effect of their proliferation.<\/span><\/p><p><span style=\"color: #000000;\">As the trend of future research, we plan to develop a sferoid and tumor prganoids markers, including editing gene therapy, as a tool for a better understanding of their roles in the oncogenesis of genes that are not traditionally known as proto-oncogenes. Through the combination of these two methods, you'll be able to get more accurate information with respect to the proliferation of the cells, and the rates of growth and invasiveness of cancer cells.<\/span><\/p>\t\t\t\t\t\t\t\t<\/div>\n\t\t\t\t<\/div>\n\t\t\t\t\t<\/div>\n\t\t<\/div>\n\t\t\t\t\t<\/div>\n\t\t<\/section>\n\t\t\t\t<\/div>","protected":false},"excerpt":{"rendered":"<p>Laboratorul Biochimie &#8211; Proteomic\u0103 Tema principal\u0103 de cercetare a Laboratorului de Biochimie-Proteomic\u0103 se concentreaz\u0103 pe mecanismele moleculare \u00een cancerele solide (\u00een principal tumori foarte agresive, cum ar fi adenocarcinomul pancreatic \u0219i glioblastomul), \u00een special pe semnalizarea celular\u0103. Principalul nostru punct de interes este identificarea nodurilor de semnalizare cu impact asupra prolifer\u0103rii celulelor tumorale, care pot&hellip; <\/p>","protected":false},"author":1,"featured_media":0,"parent":0,"menu_order":0,"comment_status":"closed","ping_status":"closed","template":"","meta":{"ngg_post_thumbnail":0,"footnotes":""},"class_list":["post-985","page","type-page","status-publish","hentry"],"yoast_head":"<!-- This site is optimized with the Yoast SEO plugin v27.5 - https:\/\/yoast.com\/product\/yoast-seo-wordpress\/ -->\n<title>LABORATOR BIOCHIMIE-PROTEOMIC\u0102 - National Institute of Pathology Victor Babe\u015f - Bucharest<\/title>\n<meta name=\"robots\" content=\"index, follow, max-snippet:-1, max-image-preview:large, max-video-preview:-1\" \/>\n<link rel=\"canonical\" href=\"https:\/\/www.ivb.ro\/en\/laborator-biochimie-proteomica\/\" \/>\n<meta property=\"og:locale\" content=\"en_GB\" \/>\n<meta property=\"og:type\" content=\"article\" \/>\n<meta property=\"og:title\" content=\"LABORATOR BIOCHIMIE-PROTEOMIC\u0102 - National Institute of Pathology Victor Babe\u015f - Bucharest\" \/>\n<meta property=\"og:description\" content=\"Laboratorul Biochimie &#8211; Proteomic\u0103 Tema principal\u0103 de cercetare a Laboratorului de Biochimie-Proteomic\u0103 se concentreaz\u0103 pe mecanismele moleculare \u00een cancerele solide (\u00een principal tumori foarte agresive, cum ar fi adenocarcinomul pancreatic \u0219i glioblastomul), \u00een special pe semnalizarea celular\u0103. Principalul nostru punct de interes este identificarea nodurilor de semnalizare cu impact asupra prolifer\u0103rii celulelor tumorale, care pot&hellip;\" \/>\n<meta property=\"og:url\" content=\"https:\/\/www.ivb.ro\/en\/laborator-biochimie-proteomica\/\" \/>\n<meta property=\"og:site_name\" content=\"National Institute of Pathology Victor Babe\u015f - Bucharest\" \/>\n<meta property=\"article:publisher\" content=\"https:\/\/www.facebook.com\/incdvb.ro\" \/>\n<meta property=\"article:modified_time\" content=\"2023-10-17T11:23:02+00:00\" \/>\n<meta name=\"twitter:card\" content=\"summary_large_image\" \/>\n<meta name=\"twitter:label1\" content=\"Estimated reading time\" \/>\n\t<meta name=\"twitter:data1\" content=\"1 minute\" \/>\n<script type=\"application\/ld+json\" class=\"yoast-schema-graph\">{\"@context\":\"https:\\\/\\\/schema.org\",\"@graph\":[{\"@type\":\"WebPage\",\"@id\":\"https:\\\/\\\/www.ivb.ro\\\/laborator-biochimie-proteomica\",\"url\":\"https:\\\/\\\/www.ivb.ro\\\/laborator-biochimie-proteomica\",\"name\":\"LABORATOR BIOCHIMIE-PROTEOMIC\u0102 - National Institute of Pathology Victor Babe\u015f - Bucharest\",\"isPartOf\":{\"@id\":\"https:\\\/\\\/www.ivb.ro\\\/#website\"},\"datePublished\":\"2021-03-31T10:24:24+00:00\",\"dateModified\":\"2023-10-17T11:23:02+00:00\",\"breadcrumb\":{\"@id\":\"https:\\\/\\\/www.ivb.ro\\\/laborator-biochimie-proteomica#breadcrumb\"},\"inLanguage\":\"en-GB\",\"potentialAction\":[{\"@type\":\"ReadAction\",\"target\":[\"https:\\\/\\\/www.ivb.ro\\\/laborator-biochimie-proteomica\"]}]},{\"@type\":\"BreadcrumbList\",\"@id\":\"https:\\\/\\\/www.ivb.ro\\\/laborator-biochimie-proteomica#breadcrumb\",\"itemListElement\":[{\"@type\":\"ListItem\",\"position\":1,\"name\":\"Home\",\"item\":\"https:\\\/\\\/www.ivb.ro\\\/\"},{\"@type\":\"ListItem\",\"position\":2,\"name\":\"LABORATOR BIOCHIMIE-PROTEOMIC\u0102\"}]},{\"@type\":\"WebSite\",\"@id\":\"https:\\\/\\\/www.ivb.ro\\\/#website\",\"url\":\"https:\\\/\\\/www.ivb.ro\\\/\",\"name\":\"National Institute of Pathology Victor Babe\u015f - Bucharest\",\"description\":\"National Institute of Pathology Victor Babe\u015f - Bucharest\",\"publisher\":{\"@id\":\"https:\\\/\\\/www.ivb.ro\\\/#organization\"},\"potentialAction\":[{\"@type\":\"SearchAction\",\"target\":{\"@type\":\"EntryPoint\",\"urlTemplate\":\"https:\\\/\\\/www.ivb.ro\\\/?s={search_term_string}\"},\"query-input\":{\"@type\":\"PropertyValueSpecification\",\"valueRequired\":true,\"valueName\":\"search_term_string\"}}],\"inLanguage\":\"en-GB\"},{\"@type\":\"Organization\",\"@id\":\"https:\\\/\\\/www.ivb.ro\\\/#organization\",\"name\":\"National Institute of Pathology Victor Babe\u015f - Bucharest\",\"url\":\"https:\\\/\\\/www.ivb.ro\\\/\",\"logo\":{\"@type\":\"ImageObject\",\"inLanguage\":\"en-GB\",\"@id\":\"https:\\\/\\\/www.ivb.ro\\\/#\\\/schema\\\/logo\\\/image\\\/\",\"url\":\"https:\\\/\\\/www.ivb.ro\\\/wp-content\\\/uploads\\\/2021\\\/04\\\/top-logo.png\",\"contentUrl\":\"https:\\\/\\\/www.ivb.ro\\\/wp-content\\\/uploads\\\/2021\\\/04\\\/top-logo.png\",\"width\":340,\"height\":190,\"caption\":\"National Institute of Pathology Victor Babe\u015f - Bucharest\"},\"image\":{\"@id\":\"https:\\\/\\\/www.ivb.ro\\\/#\\\/schema\\\/logo\\\/image\\\/\"},\"sameAs\":[\"https:\\\/\\\/www.facebook.com\\\/incdvb.ro\",\"https:\\\/\\\/www.instagram.com\\\/institutul.victorbabes\\\/\",\"https:\\\/\\\/ro.linkedin.com\\\/company\\\/victor-babes-national-institute-of-pathology\"]}]}<\/script>\n<!-- \/ Yoast SEO plugin. -->","yoast_head_json":{"title":"LABORATOR BIOCHIMIE-PROTEOMIC\u0102 - National Institute of Pathology Victor Babe\u015f - Bucharest","robots":{"index":"index","follow":"follow","max-snippet":"max-snippet:-1","max-image-preview":"max-image-preview:large","max-video-preview":"max-video-preview:-1"},"canonical":"https:\/\/www.ivb.ro\/en\/laborator-biochimie-proteomica\/","og_locale":"en_GB","og_type":"article","og_title":"LABORATOR BIOCHIMIE-PROTEOMIC\u0102 - National Institute of Pathology Victor Babe\u015f - Bucharest","og_description":"Laboratorul Biochimie &#8211; Proteomic\u0103 Tema principal\u0103 de cercetare a Laboratorului de Biochimie-Proteomic\u0103 se concentreaz\u0103 pe mecanismele moleculare \u00een cancerele solide (\u00een principal tumori foarte agresive, cum ar fi adenocarcinomul pancreatic \u0219i glioblastomul), \u00een special pe semnalizarea celular\u0103. Principalul nostru punct de interes este identificarea nodurilor de semnalizare cu impact asupra prolifer\u0103rii celulelor tumorale, care pot&hellip;","og_url":"https:\/\/www.ivb.ro\/en\/laborator-biochimie-proteomica\/","og_site_name":"National Institute of Pathology Victor Babe\u015f - Bucharest","article_publisher":"https:\/\/www.facebook.com\/incdvb.ro","article_modified_time":"2023-10-17T11:23:02+00:00","twitter_card":"summary_large_image","twitter_misc":{"Estimated reading time":"1 minute"},"schema":{"@context":"https:\/\/schema.org","@graph":[{"@type":"WebPage","@id":"https:\/\/www.ivb.ro\/laborator-biochimie-proteomica","url":"https:\/\/www.ivb.ro\/laborator-biochimie-proteomica","name":"LABORATOR BIOCHIMIE-PROTEOMIC\u0102 - National Institute of Pathology Victor Babe\u015f - Bucharest","isPartOf":{"@id":"https:\/\/www.ivb.ro\/#website"},"datePublished":"2021-03-31T10:24:24+00:00","dateModified":"2023-10-17T11:23:02+00:00","breadcrumb":{"@id":"https:\/\/www.ivb.ro\/laborator-biochimie-proteomica#breadcrumb"},"inLanguage":"en-GB","potentialAction":[{"@type":"ReadAction","target":["https:\/\/www.ivb.ro\/laborator-biochimie-proteomica"]}]},{"@type":"BreadcrumbList","@id":"https:\/\/www.ivb.ro\/laborator-biochimie-proteomica#breadcrumb","itemListElement":[{"@type":"ListItem","position":1,"name":"Home","item":"https:\/\/www.ivb.ro\/"},{"@type":"ListItem","position":2,"name":"LABORATOR BIOCHIMIE-PROTEOMIC\u0102"}]},{"@type":"WebSite","@id":"https:\/\/www.ivb.ro\/#website","url":"https:\/\/www.ivb.ro\/","name":"National Institute of Pathology Victor Babe\u015f - Bucharest","description":"National Institute of Pathology Victor Babe\u015f - Bucharest","publisher":{"@id":"https:\/\/www.ivb.ro\/#organization"},"potentialAction":[{"@type":"SearchAction","target":{"@type":"EntryPoint","urlTemplate":"https:\/\/www.ivb.ro\/?s={search_term_string}"},"query-input":{"@type":"PropertyValueSpecification","valueRequired":true,"valueName":"search_term_string"}}],"inLanguage":"en-GB"},{"@type":"Organization","@id":"https:\/\/www.ivb.ro\/#organization","name":"National Institute of Pathology Victor Babe\u015f - Bucharest","url":"https:\/\/www.ivb.ro\/","logo":{"@type":"ImageObject","inLanguage":"en-GB","@id":"https:\/\/www.ivb.ro\/#\/schema\/logo\/image\/","url":"https:\/\/www.ivb.ro\/wp-content\/uploads\/2021\/04\/top-logo.png","contentUrl":"https:\/\/www.ivb.ro\/wp-content\/uploads\/2021\/04\/top-logo.png","width":340,"height":190,"caption":"National Institute of Pathology Victor Babe\u015f - Bucharest"},"image":{"@id":"https:\/\/www.ivb.ro\/#\/schema\/logo\/image\/"},"sameAs":["https:\/\/www.facebook.com\/incdvb.ro","https:\/\/www.instagram.com\/institutul.victorbabes\/","https:\/\/ro.linkedin.com\/company\/victor-babes-national-institute-of-pathology"]}]}},"_links":{"self":[{"href":"https:\/\/www.ivb.ro\/en\/wp-json\/wp\/v2\/pages\/985","targetHints":{"allow":["GET"]}}],"collection":[{"href":"https:\/\/www.ivb.ro\/en\/wp-json\/wp\/v2\/pages"}],"about":[{"href":"https:\/\/www.ivb.ro\/en\/wp-json\/wp\/v2\/types\/page"}],"author":[{"embeddable":true,"href":"https:\/\/www.ivb.ro\/en\/wp-json\/wp\/v2\/users\/1"}],"replies":[{"embeddable":true,"href":"https:\/\/www.ivb.ro\/en\/wp-json\/wp\/v2\/comments?post=985"}],"version-history":[{"count":43,"href":"https:\/\/www.ivb.ro\/en\/wp-json\/wp\/v2\/pages\/985\/revisions"}],"predecessor-version":[{"id":6854,"href":"https:\/\/www.ivb.ro\/en\/wp-json\/wp\/v2\/pages\/985\/revisions\/6854"}],"wp:attachment":[{"href":"https:\/\/www.ivb.ro\/en\/wp-json\/wp\/v2\/media?parent=985"}],"curies":[{"name":"wp","href":"https:\/\/api.w.org\/{rel}","templated":true}]}}